{"id":8190,"date":"2025-08-15T11:24:39","date_gmt":"2025-08-15T14:24:39","guid":{"rendered":"https:\/\/www.nomus.com.br\/erpindustrial\/?page_id=8190"},"modified":"2025-12-18T09:53:47","modified_gmt":"2025-12-18T12:53:47","slug":"integracao-contabilidade","status":"publish","type":"page","link":"https:\/\/www.nomus.com.br\/erpindustrial\/como-funciona\/integracao-contabilidade\/","title":{"rendered":"Integra\u00e7\u00e3o com Contabilidade"},"content":{"rendered":"<style>\r\n\r\n  .link-como-funciona-int-contabilidade {\r\n    background-color: #f9f1e1;\r\n    color: #b1710d!important;\r\n}\r\n\r\n\r\n.icone-contabilidade{\r\n  background-color:#383838;\r\n}\r\n<\/style>\r\n\r\n\r\n<hr \/>\r\n\r\n<div class=\"row\">\r\n  <div class=\"col-md-2\">\r\n    <div class=\" caixa-diferencial icone-contabilidade text-center\"> \r\n      <p style=\"font-size: 70px;color: white;padding: 0px;margin: 15px 0px 0px 0px;\"><i class=\"glyphicon glyphicon glyphicon-random\" aria-hidden=\"true\"><\/i><\/p>\r\n    <\/div>\r\n  <\/div>\r\n  <div class=\"col-md-10\">\r\n    <h1 class=\"titulo-sem-imagem\">Integra\u00e7\u00e3o com softwares cont\u00e1beis e fiscais<\/h1>\r\n    <h2 class=\"h2-descricao-funcionalidade\">Integre NF-es de sa\u00edda, NF-es de entrada, Bloco K e lan\u00e7amentos cont\u00e1beis com seu Software Cont\u00e1bil preferido, e fa\u00e7a a escritura\u00e7\u00e3o cont\u00e1bil e fiscal da sua ind\u00fastria.<\/h2>\r\n  <\/div>\r\n<\/div>\r\n\r\n\r\n<hr class=\"hr-respiro\">\r\n<h3>Principais benef\u00edcios em utilizar o Integra\u00e7\u00e3o com a contabilidade <\/h3>\r\n<br>\r\n<ul class=\"lista-bf\">\r\n  \r\n<li class=\"beneficio-funcionalidade\">Tenha a possibilidade de escolher o software Cont\u00e1bil preferido pelas \u00e1reas Cont\u00e1bil e Fiscal da sua ind\u00fastria. Se sua contabilidade for terceirizada, escolha o escrit\u00f3rio de Contabilidade que melhor atende sua ind\u00fastria.<\/li>\r\n<li class=\"beneficio-funcionalidade\">Facilite a escritura\u00e7\u00e3o cont\u00e1bil com a gera\u00e7\u00e3o de lan\u00e7amentos cont\u00e1beis integrada aos m\u00f3dulos de Faturamento, Financeiro, Estoque e Custos do Nomus ERP Industrial.<\/li>\r\n<li class=\"beneficio-funcionalidade\">Garanta a entrega do Bloco K pela sua ind\u00fastria sem surpresas.<\/li>\r\n\r\n<\/ul>\r\n\r\n<hr class=\"hr-respiro\">\r\n<h3>Funcionalidades da Integra\u00e7\u00e3o com a contabilidade  do Nomus ERP Industrial<\/h3>\r\n<br>\r\n\r\n<div class=\"row\">\r\n  <br>\r\n  <div class=\"col-md-6\">\r\n      <p class=\"forte\"> Escolha o Software Cont\u00e1bil mais adequado para sua ind\u00fastria<\/p>\r\n      <p>\r\n        O Nomus ERP Industrial trabalha integrado com o software cont\u00e1bil utilizado pelo setor Cont\u00e1bil da sua ind\u00fastria ou pelo escrit\u00f3rio de cont\u00e1bilidade da sua ind\u00fastria. Existem excelentes softwares cont\u00e1beis especialistas no Brasil. A Nomus acredita que a melhor forma da sua ind\u00fastria ser bem atendida na \u00e1rea Cont\u00e1bil \u00e9 utilizando uma solu\u00e7\u00e3o especialista nesta \u00e1rea.\r\n      <\/p>\r\n  <\/div>\r\n  <div class=\"col-md-6\">\r\n      <p class=\"forte\"> Integra\u00e7\u00e3o Cont\u00e1bil<\/p>\r\n      <p>\r\n       O Software Cont\u00e1bil importa as NF-es de sa\u00edda, NF-es de entrada, Bloco K e lan\u00e7amentos cont\u00e1beis gerados do Nomus ERP Industrial, para gerar os demonstrativos cont\u00e1beis da sua ind\u00fastria, como DRE e Balan\u00e7o Patrimonial, para gerar os SPEDs e fazer a escrita fiscal gerando as guias para pagamento dos tributos.\r\n      <\/p>\r\n      \r\n  <\/div>\r\n<\/div>\r\n\r\n<hr class=\"hr-respiro\">\r\n\r\n<div class=\"row\">\r\n    <br>\r\n  <div class=\"col-md-6\">\r\n      <p class=\"forte\"> Importa\u00e7\u00e3o do plano de contas cont\u00e1bil<\/p>\r\n      <p>Importe seu plano de contas cont\u00e1bil para o Nomus ERP Industrial, com todas as contas do ativo, passivo, receitas, despesas, custo, para configurar as regras para gera\u00e7\u00e3o dos lan\u00e7amentos cont\u00e1beis.<\/p>\r\n      \r\n  <\/div>\r\n  <div class=\"col-md-6\">\r\n      <p class=\"forte\"> Gera\u00e7\u00e3o de lan\u00e7amentos cont\u00e1beis<\/p>\r\n      <p>\r\n       Gere os lan\u00e7amentos cont\u00e1beis de forma integrado ao faturamento, financeiro, estoque e apura\u00e7\u00e3o de custo real.\r\n      <\/p>\r\n  <\/div>\r\n<\/div>\r\n\r\n<hr class=\"hr-respiro\">\r\n\r\n<div class=\"row\">\r\n    <br>\r\n  <div class=\"col-md-6\">\r\n      <p class=\"forte\">Exporta\u00e7\u00e3o para gera\u00e7\u00e3o do SPED Contribui\u00e7\u00f5es<\/p>\r\n      <p>Exporta\u00e7\u00e3o de NF-es de sa\u00edda, NF-es de entrada, para gera\u00e7\u00e3o do SPED Contribui\u00e7\u00f5es e apura\u00e7\u00e3o dos tributos PIS e COFINS no seu software Cont\u00e1bil.<\/p>\r\n  <\/div>\r\n  <div class=\"col-md-6\">\r\n      <p class=\"forte\">Exporta\u00e7\u00e3o para gera\u00e7\u00e3o do SPED Cont\u00e1bil e ECF (Escritura\u00e7\u00e3o Cont\u00e1bil Fiscal)<\/p>\r\n      <p>\r\n       Exporta\u00e7\u00e3o de NF-es de sa\u00edda, NF-es de entrada, lan\u00e7amento cont\u00e1beis, para gera\u00e7\u00e3o do SPED Cont\u00e1bil, ECF (Escritura\u00e7\u00e3o Cont\u00e1bil Fiscal) e apura\u00e7\u00e3o dos tributos IRPJ e CSLL.\r\n      <\/p>    \r\n  <\/div>\r\n<\/div>\r\n\r\n<hr class=\"hr-respiro\">\r\n\r\n<div class=\"row\">\r\n    <br>\r\n  <div class=\"col-md-6\">\r\n      <p class=\"forte\">Utilize o M\u00f3dulo de Departamento Pessoal do seu Software Cont\u00e1bil<\/p>\r\n      <p>Utilize o m\u00f3dulo de departamento pessoal do software cont\u00e1bil da sua ind\u00fastria para registro de ponto eletr\u00f4nico, apura\u00e7\u00e3o da folha de pagamento e atendimento ao E-Social. <\/p>\r\n  <\/div>\r\n  <!--<div class=\"col-md-6\">\r\n      <p class=\"forte\">Importa\u00e7\u00e3o da folha de pagamento<\/p>\r\n      <p>\r\n       Importa os relat\u00f3rios da folha de pagamento para o Nomus ERP Industrial para gera\u00e7\u00e3o de contas a pagar no Financeiro e apura\u00e7\u00e3o de custo real.\r\n      <\/p>  \r\n  <\/div>-->\r\n<\/div>\r\n\r\n\r\n\r\n\r\n<\/div>\r\n<\/div>\r\n<hr>\r\n<p class=\"text-right\">Pr\u00f3ximo passo: <a href=\"http:\/\/nomus.com.br\/erpindustrial\/como-funciona\/controle-qualidade\/\">Conhe\u00e7a o m\u00f3dulo de Controle da qualidade \u00bb<\/a><\/p>\r\n","protected":false},"excerpt":{"rendered":"<p>Integra\u00e7\u00e3o com softwares cont\u00e1beis e fiscais Integre NF-es de sa\u00edda, NF-es de entrada, Bloco K e lan\u00e7amentos cont\u00e1beis com seu Software Cont\u00e1bil preferido, e fa\u00e7a a escritura\u00e7\u00e3o cont\u00e1bil e fiscal da sua ind\u00fastria. Principais benef\u00edcios em utilizar o Integra\u00e7\u00e3o com a contabilidade Tenha a possibilidade de escolher o software Cont\u00e1bil preferido pelas \u00e1reas Cont\u00e1bil e [&hellip;]<\/p>\n","protected":false},"author":1,"featured_media":0,"parent":47,"menu_order":0,"comment_status":"closed","ping_status":"closed","template":"page-comofunciona.php","meta":{"_acf_changed":false,"footnotes":""},"class_list":["post-8190","page","type-page","status-publish","hentry"],"acf":[],"yoast_head":"<!-- This site is optimized with the Yoast SEO plugin v26.5 - https:\/\/yoast.com\/wordpress\/plugins\/seo\/ -->\n<title>Integra\u00e7\u00e3o com Contabilidade - Nomus ERP Industrial<\/title>\n<meta name=\"robots\" content=\"index, follow, max-snippet:-1, max-image-preview:large, max-video-preview:-1\" \/>\n<link rel=\"canonical\" href=\"https:\/\/www.nomus.com.br\/erpindustrial\/como-funciona\/integracao-contabilidade\/\" \/>\n<meta property=\"og:locale\" content=\"pt_BR\" \/>\n<meta property=\"og:type\" content=\"article\" \/>\n<meta property=\"og:title\" content=\"Integra\u00e7\u00e3o com Contabilidade - Nomus ERP Industrial\" \/>\n<meta property=\"og:description\" content=\"Integra\u00e7\u00e3o com softwares cont\u00e1beis e fiscais Integre NF-es de sa\u00edda, NF-es de entrada, Bloco K e lan\u00e7amentos cont\u00e1beis com seu Software Cont\u00e1bil preferido, e fa\u00e7a a escritura\u00e7\u00e3o cont\u00e1bil e fiscal da sua ind\u00fastria. Principais benef\u00edcios em utilizar o Integra\u00e7\u00e3o com a contabilidade Tenha a possibilidade de escolher o software Cont\u00e1bil preferido pelas \u00e1reas Cont\u00e1bil e [&hellip;]\" \/>\n<meta property=\"og:url\" content=\"https:\/\/www.nomus.com.br\/erpindustrial\/como-funciona\/integracao-contabilidade\/\" \/>\n<meta property=\"og:site_name\" content=\"Nomus ERP Industrial\" \/>\n<meta property=\"article:modified_time\" content=\"2025-12-18T12:53:47+00:00\" \/>\n<meta name=\"twitter:card\" content=\"summary_large_image\" \/>\n<meta name=\"twitter:label1\" content=\"Est. tempo de leitura\" \/>\n\t<meta name=\"twitter:data1\" content=\"3 minutos\" \/>\n<script type=\"application\/ld+json\" class=\"yoast-schema-graph\">{\"@context\":\"https:\/\/schema.org\",\"@graph\":[{\"@type\":\"WebPage\",\"@id\":\"https:\/\/www.nomus.com.br\/erpindustrial\/como-funciona\/integracao-contabilidade\/\",\"url\":\"https:\/\/www.nomus.com.br\/erpindustrial\/como-funciona\/integracao-contabilidade\/\",\"name\":\"Integra\u00e7\u00e3o com Contabilidade - Nomus ERP Industrial\",\"isPartOf\":{\"@id\":\"https:\/\/www.nomus.com.br\/erpindustrial\/#website\"},\"datePublished\":\"2025-08-15T14:24:39+00:00\",\"dateModified\":\"2025-12-18T12:53:47+00:00\",\"breadcrumb\":{\"@id\":\"https:\/\/www.nomus.com.br\/erpindustrial\/como-funciona\/integracao-contabilidade\/#breadcrumb\"},\"inLanguage\":\"pt-BR\",\"potentialAction\":[{\"@type\":\"ReadAction\",\"target\":[\"https:\/\/www.nomus.com.br\/erpindustrial\/como-funciona\/integracao-contabilidade\/\"]}]},{\"@type\":\"BreadcrumbList\",\"@id\":\"https:\/\/www.nomus.com.br\/erpindustrial\/como-funciona\/integracao-contabilidade\/#breadcrumb\",\"itemListElement\":[{\"@type\":\"ListItem\",\"position\":1,\"name\":\"Nomus ERP Industrial\",\"item\":\"https:\/\/www.nomus.com.br\/erpindustrial\/\"},{\"@type\":\"ListItem\",\"position\":2,\"name\":\"Como funciona o Nomus ERP Industrial\",\"item\":\"https:\/\/www.nomus.com.br\/erpindustrial\/como-funciona\/\"},{\"@type\":\"ListItem\",\"position\":3,\"name\":\"Integra\u00e7\u00e3o com Contabilidade\"}]},{\"@type\":\"WebSite\",\"@id\":\"https:\/\/www.nomus.com.br\/erpindustrial\/#website\",\"url\":\"https:\/\/www.nomus.com.br\/erpindustrial\/\",\"name\":\"Nomus ERP Industrial\",\"description\":\"O melhor sistema de gest\u00e3o ERP para ind\u00fastrias do Brasil\",\"potentialAction\":[{\"@type\":\"SearchAction\",\"target\":{\"@type\":\"EntryPoint\",\"urlTemplate\":\"https:\/\/www.nomus.com.br\/erpindustrial\/?s={search_term_string}\"},\"query-input\":{\"@type\":\"PropertyValueSpecification\",\"valueRequired\":true,\"valueName\":\"search_term_string\"}}],\"inLanguage\":\"pt-BR\"}]}<\/script>\n<!-- \/ Yoast SEO plugin. -->","yoast_head_json":{"title":"Integra\u00e7\u00e3o com Contabilidade - Nomus ERP Industrial","robots":{"index":"index","follow":"follow","max-snippet":"max-snippet:-1","max-image-preview":"max-image-preview:large","max-video-preview":"max-video-preview:-1"},"canonical":"https:\/\/www.nomus.com.br\/erpindustrial\/como-funciona\/integracao-contabilidade\/","og_locale":"pt_BR","og_type":"article","og_title":"Integra\u00e7\u00e3o com Contabilidade - Nomus ERP Industrial","og_description":"Integra\u00e7\u00e3o com softwares cont\u00e1beis e fiscais Integre NF-es de sa\u00edda, NF-es de entrada, Bloco K e lan\u00e7amentos cont\u00e1beis com seu Software Cont\u00e1bil preferido, e fa\u00e7a a escritura\u00e7\u00e3o cont\u00e1bil e fiscal da sua ind\u00fastria. Principais benef\u00edcios em utilizar o Integra\u00e7\u00e3o com a contabilidade Tenha a possibilidade de escolher o software Cont\u00e1bil preferido pelas \u00e1reas Cont\u00e1bil e [&hellip;]","og_url":"https:\/\/www.nomus.com.br\/erpindustrial\/como-funciona\/integracao-contabilidade\/","og_site_name":"Nomus ERP Industrial","article_modified_time":"2025-12-18T12:53:47+00:00","twitter_card":"summary_large_image","twitter_misc":{"Est. tempo de leitura":"3 minutos"},"schema":{"@context":"https:\/\/schema.org","@graph":[{"@type":"WebPage","@id":"https:\/\/www.nomus.com.br\/erpindustrial\/como-funciona\/integracao-contabilidade\/","url":"https:\/\/www.nomus.com.br\/erpindustrial\/como-funciona\/integracao-contabilidade\/","name":"Integra\u00e7\u00e3o com Contabilidade - Nomus ERP Industrial","isPartOf":{"@id":"https:\/\/www.nomus.com.br\/erpindustrial\/#website"},"datePublished":"2025-08-15T14:24:39+00:00","dateModified":"2025-12-18T12:53:47+00:00","breadcrumb":{"@id":"https:\/\/www.nomus.com.br\/erpindustrial\/como-funciona\/integracao-contabilidade\/#breadcrumb"},"inLanguage":"pt-BR","potentialAction":[{"@type":"ReadAction","target":["https:\/\/www.nomus.com.br\/erpindustrial\/como-funciona\/integracao-contabilidade\/"]}]},{"@type":"BreadcrumbList","@id":"https:\/\/www.nomus.com.br\/erpindustrial\/como-funciona\/integracao-contabilidade\/#breadcrumb","itemListElement":[{"@type":"ListItem","position":1,"name":"Nomus ERP Industrial","item":"https:\/\/www.nomus.com.br\/erpindustrial\/"},{"@type":"ListItem","position":2,"name":"Como funciona o Nomus ERP Industrial","item":"https:\/\/www.nomus.com.br\/erpindustrial\/como-funciona\/"},{"@type":"ListItem","position":3,"name":"Integra\u00e7\u00e3o com Contabilidade"}]},{"@type":"WebSite","@id":"https:\/\/www.nomus.com.br\/erpindustrial\/#website","url":"https:\/\/www.nomus.com.br\/erpindustrial\/","name":"Nomus ERP Industrial","description":"O melhor sistema de gest\u00e3o ERP para ind\u00fastrias do Brasil","potentialAction":[{"@type":"SearchAction","target":{"@type":"EntryPoint","urlTemplate":"https:\/\/www.nomus.com.br\/erpindustrial\/?s={search_term_string}"},"query-input":{"@type":"PropertyValueSpecification","valueRequired":true,"valueName":"search_term_string"}}],"inLanguage":"pt-BR"}]}},"_links":{"self":[{"href":"https:\/\/www.nomus.com.br\/erpindustrial\/wp-json\/wp\/v2\/pages\/8190","targetHints":{"allow":["GET"]}}],"collection":[{"href":"https:\/\/www.nomus.com.br\/erpindustrial\/wp-json\/wp\/v2\/pages"}],"about":[{"href":"https:\/\/www.nomus.com.br\/erpindustrial\/wp-json\/wp\/v2\/types\/page"}],"author":[{"embeddable":true,"href":"https:\/\/www.nomus.com.br\/erpindustrial\/wp-json\/wp\/v2\/users\/1"}],"replies":[{"embeddable":true,"href":"https:\/\/www.nomus.com.br\/erpindustrial\/wp-json\/wp\/v2\/comments?post=8190"}],"version-history":[{"count":5,"href":"https:\/\/www.nomus.com.br\/erpindustrial\/wp-json\/wp\/v2\/pages\/8190\/revisions"}],"predecessor-version":[{"id":8982,"href":"https:\/\/www.nomus.com.br\/erpindustrial\/wp-json\/wp\/v2\/pages\/8190\/revisions\/8982"}],"up":[{"embeddable":true,"href":"https:\/\/www.nomus.com.br\/erpindustrial\/wp-json\/wp\/v2\/pages\/47"}],"wp:attachment":[{"href":"https:\/\/www.nomus.com.br\/erpindustrial\/wp-json\/wp\/v2\/media?parent=8190"}],"curies":[{"name":"wp","href":"https:\/\/api.w.org\/{rel}","templated":true}]}}