{"id":8168,"date":"2025-08-14T11:31:45","date_gmt":"2025-08-14T14:31:45","guid":{"rendered":"https:\/\/www.nomus.com.br\/erpindustrial\/?page_id=8168"},"modified":"2025-08-15T10:28:59","modified_gmt":"2025-08-15T13:28:59","slug":"integracoes","status":"publish","type":"page","link":"https:\/\/www.nomus.com.br\/erpindustrial\/como-funciona\/integracoes\/","title":{"rendered":"Integra\u00e7\u00f5es com outros sistemas de gest\u00e3o"},"content":{"rendered":"<style>\r\n\r\n.link-como-funciona-projetos {\r\n    background-color: #f9f1e1;\r\n    color: #b1710d!important;\r\n}\r\n\r\n.icone-integracoes{\r\n  background-color:#30985A;\r\n}\r\n<\/style>\r\n\r\n\r\n<hr \/>\r\n\r\n<div class=\"row\">\r\n  <div class=\"col-md-2\">\r\n    <div class=\" caixa-diferencial icone-integracoes text-center\"> \r\n      <p style=\"font-size: 70px;color: white;padding: 0px;margin: 15px 0px 0px 0px;\"><i class=\"fa fa-connectdevelop\" aria-hidden=\"true\"><\/i><\/p>\r\n    <\/div>\r\n  <\/div>\r\n  <div class=\"col-md-10\">\r\n    <h1 class=\"titulo-sem-imagem\">Integra\u00e7\u00f5es com outros sistemas<\/h1>\r\n    <h2 class=\"h2-descricao-funcionalidade\">Complemente seu Nomus ERP Industrial com outros sistemas de ges\u00e3o especialistas e eleve o patamar de gest\u00e3o da sua empresa. <\/h2>\r\n  <\/div>\r\n<\/div>\r\n\r\n\r\n<hr class=\"hr-respiro\">\r\n<h3>Principais benef\u00edcios da central de integra\u00e7\u00f5es:<\/h3>\r\n<br>\r\n<ul class=\"lista-bf\">\r\n  \r\n<li class=\"beneficio-funcionalidade\">Integre seu Nomus ERP Industrial com grandes empresas de tecnologia do Brasil e do Mundo.<\/li>\r\n<li class=\"beneficio-funcionalidade\">Tenha sistemas especialistas em funcionalidades importantes, como for\u00e7a de vendas, MES, WMS, entre outros.<\/li>\r\n<li class=\"beneficio-funcionalidade\">Consiga condi\u00e7\u00f5es especiais com estas empresas ao mencionar que sua empresa \u00e9 cliente da Nomus.<\/li>\r\n<\/ul>\r\n\r\n<hr class=\"hr-respiro\">\r\n<h3>Principais integra\u00e7\u00f5es com outros sistemas dispon\u00edveis:<\/h3>\r\n<br>\r\n\r\n<div class=\"row\">\r\n  <div class=\"col-md-6\">\r\n    <p class=\"forte\">Integra\u00e7\u00e3o com o software MES SYNECO<\/p>\r\n    <p>Syneco \u00e9 um sistema MES (Manufacturing Execution System) da SKA. Controle seu indicador de OEE de produ\u00e7\u00e3o em tempo real e conecte o seu ch\u00e3o de f\u00e1brica ao restante da empresa atrav\u00e9s dessa solu\u00e7\u00e3o em parceria com o ERP da Nomus.<\/p>\r\n  <\/div>\r\n  <div class=\"col-md-6\">\r\n    <p class=\"forte\">Integra\u00e7\u00e3o com software GTR MES<\/p>\r\n    <p>Integrado ao ERP da Nomus, o sistema MES GTR Olho Vivo, potencializa a gest\u00e3o do seu ch\u00e3o de f\u00e1brica, oferecendo aos l\u00edderes de produ\u00e7\u00e3o, total controle sobre a f\u00e1brica, por meio de aplica\u00e7\u00f5es que apresentam informa\u00e7\u00f5es em tempo real quanto ao status e performance dos recursos produtivos, assim como, a performance, a evolu\u00e7\u00e3o e a previs\u00e3o de t\u00e9rminos das opera\u00e7\u00f5es, do planejamento e das ordens de fabrica\u00e7\u00e3o.<\/p>\r\n  <\/div>\r\n<\/div>\r\n\r\n<hr class=\"hr-respiro\">\r\n\r\n<div class=\"row\">\r\n  <div class=\"col-md-6\">\r\n    <p class=\"forte\">Integra\u00e7\u00e3o com Neofin<\/p>\r\n    <p>A Neofin \u00e9 um software de recebimentos e cobran\u00e7as que transforma um processo constrangedor e moroso em um fluxo eficiente e simples. Dessa forma, o time financeiro n\u00e3o precisa mais operar milagres todos os dias.<\/p>\r\n  <\/div>\r\n  <div class=\"col-md-6\">\r\n    <p class=\"forte\">Cota\u00e7\u00e3o de frete integrada ao Meus Correios<\/p>\r\n    <p>O Meus Correios \u00e9 uma solu\u00e7\u00e3o completa para automa\u00e7\u00e3o de pr\u00e9 e p\u00f3s-postagem dos Correios, destinada a otimizar o processo de envio para empresas de diversos setores. Ele integra-se com v\u00e1rias plataformas, incluindo e-commerce, e oferece uma s\u00e9rie de funcionalidades que garantem mais agilidade, seguran\u00e7a e menos trabalho na gest\u00e3o de postagens.<\/p>\r\n  <\/div>\r\n<\/div>\r\n\r\n<hr class=\"hr-respiro\">\r\n\r\n<div class=\"row\">\r\n  <div class=\"col-md-6\">\r\n    <p class=\"forte\">Integra\u00e7\u00e3o com software CRM Pipedrive<\/p>\r\n    <p>O Pipedrive \u00e9 um dos maioes CRMs do mundo para gest\u00e3o de vendas que organiza negocia\u00e7\u00f5es de forma pr\u00e1tica. Integrado ao ERP da Nomus, centraliza informa\u00e7\u00f5es e apoia decis\u00f5es mais r\u00e1pidas.<\/p>\r\n  <\/div>\r\n  <div class=\"col-md-6\">\r\n    <p class=\"forte\">Integra\u00e7\u00e3o com software Dom\u00ednio<\/p>\r\n    <p>Dom\u00ednio Thomson Reuters \u00e9 um software cont\u00e1bil com m\u00f3dulos para Escrita Fiscal, Folha, Contabilidade e outras funcionalidades.<\/p>\r\n  <\/div>\r\n<\/div>\r\n\r\n<hr class=\"hr-respiro\">\r\n\r\n<div class=\"row\">\r\n  <div class=\"col-md-6\">\r\n    <p class=\"forte\">Integra\u00e7\u00e3o com software WMS<\/p>\r\n    <p>O WMS da AWTP \u00e9 um sistema para gest\u00e3o e controle de opera\u00e7\u00f5es log\u00edsticas. Integrado ao Nomus ERP Industrial, automatiza processos de armazenagem, confer\u00eancia, separa\u00e7\u00e3o e invent\u00e1rio, garantindo mais agilidade e precis\u00e3o na gest\u00e3o de estoques.<\/p>\r\n  <\/div>\r\n  <div class=\"col-md-6\">\r\n    <p class=\"forte\">Integra\u00e7\u00e3o com Exact Sales<\/p>\r\n    <p>Exact Sales \u00e9 um software de pr\u00e9-venda e prospec\u00e7\u00e3o de contatos para qualifica\u00e7\u00e3o de leads. Controle seu funil comercial com uma ferramenta completa e robusta.<\/p>\r\n  <\/div>\r\n<\/div>\r\n\r\n<hr class=\"hr-respiro\">\r\n\r\n<div class=\"row\">\r\n  <div class=\"col-md-6\">\r\n    <p class=\"forte\">Integra\u00e7\u00e3o com Mercos<\/p>\r\n    <p>O Mercos \u00e9 uma ferramenta para potencializar as vendas. O software traz funcionalidades como aplicativo online e offline, agenda para tarefas e cat\u00e1logo de produtos. Al\u00e9m disso, o software possui funcionalidades de CRM.<\/p>\r\n  <\/div>\r\n  <div class=\"col-md-6\">\r\n    <p class=\"forte\">Integra\u00e7\u00e3o com eCubus<\/p>\r\n    <p>A Cubus \u00e9 uma empresa especializada na integra\u00e7\u00e3o de sistemas CAD e ERP, oferecendo solu\u00e7\u00f5es que permitem a sincroniza\u00e7\u00e3o autom\u00e1tica de dados e a gest\u00e3o eficiente de informa\u00e7\u00f5es de projetos. <\/p>\r\n  <\/div>\r\n<\/div>\r\n\r\n\r\n\r\n<\/div>\r\n<\/div>\r\n<hr>\r\n<p class=\"text-right\">Pr\u00f3ximo passo: <a href=\"http:\/\/nomus.com.br\/erpindustrial\/como-funciona\/crm\/\">CRM \u00bb<\/a><\/p>\r\n","protected":false},"excerpt":{"rendered":"<p>Integra\u00e7\u00f5es com outros sistemas Complemente seu Nomus ERP Industrial com outros sistemas de ges\u00e3o especialistas e eleve o patamar de gest\u00e3o da sua empresa. Principais benef\u00edcios da central de integra\u00e7\u00f5es: Integre seu Nomus ERP Industrial com grandes empresas de tecnologia do Brasil e do Mundo. Tenha sistemas especialistas em funcionalidades importantes, como for\u00e7a de vendas, [&hellip;]<\/p>\n","protected":false},"author":1,"featured_media":0,"parent":47,"menu_order":0,"comment_status":"closed","ping_status":"closed","template":"page-comofunciona.php","meta":{"_acf_changed":false,"footnotes":""},"class_list":["post-8168","page","type-page","status-publish","hentry"],"acf":[],"yoast_head":"<!-- This site is optimized with the Yoast SEO plugin v26.5 - https:\/\/yoast.com\/wordpress\/plugins\/seo\/ -->\n<title>Integra\u00e7\u00f5es com outros sistemas de gest\u00e3o - Nomus ERP Industrial<\/title>\n<meta name=\"robots\" content=\"index, follow, max-snippet:-1, max-image-preview:large, max-video-preview:-1\" \/>\n<link rel=\"canonical\" href=\"https:\/\/www.nomus.com.br\/erpindustrial\/como-funciona\/integracoes\/\" \/>\n<meta property=\"og:locale\" content=\"pt_BR\" \/>\n<meta property=\"og:type\" content=\"article\" \/>\n<meta property=\"og:title\" content=\"Integra\u00e7\u00f5es com outros sistemas de gest\u00e3o - Nomus ERP Industrial\" \/>\n<meta property=\"og:description\" content=\"Integra\u00e7\u00f5es com outros sistemas Complemente seu Nomus ERP Industrial com outros sistemas de ges\u00e3o especialistas e eleve o patamar de gest\u00e3o da sua empresa. Principais benef\u00edcios da central de integra\u00e7\u00f5es: Integre seu Nomus ERP Industrial com grandes empresas de tecnologia do Brasil e do Mundo. Tenha sistemas especialistas em funcionalidades importantes, como for\u00e7a de vendas, [&hellip;]\" \/>\n<meta property=\"og:url\" content=\"https:\/\/www.nomus.com.br\/erpindustrial\/como-funciona\/integracoes\/\" \/>\n<meta property=\"og:site_name\" content=\"Nomus ERP Industrial\" \/>\n<meta property=\"article:modified_time\" content=\"2025-08-15T13:28:59+00:00\" \/>\n<meta name=\"twitter:card\" content=\"summary_large_image\" \/>\n<meta name=\"twitter:label1\" content=\"Est. tempo de leitura\" \/>\n\t<meta name=\"twitter:data1\" content=\"3 minutos\" \/>\n<script type=\"application\/ld+json\" class=\"yoast-schema-graph\">{\"@context\":\"https:\/\/schema.org\",\"@graph\":[{\"@type\":\"WebPage\",\"@id\":\"https:\/\/www.nomus.com.br\/erpindustrial\/como-funciona\/integracoes\/\",\"url\":\"https:\/\/www.nomus.com.br\/erpindustrial\/como-funciona\/integracoes\/\",\"name\":\"Integra\u00e7\u00f5es com outros sistemas de gest\u00e3o - Nomus ERP Industrial\",\"isPartOf\":{\"@id\":\"https:\/\/www.nomus.com.br\/erpindustrial\/#website\"},\"datePublished\":\"2025-08-14T14:31:45+00:00\",\"dateModified\":\"2025-08-15T13:28:59+00:00\",\"breadcrumb\":{\"@id\":\"https:\/\/www.nomus.com.br\/erpindustrial\/como-funciona\/integracoes\/#breadcrumb\"},\"inLanguage\":\"pt-BR\",\"potentialAction\":[{\"@type\":\"ReadAction\",\"target\":[\"https:\/\/www.nomus.com.br\/erpindustrial\/como-funciona\/integracoes\/\"]}]},{\"@type\":\"BreadcrumbList\",\"@id\":\"https:\/\/www.nomus.com.br\/erpindustrial\/como-funciona\/integracoes\/#breadcrumb\",\"itemListElement\":[{\"@type\":\"ListItem\",\"position\":1,\"name\":\"Nomus ERP Industrial\",\"item\":\"https:\/\/www.nomus.com.br\/erpindustrial\/\"},{\"@type\":\"ListItem\",\"position\":2,\"name\":\"Como funciona o Nomus ERP Industrial\",\"item\":\"https:\/\/www.nomus.com.br\/erpindustrial\/como-funciona\/\"},{\"@type\":\"ListItem\",\"position\":3,\"name\":\"Integra\u00e7\u00f5es com outros sistemas de gest\u00e3o\"}]},{\"@type\":\"WebSite\",\"@id\":\"https:\/\/www.nomus.com.br\/erpindustrial\/#website\",\"url\":\"https:\/\/www.nomus.com.br\/erpindustrial\/\",\"name\":\"Nomus ERP Industrial\",\"description\":\"O melhor sistema de gest\u00e3o ERP para ind\u00fastrias do Brasil\",\"potentialAction\":[{\"@type\":\"SearchAction\",\"target\":{\"@type\":\"EntryPoint\",\"urlTemplate\":\"https:\/\/www.nomus.com.br\/erpindustrial\/?s={search_term_string}\"},\"query-input\":{\"@type\":\"PropertyValueSpecification\",\"valueRequired\":true,\"valueName\":\"search_term_string\"}}],\"inLanguage\":\"pt-BR\"}]}<\/script>\n<!-- \/ Yoast SEO plugin. -->","yoast_head_json":{"title":"Integra\u00e7\u00f5es com outros sistemas de gest\u00e3o - Nomus ERP Industrial","robots":{"index":"index","follow":"follow","max-snippet":"max-snippet:-1","max-image-preview":"max-image-preview:large","max-video-preview":"max-video-preview:-1"},"canonical":"https:\/\/www.nomus.com.br\/erpindustrial\/como-funciona\/integracoes\/","og_locale":"pt_BR","og_type":"article","og_title":"Integra\u00e7\u00f5es com outros sistemas de gest\u00e3o - Nomus ERP Industrial","og_description":"Integra\u00e7\u00f5es com outros sistemas Complemente seu Nomus ERP Industrial com outros sistemas de ges\u00e3o especialistas e eleve o patamar de gest\u00e3o da sua empresa. Principais benef\u00edcios da central de integra\u00e7\u00f5es: Integre seu Nomus ERP Industrial com grandes empresas de tecnologia do Brasil e do Mundo. Tenha sistemas especialistas em funcionalidades importantes, como for\u00e7a de vendas, [&hellip;]","og_url":"https:\/\/www.nomus.com.br\/erpindustrial\/como-funciona\/integracoes\/","og_site_name":"Nomus ERP Industrial","article_modified_time":"2025-08-15T13:28:59+00:00","twitter_card":"summary_large_image","twitter_misc":{"Est. tempo de leitura":"3 minutos"},"schema":{"@context":"https:\/\/schema.org","@graph":[{"@type":"WebPage","@id":"https:\/\/www.nomus.com.br\/erpindustrial\/como-funciona\/integracoes\/","url":"https:\/\/www.nomus.com.br\/erpindustrial\/como-funciona\/integracoes\/","name":"Integra\u00e7\u00f5es com outros sistemas de gest\u00e3o - Nomus ERP Industrial","isPartOf":{"@id":"https:\/\/www.nomus.com.br\/erpindustrial\/#website"},"datePublished":"2025-08-14T14:31:45+00:00","dateModified":"2025-08-15T13:28:59+00:00","breadcrumb":{"@id":"https:\/\/www.nomus.com.br\/erpindustrial\/como-funciona\/integracoes\/#breadcrumb"},"inLanguage":"pt-BR","potentialAction":[{"@type":"ReadAction","target":["https:\/\/www.nomus.com.br\/erpindustrial\/como-funciona\/integracoes\/"]}]},{"@type":"BreadcrumbList","@id":"https:\/\/www.nomus.com.br\/erpindustrial\/como-funciona\/integracoes\/#breadcrumb","itemListElement":[{"@type":"ListItem","position":1,"name":"Nomus ERP Industrial","item":"https:\/\/www.nomus.com.br\/erpindustrial\/"},{"@type":"ListItem","position":2,"name":"Como funciona o Nomus ERP Industrial","item":"https:\/\/www.nomus.com.br\/erpindustrial\/como-funciona\/"},{"@type":"ListItem","position":3,"name":"Integra\u00e7\u00f5es com outros sistemas de gest\u00e3o"}]},{"@type":"WebSite","@id":"https:\/\/www.nomus.com.br\/erpindustrial\/#website","url":"https:\/\/www.nomus.com.br\/erpindustrial\/","name":"Nomus ERP Industrial","description":"O melhor sistema de gest\u00e3o ERP para ind\u00fastrias do Brasil","potentialAction":[{"@type":"SearchAction","target":{"@type":"EntryPoint","urlTemplate":"https:\/\/www.nomus.com.br\/erpindustrial\/?s={search_term_string}"},"query-input":{"@type":"PropertyValueSpecification","valueRequired":true,"valueName":"search_term_string"}}],"inLanguage":"pt-BR"}]}},"_links":{"self":[{"href":"https:\/\/www.nomus.com.br\/erpindustrial\/wp-json\/wp\/v2\/pages\/8168","targetHints":{"allow":["GET"]}}],"collection":[{"href":"https:\/\/www.nomus.com.br\/erpindustrial\/wp-json\/wp\/v2\/pages"}],"about":[{"href":"https:\/\/www.nomus.com.br\/erpindustrial\/wp-json\/wp\/v2\/types\/page"}],"author":[{"embeddable":true,"href":"https:\/\/www.nomus.com.br\/erpindustrial\/wp-json\/wp\/v2\/users\/1"}],"replies":[{"embeddable":true,"href":"https:\/\/www.nomus.com.br\/erpindustrial\/wp-json\/wp\/v2\/comments?post=8168"}],"version-history":[{"count":8,"href":"https:\/\/www.nomus.com.br\/erpindustrial\/wp-json\/wp\/v2\/pages\/8168\/revisions"}],"predecessor-version":[{"id":8183,"href":"https:\/\/www.nomus.com.br\/erpindustrial\/wp-json\/wp\/v2\/pages\/8168\/revisions\/8183"}],"up":[{"embeddable":true,"href":"https:\/\/www.nomus.com.br\/erpindustrial\/wp-json\/wp\/v2\/pages\/47"}],"wp:attachment":[{"href":"https:\/\/www.nomus.com.br\/erpindustrial\/wp-json\/wp\/v2\/media?parent=8168"}],"curies":[{"name":"wp","href":"https:\/\/api.w.org\/{rel}","templated":true}]}}