{"id":8163,"date":"2025-08-14T11:14:27","date_gmt":"2025-08-14T14:14:27","guid":{"rendered":"https:\/\/www.nomus.com.br\/erpindustrial\/?page_id=8163"},"modified":"2025-08-22T17:09:43","modified_gmt":"2025-08-22T20:09:43","slug":"reforma-tributaria","status":"publish","type":"page","link":"https:\/\/www.nomus.com.br\/erpindustrial\/como-funciona\/reforma-tributaria\/","title":{"rendered":"Reforma Tribut\u00e1ria"},"content":{"rendered":"<style>\r\n\r\n.link-como-funciona-ref {\r\n    background-color: #f9f1e1;\r\n    color: #b1710d!important;\r\n}\r\n\r\n.icone-reforma{\r\n  background-color:#0D75D7;\r\n}\r\n<\/style>\r\n\r\n\r\n<hr \/>\r\n\r\n<div class=\"row\">\r\n  <div class=\"col-md-2\">\r\n    <div class=\" caixa-diferencial icone-reforma text-center\"> \r\n      <p style=\"font-size: 70px;color: white;padding: 0px;margin: 15px 0px 0px 0px;\"><i class=\"fa fa-file-text-o\" aria-hidden=\"true\"><\/i><\/p>\r\n    <\/div>\r\n  <\/div>\r\n  <div class=\"col-md-10\">\r\n    <h1 class=\"titulo-sem-imagem\">Reforma Tribut\u00e1ria<\/h1>\r\n    <h2 class=\"h2-descricao-funcionalidade\">Adeque sua empresa \u00e0s novas exig\u00eancias da Reforma tribut\u00e1ria e fa\u00e7a a transi\u00e7\u00e3o para IBS, CBS e IS de forma correta e sem dor de cabe\u00e7a. <\/h2>\r\n  <\/div>\r\n<\/div>\r\n\r\n\r\n<hr class=\"hr-respiro\">\r\n<h3>Principais benef\u00edcios em utilizar o sistema preparado para a reforma tribut\u00e1ria<\/h3>\r\n<br>\r\n<ul class=\"lista-bf\">\r\n  \r\n<li class=\"beneficio-funcionalidade\">Sistema totalmente adequado \u00e0 Reforma tribut\u00e1ria do consumo institu\u00edda pela Lei Complementar 214\/2025<\/li>\r\n<li class=\"beneficio-funcionalidade\">Realize a transa\u00e7\u00e3o da reforma acompanhando os passos determinados pelo governo at\u00e9 2033<\/li>\r\n<li class=\"beneficio-funcionalidade\">Evite multas e tributa\u00e7\u00f5es erradas com uma apura\u00e7\u00e3o confi\u00e1vel<\/li>\r\n<\/ul>\r\n\r\n<hr class=\"hr-respiro\">\r\n<h3>Funcionalidades da Reforma Tribut\u00e1ria que ser\u00e3o desenvolvidas no Nomus ERP Industrial<\/h3>\r\n<br>\r\n\r\n<div class=\"row\">\r\n  <div class=\"col-md-6\">\r\n    <p class=\"forte\">Novas tabelas para adequa\u00e7\u00e3o a reforma tribut\u00e1ria<\/p>\r\n    <p>Cria\u00e7\u00e3o das tabelas de CST e classifica\u00e7\u00e3o tribut\u00e1ria de IBS, CBS e IS. Cria\u00e7\u00e3o de tabelas com al\u00edquotas de IBS e CBS.<\/p>\r\n  <\/div>\r\n  <div class=\"col-md-6\">\r\n    <p class=\"forte\">Configura\u00e7\u00e3o de regras tribut\u00e1rias de IBS, CBS e IS<\/p>\r\n    <p>Regras tribut\u00e1rias configuradas por tipo de movimenta\u00e7\u00e3o e produto<\/p>\r\n  <\/div>\r\n<\/div>\r\n\r\n<hr class=\"hr-respiro\">\r\n\r\n<div class=\"row\">\r\n  <div class=\"col-md-6\">\r\n    <p class=\"forte\">C\u00e1lculo de IBS, CBS e IS no processo de vendas e compras<\/p>\r\n    <p>C\u00e1lculo autom\u00e1tico de IBS, CBS e IS em vendas e compras, garantindo conformidade com a reforma tribut\u00e1ria e precis\u00e3o nos valores apurados.<\/p>\r\n  <\/div>\r\n  <div class=\"col-md-6\">\r\n    <p class=\"forte\">Importa\u00e7\u00e3o de dados tribut\u00e1rios de IBS, CBS e IS dos documentos fiscais emitidos contra a empresa<\/p>\r\n    <p>Importa\u00e7\u00e3o autom\u00e1tica de informa\u00e7\u00f5es de IBS, CBS e IS dos documentos fiscais recebidos, assegurando consist\u00eancia no controle tribut\u00e1rio da empresa.<\/p>\r\n  <\/div>\r\n<\/div>\r\n\r\n<hr class=\"hr-respiro\">\r\n\r\n<div class=\"row\">\r\n  <div class=\"col-md-6\">\r\n    <p class=\"forte\">Emiss\u00e3o de NF-e com IBS, CBS e IS<\/p>\r\n    <p>Emiss\u00e3o de NF-e com destaque de IBS, CBS e IS, atendendo integralmente \u00e0s exig\u00eancias da reforma tribut\u00e1ria.<\/p>\r\n  <\/div>\r\n  <div class=\"col-md-6\">\r\n    <p class=\"forte\">Emiss\u00e3o de NFS-e com IBS, CBS e IS<\/p>\r\n    <p>Emiss\u00e3o de NFS-e adequada \u00e0s novas regras da reforma tribut\u00e1ria, com destaque correto de IBS, CBS e IS.<\/p>\r\n  <\/div>\r\n<\/div>\r\n\r\n<hr class=\"hr-respiro\">\r\n\r\n<div class=\"row\">\r\n  <div class=\"col-md-6\">\r\n    <p class=\"forte\">Registro de eventos de NF-e para apura\u00e7\u00e3o assistida de IBS e CBS<\/p>\r\n    <p>Registro e controle de eventos de NF-e voltados para auxiliar a apura\u00e7\u00e3o assistida de IBS e CBS pela Receita Federal.<\/p>\r\n  <\/div>\r\n  <div class=\"col-md-6\">\r\n    <p class=\"forte\">Relat\u00f3rio para auxiliar apura\u00e7\u00e3o assistida de IBS e CBS<\/p>\r\n    <p>Relat\u00f3rios detalhados para apoiar a apura\u00e7\u00e3o assistida de IBS e CBS, oferecendo clareza e seguran\u00e7a no processo de conformidade fiscal.<\/p>\r\n  <\/div>\r\n<\/div>\r\n\r\n\r\n<\/div>\r\n<\/div>\r\n<hr>\r\n<p class=\"text-right\">Pr\u00f3ximo passo: <a href=\"http:\/\/nomus.com.br\/erpindustrial\/como-funciona\/crm\/\">CRM \u00bb<\/a><\/p>\r\n","protected":false},"excerpt":{"rendered":"<p>Reforma Tribut\u00e1ria Adeque sua empresa \u00e0s novas exig\u00eancias da Reforma tribut\u00e1ria e fa\u00e7a a transi\u00e7\u00e3o para IBS, CBS e IS de forma correta e sem dor de cabe\u00e7a. Principais benef\u00edcios em utilizar o sistema preparado para a reforma tribut\u00e1ria Sistema totalmente adequado \u00e0 Reforma tribut\u00e1ria do consumo institu\u00edda pela Lei Complementar 214\/2025 Realize a transa\u00e7\u00e3o [&hellip;]<\/p>\n","protected":false},"author":1,"featured_media":0,"parent":47,"menu_order":0,"comment_status":"closed","ping_status":"closed","template":"page-comofunciona.php","meta":{"_acf_changed":false,"footnotes":""},"class_list":["post-8163","page","type-page","status-publish","hentry"],"acf":[],"yoast_head":"<!-- This site is optimized with the Yoast SEO plugin v26.5 - https:\/\/yoast.com\/wordpress\/plugins\/seo\/ -->\n<title>Reforma Tribut\u00e1ria - Nomus ERP Industrial<\/title>\n<meta name=\"robots\" content=\"index, follow, max-snippet:-1, max-image-preview:large, max-video-preview:-1\" \/>\n<link rel=\"canonical\" href=\"https:\/\/www.nomus.com.br\/erpindustrial\/como-funciona\/reforma-tributaria\/\" \/>\n<meta property=\"og:locale\" content=\"pt_BR\" \/>\n<meta property=\"og:type\" content=\"article\" \/>\n<meta property=\"og:title\" content=\"Reforma Tribut\u00e1ria - Nomus ERP Industrial\" \/>\n<meta property=\"og:description\" content=\"Reforma Tribut\u00e1ria Adeque sua empresa \u00e0s novas exig\u00eancias da Reforma tribut\u00e1ria e fa\u00e7a a transi\u00e7\u00e3o para IBS, CBS e IS de forma correta e sem dor de cabe\u00e7a. Principais benef\u00edcios em utilizar o sistema preparado para a reforma tribut\u00e1ria Sistema totalmente adequado \u00e0 Reforma tribut\u00e1ria do consumo institu\u00edda pela Lei Complementar 214\/2025 Realize a transa\u00e7\u00e3o [&hellip;]\" \/>\n<meta property=\"og:url\" content=\"https:\/\/www.nomus.com.br\/erpindustrial\/como-funciona\/reforma-tributaria\/\" \/>\n<meta property=\"og:site_name\" content=\"Nomus ERP Industrial\" \/>\n<meta property=\"article:modified_time\" content=\"2025-08-22T20:09:43+00:00\" \/>\n<meta name=\"twitter:card\" content=\"summary_large_image\" \/>\n<meta name=\"twitter:label1\" content=\"Est. tempo de leitura\" \/>\n\t<meta name=\"twitter:data1\" content=\"2 minutos\" \/>\n<script type=\"application\/ld+json\" class=\"yoast-schema-graph\">{\"@context\":\"https:\/\/schema.org\",\"@graph\":[{\"@type\":\"WebPage\",\"@id\":\"https:\/\/www.nomus.com.br\/erpindustrial\/como-funciona\/reforma-tributaria\/\",\"url\":\"https:\/\/www.nomus.com.br\/erpindustrial\/como-funciona\/reforma-tributaria\/\",\"name\":\"Reforma Tribut\u00e1ria - Nomus ERP Industrial\",\"isPartOf\":{\"@id\":\"https:\/\/www.nomus.com.br\/erpindustrial\/#website\"},\"datePublished\":\"2025-08-14T14:14:27+00:00\",\"dateModified\":\"2025-08-22T20:09:43+00:00\",\"breadcrumb\":{\"@id\":\"https:\/\/www.nomus.com.br\/erpindustrial\/como-funciona\/reforma-tributaria\/#breadcrumb\"},\"inLanguage\":\"pt-BR\",\"potentialAction\":[{\"@type\":\"ReadAction\",\"target\":[\"https:\/\/www.nomus.com.br\/erpindustrial\/como-funciona\/reforma-tributaria\/\"]}]},{\"@type\":\"BreadcrumbList\",\"@id\":\"https:\/\/www.nomus.com.br\/erpindustrial\/como-funciona\/reforma-tributaria\/#breadcrumb\",\"itemListElement\":[{\"@type\":\"ListItem\",\"position\":1,\"name\":\"Nomus ERP Industrial\",\"item\":\"https:\/\/www.nomus.com.br\/erpindustrial\/\"},{\"@type\":\"ListItem\",\"position\":2,\"name\":\"Como funciona o Nomus ERP Industrial\",\"item\":\"https:\/\/www.nomus.com.br\/erpindustrial\/como-funciona\/\"},{\"@type\":\"ListItem\",\"position\":3,\"name\":\"Reforma Tribut\u00e1ria\"}]},{\"@type\":\"WebSite\",\"@id\":\"https:\/\/www.nomus.com.br\/erpindustrial\/#website\",\"url\":\"https:\/\/www.nomus.com.br\/erpindustrial\/\",\"name\":\"Nomus ERP Industrial\",\"description\":\"O melhor sistema de gest\u00e3o ERP para ind\u00fastrias do Brasil\",\"potentialAction\":[{\"@type\":\"SearchAction\",\"target\":{\"@type\":\"EntryPoint\",\"urlTemplate\":\"https:\/\/www.nomus.com.br\/erpindustrial\/?s={search_term_string}\"},\"query-input\":{\"@type\":\"PropertyValueSpecification\",\"valueRequired\":true,\"valueName\":\"search_term_string\"}}],\"inLanguage\":\"pt-BR\"}]}<\/script>\n<!-- \/ Yoast SEO plugin. -->","yoast_head_json":{"title":"Reforma Tribut\u00e1ria - Nomus ERP Industrial","robots":{"index":"index","follow":"follow","max-snippet":"max-snippet:-1","max-image-preview":"max-image-preview:large","max-video-preview":"max-video-preview:-1"},"canonical":"https:\/\/www.nomus.com.br\/erpindustrial\/como-funciona\/reforma-tributaria\/","og_locale":"pt_BR","og_type":"article","og_title":"Reforma Tribut\u00e1ria - Nomus ERP Industrial","og_description":"Reforma Tribut\u00e1ria Adeque sua empresa \u00e0s novas exig\u00eancias da Reforma tribut\u00e1ria e fa\u00e7a a transi\u00e7\u00e3o para IBS, CBS e IS de forma correta e sem dor de cabe\u00e7a. Principais benef\u00edcios em utilizar o sistema preparado para a reforma tribut\u00e1ria Sistema totalmente adequado \u00e0 Reforma tribut\u00e1ria do consumo institu\u00edda pela Lei Complementar 214\/2025 Realize a transa\u00e7\u00e3o [&hellip;]","og_url":"https:\/\/www.nomus.com.br\/erpindustrial\/como-funciona\/reforma-tributaria\/","og_site_name":"Nomus ERP Industrial","article_modified_time":"2025-08-22T20:09:43+00:00","twitter_card":"summary_large_image","twitter_misc":{"Est. tempo de leitura":"2 minutos"},"schema":{"@context":"https:\/\/schema.org","@graph":[{"@type":"WebPage","@id":"https:\/\/www.nomus.com.br\/erpindustrial\/como-funciona\/reforma-tributaria\/","url":"https:\/\/www.nomus.com.br\/erpindustrial\/como-funciona\/reforma-tributaria\/","name":"Reforma Tribut\u00e1ria - Nomus ERP Industrial","isPartOf":{"@id":"https:\/\/www.nomus.com.br\/erpindustrial\/#website"},"datePublished":"2025-08-14T14:14:27+00:00","dateModified":"2025-08-22T20:09:43+00:00","breadcrumb":{"@id":"https:\/\/www.nomus.com.br\/erpindustrial\/como-funciona\/reforma-tributaria\/#breadcrumb"},"inLanguage":"pt-BR","potentialAction":[{"@type":"ReadAction","target":["https:\/\/www.nomus.com.br\/erpindustrial\/como-funciona\/reforma-tributaria\/"]}]},{"@type":"BreadcrumbList","@id":"https:\/\/www.nomus.com.br\/erpindustrial\/como-funciona\/reforma-tributaria\/#breadcrumb","itemListElement":[{"@type":"ListItem","position":1,"name":"Nomus ERP Industrial","item":"https:\/\/www.nomus.com.br\/erpindustrial\/"},{"@type":"ListItem","position":2,"name":"Como funciona o Nomus ERP Industrial","item":"https:\/\/www.nomus.com.br\/erpindustrial\/como-funciona\/"},{"@type":"ListItem","position":3,"name":"Reforma Tribut\u00e1ria"}]},{"@type":"WebSite","@id":"https:\/\/www.nomus.com.br\/erpindustrial\/#website","url":"https:\/\/www.nomus.com.br\/erpindustrial\/","name":"Nomus ERP Industrial","description":"O melhor sistema de gest\u00e3o ERP para ind\u00fastrias do Brasil","potentialAction":[{"@type":"SearchAction","target":{"@type":"EntryPoint","urlTemplate":"https:\/\/www.nomus.com.br\/erpindustrial\/?s={search_term_string}"},"query-input":{"@type":"PropertyValueSpecification","valueRequired":true,"valueName":"search_term_string"}}],"inLanguage":"pt-BR"}]}},"_links":{"self":[{"href":"https:\/\/www.nomus.com.br\/erpindustrial\/wp-json\/wp\/v2\/pages\/8163","targetHints":{"allow":["GET"]}}],"collection":[{"href":"https:\/\/www.nomus.com.br\/erpindustrial\/wp-json\/wp\/v2\/pages"}],"about":[{"href":"https:\/\/www.nomus.com.br\/erpindustrial\/wp-json\/wp\/v2\/types\/page"}],"author":[{"embeddable":true,"href":"https:\/\/www.nomus.com.br\/erpindustrial\/wp-json\/wp\/v2\/users\/1"}],"replies":[{"embeddable":true,"href":"https:\/\/www.nomus.com.br\/erpindustrial\/wp-json\/wp\/v2\/comments?post=8163"}],"version-history":[{"count":8,"href":"https:\/\/www.nomus.com.br\/erpindustrial\/wp-json\/wp\/v2\/pages\/8163\/revisions"}],"predecessor-version":[{"id":8281,"href":"https:\/\/www.nomus.com.br\/erpindustrial\/wp-json\/wp\/v2\/pages\/8163\/revisions\/8281"}],"up":[{"embeddable":true,"href":"https:\/\/www.nomus.com.br\/erpindustrial\/wp-json\/wp\/v2\/pages\/47"}],"wp:attachment":[{"href":"https:\/\/www.nomus.com.br\/erpindustrial\/wp-json\/wp\/v2\/media?parent=8163"}],"curies":[{"name":"wp","href":"https:\/\/api.w.org\/{rel}","templated":true}]}}