{"id":751,"date":"2015-09-24T14:47:57","date_gmt":"2015-09-24T14:47:57","guid":{"rendered":"http:\/\/nomus.com.br\/nomusindustrial\/?page_id=751"},"modified":"2025-12-12T17:51:46","modified_gmt":"2025-12-12T20:51:46","slug":"programacao-producao","status":"publish","type":"page","link":"https:\/\/www.nomus.com.br\/erpindustrial\/como-funciona\/programacao-producao\/","title":{"rendered":"Programacao producao"},"content":{"rendered":"<style>\r\n\r\n.link-como-funciona-programacao-producao {\r\n    background-color: #f9f1e1;\r\n    color: #b1710d!important;\r\n}\r\n\r\n.icone-programacao-producao{\r\n  background-color:#68c2c2;\r\n}\r\n<\/style>\r\n\r\n\r\n<hr \/>\r\n\r\n<div class=\"row\">\r\n  <div class=\"col-md-2\">\r\n    <div class=\" caixa-diferencial icone-programacao-producao text-center\"> \r\n      <p style=\"font-size: 70px;color: white;padding: 0px;margin: 15px 0px 0px 0px;\"><i class=\"glyphicon glyphicon glyphicon-calendar\" aria-hidden=\"true\"><\/i><\/p>\r\n    <\/div>\r\n  <\/div>\r\n  <div class=\"col-md-10\">\r\n    <h1 class=\"titulo-sem-imagem\">Programa\u00e7\u00e3o da produ\u00e7\u00e3o <\/h1>\r\n    <h2 class=\"h2-descricao-funcionalidade\">Determine a melhor programa\u00e7\u00e3o da sua produ\u00e7\u00e3o, defina prazos de entrega precisos para seus clientes e reduza gargalos que prejudicam o desempenho da sua f\u00e1brica.<\/h2>\r\n  <\/div>\r\n<\/div>\r\n\r\n<hr class=\"hr-respiro\">\r\n<h3>Principais benef\u00edcios em utilizar o Programa\u00e7\u00e3o da produ\u00e7\u00e3o <\/h3>\r\n<br>\r\n<ul class=\"lista-bf\">\r\n  \r\n<li class=\"beneficio-funcionalidade\">Determine a melhor programa\u00e7\u00e3o da produ\u00e7\u00e3o para sua f\u00e1brica.<\/li>\r\n<li class=\"beneficio-funcionalidade\">Aumente a produtividade de seus centros de trabalho.<\/li>\r\n<li class=\"beneficio-funcionalidade\">Defina prazos de entrega realistas para seus clientes.<\/li>\r\n<li class=\"beneficio-funcionalidade\">Cumpra com os prazos de entrega acordados com seus clientes.<\/li>\r\n<li class=\"beneficio-funcionalidade\">Reduza lead times de produ\u00e7\u00e3o eliminando gargalos e aumente o faturamento da sua ind\u00fastria.<\/li>\r\n<li class=\"beneficio-funcionalidade\">Aumente o lucro da sua f\u00e1brica aproveitando melhor a capacidade dispon\u00edvel.<\/li>\r\n\r\n<\/ul>\r\n\r\n<hr class=\"hr-respiro\">\r\n<h3>Funcionalidades da Programa\u00e7\u00e3o da produ\u00e7\u00e3o  do Nomus ERP Industrial<\/h3>\r\n<br>\r\n\r\n<div class=\"row\">\r\n  <br>\r\n  <div class=\"col-md-6\">\r\n     <a href=\"https:\/\/www.nomus.com.br\/erpindustrial\/wp-content\/uploads\/2025\/12\/01-programacao-producao-min.png\" rel=\"lightbox[751]\"><img decoding=\"async\" data-src=\"https:\/\/www.nomus.com.br\/erpindustrial\/wp-content\/uploads\/2025\/12\/01-programacao-producao-min-397x194.png\" alt=\"1-programacoes\" width=\"397\" height=\"194\" class=\"alignnone size-thumbnail wp-image-2178 lazyload\" src=\"data:image\/svg+xml;base64,PHN2ZyB3aWR0aD0iMSIgaGVpZ2h0PSIxIiB4bWxucz0iaHR0cDovL3d3dy53My5vcmcvMjAwMC9zdmciPjwvc3ZnPg==\" style=\"--smush-placeholder-width: 397px; --smush-placeholder-aspect-ratio: 397\/194;\" \/><\/a>\r\n  <\/div>\r\n  <div class=\"col-md-6\">\r\n      <p class=\"forte\"> Programa\u00e7\u00e3o da produ\u00e7\u00e3o com capacidade finita<\/p>\r\n      <p>\r\n        Fa\u00e7a a programa\u00e7\u00e3o de todas as m\u00e1quinas da sua f\u00e1brica considerando tempos de produ\u00e7\u00e3o dos produtos e capacidade dispon\u00edvel das m\u00e1quinas.\r\n      <\/p>\r\n      \r\n  <\/div>\r\n<\/div>\r\n\r\n<hr class=\"hr-respiro\">\r\n\r\n<div class=\"row\">\r\n    <br>\r\n  <div class=\"col-md-6\">\r\n      <p class=\"forte\"> Gr\u00e1fico de Gantt da programa\u00e7\u00e3o<\/p>\r\n      <p>\r\n       Gere o gr\u00e1fico de Gantt da programa\u00e7\u00e3o da sua f\u00e1brica e identifique visualmente os gargalos da f\u00e1brica e atravessamento das ordens de produ\u00e7\u00e3o na f\u00e1brica. \r\n      <\/p>\r\n      \r\n  <\/div>\r\n  <div class=\"col-md-6\">\r\n    <a href=\"https:\/\/www.nomus.com.br\/erpindustrial\/wp-content\/uploads\/2025\/12\/02-grafico-gantt-min.png\" rel=\"lightbox[751]\"><img decoding=\"async\" data-src=\"https:\/\/www.nomus.com.br\/erpindustrial\/wp-content\/uploads\/2025\/12\/02-grafico-gantt-min-397x194.png\" alt=\"2-gantt\" width=\"397\" height=\"194\" class=\"alignnone size-thumbnail wp-image-2473 lazyload\" src=\"data:image\/svg+xml;base64,PHN2ZyB3aWR0aD0iMSIgaGVpZ2h0PSIxIiB4bWxucz0iaHR0cDovL3d3dy53My5vcmcvMjAwMC9zdmciPjwvc3ZnPg==\" style=\"--smush-placeholder-width: 397px; --smush-placeholder-aspect-ratio: 397\/194;\" \/><\/a>\r\n  <\/div>\r\n<\/div>\r\n\r\n<hr class=\"hr-respiro\">\r\n\r\n<div class=\"row\">\r\n  <br>\r\n  <div class=\"col-md-6\">\r\n      <a href=\"https:\/\/www.nomus.com.br\/erpindustrial\/wp-content\/uploads\/2025\/12\/03-programacoes-operacao-min.png\" rel=\"lightbox[751]\"><img decoding=\"async\" data-src=\"https:\/\/www.nomus.com.br\/erpindustrial\/wp-content\/uploads\/2025\/12\/03-programacoes-operacao-min-397x194.png\" alt=\"3-programacao-consolidada\" width=\"397\" height=\"194\" class=\"alignnone size-thumbnail wp-image-2180 lazyload\" src=\"data:image\/svg+xml;base64,PHN2ZyB3aWR0aD0iMSIgaGVpZ2h0PSIxIiB4bWxucz0iaHR0cDovL3d3dy53My5vcmcvMjAwMC9zdmciPjwvc3ZnPg==\" style=\"--smush-placeholder-width: 397px; --smush-placeholder-aspect-ratio: 397\/194;\" \/><\/a>\r\n  <\/div>\r\n  <div class=\"col-md-6\">\r\n      <p class=\"forte\"> Programa\u00e7\u00e3o de opera\u00e7\u00f5es por m\u00e1quina<\/p>\r\n      <p>Veja a programa\u00e7\u00e3o de opera\u00e7\u00f5es de cada m\u00e1quina da sua f\u00e1brica. Saiba exatamente a sequ\u00eancia de ordens que deve ser fabricada, quando vai come\u00e7ar e terminar cada opera\u00e7\u00e3o. <\/p>\r\n  <\/div>\r\n<\/div>\r\n\r\n<hr class=\"hr-respiro\">\r\n\r\n<div class=\"row\">\r\n    <br>\r\n  <div class=\"col-md-6\">\r\n      <p class=\"forte\"> An\u00e1lise do prazo de entrega de pedidos de venda<\/p>\r\n      <p>\r\n       Veja a data de entrega programada de todos os seus pedidos de venda em carteira considerando a capacidade dispon\u00edvel da sua f\u00e1brica. Saiba exatamente quais pedidos de venda est\u00e3o com previs\u00e3o de atraso e identifique o que fazer para cumprir com os prazos de entrega acordados com seus clientes. \r\n      <\/p>      \r\n  <\/div>\r\n  <div class=\"col-md-6\">\r\n    <a href=\"https:\/\/www.nomus.com.br\/erpindustrial\/wp-content\/uploads\/2025\/12\/04-analise-prazo-min.png\" rel=\"lightbox[751]\"><img decoding=\"async\" data-src=\"https:\/\/www.nomus.com.br\/erpindustrial\/wp-content\/uploads\/2025\/12\/04-analise-prazo-min-397x194.png\" alt=\"4-entrega-de-pedido\" width=\"397\" height=\"194\" class=\"alignnone size-thumbnail wp-image-2181 lazyload\" src=\"data:image\/svg+xml;base64,PHN2ZyB3aWR0aD0iMSIgaGVpZ2h0PSIxIiB4bWxucz0iaHR0cDovL3d3dy53My5vcmcvMjAwMC9zdmciPjwvc3ZnPg==\" style=\"--smush-placeholder-width: 397px; --smush-placeholder-aspect-ratio: 397\/194;\" \/><\/a>\r\n  <\/div>\r\n<\/div>\r\n\r\n<hr class=\"hr-respiro\">\r\n\r\n<div class=\"row\">\r\n  <br>\r\n  <div class=\"col-md-6\">\r\n      <a href=\"https:\/\/www.nomus.com.br\/erpindustrial\/wp-content\/uploads\/2025\/12\/05-analise-ordens-min.png\" rel=\"lightbox[751]\"><img decoding=\"async\" data-src=\"https:\/\/www.nomus.com.br\/erpindustrial\/wp-content\/uploads\/2025\/12\/05-analise-ordens-min-397x194.png\" alt=\"5-analise-entrega-da-ordem\" width=\"397\" height=\"194\" class=\"alignnone size-thumbnail wp-image-2182 lazyload\" src=\"data:image\/svg+xml;base64,PHN2ZyB3aWR0aD0iMSIgaGVpZ2h0PSIxIiB4bWxucz0iaHR0cDovL3d3dy53My5vcmcvMjAwMC9zdmciPjwvc3ZnPg==\" style=\"--smush-placeholder-width: 397px; --smush-placeholder-aspect-ratio: 397\/194;\" \/><\/a>\r\n  <\/div>\r\n  <div class=\"col-md-6\">\r\n      <p class=\"forte\"> An\u00e1lise do prazo de entrega de ordens de produ\u00e7\u00e3o<\/p>\r\n      <p>Veja a data de entrega programada de todas suas ordens de produ\u00e7\u00e3o considerando a capacidade dispon\u00edvel da sua f\u00e1brica. Saiba exatamente quais ordens est\u00e3o com previs\u00e3o de atraso e identifique o que fazer para cumprir com os prazos de entrega acordados com seus clientes. <\/p>\r\n  <\/div>\r\n<\/div>\r\n\r\n<hr class=\"hr-respiro\">\r\n\r\n<div class=\"row\">\r\n    <br>\r\n  <div class=\"col-md-6\">\r\n      <p class=\"forte\"> An\u00e1lise de gargalos na produ\u00e7\u00e3o<\/p>\r\n      <p>\r\n       Veja os centros de trabalho e m\u00e1quinas mais sobrecarregadas da sua f\u00e1brica e simule como o aumento de capacidade nos gargalos pode ajudar sua f\u00e1brica a cumprir os prazos de entrega acordados com seus clientes. Veja tamb\u00e9m os centros de trabalho e m\u00e1quinas mais ociosos da sua f\u00e1brica e identifique oportunidades de redu\u00e7\u00e3o de custos sem prejudicar a capacidade de entrega e faturamento da sua f\u00e1brica. \r\n      <\/p>      \r\n  <\/div>\r\n  <div class=\"col-md-6\">\r\n    <a href=\"https:\/\/www.nomus.com.br\/erpindustrial\/wp-content\/uploads\/2025\/12\/06-analise-gargalos-min.png\" rel=\"lightbox[751]\"><img decoding=\"async\" data-src=\"https:\/\/www.nomus.com.br\/erpindustrial\/wp-content\/uploads\/2025\/12\/06-analise-gargalos-min-397x194.png\" alt=\"6-relatorio-gargalos\" width=\"397\" height=\"194\" class=\"alignnone size-thumbnail wp-image-2183 lazyload\" src=\"data:image\/svg+xml;base64,PHN2ZyB3aWR0aD0iMSIgaGVpZ2h0PSIxIiB4bWxucz0iaHR0cDovL3d3dy53My5vcmcvMjAwMC9zdmciPjwvc3ZnPg==\" style=\"--smush-placeholder-width: 397px; --smush-placeholder-aspect-ratio: 397\/194;\" \/><\/a>\r\n  <\/div>\r\n<\/div>\r\n\r\n<hr class=\"hr-respiro\">\r\n\r\n<div class=\"row\">\r\n  <br>\r\n  <div class=\"col-md-6\">\r\n      <a href=\"https:\/\/www.nomus.com.br\/erpindustrial\/wp-content\/uploads\/2025\/12\/07-previsao-faturamento-min.png\" rel=\"lightbox[751]\"><img decoding=\"async\" data-src=\"https:\/\/www.nomus.com.br\/erpindustrial\/wp-content\/uploads\/2025\/12\/07-previsao-faturamento-min-397x194.png\" alt=\"7-relatorio-faturamento\" width=\"397\" height=\"194\" class=\"alignnone size-thumbnail wp-image-2184 lazyload\" src=\"data:image\/svg+xml;base64,PHN2ZyB3aWR0aD0iMSIgaGVpZ2h0PSIxIiB4bWxucz0iaHR0cDovL3d3dy53My5vcmcvMjAwMC9zdmciPjwvc3ZnPg==\" style=\"--smush-placeholder-width: 397px; --smush-placeholder-aspect-ratio: 397\/194;\" \/><\/a>\r\n  <\/div>\r\n  <div class=\"col-md-6\">\r\n      <p class=\"forte\"> Previs\u00e3o de faturamento<\/p>\r\n      <p>Saiba a previs\u00e3o de faturamento da sua f\u00e1brica alinhado com a programa\u00e7\u00e3o da produ\u00e7\u00e3o. Quanto mais r\u00e1pido sua f\u00e1brica produzir, maior ser\u00e1 o faturamento gerado. <\/p>\r\n  <\/div>\r\n<\/div>\r\n\r\n<hr class=\"hr-respiro\">\r\n\r\n<div class=\"row\">\r\n    <br>\r\n  <div class=\"col-md-6\">\r\n      <p class=\"forte\"> Programa\u00e7\u00e3o integrada com o apontamento da produ\u00e7\u00e3o<\/p>\r\n      <p>\r\n       Acompanhe o andamento de todas as opera\u00e7\u00f5es da sua f\u00e1brica com o apontamento da produ\u00e7\u00e3o, e atualize a sua programa\u00e7\u00e3o da produ\u00e7\u00e3o de acordo com a evolu\u00e7\u00e3o dos trabalhos no ch\u00e3o de f\u00e1brica. \r\n      <\/p>      \r\n  <\/div>\r\n  <div class=\"col-md-6\">\r\n   <a href=\"https:\/\/www.nomus.com.br\/erpindustrial\/wp-content\/uploads\/2025\/12\/08-programacao-integrada-1-min.png\" rel=\"lightbox[751]\"><img decoding=\"async\" data-src=\"https:\/\/www.nomus.com.br\/erpindustrial\/wp-content\/uploads\/2025\/12\/08-programacao-integrada-1-min-397x194.png\" alt=\"8-apontamento\" width=\"397\" height=\"194\" class=\"alignnone size-thumbnail wp-image-2474 lazyload\" src=\"data:image\/svg+xml;base64,PHN2ZyB3aWR0aD0iMSIgaGVpZ2h0PSIxIiB4bWxucz0iaHR0cDovL3d3dy53My5vcmcvMjAwMC9zdmciPjwvc3ZnPg==\" style=\"--smush-placeholder-width: 397px; --smush-placeholder-aspect-ratio: 397\/194;\" \/><\/a>\r\n  <\/div>\r\n<\/div>\r\n\r\n<hr class=\"hr-respiro\">\r\n\r\n<div class=\"row\">\r\n  <br>\r\n  <div class=\"col-md-6\">\r\n<p class=\"forte\">Kanban da programa\u00e7\u00e3o <\/p>\r\n      <p>Veja as opera\u00e7\u00f5es programadas em um formato de kanban por recurso permitindo a mudan\u00e7a na sequ\u00eancia da programa\u00e7\u00e3o e a troca de recursos com mais agilidade e facilidade.<\/p>\r\n  <\/div>\r\n  <div class=\"col-md-6\">\r\n    <a href=\"https:\/\/www.nomus.com.br\/erpindustrial\/wp-content\/uploads\/2025\/12\/09-kanban-min.png\" rel=\"lightbox[751]\"><img decoding=\"async\" data-src=\"https:\/\/www.nomus.com.br\/erpindustrial\/wp-content\/uploads\/2025\/12\/09-kanban-min-397x194.png\" alt=\"8-apontamento\" width=\"397\" height=\"194\" class=\"alignnone size-thumbnail wp-image-2474 lazyload\" src=\"data:image\/svg+xml;base64,PHN2ZyB3aWR0aD0iMSIgaGVpZ2h0PSIxIiB4bWxucz0iaHR0cDovL3d3dy53My5vcmcvMjAwMC9zdmciPjwvc3ZnPg==\" style=\"--smush-placeholder-width: 397px; --smush-placeholder-aspect-ratio: 397\/194;\" \/><\/a>\r\n      \r\n  <\/div>\r\n<\/div>\r\n\r\n<\/div>\r\n<\/div>\r\n<hr>\r\n<p class=\"text-right\">Pr\u00f3ximo passo: <a href=\"http:\/\/nomus.com.br\/erpindustrial\/como-funciona\/custeio-padrao\/\">Conhe\u00e7a o m\u00f3dulo de Custeio Padr\u00e3o \u00bb<\/a><\/p>\r\n","protected":false},"excerpt":{"rendered":"<p>Programa\u00e7\u00e3o da produ\u00e7\u00e3o Determine a melhor programa\u00e7\u00e3o da sua produ\u00e7\u00e3o, defina prazos de entrega precisos para seus clientes e reduza gargalos que prejudicam o desempenho da sua f\u00e1brica. Principais benef\u00edcios em utilizar o Programa\u00e7\u00e3o da produ\u00e7\u00e3o Determine a melhor programa\u00e7\u00e3o da produ\u00e7\u00e3o para sua f\u00e1brica. Aumente a produtividade de seus centros de trabalho. Defina prazos [&hellip;]<\/p>\n","protected":false},"author":1,"featured_media":0,"parent":47,"menu_order":48,"comment_status":"open","ping_status":"open","template":"page-comofunciona.php","meta":{"_acf_changed":false,"footnotes":""},"class_list":["post-751","page","type-page","status-publish","hentry"],"acf":[],"yoast_head":"<!-- This site is optimized with the Yoast SEO plugin v26.5 - https:\/\/yoast.com\/wordpress\/plugins\/seo\/ -->\n<title>Como funciona a programa\u00e7\u00e3o da produ\u00e7\u00e3o no ERP Industrial<\/title>\n<meta name=\"description\" content=\"Veja como funciona a gest\u00e3o da programa\u00e7\u00e3o da produ\u00e7\u00e3o no ERP Industrial e entenda por que essa \u00e9 a melhor forma de programar a produ\u00e7\u00e3o da sua f\u00e1brica.\" \/>\n<meta name=\"robots\" content=\"index, follow, max-snippet:-1, max-image-preview:large, max-video-preview:-1\" \/>\n<link rel=\"canonical\" href=\"https:\/\/www.nomus.com.br\/erpindustrial\/como-funciona\/programacao-producao\/\" \/>\n<meta property=\"og:locale\" content=\"pt_BR\" \/>\n<meta property=\"og:type\" content=\"article\" \/>\n<meta property=\"og:title\" content=\"Como funciona a programa\u00e7\u00e3o da produ\u00e7\u00e3o no ERP Industrial\" \/>\n<meta property=\"og:description\" content=\"Veja como funciona a gest\u00e3o da programa\u00e7\u00e3o da produ\u00e7\u00e3o no ERP Industrial e entenda por que essa \u00e9 a melhor forma de programar a produ\u00e7\u00e3o da sua f\u00e1brica.\" \/>\n<meta property=\"og:url\" content=\"https:\/\/www.nomus.com.br\/erpindustrial\/como-funciona\/programacao-producao\/\" \/>\n<meta property=\"og:site_name\" content=\"Nomus ERP Industrial\" \/>\n<meta property=\"article:modified_time\" content=\"2025-12-12T20:51:46+00:00\" \/>\n<meta property=\"og:image\" content=\"https:\/\/www.nomus.com.br\/erpindustrial\/wp-content\/uploads\/2025\/10\/og-como-funciona.jpg\" \/>\n\t<meta property=\"og:image:width\" content=\"620\" \/>\n\t<meta property=\"og:image:height\" content=\"405\" \/>\n\t<meta property=\"og:image:type\" content=\"image\/jpeg\" \/>\n<meta name=\"twitter:card\" content=\"summary_large_image\" \/>\n<meta name=\"twitter:title\" content=\"Como funciona a programa\u00e7\u00e3o da produ\u00e7\u00e3o no ERP Industrial\" \/>\n<meta name=\"twitter:description\" content=\"Veja como funciona a gest\u00e3o da programa\u00e7\u00e3o da produ\u00e7\u00e3o no ERP Industrial e entenda por que essa \u00e9 a melhor forma de programar a produ\u00e7\u00e3o da sua f\u00e1brica.\" \/>\n<meta name=\"twitter:image\" content=\"https:\/\/www.nomus.com.br\/erpindustrial\/wp-content\/uploads\/2019\/08\/como-funciona.jpg\" \/>\n<meta name=\"twitter:label1\" content=\"Est. tempo de leitura\" \/>\n\t<meta name=\"twitter:data1\" content=\"5 minutos\" \/>\n<script type=\"application\/ld+json\" class=\"yoast-schema-graph\">{\"@context\":\"https:\/\/schema.org\",\"@graph\":[{\"@type\":\"WebPage\",\"@id\":\"https:\/\/www.nomus.com.br\/erpindustrial\/como-funciona\/programacao-producao\/\",\"url\":\"https:\/\/www.nomus.com.br\/erpindustrial\/como-funciona\/programacao-producao\/\",\"name\":\"Como funciona a programa\u00e7\u00e3o da produ\u00e7\u00e3o no ERP Industrial\",\"isPartOf\":{\"@id\":\"https:\/\/www.nomus.com.br\/erpindustrial\/#website\"},\"primaryImageOfPage\":{\"@id\":\"https:\/\/www.nomus.com.br\/erpindustrial\/como-funciona\/programacao-producao\/#primaryimage\"},\"image\":{\"@id\":\"https:\/\/www.nomus.com.br\/erpindustrial\/como-funciona\/programacao-producao\/#primaryimage\"},\"thumbnailUrl\":\"https:\/\/www.nomus.com.br\/erpindustrial\/wp-content\/uploads\/2025\/12\/01-programacao-producao-min-397x194.png\",\"datePublished\":\"2015-09-24T14:47:57+00:00\",\"dateModified\":\"2025-12-12T20:51:46+00:00\",\"description\":\"Veja como funciona a gest\u00e3o da programa\u00e7\u00e3o da produ\u00e7\u00e3o no ERP Industrial e entenda por que essa \u00e9 a melhor forma de programar a produ\u00e7\u00e3o da sua f\u00e1brica.\",\"breadcrumb\":{\"@id\":\"https:\/\/www.nomus.com.br\/erpindustrial\/como-funciona\/programacao-producao\/#breadcrumb\"},\"inLanguage\":\"pt-BR\",\"potentialAction\":[{\"@type\":\"ReadAction\",\"target\":[\"https:\/\/www.nomus.com.br\/erpindustrial\/como-funciona\/programacao-producao\/\"]}]},{\"@type\":\"ImageObject\",\"inLanguage\":\"pt-BR\",\"@id\":\"https:\/\/www.nomus.com.br\/erpindustrial\/como-funciona\/programacao-producao\/#primaryimage\",\"url\":\"https:\/\/www.nomus.com.br\/erpindustrial\/wp-content\/uploads\/2025\/12\/01-programacao-producao-min.png\",\"contentUrl\":\"https:\/\/www.nomus.com.br\/erpindustrial\/wp-content\/uploads\/2025\/12\/01-programacao-producao-min.png\",\"width\":1797,\"height\":802},{\"@type\":\"BreadcrumbList\",\"@id\":\"https:\/\/www.nomus.com.br\/erpindustrial\/como-funciona\/programacao-producao\/#breadcrumb\",\"itemListElement\":[{\"@type\":\"ListItem\",\"position\":1,\"name\":\"Nomus ERP Industrial\",\"item\":\"https:\/\/www.nomus.com.br\/erpindustrial\/\"},{\"@type\":\"ListItem\",\"position\":2,\"name\":\"Como funciona o Nomus ERP Industrial\",\"item\":\"https:\/\/www.nomus.com.br\/erpindustrial\/como-funciona\/\"},{\"@type\":\"ListItem\",\"position\":3,\"name\":\"Programacao producao\"}]},{\"@type\":\"WebSite\",\"@id\":\"https:\/\/www.nomus.com.br\/erpindustrial\/#website\",\"url\":\"https:\/\/www.nomus.com.br\/erpindustrial\/\",\"name\":\"Nomus ERP Industrial\",\"description\":\"O melhor sistema de gest\u00e3o ERP para ind\u00fastrias do Brasil\",\"potentialAction\":[{\"@type\":\"SearchAction\",\"target\":{\"@type\":\"EntryPoint\",\"urlTemplate\":\"https:\/\/www.nomus.com.br\/erpindustrial\/?s={search_term_string}\"},\"query-input\":{\"@type\":\"PropertyValueSpecification\",\"valueRequired\":true,\"valueName\":\"search_term_string\"}}],\"inLanguage\":\"pt-BR\"}]}<\/script>\n<!-- \/ Yoast SEO plugin. -->","yoast_head_json":{"title":"Como funciona a programa\u00e7\u00e3o da produ\u00e7\u00e3o no ERP Industrial","description":"Veja como funciona a gest\u00e3o da programa\u00e7\u00e3o da produ\u00e7\u00e3o no ERP Industrial e entenda por que essa \u00e9 a melhor forma de programar a produ\u00e7\u00e3o da sua f\u00e1brica.","robots":{"index":"index","follow":"follow","max-snippet":"max-snippet:-1","max-image-preview":"max-image-preview:large","max-video-preview":"max-video-preview:-1"},"canonical":"https:\/\/www.nomus.com.br\/erpindustrial\/como-funciona\/programacao-producao\/","og_locale":"pt_BR","og_type":"article","og_title":"Como funciona a programa\u00e7\u00e3o da produ\u00e7\u00e3o no ERP Industrial","og_description":"Veja como funciona a gest\u00e3o da programa\u00e7\u00e3o da produ\u00e7\u00e3o no ERP Industrial e entenda por que essa \u00e9 a melhor forma de programar a produ\u00e7\u00e3o da sua f\u00e1brica.","og_url":"https:\/\/www.nomus.com.br\/erpindustrial\/como-funciona\/programacao-producao\/","og_site_name":"Nomus ERP Industrial","article_modified_time":"2025-12-12T20:51:46+00:00","og_image":[{"width":620,"height":405,"url":"https:\/\/www.nomus.com.br\/erpindustrial\/wp-content\/uploads\/2025\/10\/og-como-funciona.jpg","type":"image\/jpeg"}],"twitter_card":"summary_large_image","twitter_title":"Como funciona a programa\u00e7\u00e3o da produ\u00e7\u00e3o no ERP Industrial","twitter_description":"Veja como funciona a gest\u00e3o da programa\u00e7\u00e3o da produ\u00e7\u00e3o no ERP Industrial e entenda por que essa \u00e9 a melhor forma de programar a produ\u00e7\u00e3o da sua f\u00e1brica.","twitter_image":"https:\/\/www.nomus.com.br\/erpindustrial\/wp-content\/uploads\/2019\/08\/como-funciona.jpg","twitter_misc":{"Est. tempo de leitura":"5 minutos"},"schema":{"@context":"https:\/\/schema.org","@graph":[{"@type":"WebPage","@id":"https:\/\/www.nomus.com.br\/erpindustrial\/como-funciona\/programacao-producao\/","url":"https:\/\/www.nomus.com.br\/erpindustrial\/como-funciona\/programacao-producao\/","name":"Como funciona a programa\u00e7\u00e3o da produ\u00e7\u00e3o no ERP Industrial","isPartOf":{"@id":"https:\/\/www.nomus.com.br\/erpindustrial\/#website"},"primaryImageOfPage":{"@id":"https:\/\/www.nomus.com.br\/erpindustrial\/como-funciona\/programacao-producao\/#primaryimage"},"image":{"@id":"https:\/\/www.nomus.com.br\/erpindustrial\/como-funciona\/programacao-producao\/#primaryimage"},"thumbnailUrl":"https:\/\/www.nomus.com.br\/erpindustrial\/wp-content\/uploads\/2025\/12\/01-programacao-producao-min-397x194.png","datePublished":"2015-09-24T14:47:57+00:00","dateModified":"2025-12-12T20:51:46+00:00","description":"Veja como funciona a gest\u00e3o da programa\u00e7\u00e3o da produ\u00e7\u00e3o no ERP Industrial e entenda por que essa \u00e9 a melhor forma de programar a produ\u00e7\u00e3o da sua f\u00e1brica.","breadcrumb":{"@id":"https:\/\/www.nomus.com.br\/erpindustrial\/como-funciona\/programacao-producao\/#breadcrumb"},"inLanguage":"pt-BR","potentialAction":[{"@type":"ReadAction","target":["https:\/\/www.nomus.com.br\/erpindustrial\/como-funciona\/programacao-producao\/"]}]},{"@type":"ImageObject","inLanguage":"pt-BR","@id":"https:\/\/www.nomus.com.br\/erpindustrial\/como-funciona\/programacao-producao\/#primaryimage","url":"https:\/\/www.nomus.com.br\/erpindustrial\/wp-content\/uploads\/2025\/12\/01-programacao-producao-min.png","contentUrl":"https:\/\/www.nomus.com.br\/erpindustrial\/wp-content\/uploads\/2025\/12\/01-programacao-producao-min.png","width":1797,"height":802},{"@type":"BreadcrumbList","@id":"https:\/\/www.nomus.com.br\/erpindustrial\/como-funciona\/programacao-producao\/#breadcrumb","itemListElement":[{"@type":"ListItem","position":1,"name":"Nomus ERP Industrial","item":"https:\/\/www.nomus.com.br\/erpindustrial\/"},{"@type":"ListItem","position":2,"name":"Como funciona o Nomus ERP Industrial","item":"https:\/\/www.nomus.com.br\/erpindustrial\/como-funciona\/"},{"@type":"ListItem","position":3,"name":"Programacao producao"}]},{"@type":"WebSite","@id":"https:\/\/www.nomus.com.br\/erpindustrial\/#website","url":"https:\/\/www.nomus.com.br\/erpindustrial\/","name":"Nomus ERP Industrial","description":"O melhor sistema de gest\u00e3o ERP para ind\u00fastrias do Brasil","potentialAction":[{"@type":"SearchAction","target":{"@type":"EntryPoint","urlTemplate":"https:\/\/www.nomus.com.br\/erpindustrial\/?s={search_term_string}"},"query-input":{"@type":"PropertyValueSpecification","valueRequired":true,"valueName":"search_term_string"}}],"inLanguage":"pt-BR"}]}},"_links":{"self":[{"href":"https:\/\/www.nomus.com.br\/erpindustrial\/wp-json\/wp\/v2\/pages\/751","targetHints":{"allow":["GET"]}}],"collection":[{"href":"https:\/\/www.nomus.com.br\/erpindustrial\/wp-json\/wp\/v2\/pages"}],"about":[{"href":"https:\/\/www.nomus.com.br\/erpindustrial\/wp-json\/wp\/v2\/types\/page"}],"author":[{"embeddable":true,"href":"https:\/\/www.nomus.com.br\/erpindustrial\/wp-json\/wp\/v2\/users\/1"}],"replies":[{"embeddable":true,"href":"https:\/\/www.nomus.com.br\/erpindustrial\/wp-json\/wp\/v2\/comments?post=751"}],"version-history":[{"count":22,"href":"https:\/\/www.nomus.com.br\/erpindustrial\/wp-json\/wp\/v2\/pages\/751\/revisions"}],"predecessor-version":[{"id":8879,"href":"https:\/\/www.nomus.com.br\/erpindustrial\/wp-json\/wp\/v2\/pages\/751\/revisions\/8879"}],"up":[{"embeddable":true,"href":"https:\/\/www.nomus.com.br\/erpindustrial\/wp-json\/wp\/v2\/pages\/47"}],"wp:attachment":[{"href":"https:\/\/www.nomus.com.br\/erpindustrial\/wp-json\/wp\/v2\/media?parent=751"}],"curies":[{"name":"wp","href":"https:\/\/api.w.org\/{rel}","templated":true}]}}