{"id":7347,"date":"2024-03-07T18:26:17","date_gmt":"2024-03-07T21:26:17","guid":{"rendered":"https:\/\/www.nomus.com.br\/erpindustrial\/?page_id=7347"},"modified":"2024-03-07T18:30:35","modified_gmt":"2024-03-07T21:30:35","slug":"engenharia","status":"publish","type":"page","link":"https:\/\/www.nomus.com.br\/erpindustrial\/demonstracao-nomus-erp-industrial\/engenharia\/","title":{"rendered":"Demonstra\u00e7\u00e3o &#8211; Engenharia"},"content":{"rendered":"<style>\r\n.cabecalho{\r\ndisplay:none;\r\n}\r\n.menu-principal{\r\ndisplay:none;\r\n}\r\n\r\nh1 span {\r\ncolor: #B2B2B2;\r\nfont-size: 25px;\r\n}\r\n\r\n.tooltip.left .tooltip-inner {\r\n    background-color:#006eb9;\r\n  }\r\n.tooltip.left .tooltip-arrow {\r\n   border-left-color: #006eb9;\r\n  }\r\n\r\n  .linha-bread, .marcadortopo, .linha-conv{\r\n    display:none;\r\n  }\r\n.botao-pagina-demo{\r\n  width:100%;\r\n  margin:0px;\r\n}\r\n<\/style>\r\n<script>\r\n$(function () {\r\n  $('[data-toggle=\"tooltip\"]').tooltip()\r\n})\r\n\r\n<\/script>\r\n\r\n<div class=\"container\">\r\n  <div class=\"row\">\r\n    <div class=\"col-md-12\">\r\n     <h1>Demonstra\u00e7\u00e3o do m\u00f3dulo de Engenharia<\/h1>\r\n    <\/div>\r\n  <\/div>\r\n  <div class=\"row\">\r\n    <div class=\"col-md-8\">\r\n      <hr>\r\n      <br>\r\n      <div class=\"center\">\r\n        <div style=\"padding:56.25% 0 0 0;position:relative;\"><iframe data-src=\"https:\/\/player.vimeo.com\/video\/918425518?badge=0&amp;autopause=0&amp;player_id=0&amp;app_id=58479\" frameborder=\"0\" allow=\"autoplay; fullscreen; picture-in-picture; clipboard-write\" style=\"position:absolute;top:0;left:0;width:100%;height:100%;\" title=\"Demonstra\u00e7\u00e3o do sistema Nomus ERP Industrial | ENGENHARIA\" src=\"data:image\/svg+xml;base64,PHN2ZyB3aWR0aD0iMSIgaGVpZ2h0PSIxIiB4bWxucz0iaHR0cDovL3d3dy53My5vcmcvMjAwMC9zdmciPjwvc3ZnPg==\" class=\"lazyload\" data-load-mode=\"1\"><\/iframe><\/div><script src=\"https:\/\/player.vimeo.com\/api\/player.js\"><\/script>\r\n      <\/div>\r\n    <\/div>\r\n\r\n","protected":false},"excerpt":{"rendered":"<p>Demonstra\u00e7\u00e3o do m\u00f3dulo de Engenharia<\/p>\n","protected":false},"author":1,"featured_media":0,"parent":2776,"menu_order":0,"comment_status":"closed","ping_status":"closed","template":"page-demo.php","meta":{"_acf_changed":false,"footnotes":""},"class_list":["post-7347","page","type-page","status-publish","hentry"],"acf":[],"yoast_head":"<!-- This site is optimized with the Yoast SEO plugin v26.5 - https:\/\/yoast.com\/wordpress\/plugins\/seo\/ -->\n<title>Demonstra\u00e7\u00e3o - Engenharia - Nomus ERP Industrial<\/title>\n<meta name=\"robots\" content=\"index, follow, max-snippet:-1, max-image-preview:large, max-video-preview:-1\" \/>\n<link rel=\"canonical\" href=\"https:\/\/www.nomus.com.br\/erpindustrial\/demonstracao-nomus-erp-industrial\/engenharia\/\" \/>\n<meta property=\"og:locale\" content=\"pt_BR\" \/>\n<meta property=\"og:type\" content=\"article\" \/>\n<meta property=\"og:title\" content=\"Demonstra\u00e7\u00e3o - Engenharia - Nomus ERP Industrial\" \/>\n<meta property=\"og:description\" content=\"Demonstra\u00e7\u00e3o do m\u00f3dulo de Engenharia\" \/>\n<meta property=\"og:url\" content=\"https:\/\/www.nomus.com.br\/erpindustrial\/demonstracao-nomus-erp-industrial\/engenharia\/\" \/>\n<meta property=\"og:site_name\" content=\"Nomus ERP Industrial\" \/>\n<meta property=\"article:modified_time\" content=\"2024-03-07T21:30:35+00:00\" \/>\n<meta name=\"twitter:card\" content=\"summary_large_image\" \/>\n<meta name=\"twitter:label1\" content=\"Est. tempo de leitura\" \/>\n\t<meta name=\"twitter:data1\" content=\"1 minuto\" \/>\n<script type=\"application\/ld+json\" class=\"yoast-schema-graph\">{\"@context\":\"https:\/\/schema.org\",\"@graph\":[{\"@type\":\"WebPage\",\"@id\":\"https:\/\/www.nomus.com.br\/erpindustrial\/demonstracao-nomus-erp-industrial\/engenharia\/\",\"url\":\"https:\/\/www.nomus.com.br\/erpindustrial\/demonstracao-nomus-erp-industrial\/engenharia\/\",\"name\":\"Demonstra\u00e7\u00e3o - Engenharia - Nomus ERP Industrial\",\"isPartOf\":{\"@id\":\"https:\/\/www.nomus.com.br\/erpindustrial\/#website\"},\"datePublished\":\"2024-03-07T21:26:17+00:00\",\"dateModified\":\"2024-03-07T21:30:35+00:00\",\"breadcrumb\":{\"@id\":\"https:\/\/www.nomus.com.br\/erpindustrial\/demonstracao-nomus-erp-industrial\/engenharia\/#breadcrumb\"},\"inLanguage\":\"pt-BR\",\"potentialAction\":[{\"@type\":\"ReadAction\",\"target\":[\"https:\/\/www.nomus.com.br\/erpindustrial\/demonstracao-nomus-erp-industrial\/engenharia\/\"]}]},{\"@type\":\"BreadcrumbList\",\"@id\":\"https:\/\/www.nomus.com.br\/erpindustrial\/demonstracao-nomus-erp-industrial\/engenharia\/#breadcrumb\",\"itemListElement\":[{\"@type\":\"ListItem\",\"position\":1,\"name\":\"Nomus ERP Industrial\",\"item\":\"https:\/\/www.nomus.com.br\/erpindustrial\/\"},{\"@type\":\"ListItem\",\"position\":2,\"name\":\"Demonstra\u00e7\u00e3o Nomus ERP Industrial\",\"item\":\"https:\/\/www.nomus.com.br\/erpindustrial\/demonstracao-nomus-erp-industrial\/\"},{\"@type\":\"ListItem\",\"position\":3,\"name\":\"Demonstra\u00e7\u00e3o &#8211; Engenharia\"}]},{\"@type\":\"WebSite\",\"@id\":\"https:\/\/www.nomus.com.br\/erpindustrial\/#website\",\"url\":\"https:\/\/www.nomus.com.br\/erpindustrial\/\",\"name\":\"Nomus ERP Industrial\",\"description\":\"O melhor sistema de gest\u00e3o ERP para ind\u00fastrias do Brasil\",\"potentialAction\":[{\"@type\":\"SearchAction\",\"target\":{\"@type\":\"EntryPoint\",\"urlTemplate\":\"https:\/\/www.nomus.com.br\/erpindustrial\/?s={search_term_string}\"},\"query-input\":{\"@type\":\"PropertyValueSpecification\",\"valueRequired\":true,\"valueName\":\"search_term_string\"}}],\"inLanguage\":\"pt-BR\"}]}<\/script>\n<!-- \/ Yoast SEO plugin. -->","yoast_head_json":{"title":"Demonstra\u00e7\u00e3o - Engenharia - Nomus ERP Industrial","robots":{"index":"index","follow":"follow","max-snippet":"max-snippet:-1","max-image-preview":"max-image-preview:large","max-video-preview":"max-video-preview:-1"},"canonical":"https:\/\/www.nomus.com.br\/erpindustrial\/demonstracao-nomus-erp-industrial\/engenharia\/","og_locale":"pt_BR","og_type":"article","og_title":"Demonstra\u00e7\u00e3o - Engenharia - Nomus ERP Industrial","og_description":"Demonstra\u00e7\u00e3o do m\u00f3dulo de Engenharia","og_url":"https:\/\/www.nomus.com.br\/erpindustrial\/demonstracao-nomus-erp-industrial\/engenharia\/","og_site_name":"Nomus ERP Industrial","article_modified_time":"2024-03-07T21:30:35+00:00","twitter_card":"summary_large_image","twitter_misc":{"Est. tempo de leitura":"1 minuto"},"schema":{"@context":"https:\/\/schema.org","@graph":[{"@type":"WebPage","@id":"https:\/\/www.nomus.com.br\/erpindustrial\/demonstracao-nomus-erp-industrial\/engenharia\/","url":"https:\/\/www.nomus.com.br\/erpindustrial\/demonstracao-nomus-erp-industrial\/engenharia\/","name":"Demonstra\u00e7\u00e3o - Engenharia - Nomus ERP Industrial","isPartOf":{"@id":"https:\/\/www.nomus.com.br\/erpindustrial\/#website"},"datePublished":"2024-03-07T21:26:17+00:00","dateModified":"2024-03-07T21:30:35+00:00","breadcrumb":{"@id":"https:\/\/www.nomus.com.br\/erpindustrial\/demonstracao-nomus-erp-industrial\/engenharia\/#breadcrumb"},"inLanguage":"pt-BR","potentialAction":[{"@type":"ReadAction","target":["https:\/\/www.nomus.com.br\/erpindustrial\/demonstracao-nomus-erp-industrial\/engenharia\/"]}]},{"@type":"BreadcrumbList","@id":"https:\/\/www.nomus.com.br\/erpindustrial\/demonstracao-nomus-erp-industrial\/engenharia\/#breadcrumb","itemListElement":[{"@type":"ListItem","position":1,"name":"Nomus ERP Industrial","item":"https:\/\/www.nomus.com.br\/erpindustrial\/"},{"@type":"ListItem","position":2,"name":"Demonstra\u00e7\u00e3o Nomus ERP Industrial","item":"https:\/\/www.nomus.com.br\/erpindustrial\/demonstracao-nomus-erp-industrial\/"},{"@type":"ListItem","position":3,"name":"Demonstra\u00e7\u00e3o &#8211; Engenharia"}]},{"@type":"WebSite","@id":"https:\/\/www.nomus.com.br\/erpindustrial\/#website","url":"https:\/\/www.nomus.com.br\/erpindustrial\/","name":"Nomus ERP Industrial","description":"O melhor sistema de gest\u00e3o ERP para ind\u00fastrias do Brasil","potentialAction":[{"@type":"SearchAction","target":{"@type":"EntryPoint","urlTemplate":"https:\/\/www.nomus.com.br\/erpindustrial\/?s={search_term_string}"},"query-input":{"@type":"PropertyValueSpecification","valueRequired":true,"valueName":"search_term_string"}}],"inLanguage":"pt-BR"}]}},"_links":{"self":[{"href":"https:\/\/www.nomus.com.br\/erpindustrial\/wp-json\/wp\/v2\/pages\/7347","targetHints":{"allow":["GET"]}}],"collection":[{"href":"https:\/\/www.nomus.com.br\/erpindustrial\/wp-json\/wp\/v2\/pages"}],"about":[{"href":"https:\/\/www.nomus.com.br\/erpindustrial\/wp-json\/wp\/v2\/types\/page"}],"author":[{"embeddable":true,"href":"https:\/\/www.nomus.com.br\/erpindustrial\/wp-json\/wp\/v2\/users\/1"}],"replies":[{"embeddable":true,"href":"https:\/\/www.nomus.com.br\/erpindustrial\/wp-json\/wp\/v2\/comments?post=7347"}],"version-history":[{"count":3,"href":"https:\/\/www.nomus.com.br\/erpindustrial\/wp-json\/wp\/v2\/pages\/7347\/revisions"}],"predecessor-version":[{"id":7350,"href":"https:\/\/www.nomus.com.br\/erpindustrial\/wp-json\/wp\/v2\/pages\/7347\/revisions\/7350"}],"up":[{"embeddable":true,"href":"https:\/\/www.nomus.com.br\/erpindustrial\/wp-json\/wp\/v2\/pages\/2776"}],"wp:attachment":[{"href":"https:\/\/www.nomus.com.br\/erpindustrial\/wp-json\/wp\/v2\/media?parent=7347"}],"curies":[{"name":"wp","href":"https:\/\/api.w.org\/{rel}","templated":true}]}}