{"id":71,"date":"2015-07-06T15:41:23","date_gmt":"2015-07-06T15:41:23","guid":{"rendered":"http:\/\/nomus.com.br\/nomusindustrial\/?page_id=71"},"modified":"2025-11-13T08:53:53","modified_gmt":"2025-11-13T11:53:53","slug":"implantacao","status":"publish","type":"page","link":"https:\/\/www.nomus.com.br\/erpindustrial\/como-funciona\/implantacao\/","title":{"rendered":"Implanta\u00e7\u00e3o"},"content":{"rendered":"<hr \/>\r\n\r\n<h1 class=\"titulo-sem-imagem\">Implanta\u00e7\u00e3o focada em resultados<\/h1>\r\n<h2 class=\"h2-descricao-funcionalidade\">Especialistas qualificados e experientes que aliam o melhor sistema \u00e0s melhores t\u00e9cnicas da Engenharia de Produ\u00e7\u00e3o<\/h2>\r\n<hr>\r\n<!--<img decoding=\"async\" data-src=\"http:\/\/www.nomus.com.br\/blog-industrial\/wp-content\/uploads\/2015\/09\/banner-implantacao-sistema-erp-para-industrias.jpg\" alt=\"banner-implantacao-sistema-erp-para-industrias\" src=\"data:image\/svg+xml;base64,PHN2ZyB3aWR0aD0iMSIgaGVpZ2h0PSIxIiB4bWxucz0iaHR0cDovL3d3dy53My5vcmcvMjAwMC9zdmciPjwvc3ZnPg==\" class=\"lazyload\">-->\r\n<h3>M\u00e9todo de implanta\u00e7\u00e3o de sucesso aplicado por especialistas<\/h3>\r\n<p> Ao escolher a Nomus, sua ind\u00fastria contar\u00e1 com todos os benef\u00edcios do sistema de gest\u00e3o ERP Industrial Nomus, e al\u00e9m disso, contar\u00e1 tamb\u00e9m com uma consultoria de implanta\u00e7\u00e3o de alta qualidade, focada em resultados e especializada em ind\u00fastrias.<\/p>\r\n\r\n<p> Buscamos aplicar os melhores m\u00e9todos da Engenharia de Produ\u00e7\u00e3o para organizar seus processos, otimizar sua produ\u00e7\u00e3o e aproveitar todo o potencial do seu neg\u00f3cio.<\/p>\r\n\r\n<p> Na Nomus a implanta\u00e7\u00e3o \u00e9 levada t\u00e3o \u00e0 s\u00e9rio que fazemos quest\u00e3o que nossos Consultores de Implanta\u00e7\u00e3o sejam especialistas em gest\u00e3o, tenham amplo conhecimento sobre processos industriais, e estejam prontos para apoiar sua ind\u00fastria a atingir a excel\u00eancia na gest\u00e3o.<\/p>\r\n\r\n<hr class=\"hr-respiro\">\r\n<h3>Quais s\u00e3o os passos do M\u00e9todo de Implanta\u00e7\u00e3o Nomus<\/h3>\r\n  <p>O M\u00e9todo de Implanta\u00e7\u00e3o Nomus \u00e9 dividido em 6 fases, o escopo de cada fase \u00e9 claro, e a implanta\u00e7\u00e3o de cada fase segue um roteiro passo a passo.<\/p>\r\n  <p> Ao final de cada fase sua ind\u00fastria j\u00e1 utiliza o ERP Industrial no dia a dia, consegue enxergar os benef\u00edcios alcan\u00e7ados e o retorno sobre o investimento realizado.<\/p>\r\n\r\n<div class=\"row\">\r\n  <br>\r\n  <div class=\"col-md-6\">\r\n    <p class=\"forte\" style=\" background-color: #CFFFE6; padding: 10px;\">Fase 1 &#8211; Primeiros Passos<\/p>\r\n<p>Fa\u00e7a o planejamento inicial do projeto, tenha uma vis\u00e3o geral do sistema e, caso tenha interesse, instale o sistema localmente na sua f\u00e1brica. (O padr\u00e3o \u00e9 a utiliza\u00e7\u00e3o do software na nuvem)<\/p>\r\n  <\/div>\r\n  <div class=\"col-md-6\">\r\n    <p class=\"forte\" style=\" background-color: #cffdff; padding: 10px;\">Fase 2 &#8211; Vendas, Faturamento<\/p>\r\n<p> Organize seu processo de vendas, gere propostas comerciais e pedidos de venda, emita notas fiscais eletr\u00f4nicas (NF-e) e notas fiscais de servi\u00e7o eletr\u00f4nicas (NFS-e).<\/p>\r\n<p> Controle contas a receber e contas a pagar, fa\u00e7a concilia\u00e7\u00f5es banc\u00e1rias, emita boletos banc\u00e1rios para seus clientes, gerencie seu fluxo de caixa e monitore o resultado financeiro da sua f\u00e1brica. <\/p>\r\n    <p>&nbsp;<\/p>\r\n  <\/div>\r\n  <div class=\"col-md-6\">\r\n    <p class=\"forte\" style=\" background-color: #CFEFFF; padding: 10px;\">Fase 3 &#8211; Compras e Financeiro<\/p>\r\n<p> Organize seu processo de compras, gere solicita\u00e7\u00f5es de compra, cota\u00e7\u00f5es e pedidos de compra, importe NF-es de entrada e fa\u00e7a o recebimento.<\/p>\r\n  <\/div>\r\n  <div class=\"col-md-6\">\r\n    <p class=\"forte\" style=\" background-color: #AAE5FF; padding: 10px;\">Fase 4 &#8211; Produ\u00e7\u00e3o e Estoque<\/p>\r\n\r\n<p> Gere ordens de produ\u00e7\u00e3o, registre o consumo de materiais pela produ\u00e7\u00e3o, produ\u00e7\u00f5es efetuadas, subprodutos gerados, e obtenha controle total do seu estoque.<\/p>\r\n<p> Organize a produ\u00e7\u00e3o em terceiros, a produ\u00e7\u00e3o para terceiros e atenda o Bloco K do SPED Fiscal.<\/p>\r\n\r\n  <\/div>\r\n  <div class=\"col-md-6\">\r\n    <p class=\"forte\" style=\" background-color: #81D9FF; padding: 10px;\">Fase 5 &#8211; Produ\u00e7\u00e3o avan\u00e7ada<\/p>\r\n    <p> Fa\u00e7a previs\u00f5es de venda, defina o plano mestre da produ\u00e7\u00e3o, execute o MRP, e saiba exatamente o que produzir e comprar para manter seus estoques nos n\u00edveis ideiais.<\/p>\r\n<p> Fa\u00e7a a programa\u00e7\u00e3o detalhada da produ\u00e7\u00e3o e apontamentos no ch\u00e3o de f\u00e1brica.<\/p>\r\n  <\/div>\r\n  <div class=\"col-md-6\">\r\n    <p class=\"forte\" style=\" background-color:#81D9FF; padding: 10px;\">Fase 6 &#8211; Custos e Contabilidade<\/p>\r\n<p> Defina o custo padr\u00e3o de produtos, considerando materiais, m\u00e3o de obra e custos indiretos de fabrica\u00e7\u00e3o, e forme pre\u00e7os de venda com intelig\u00eancia.<\/p>\r\n<p> Apure o custo\/hora de seus centros de custo, calcule o custo real de produtos, e descubra a margem de lucro efetiva de seus produtos.<\/p>\r\n<p> Integre estoque, apura\u00e7\u00e3o de custo, e lan\u00e7amento financeiros com a contabilidade.<\/p>\r\n    <p>&nbsp;<\/p>\r\n  <\/div>\r\n  <div class=\"col-md-6\">\r\n    <p class=\"forte\" style=\" background-color:#A2C4FF; padding: 10px;\">Fase 7 &#8211; Gest\u00e3o da Qualidade<\/p>\r\n<p> Inspecione mat\u00e9rias primas no recebimento, inspecione produtos fabricados na produ\u00e7\u00e3o, controle lotes e rastreabilidade.<\/p>\r\n<p> Analise n\u00e3o conformidades, gere relat\u00f3rios de qualidade e databooks em formato eletr\u00f4nico e com assinatura digital.<\/p>\r\n    <p>&nbsp;<\/p>\r\n  <\/div>\r\n  <div class=\"col-md-6\">\r\n    <p class=\"forte\" style=\" background-color:#C0B1FF; padding: 10px;\">Fase 8 &#8211; T\u00f3picos Especiais em Gest\u00e3o<\/p>\r\n    <p>\r\n      Se necess\u00e1rio conte com a Nomus para projetos especiais como Controle da Expedi\u00e7\u00e3o, Gest\u00e3o de Projetos e CRM <div style=\"display:none;\">Integra\u00e7\u00e3o com PDV e Integra\u00e7\u00e3o com E-Commerce.<\/div>\r\n    <\/p>\r\n    <p>&nbsp;<\/p>\r\n  <\/div>\r\n<\/div>\r\n\r\n\r\n<hr class=\"hr-respiro\">\r\n<h3>Como funciona a implanta\u00e7\u00e3o da Nomus<\/h3>\r\n<div class=\"row\">\r\n  <br>\r\n  <div class=\"col-md-8\">\r\n    <p class=\"forte\">Confer\u00eancias online<\/p>\r\n    <p>Seguindo boas pr\u00e1ticas para tirar o melhor proveito de reuni\u00f5es, a implanta\u00e7\u00e3o da Nomus \u00e9 realizada por confer\u00eancias online, onde sua equipe ir\u00e1 interagir diretamente com o seu analista respons\u00e1vel pelo projeto. As reuni\u00f5es online possibilitam maior flexibilidade na sua agenda e um investimento reduzido.<\/p>\r\n  <\/div>\r\n  <div class=\"col-md-4\" style=\"text-align:center;\">\r\n    <img decoding=\"async\" data-src=\"https:\/\/www.nomus.com.br\/blog-industrial\/wp-content\/uploads\/2020\/04\/shutterstock_1612678630.jpg\" alt=\"Implanta\u00e7\u00e3o remota de um software erp industrial\" src=\"data:image\/svg+xml;base64,PHN2ZyB3aWR0aD0iMSIgaGVpZ2h0PSIxIiB4bWxucz0iaHR0cDovL3d3dy53My5vcmcvMjAwMC9zdmciPjwvc3ZnPg==\" class=\"lazyload\">\r\n  <\/div>\r\n\r\n<\/div>\r\n<div class=\"row\">\r\n  <br>\r\n  <div class=\"col-md-8\">\r\n    <p class=\"forte\">Reuni\u00f5es presenciais<\/p>\r\n    <p>Entretanto, a Nomus \u00e9 flex\u00edvel e caso tenha interesse em uma implanta\u00e7\u00e3o presencial sua equipe poder\u00e1 optar por este m\u00e9todo ap\u00f3s conversar com o seu analista respons\u00e1vel pelo projeto.<\/p>\r\n  <\/div>\r\n  <div class=\"col-md-4\" style=\"text-align:center;\">\r\n    \r\n  <\/div>\r\n\r\n<\/div>\r\n\r\n\r\n<hr class=\"hr-respiro\">\r\n<h3>Opini\u00e3o de quem j\u00e1 trabalhou com a implanta\u00e7\u00e3o Nomus<\/h3>\r\n<br>\r\n<div class=\"row depoimentos\">\r\n  <div class=\"caixa-depoimento\">\r\n    <div class=\"col-md-2\">\r\n      <img decoding=\"async\" data-src=\"http:\/\/www.nomus.com.br\/wp-content\/uploads\/2015\/06\/ismael.jpg\" alt=\"Case de sucesso Nomus\" src=\"data:image\/svg+xml;base64,PHN2ZyB3aWR0aD0iMSIgaGVpZ2h0PSIxIiB4bWxucz0iaHR0cDovL3d3dy53My5vcmcvMjAwMC9zdmciPjwvc3ZnPg==\" class=\"lazyload\">\r\n    <\/div>\r\n    <div class=\"col-md-10\">\r\n      <p>\u201cConstru\u00edmos uma grande parceria com a Nomus. Desde a consultoria de custos at\u00e9 o atendimento que tivemos na implanta\u00e7\u00e3o e suporte foram todos de \u00f3tima qualidade. Conseguimos controlar estoques, rastreabilidade de materiais, e toda a nossa parte de ficha t\u00e9cnica do produto com grade facilidade. Certamente recomendo a Nomus como refer\u00eancia no controle industrial.\u201d<\/p>\r\n\r\n      <p class=\"forte\">Ismael Colares \u2013 Coordenador TI \u2013 Polior Produtos Ortop\u00e9dicos<\/p>\r\n      <p><a href=\"\/casos-de-sucesso\/\">Veja outras entrevisas com gestores de ind\u00fastrias \u00bb<\/a><\/p>\r\n    <\/div>\r\n  <\/div>\r\n<\/div>\r\n\r\n<hr class=\"hr-respiro\">\r\n<h3>Fundamentos te\u00f3ricos aliados a experi\u00eancia pr\u00e1tica<\/h3>\r\n<div class=\"row\">\r\n  <br>\r\n  <div class=\"col-md-8\">\r\n    <p class=\"forte\">Especialistas com forma\u00e7\u00e3o de alta qualidade<\/p>\r\n<p> A Nomus foi fundada por dois Engenheiros de Produ\u00e7\u00e3o formados na UFRJ e por isso tem como prioridade a especializa\u00e7\u00e3o de seus Consultores de Implanta\u00e7\u00e3o.<\/p>\r\n<p> A Equipe de Consultoria de Implanta\u00e7\u00e3o Nomus \u00e9 composta por especialistas graduados em cursos de alta qualidade como UFRJ, UERJ, UFJF, CEFET e que passam por um intensivo treinamento pr\u00e1tico no Nomus ERP Industrial e em t\u00e9cnicas de Engenharia de Produ\u00e7\u00e3o.<\/p>\r\n  <\/div>\r\n  <div class=\"col-md-4\" style=\"text-align:center;\">\r\n    <img decoding=\"async\" data-src=\"http:\/\/www.nomus.com.br\/blog-industrial\/wp-content\/uploads\/2015\/09\/ufrj-formacao-engenheiros-nomus-2.jpg\" alt=\"ufrj formacao engenheiros nomus\" src=\"data:image\/svg+xml;base64,PHN2ZyB3aWR0aD0iMSIgaGVpZ2h0PSIxIiB4bWxucz0iaHR0cDovL3d3dy53My5vcmcvMjAwMC9zdmciPjwvc3ZnPg==\" class=\"lazyload\">\r\n  <\/div>\r\n\r\n<\/div>\r\n<div class=\"row\">\r\n  <br>\r\n  <div class=\"col-md-8\">\r\n    <p class=\"forte\">Experi\u00eancia no seu setor<\/p>\r\n    <p>A Nomus possui centenas de clientes nos mais diversos segmentos industriais, afinal, todos os clientes da Nomus s\u00e3o ind\u00fastrias. Isso possibilita que a equipe de implanta\u00e7\u00e3o da Nomus conhe\u00e7a as particularidades de cada segmento industrial e saiba a melhor forma de aplicar os conceitos na pr\u00e1tica do setor.<\/p>\r\n  <\/div>\r\n  <div class=\"col-md-4\" style=\"text-align:center;\">\r\n    \r\n  <\/div>\r\n\r\n<\/div>\r\n\r\n\r\n<hr>\r\n<p class=\"text-right\">Pr\u00f3ximo passo: <a href=\"http:\/\/nomus.com.br\/erpindustrial\/como-funciona\/software-erp\/\">Conhe\u00e7a o software Nomus Industrial \u00bb<\/a><\/p>\r\n\r\n","protected":false},"excerpt":{"rendered":"<p>Implanta\u00e7\u00e3o focada em resultados Especialistas qualificados e experientes que aliam o melhor sistema \u00e0s melhores t\u00e9cnicas da Engenharia de Produ\u00e7\u00e3o M\u00e9todo de implanta\u00e7\u00e3o de sucesso aplicado por especialistas Ao escolher a Nomus, sua ind\u00fastria contar\u00e1 com todos os benef\u00edcios do sistema de gest\u00e3o ERP Industrial Nomus, e al\u00e9m disso, contar\u00e1 tamb\u00e9m com uma consultoria de [&hellip;]<\/p>\n","protected":false},"author":1,"featured_media":0,"parent":47,"menu_order":26,"comment_status":"open","ping_status":"open","template":"page-comofunciona.php","meta":{"_acf_changed":false,"footnotes":""},"class_list":["post-71","page","type-page","status-publish","hentry"],"acf":[],"yoast_head":"<!-- This site is optimized with the Yoast SEO plugin v26.5 - https:\/\/yoast.com\/wordpress\/plugins\/seo\/ -->\n<title>Como funciona a implanta\u00e7\u00e3o do Nomus ERP Industrial<\/title>\n<meta name=\"description\" content=\"Entenda como funciona o processo de implanta\u00e7\u00e3o do Nomus ERP Industrial realizado pela equipe Nomus e saiba por que essa \u00e9 a melhor op\u00e7\u00e3o para sua empresa.\" \/>\n<meta name=\"robots\" content=\"index, follow, max-snippet:-1, max-image-preview:large, max-video-preview:-1\" \/>\n<link rel=\"canonical\" href=\"https:\/\/www.nomus.com.br\/erpindustrial\/como-funciona\/implantacao\/\" \/>\n<meta property=\"og:locale\" content=\"pt_BR\" \/>\n<meta property=\"og:type\" content=\"article\" \/>\n<meta property=\"og:title\" content=\"Como funciona a implanta\u00e7\u00e3o do Nomus ERP Industrial?\" \/>\n<meta property=\"og:description\" content=\"Entenda como funciona o processo de implanta\u00e7\u00e3o do Nomus ERP Industrial realizado pela equipe Nomus e saiba por que essa \u00e9 a melhor op\u00e7\u00e3o para sua empresa.\" \/>\n<meta property=\"og:url\" content=\"https:\/\/www.nomus.com.br\/erpindustrial\/como-funciona\/implantacao\/\" \/>\n<meta property=\"og:site_name\" content=\"Nomus ERP Industrial\" \/>\n<meta property=\"article:modified_time\" content=\"2025-11-13T11:53:53+00:00\" \/>\n<meta property=\"og:image\" content=\"https:\/\/www.nomus.com.br\/erpindustrial\/wp-content\/uploads\/2019\/08\/como-funciona.jpg\" \/>\n\t<meta property=\"og:image:width\" content=\"1000\" \/>\n\t<meta property=\"og:image:height\" content=\"563\" \/>\n\t<meta property=\"og:image:type\" content=\"image\/jpeg\" \/>\n<meta name=\"twitter:card\" content=\"summary_large_image\" \/>\n<meta name=\"twitter:title\" content=\"Como funciona a implanta\u00e7\u00e3o do Nomus ERP Industrial?\" \/>\n<meta name=\"twitter:description\" content=\"Entenda como funciona o processo de implanta\u00e7\u00e3o do Nomus ERP Industrial realizado pela equipe Nomus e saiba por que essa \u00e9 a melhor op\u00e7\u00e3o para sua empresa.\" \/>\n<meta name=\"twitter:image\" content=\"https:\/\/www.nomus.com.br\/erpindustrial\/wp-content\/uploads\/2019\/08\/como-funciona.jpg\" \/>\n<meta name=\"twitter:label1\" content=\"Est. tempo de leitura\" \/>\n\t<meta name=\"twitter:data1\" content=\"6 minutos\" \/>\n<script type=\"application\/ld+json\" class=\"yoast-schema-graph\">{\"@context\":\"https:\/\/schema.org\",\"@graph\":[{\"@type\":\"WebPage\",\"@id\":\"https:\/\/www.nomus.com.br\/erpindustrial\/como-funciona\/implantacao\/\",\"url\":\"https:\/\/www.nomus.com.br\/erpindustrial\/como-funciona\/implantacao\/\",\"name\":\"Como funciona a implanta\u00e7\u00e3o do Nomus ERP Industrial\",\"isPartOf\":{\"@id\":\"https:\/\/www.nomus.com.br\/erpindustrial\/#website\"},\"primaryImageOfPage\":{\"@id\":\"https:\/\/www.nomus.com.br\/erpindustrial\/como-funciona\/implantacao\/#primaryimage\"},\"image\":{\"@id\":\"https:\/\/www.nomus.com.br\/erpindustrial\/como-funciona\/implantacao\/#primaryimage\"},\"thumbnailUrl\":\"http:\/\/www.nomus.com.br\/blog-industrial\/wp-content\/uploads\/2015\/09\/banner-implantacao-sistema-erp-para-industrias.jpg\",\"datePublished\":\"2015-07-06T15:41:23+00:00\",\"dateModified\":\"2025-11-13T11:53:53+00:00\",\"description\":\"Entenda como funciona o processo de implanta\u00e7\u00e3o do Nomus ERP Industrial realizado pela equipe Nomus e saiba por que essa \u00e9 a melhor op\u00e7\u00e3o para sua empresa.\",\"breadcrumb\":{\"@id\":\"https:\/\/www.nomus.com.br\/erpindustrial\/como-funciona\/implantacao\/#breadcrumb\"},\"inLanguage\":\"pt-BR\",\"potentialAction\":[{\"@type\":\"ReadAction\",\"target\":[\"https:\/\/www.nomus.com.br\/erpindustrial\/como-funciona\/implantacao\/\"]}]},{\"@type\":\"ImageObject\",\"inLanguage\":\"pt-BR\",\"@id\":\"https:\/\/www.nomus.com.br\/erpindustrial\/como-funciona\/implantacao\/#primaryimage\",\"url\":\"http:\/\/www.nomus.com.br\/blog-industrial\/wp-content\/uploads\/2015\/09\/banner-implantacao-sistema-erp-para-industrias.jpg\",\"contentUrl\":\"http:\/\/www.nomus.com.br\/blog-industrial\/wp-content\/uploads\/2015\/09\/banner-implantacao-sistema-erp-para-industrias.jpg\"},{\"@type\":\"BreadcrumbList\",\"@id\":\"https:\/\/www.nomus.com.br\/erpindustrial\/como-funciona\/implantacao\/#breadcrumb\",\"itemListElement\":[{\"@type\":\"ListItem\",\"position\":1,\"name\":\"Nomus ERP Industrial\",\"item\":\"https:\/\/www.nomus.com.br\/erpindustrial\/\"},{\"@type\":\"ListItem\",\"position\":2,\"name\":\"Como funciona o Nomus ERP Industrial\",\"item\":\"https:\/\/www.nomus.com.br\/erpindustrial\/como-funciona\/\"},{\"@type\":\"ListItem\",\"position\":3,\"name\":\"Implanta\u00e7\u00e3o\"}]},{\"@type\":\"WebSite\",\"@id\":\"https:\/\/www.nomus.com.br\/erpindustrial\/#website\",\"url\":\"https:\/\/www.nomus.com.br\/erpindustrial\/\",\"name\":\"Nomus ERP Industrial\",\"description\":\"O melhor sistema de gest\u00e3o ERP para ind\u00fastrias do Brasil\",\"potentialAction\":[{\"@type\":\"SearchAction\",\"target\":{\"@type\":\"EntryPoint\",\"urlTemplate\":\"https:\/\/www.nomus.com.br\/erpindustrial\/?s={search_term_string}\"},\"query-input\":{\"@type\":\"PropertyValueSpecification\",\"valueRequired\":true,\"valueName\":\"search_term_string\"}}],\"inLanguage\":\"pt-BR\"}]}<\/script>\n<!-- \/ Yoast SEO plugin. -->","yoast_head_json":{"title":"Como funciona a implanta\u00e7\u00e3o do Nomus ERP Industrial","description":"Entenda como funciona o processo de implanta\u00e7\u00e3o do Nomus ERP Industrial realizado pela equipe Nomus e saiba por que essa \u00e9 a melhor op\u00e7\u00e3o para sua empresa.","robots":{"index":"index","follow":"follow","max-snippet":"max-snippet:-1","max-image-preview":"max-image-preview:large","max-video-preview":"max-video-preview:-1"},"canonical":"https:\/\/www.nomus.com.br\/erpindustrial\/como-funciona\/implantacao\/","og_locale":"pt_BR","og_type":"article","og_title":"Como funciona a implanta\u00e7\u00e3o do Nomus ERP Industrial?","og_description":"Entenda como funciona o processo de implanta\u00e7\u00e3o do Nomus ERP Industrial realizado pela equipe Nomus e saiba por que essa \u00e9 a melhor op\u00e7\u00e3o para sua empresa.","og_url":"https:\/\/www.nomus.com.br\/erpindustrial\/como-funciona\/implantacao\/","og_site_name":"Nomus ERP Industrial","article_modified_time":"2025-11-13T11:53:53+00:00","og_image":[{"width":1000,"height":563,"url":"https:\/\/www.nomus.com.br\/erpindustrial\/wp-content\/uploads\/2019\/08\/como-funciona.jpg","type":"image\/jpeg"}],"twitter_card":"summary_large_image","twitter_title":"Como funciona a implanta\u00e7\u00e3o do Nomus ERP Industrial?","twitter_description":"Entenda como funciona o processo de implanta\u00e7\u00e3o do Nomus ERP Industrial realizado pela equipe Nomus e saiba por que essa \u00e9 a melhor op\u00e7\u00e3o para sua empresa.","twitter_image":"https:\/\/www.nomus.com.br\/erpindustrial\/wp-content\/uploads\/2019\/08\/como-funciona.jpg","twitter_misc":{"Est. tempo de leitura":"6 minutos"},"schema":{"@context":"https:\/\/schema.org","@graph":[{"@type":"WebPage","@id":"https:\/\/www.nomus.com.br\/erpindustrial\/como-funciona\/implantacao\/","url":"https:\/\/www.nomus.com.br\/erpindustrial\/como-funciona\/implantacao\/","name":"Como funciona a implanta\u00e7\u00e3o do Nomus ERP Industrial","isPartOf":{"@id":"https:\/\/www.nomus.com.br\/erpindustrial\/#website"},"primaryImageOfPage":{"@id":"https:\/\/www.nomus.com.br\/erpindustrial\/como-funciona\/implantacao\/#primaryimage"},"image":{"@id":"https:\/\/www.nomus.com.br\/erpindustrial\/como-funciona\/implantacao\/#primaryimage"},"thumbnailUrl":"http:\/\/www.nomus.com.br\/blog-industrial\/wp-content\/uploads\/2015\/09\/banner-implantacao-sistema-erp-para-industrias.jpg","datePublished":"2015-07-06T15:41:23+00:00","dateModified":"2025-11-13T11:53:53+00:00","description":"Entenda como funciona o processo de implanta\u00e7\u00e3o do Nomus ERP Industrial realizado pela equipe Nomus e saiba por que essa \u00e9 a melhor op\u00e7\u00e3o para sua empresa.","breadcrumb":{"@id":"https:\/\/www.nomus.com.br\/erpindustrial\/como-funciona\/implantacao\/#breadcrumb"},"inLanguage":"pt-BR","potentialAction":[{"@type":"ReadAction","target":["https:\/\/www.nomus.com.br\/erpindustrial\/como-funciona\/implantacao\/"]}]},{"@type":"ImageObject","inLanguage":"pt-BR","@id":"https:\/\/www.nomus.com.br\/erpindustrial\/como-funciona\/implantacao\/#primaryimage","url":"http:\/\/www.nomus.com.br\/blog-industrial\/wp-content\/uploads\/2015\/09\/banner-implantacao-sistema-erp-para-industrias.jpg","contentUrl":"http:\/\/www.nomus.com.br\/blog-industrial\/wp-content\/uploads\/2015\/09\/banner-implantacao-sistema-erp-para-industrias.jpg"},{"@type":"BreadcrumbList","@id":"https:\/\/www.nomus.com.br\/erpindustrial\/como-funciona\/implantacao\/#breadcrumb","itemListElement":[{"@type":"ListItem","position":1,"name":"Nomus ERP Industrial","item":"https:\/\/www.nomus.com.br\/erpindustrial\/"},{"@type":"ListItem","position":2,"name":"Como funciona o Nomus ERP Industrial","item":"https:\/\/www.nomus.com.br\/erpindustrial\/como-funciona\/"},{"@type":"ListItem","position":3,"name":"Implanta\u00e7\u00e3o"}]},{"@type":"WebSite","@id":"https:\/\/www.nomus.com.br\/erpindustrial\/#website","url":"https:\/\/www.nomus.com.br\/erpindustrial\/","name":"Nomus ERP Industrial","description":"O melhor sistema de gest\u00e3o ERP para ind\u00fastrias do Brasil","potentialAction":[{"@type":"SearchAction","target":{"@type":"EntryPoint","urlTemplate":"https:\/\/www.nomus.com.br\/erpindustrial\/?s={search_term_string}"},"query-input":{"@type":"PropertyValueSpecification","valueRequired":true,"valueName":"search_term_string"}}],"inLanguage":"pt-BR"}]}},"_links":{"self":[{"href":"https:\/\/www.nomus.com.br\/erpindustrial\/wp-json\/wp\/v2\/pages\/71","targetHints":{"allow":["GET"]}}],"collection":[{"href":"https:\/\/www.nomus.com.br\/erpindustrial\/wp-json\/wp\/v2\/pages"}],"about":[{"href":"https:\/\/www.nomus.com.br\/erpindustrial\/wp-json\/wp\/v2\/types\/page"}],"author":[{"embeddable":true,"href":"https:\/\/www.nomus.com.br\/erpindustrial\/wp-json\/wp\/v2\/users\/1"}],"replies":[{"embeddable":true,"href":"https:\/\/www.nomus.com.br\/erpindustrial\/wp-json\/wp\/v2\/comments?post=71"}],"version-history":[{"count":35,"href":"https:\/\/www.nomus.com.br\/erpindustrial\/wp-json\/wp\/v2\/pages\/71\/revisions"}],"predecessor-version":[{"id":8638,"href":"https:\/\/www.nomus.com.br\/erpindustrial\/wp-json\/wp\/v2\/pages\/71\/revisions\/8638"}],"up":[{"embeddable":true,"href":"https:\/\/www.nomus.com.br\/erpindustrial\/wp-json\/wp\/v2\/pages\/47"}],"wp:attachment":[{"href":"https:\/\/www.nomus.com.br\/erpindustrial\/wp-json\/wp\/v2\/media?parent=71"}],"curies":[{"name":"wp","href":"https:\/\/api.w.org\/{rel}","templated":true}]}}