{"id":697,"date":"2015-09-22T13:52:20","date_gmt":"2015-09-22T13:52:20","guid":{"rendered":"http:\/\/nomus.com.br\/nomusindustrial\/?page_id=697"},"modified":"2025-11-13T10:57:39","modified_gmt":"2025-11-13T13:57:39","slug":"vendas-faturamento","status":"publish","type":"page","link":"https:\/\/www.nomus.com.br\/erpindustrial\/como-funciona\/vendas-faturamento\/","title":{"rendered":"Vendas e faturamento"},"content":{"rendered":"<style>\r\n  \r\n  .link-como-funciona-crm-vendas {\r\n    background-color: #f9f1e1;\r\n    color: #b1710d!important;\r\n}\r\n\r\n.icone-crm-vendas{\r\n  background-color:#409A5F;\r\n}\r\n<\/style>\r\n\r\n<hr \/>\r\n\r\n<div class=\"row\">\r\n  <div class=\"col-md-2\">\r\n    <div class=\" caixa-diferencial icone-crm-vendas text-center\"> \r\n            <p style=\"font-size: 70px;color: white;padding: 0px;margin: 15px 0px 0px 0px;\"><span class=\"glyphicon glyphicon glyphicon-tag\" aria-hidden=\"true\"><\/span><\/p>\r\n          <\/div>\r\n  <\/div>\r\n  <div class=\"col-md-10\">\r\n    <h1 class=\"titulo-sem-imagem\">Vendas e faturamento<\/h1>\r\n    <h2 class=\"h2-descricao-funcionalidade\">Controle total do processo de vendas e faturamento com emiss\u00e3o de NF-e (Nota Fiscal Eletr\u00f4nica).<\/h2>\r\n  <\/div>\r\n<\/div>\r\n\r\n\r\n<hr class=\"hr-respiro\">\r\n<h3>Principais benef\u00edcios em utilizar a Vendas e faturamento<\/h3>\r\n<br>\r\n<ul class=\"lista-bf\">\r\n\r\n  <li class=\"beneficio-funcionalidade\">Organize todo processo comercial aumentando produtividade da sua equipe.<\/li>\r\n  <li class=\"beneficio-funcionalidade\">Evite falhas no faturamento com a padroniza\u00e7\u00e3o na emiss\u00e3o de seus pedidos de venda.<\/li>\r\n  <li class=\"beneficio-funcionalidade\">Envie DANFE e XML das NF-es emitidas por email para seus clientes.<\/li>\r\n  <li class=\"beneficio-funcionalidade\">Fa\u00e7a o sistema sugerir a tabela de pre\u00e7os mais adequada para cada cen\u00e1rio de venda aumentando a produtividade e efic\u00e1cia da sua equipe de vendas.<\/li>\r\n  <li class=\"beneficio-funcionalidade\">Agilize e evite falhas no registro e apura\u00e7\u00e3o de comiss\u00f5es de venda.<\/li>\r\n\r\n<hr class=\"hr-respiro\">\r\n<h3>Funcionalidades da Vendas e faturamento do Nomus ERP Industrial<\/h3>\r\n<br>\r\n\r\n<div class=\"row\">\r\n  <br>\r\n  <div class=\"col-md-6\">\r\n     <a href=\"https:\/\/www.nomus.com.br\/erpindustrial\/wp-content\/uploads\/2025\/11\/01-solicitacao-cotacao-min.png\" rel=\"lightbox[697]\"><img decoding=\"async\" data-src=\"https:\/\/www.nomus.com.br\/erpindustrial\/wp-content\/uploads\/2025\/11\/01-solicitacao-cotacao-min-397x194.png\" alt=\"1-Solicita\u00e7\u00f5es-de-cota\u00e7\u00e3o2\" width=\"397\" height=\"194\" class=\"alignnone size-thumbnail wp-image-2589 lazyload\" src=\"data:image\/svg+xml;base64,PHN2ZyB3aWR0aD0iMSIgaGVpZ2h0PSIxIiB4bWxucz0iaHR0cDovL3d3dy53My5vcmcvMjAwMC9zdmciPjwvc3ZnPg==\" style=\"--smush-placeholder-width: 397px; --smush-placeholder-aspect-ratio: 397\/194;\" \/><\/a>\r\n  <\/div>\r\n  <div class=\"col-md-6\">\r\n      <p class=\"forte\"> Solicita\u00e7\u00f5es de cota\u00e7\u00e3o <\/p>\r\n      <p>\r\n        Registre as solicita\u00e7\u00f5es de cota\u00e7\u00e3o de suas negocia\u00e7\u00f5es de venda, fa\u00e7a an\u00e1lise critica dessas solicita\u00e7\u00f5es e gere propostas comerciais para atender estas solicita\u00e7\u00f5es.\r\n      <\/p>\r\n      \r\n  <\/div>\r\n<\/div>\r\n\r\n<hr class=\"hr-respiro\">\r\n\r\n<div class=\"row\">\r\n    <br>\r\n  <div class=\"col-md-6\">\r\n      <p class=\"forte\"> Propostas comerciais <\/p>\r\n      <p>\r\n       Gere suas propostas comerciais com layout personalizado, envie por email suas propostas para os clientes, acompanhe a aprova\u00e7\u00e3o das suas propostas comerciais. Propostas rejeitadas s\u00e3o analisadas para identificar causa da rejei\u00e7\u00e3o. Propostas aprovadas se transformam em pedidos de venda.\r\n      <\/p>\r\n      \r\n  <\/div>\r\n  <div class=\"col-md-6\">\r\n    <a href=\"https:\/\/www.nomus.com.br\/erpindustrial\/wp-content\/uploads\/2025\/11\/02-proposta-min.png\" rel=\"lightbox[697]\"><img decoding=\"async\" data-src=\"https:\/\/www.nomus.com.br\/erpindustrial\/wp-content\/uploads\/2025\/11\/02-proposta-min-397x194.png\" width=\"397\" height=\"194\" class=\"alignnone size-thumbnail wp-image-2071 lazyload\" src=\"data:image\/svg+xml;base64,PHN2ZyB3aWR0aD0iMSIgaGVpZ2h0PSIxIiB4bWxucz0iaHR0cDovL3d3dy53My5vcmcvMjAwMC9zdmciPjwvc3ZnPg==\" style=\"--smush-placeholder-width: 397px; --smush-placeholder-aspect-ratio: 397\/194;\" \/><\/a>\r\n  <\/div>\r\n<\/div>\r\n\r\n<hr class=\"hr-respiro\">\r\n\r\n<div class=\"row\">\r\n  <br>\r\n  <div class=\"col-md-6\">\r\n      <a href=\"https:\/\/www.nomus.com.br\/erpindustrial\/wp-content\/uploads\/2025\/11\/03-pedidos-venda.png\" rel=\"lightbox[697]\"><img decoding=\"async\" data-src=\"https:\/\/www.nomus.com.br\/erpindustrial\/wp-content\/uploads\/2025\/11\/03-pedidos-venda-397x194.png\" alt=\"3-Pedidos-de-venda\" width=\"397\" height=\"194\" class=\"alignnone size-thumbnail wp-image-2072 lazyload\" src=\"data:image\/svg+xml;base64,PHN2ZyB3aWR0aD0iMSIgaGVpZ2h0PSIxIiB4bWxucz0iaHR0cDovL3d3dy53My5vcmcvMjAwMC9zdmciPjwvc3ZnPg==\" style=\"--smush-placeholder-width: 397px; --smush-placeholder-aspect-ratio: 397\/194;\" \/><\/a>\r\n  <\/div>\r\n  <div class=\"col-md-6\">\r\n      <p class=\"forte\"> Pedidos de venda<\/p>\r\n      <p>Gere pedidos de venda, acompanhe o andamento da fabrica\u00e7\u00e3o dos pedidos de venda e gere documentos de sa\u00edda para faturar seus pedidos de venda.<\/p>\r\n  <\/div>\r\n<\/div>\r\n\r\n<hr class=\"hr-respiro\">\r\n\r\n<div class=\"row\">\r\n    <br>\r\n  <div class=\"col-md-6\">\r\n      <p class=\"forte\"> Emiss\u00e3o de NF-e (Nota fiscal eletr\u00f4nica)<\/p>\r\n      <p>\r\n       Gere NF-es com seguran\u00e7a e agilidade, envie por email arquivos XML e DANFE.\r\n      <\/p>      \r\n  <\/div>\r\n  <div class=\"col-md-6\">\r\n    <a href=\"https:\/\/www.nomus.com.br\/erpindustrial\/wp-content\/uploads\/2025\/11\/04-emissao-nfe-min.png\" rel=\"lightbox[697]\"><img decoding=\"async\" data-src=\"https:\/\/www.nomus.com.br\/erpindustrial\/wp-content\/uploads\/2025\/11\/04-emissao-nfe-min-397x194.png\" alt=\"4-Emiss\u00e3o-de-NF-e\" width=\"397\" height=\"194\" class=\"alignnone size-thumbnail wp-image-2073 lazyload\" src=\"data:image\/svg+xml;base64,PHN2ZyB3aWR0aD0iMSIgaGVpZ2h0PSIxIiB4bWxucz0iaHR0cDovL3d3dy53My5vcmcvMjAwMC9zdmciPjwvc3ZnPg==\" style=\"--smush-placeholder-width: 397px; --smush-placeholder-aspect-ratio: 397\/194;\" \/><\/a>\r\n  <\/div>\r\n<\/div>\r\n\r\n<hr class=\"hr-respiro\">\r\n\r\n<div class=\"row\">\r\n  <br>\r\n  <div class=\"col-md-6\">\r\n      <a href=\"https:\/\/www.nomus.com.br\/erpindustrial\/wp-content\/uploads\/2025\/11\/05-cancelamento-nfe-min.png\" rel=\"lightbox[697]\"><img decoding=\"async\" data-src=\"https:\/\/www.nomus.com.br\/erpindustrial\/wp-content\/uploads\/2025\/11\/05-cancelamento-nfe-min-397x194.png\" alt=\"5-nfe-especiais\" width=\"397\" height=\"194\" class=\"alignnone size-thumbnail wp-image-2074 lazyload\" src=\"data:image\/svg+xml;base64,PHN2ZyB3aWR0aD0iMSIgaGVpZ2h0PSIxIiB4bWxucz0iaHR0cDovL3d3dy53My5vcmcvMjAwMC9zdmciPjwvc3ZnPg==\" style=\"--smush-placeholder-width: 397px; --smush-placeholder-aspect-ratio: 397\/194;\" \/><\/a>\r\n  <\/div>\r\n  <div class=\"col-md-6\">\r\n      <p class=\"forte\"> Funcionalidades avan\u00e7adas na emiss\u00e3o de NF-es<\/p>\r\n      <p>Se necess\u00e1rio, cancele a NF-e, gere carta de corre\u00e7\u00e3o eletr\u00f4nica, inutilize a NF-e ou gere a NF-e em regime de conting\u00eancia. <\/p>\r\n  <\/div>\r\n<\/div>\r\n\r\n<hr class=\"hr-respiro\">\r\n\r\n<div class=\"row\">\r\n    <br>\r\n  <div class=\"col-md-6\">\r\n      <p class=\"forte\"> Regras de tributa\u00e7\u00e3o<\/p>\r\n      <p>\r\n       Defina todas as regras para tributa\u00e7\u00e3o de ICMS, IPI, PIS e COFINS, de acordo com CFOP, para agilizar e evitar erros na emiss\u00e3o de NF-e.\r\n      <\/p>      \r\n  <\/div>\r\n  <div class=\"col-md-6\">\r\n    <a href=\"https:\/\/www.nomus.com.br\/erpindustrial\/wp-content\/uploads\/2025\/11\/06-tributos-min.png\" rel=\"lightbox[697]\"><img decoding=\"async\" data-src=\"https:\/\/www.nomus.com.br\/erpindustrial\/wp-content\/uploads\/2025\/11\/06-tributos-min-397x194.png\" alt=\"6-Regras-de-tributa\u00e7\u00e3o-2\" width=\"397\" height=\"194\" class=\"alignnone size-thumbnail wp-image-2430 lazyload\" src=\"data:image\/svg+xml;base64,PHN2ZyB3aWR0aD0iMSIgaGVpZ2h0PSIxIiB4bWxucz0iaHR0cDovL3d3dy53My5vcmcvMjAwMC9zdmciPjwvc3ZnPg==\" style=\"--smush-placeholder-width: 397px; --smush-placeholder-aspect-ratio: 397\/194;\" \/><\/a>\r\n  <\/div>\r\n<\/div>\r\n\r\n<hr class=\"hr-respiro\">\r\n\r\n<div class=\"row\">\r\n  <br>\r\n  <div class=\"col-md-6\">\r\n      <a href=\"https:\/\/www.nomus.com.br\/erpindustrial\/wp-content\/uploads\/2025\/11\/07-tabela-preco-min.png\" rel=\"lightbox[697]\"><img decoding=\"async\" data-src=\"https:\/\/www.nomus.com.br\/erpindustrial\/wp-content\/uploads\/2025\/11\/07-tabela-preco-min-397x194.png\" alt=\"7-tabela-de-preco\" width=\"397\" height=\"194\" class=\"alignnone size-thumbnail wp-image-2076 lazyload\" src=\"data:image\/svg+xml;base64,PHN2ZyB3aWR0aD0iMSIgaGVpZ2h0PSIxIiB4bWxucz0iaHR0cDovL3d3dy53My5vcmcvMjAwMC9zdmciPjwvc3ZnPg==\" style=\"--smush-placeholder-width: 397px; --smush-placeholder-aspect-ratio: 397\/194;\" \/><\/a>\r\n  <\/div>\r\n  <div class=\"col-md-6\">\r\n      <p class=\"forte\"> Tabelas de pre\u00e7o<\/p>\r\n      <p>Crie tabelas de pre\u00e7o para seus produtos de forma integrada ao m\u00f3dulo de custos. Defina regras para aplica\u00e7\u00e3o autom\u00e1tica da tabela de pre\u00e7os no seu processo de vendas. <\/p>\r\n  <\/div>\r\n<\/div>\r\n\r\n\r\n<hr class=\"hr-respiro\">\r\n\r\n<div class=\"row\">\r\n    <br>\r\n  <div class=\"col-md-6\">\r\n      <p class=\"forte\"> Comiss\u00f5es de venda<\/p>\r\n      <p>\r\n        Controle as comiss\u00f5es de venda de seus vendedores e representantes integrado aos processos de vendas e financeiro. \r\n      <\/p>      \r\n  <\/div>\r\n  <div class=\"col-md-6\">\r\n    <a href=\"https:\/\/www.nomus.com.br\/erpindustrial\/wp-content\/uploads\/2025\/11\/08-comissoes-1-min.png\" rel=\"lightbox[697]\"><img decoding=\"async\" data-src=\"https:\/\/www.nomus.com.br\/erpindustrial\/wp-content\/uploads\/2025\/11\/08-comissoes-1-min-397x194.png\" alt=\"8-comissoes\" width=\"397\" height=\"194\" class=\"alignnone size-thumbnail wp-image-2437 lazyload\" src=\"data:image\/svg+xml;base64,PHN2ZyB3aWR0aD0iMSIgaGVpZ2h0PSIxIiB4bWxucz0iaHR0cDovL3d3dy53My5vcmcvMjAwMC9zdmciPjwvc3ZnPg==\" style=\"--smush-placeholder-width: 397px; --smush-placeholder-aspect-ratio: 397\/194;\" \/><\/a>\r\n  <\/div>\r\n<\/div>\r\n\r\n\r\n<hr class=\"hr-respiro\">\r\n\r\n<div class=\"row\">\r\n  <br>\r\n  <div class=\"col-md-6\">\r\n      <a href=\"https:\/\/www.nomus.com.br\/erpindustrial\/wp-content\/uploads\/2025\/11\/09-nfe-devolucao-min.png\" rel=\"lightbox[697]\"><img decoding=\"async\" data-src=\"https:\/\/www.nomus.com.br\/erpindustrial\/wp-content\/uploads\/2025\/11\/09-nfe-devolucao-min-397x194.png\" alt=\"9-devolucao\" width=\"397\" height=\"194\" class=\"alignnone size-thumbnail wp-image-2078 lazyload\" src=\"data:image\/svg+xml;base64,PHN2ZyB3aWR0aD0iMSIgaGVpZ2h0PSIxIiB4bWxucz0iaHR0cDovL3d3dy53My5vcmcvMjAwMC9zdmciPjwvc3ZnPg==\" style=\"--smush-placeholder-width: 397px; --smush-placeholder-aspect-ratio: 397\/194;\" \/><\/a>\r\n  <\/div>\r\n  <div class=\"col-md-6\">\r\n      <p class=\"forte\"> NF-e de devolu\u00e7\u00e3o de venda<\/p>\r\n      <p>Gere NF-es de devolu\u00e7\u00e3o de venda integrado ao processo de vendas e faturamento. <\/p>\r\n  <\/div>\r\n<\/div>\r\n\r\n<hr class=\"hr-respiro\">\r\n\r\n<div class=\"row\">\r\n  <br>\r\n  <div class=\"col-md-6\">\r\n      <p class=\"forte\"> Atributos flex\u00edveis nos processos de vendas<\/p>\r\n      <p>Cria\u00e7\u00e3o de atributos no cadastro de produtos que podem ser modificados no processo de vendas. Exemplo: Refletor com tamanho do cabo espec\u00edfico por cliente. Voc\u00ea pode informar o tamanho solicitado pelo cliente em cada proposta ou pedido de venda. <\/p>\r\n  <\/div>\r\n  <div class=\"col-md-6\">\r\n    <a href=\"https:\/\/www.nomus.com.br\/erpindustrial\/wp-content\/uploads\/2025\/11\/10-atributos-flexiveis-min.png\" rel=\"lightbox[697]\"><img decoding=\"async\" data-src=\"https:\/\/www.nomus.com.br\/erpindustrial\/wp-content\/uploads\/2025\/11\/10-atributos-flexiveis-min-397x194.png\" alt=\"8-comissoes\" width=\"397\" height=\"194\" class=\"alignnone size-thumbnail wp-image-2437 lazyload\" src=\"data:image\/svg+xml;base64,PHN2ZyB3aWR0aD0iMSIgaGVpZ2h0PSIxIiB4bWxucz0iaHR0cDovL3d3dy53My5vcmcvMjAwMC9zdmciPjwvc3ZnPg==\" style=\"--smush-placeholder-width: 397px; --smush-placeholder-aspect-ratio: 397\/194;\" \/><\/a>\r\n  <\/div>\r\n<\/div>\r\n\r\n<div class=\"row\">\r\n  <br>\r\n  <div class=\"col-md-6\">\r\n      <a href=\"https:\/\/www.nomus.com.br\/erpindustrial\/wp-content\/uploads\/2025\/11\/11-gestao-kits-min.png\" rel=\"lightbox[697]\"><img decoding=\"async\" data-src=\"https:\/\/www.nomus.com.br\/erpindustrial\/wp-content\/uploads\/2025\/11\/11-gestao-kits-min-397x194.png\" alt=\"9-devolucao\" width=\"397\" height=\"194\" class=\"alignnone size-thumbnail wp-image-2078 lazyload\" src=\"data:image\/svg+xml;base64,PHN2ZyB3aWR0aD0iMSIgaGVpZ2h0PSIxIiB4bWxucz0iaHR0cDovL3d3dy53My5vcmcvMjAwMC9zdmciPjwvc3ZnPg==\" style=\"--smush-placeholder-width: 397px; --smush-placeholder-aspect-ratio: 397\/194;\" \/><\/a>\r\n  <\/div>\r\n  <div class=\"col-md-6\">\r\n      <p class=\"forte\"> Gest\u00e3o de kits no sistema<\/p>\r\n      <p>Cria\u00e7\u00e3o de Kits no cadastro do produto com a possibilidade de informar componentes do Kit opcionais e alternativas. Faturamento do Kit com baixa de estoque autom\u00e1tica dos componentes do Kit. <\/p>\r\n  <\/div>\r\n<\/div>\r\n\r\n\r\n\r\n\r\n<\/div>\r\n<\/div>\r\n<hr>\r\n<p class=\"text-right\">Pr\u00f3ximo passo: <a href=\"http:\/\/nomus.com.br\/erpindustrial\/como-funciona\/prestacao-servico\/\">Conhe\u00e7a o m\u00f3dulo de Presta\u00e7\u00e3o de servi\u00e7os \u00bb<\/a><\/p>\r\n","protected":false},"excerpt":{"rendered":"<p>Vendas e faturamento Controle total do processo de vendas e faturamento com emiss\u00e3o de NF-e (Nota Fiscal Eletr\u00f4nica). Principais benef\u00edcios em utilizar a Vendas e faturamento Organize todo processo comercial aumentando produtividade da sua equipe. Evite falhas no faturamento com a padroniza\u00e7\u00e3o na emiss\u00e3o de seus pedidos de venda. Envie DANFE e XML das NF-es [&hellip;]<\/p>\n","protected":false},"author":1,"featured_media":0,"parent":47,"menu_order":54,"comment_status":"open","ping_status":"open","template":"page-comofunciona.php","meta":{"_acf_changed":false,"footnotes":""},"class_list":["post-697","page","type-page","status-publish","hentry"],"acf":[],"yoast_head":"<!-- This site is optimized with the Yoast SEO plugin v26.5 - https:\/\/yoast.com\/wordpress\/plugins\/seo\/ -->\n<title>Como funciona o m\u00f3dulo de vendas e faturamento no ERP Industrial<\/title>\n<meta name=\"description\" content=\"Veja em detalhes como funciona a gest\u00e3o de vendas e faturamento no ERP Industrial e entenda quais s\u00e3o as funcionalidades e benef\u00edcios para sua empresa.\" \/>\n<meta name=\"robots\" content=\"index, follow, max-snippet:-1, max-image-preview:large, max-video-preview:-1\" \/>\n<link rel=\"canonical\" href=\"https:\/\/www.nomus.com.br\/erpindustrial\/como-funciona\/vendas-faturamento\/\" \/>\n<meta property=\"og:locale\" content=\"pt_BR\" \/>\n<meta property=\"og:type\" content=\"article\" \/>\n<meta property=\"og:title\" content=\"Como funciona o m\u00f3dulo de vendas e faturamento no ERP Industrial\" \/>\n<meta property=\"og:description\" content=\"Veja em detalhes como funciona a gest\u00e3o de vendas e faturamento no ERP Industrial e entenda quais s\u00e3o as funcionalidades e benef\u00edcios para sua empresa.\" \/>\n<meta property=\"og:url\" content=\"https:\/\/www.nomus.com.br\/erpindustrial\/como-funciona\/vendas-faturamento\/\" \/>\n<meta property=\"og:site_name\" content=\"Nomus ERP Industrial\" \/>\n<meta property=\"article:modified_time\" content=\"2025-11-13T13:57:39+00:00\" \/>\n<meta property=\"og:image\" content=\"https:\/\/www.nomus.com.br\/erpindustrial\/wp-content\/uploads\/2025\/10\/og-como-funciona.jpg\" \/>\n\t<meta property=\"og:image:width\" content=\"620\" \/>\n\t<meta property=\"og:image:height\" content=\"405\" \/>\n\t<meta property=\"og:image:type\" content=\"image\/jpeg\" \/>\n<meta name=\"twitter:card\" content=\"summary_large_image\" \/>\n<meta name=\"twitter:title\" content=\"Como funciona o m\u00f3dulo de vendas e faturamento no ERP Industrial\" \/>\n<meta name=\"twitter:description\" content=\"Veja em detalhes como funciona a gest\u00e3o de vendas e faturamento no ERP Industrial e entenda quais s\u00e3o as funcionalidades e benef\u00edcios para sua empresa.\" \/>\n<meta name=\"twitter:image\" content=\"https:\/\/www.nomus.com.br\/erpindustrial\/wp-content\/uploads\/2019\/08\/como-funciona.jpg\" \/>\n<meta name=\"twitter:label1\" content=\"Est. tempo de leitura\" \/>\n\t<meta name=\"twitter:data1\" content=\"5 minutos\" \/>\n<script type=\"application\/ld+json\" class=\"yoast-schema-graph\">{\"@context\":\"https:\/\/schema.org\",\"@graph\":[{\"@type\":\"WebPage\",\"@id\":\"https:\/\/www.nomus.com.br\/erpindustrial\/como-funciona\/vendas-faturamento\/\",\"url\":\"https:\/\/www.nomus.com.br\/erpindustrial\/como-funciona\/vendas-faturamento\/\",\"name\":\"Como funciona o m\u00f3dulo de vendas e faturamento no ERP Industrial\",\"isPartOf\":{\"@id\":\"https:\/\/www.nomus.com.br\/erpindustrial\/#website\"},\"primaryImageOfPage\":{\"@id\":\"https:\/\/www.nomus.com.br\/erpindustrial\/como-funciona\/vendas-faturamento\/#primaryimage\"},\"image\":{\"@id\":\"https:\/\/www.nomus.com.br\/erpindustrial\/como-funciona\/vendas-faturamento\/#primaryimage\"},\"thumbnailUrl\":\"https:\/\/www.nomus.com.br\/erpindustrial\/wp-content\/uploads\/2025\/11\/01-solicitacao-cotacao-min-397x194.png\",\"datePublished\":\"2015-09-22T13:52:20+00:00\",\"dateModified\":\"2025-11-13T13:57:39+00:00\",\"description\":\"Veja em detalhes como funciona a gest\u00e3o de vendas e faturamento no ERP Industrial e entenda quais s\u00e3o as funcionalidades e benef\u00edcios para sua empresa.\",\"breadcrumb\":{\"@id\":\"https:\/\/www.nomus.com.br\/erpindustrial\/como-funciona\/vendas-faturamento\/#breadcrumb\"},\"inLanguage\":\"pt-BR\",\"potentialAction\":[{\"@type\":\"ReadAction\",\"target\":[\"https:\/\/www.nomus.com.br\/erpindustrial\/como-funciona\/vendas-faturamento\/\"]}]},{\"@type\":\"ImageObject\",\"inLanguage\":\"pt-BR\",\"@id\":\"https:\/\/www.nomus.com.br\/erpindustrial\/como-funciona\/vendas-faturamento\/#primaryimage\",\"url\":\"https:\/\/www.nomus.com.br\/erpindustrial\/wp-content\/uploads\/2025\/11\/01-solicitacao-cotacao-min.png\",\"contentUrl\":\"https:\/\/www.nomus.com.br\/erpindustrial\/wp-content\/uploads\/2025\/11\/01-solicitacao-cotacao-min.png\",\"width\":1822,\"height\":837},{\"@type\":\"BreadcrumbList\",\"@id\":\"https:\/\/www.nomus.com.br\/erpindustrial\/como-funciona\/vendas-faturamento\/#breadcrumb\",\"itemListElement\":[{\"@type\":\"ListItem\",\"position\":1,\"name\":\"Nomus ERP Industrial\",\"item\":\"https:\/\/www.nomus.com.br\/erpindustrial\/\"},{\"@type\":\"ListItem\",\"position\":2,\"name\":\"Como funciona o Nomus ERP Industrial\",\"item\":\"https:\/\/www.nomus.com.br\/erpindustrial\/como-funciona\/\"},{\"@type\":\"ListItem\",\"position\":3,\"name\":\"Vendas e faturamento\"}]},{\"@type\":\"WebSite\",\"@id\":\"https:\/\/www.nomus.com.br\/erpindustrial\/#website\",\"url\":\"https:\/\/www.nomus.com.br\/erpindustrial\/\",\"name\":\"Nomus ERP Industrial\",\"description\":\"O melhor sistema de gest\u00e3o ERP para ind\u00fastrias do Brasil\",\"potentialAction\":[{\"@type\":\"SearchAction\",\"target\":{\"@type\":\"EntryPoint\",\"urlTemplate\":\"https:\/\/www.nomus.com.br\/erpindustrial\/?s={search_term_string}\"},\"query-input\":{\"@type\":\"PropertyValueSpecification\",\"valueRequired\":true,\"valueName\":\"search_term_string\"}}],\"inLanguage\":\"pt-BR\"}]}<\/script>\n<!-- \/ Yoast SEO plugin. -->","yoast_head_json":{"title":"Como funciona o m\u00f3dulo de vendas e faturamento no ERP Industrial","description":"Veja em detalhes como funciona a gest\u00e3o de vendas e faturamento no ERP Industrial e entenda quais s\u00e3o as funcionalidades e benef\u00edcios para sua empresa.","robots":{"index":"index","follow":"follow","max-snippet":"max-snippet:-1","max-image-preview":"max-image-preview:large","max-video-preview":"max-video-preview:-1"},"canonical":"https:\/\/www.nomus.com.br\/erpindustrial\/como-funciona\/vendas-faturamento\/","og_locale":"pt_BR","og_type":"article","og_title":"Como funciona o m\u00f3dulo de vendas e faturamento no ERP Industrial","og_description":"Veja em detalhes como funciona a gest\u00e3o de vendas e faturamento no ERP Industrial e entenda quais s\u00e3o as funcionalidades e benef\u00edcios para sua empresa.","og_url":"https:\/\/www.nomus.com.br\/erpindustrial\/como-funciona\/vendas-faturamento\/","og_site_name":"Nomus ERP Industrial","article_modified_time":"2025-11-13T13:57:39+00:00","og_image":[{"width":620,"height":405,"url":"https:\/\/www.nomus.com.br\/erpindustrial\/wp-content\/uploads\/2025\/10\/og-como-funciona.jpg","type":"image\/jpeg"}],"twitter_card":"summary_large_image","twitter_title":"Como funciona o m\u00f3dulo de vendas e faturamento no ERP Industrial","twitter_description":"Veja em detalhes como funciona a gest\u00e3o de vendas e faturamento no ERP Industrial e entenda quais s\u00e3o as funcionalidades e benef\u00edcios para sua empresa.","twitter_image":"https:\/\/www.nomus.com.br\/erpindustrial\/wp-content\/uploads\/2019\/08\/como-funciona.jpg","twitter_misc":{"Est. tempo de leitura":"5 minutos"},"schema":{"@context":"https:\/\/schema.org","@graph":[{"@type":"WebPage","@id":"https:\/\/www.nomus.com.br\/erpindustrial\/como-funciona\/vendas-faturamento\/","url":"https:\/\/www.nomus.com.br\/erpindustrial\/como-funciona\/vendas-faturamento\/","name":"Como funciona o m\u00f3dulo de vendas e faturamento no ERP Industrial","isPartOf":{"@id":"https:\/\/www.nomus.com.br\/erpindustrial\/#website"},"primaryImageOfPage":{"@id":"https:\/\/www.nomus.com.br\/erpindustrial\/como-funciona\/vendas-faturamento\/#primaryimage"},"image":{"@id":"https:\/\/www.nomus.com.br\/erpindustrial\/como-funciona\/vendas-faturamento\/#primaryimage"},"thumbnailUrl":"https:\/\/www.nomus.com.br\/erpindustrial\/wp-content\/uploads\/2025\/11\/01-solicitacao-cotacao-min-397x194.png","datePublished":"2015-09-22T13:52:20+00:00","dateModified":"2025-11-13T13:57:39+00:00","description":"Veja em detalhes como funciona a gest\u00e3o de vendas e faturamento no ERP Industrial e entenda quais s\u00e3o as funcionalidades e benef\u00edcios para sua empresa.","breadcrumb":{"@id":"https:\/\/www.nomus.com.br\/erpindustrial\/como-funciona\/vendas-faturamento\/#breadcrumb"},"inLanguage":"pt-BR","potentialAction":[{"@type":"ReadAction","target":["https:\/\/www.nomus.com.br\/erpindustrial\/como-funciona\/vendas-faturamento\/"]}]},{"@type":"ImageObject","inLanguage":"pt-BR","@id":"https:\/\/www.nomus.com.br\/erpindustrial\/como-funciona\/vendas-faturamento\/#primaryimage","url":"https:\/\/www.nomus.com.br\/erpindustrial\/wp-content\/uploads\/2025\/11\/01-solicitacao-cotacao-min.png","contentUrl":"https:\/\/www.nomus.com.br\/erpindustrial\/wp-content\/uploads\/2025\/11\/01-solicitacao-cotacao-min.png","width":1822,"height":837},{"@type":"BreadcrumbList","@id":"https:\/\/www.nomus.com.br\/erpindustrial\/como-funciona\/vendas-faturamento\/#breadcrumb","itemListElement":[{"@type":"ListItem","position":1,"name":"Nomus ERP Industrial","item":"https:\/\/www.nomus.com.br\/erpindustrial\/"},{"@type":"ListItem","position":2,"name":"Como funciona o Nomus ERP Industrial","item":"https:\/\/www.nomus.com.br\/erpindustrial\/como-funciona\/"},{"@type":"ListItem","position":3,"name":"Vendas e faturamento"}]},{"@type":"WebSite","@id":"https:\/\/www.nomus.com.br\/erpindustrial\/#website","url":"https:\/\/www.nomus.com.br\/erpindustrial\/","name":"Nomus ERP Industrial","description":"O melhor sistema de gest\u00e3o ERP para ind\u00fastrias do Brasil","potentialAction":[{"@type":"SearchAction","target":{"@type":"EntryPoint","urlTemplate":"https:\/\/www.nomus.com.br\/erpindustrial\/?s={search_term_string}"},"query-input":{"@type":"PropertyValueSpecification","valueRequired":true,"valueName":"search_term_string"}}],"inLanguage":"pt-BR"}]}},"_links":{"self":[{"href":"https:\/\/www.nomus.com.br\/erpindustrial\/wp-json\/wp\/v2\/pages\/697","targetHints":{"allow":["GET"]}}],"collection":[{"href":"https:\/\/www.nomus.com.br\/erpindustrial\/wp-json\/wp\/v2\/pages"}],"about":[{"href":"https:\/\/www.nomus.com.br\/erpindustrial\/wp-json\/wp\/v2\/types\/page"}],"author":[{"embeddable":true,"href":"https:\/\/www.nomus.com.br\/erpindustrial\/wp-json\/wp\/v2\/users\/1"}],"replies":[{"embeddable":true,"href":"https:\/\/www.nomus.com.br\/erpindustrial\/wp-json\/wp\/v2\/comments?post=697"}],"version-history":[{"count":38,"href":"https:\/\/www.nomus.com.br\/erpindustrial\/wp-json\/wp\/v2\/pages\/697\/revisions"}],"predecessor-version":[{"id":8665,"href":"https:\/\/www.nomus.com.br\/erpindustrial\/wp-json\/wp\/v2\/pages\/697\/revisions\/8665"}],"up":[{"embeddable":true,"href":"https:\/\/www.nomus.com.br\/erpindustrial\/wp-json\/wp\/v2\/pages\/47"}],"wp:attachment":[{"href":"https:\/\/www.nomus.com.br\/erpindustrial\/wp-json\/wp\/v2\/media?parent=697"}],"curies":[{"name":"wp","href":"https:\/\/api.w.org\/{rel}","templated":true}]}}