{"id":5984,"date":"2023-04-20T10:44:29","date_gmt":"2023-04-20T13:44:29","guid":{"rendered":"https:\/\/www.nomus.com.br\/erpindustrial\/?page_id=5984"},"modified":"2023-04-20T11:26:26","modified_gmt":"2023-04-20T14:26:26","slug":"plugins-e-integracoes","status":"publish","type":"page","link":"https:\/\/www.nomus.com.br\/erpindustrial\/como-funciona\/plugins-e-integracoes\/","title":{"rendered":"Plugins e Integra\u00e7\u00f5es"},"content":{"rendered":"<style>\r\n\r\n.link-como-funciona-processos {\r\n    background-color: #f9f1e1;\r\n    color: #b1710d!important;\r\n}\r\n\r\n.icone-processos{\r\n  background-color:#66be78;\r\n}\r\n<\/style>\r\n\r\n\r\n<hr \/>\r\n\r\n<div class=\"row\">\r\n  <div class=\"col-md-2\">\r\n    <div class=\" caixa-diferencial icone-processos text-center\"> \r\n      <p style=\"font-size: 70px;color: white;padding: 0px;margin: 15px 0px 0px 0px;\"><i class=\"fa fa-plug\" aria-hidden=\"true\"><\/i><\/p>\r\n    <\/div>\r\n  <\/div>\r\n  <div class=\"col-md-10\">\r\n    <h1 class=\"titulo-sem-imagem\">Plugins e integra\u00e7\u00f5es<\/h1>\r\n    <h2 class=\"h2-descricao-funcionalidade\">Turbine o seu ERP atrav\u00e9s de plugins e integra\u00e7\u00f5es do Nomus ERP Industrial.<\/h2>\r\n  <\/div>\r\n<\/div>\r\n\r\n<hr class=\"hr-respiro\">\r\n<h3>Veja todos os plugins e integra\u00e7\u00f5es dispon\u00edveis para o ERP da Nomus<\/h3>\r\n<br>\r\n\r\n<div class=\"row\">\r\n  <br>\r\n  <div class=\"col-md-6\">\r\n      <p class=\"forte\">Plugin EDI Financeiro<\/p>\r\n      <p>\r\n        O EDI Financeiro \u00e9 respons\u00e1vel pela integra\u00e7\u00e3o de dados entre o ERP e o sistema dos bancos nos processos financeiros de cobran\u00e7a por boletos banc\u00e1rios, concilia\u00e7\u00e3o banc\u00e1ria e pagamento de fornecedores.\r\n      <\/p>\r\n      <p><a href=\"#\">Saiba mais sobre o EDI Financeiro \u00bb<\/a><\/p>\r\n  <\/div>\r\n  <div class=\"col-md-6\">\r\n      <p class=\"forte\"> Integra\u00e7\u00e3o e-Commerce e Marketplaces<\/p>\r\n      <p>Conecte o seu Nomus ERP Industrial \u00e0s principais ferramentas de e-commerce e marketplaces, potencialize suas oportunidades de venda e tenha total controle dos pedidos de venda de origem online<\/p>\r\n      <p><a href=\"https:\/\/www.nomus.com.br\/erpindustrial\/como-funciona\/e-commerce-e-marketplaces\/\">Saiba mais sobre a Integra\u00e7\u00e3o e-Commerce e Marketplaces \u00bb<\/a><\/p>\r\n  <\/div>\r\n<\/div>\r\n\r\n\r\n<hr class=\"hr-respiro\">\r\n\r\n<div class=\"row\">\r\n  <br>\r\n  <div class=\"col-md-6\">\r\n      <p class=\"forte\"> Integra\u00e7\u00e3o Mercos<\/p>\r\n      <p>\r\n        Automatize seu processo comercial e acelere suas vendas. Use o for\u00e7a de vendas Mercos integrado ao Nomus ERP Industrial e ganhe efici\u00eancia da entrada do pedido ao faturamento.\r\n      <\/p>\r\n      <p><a href=\"https:\/\/www.nomus.com.br\/parceiros\/nomus-e-mercos\/\">Saiba mais sobre a Integra\u00e7\u00e3o Mercos \u00bb<\/a><\/p>      \r\n  <\/div>\r\n  <div class=\"col-md-6\">\r\n      <p class=\"forte\"> Integra\u00e7\u00e3o e-cubus<\/p>\r\n      <p>\r\n       Aumente a produtividade da \u00e1rea de Projetos\/Engenharia, atrav\u00e9s da integra\u00e7\u00e3o das plataformas CAD ao sistema de gest\u00e3o Nomus.\r\n      <\/p>\r\n      <p><a href=\"https:\/\/www.nomus.com.br\/parceiros\/nomus-e-cubus\/\">Saiba mais sobre a Integra\u00e7\u00e3o e-Cubus \u00bb<\/a><\/p>\r\n  <\/div>\r\n<\/div>\r\n\r\n\r\n<hr class=\"hr-respiro\">\r\n\r\n<div class=\"row\">\r\n  <br>\r\n  <div class=\"col-md-6\">\r\n      <p class=\"forte\"> Integra\u00e7\u00e3o Dom\u00ednio Thomson Reuters<\/p>\r\n      <p>Integre o seu Nomus ERP Industrial com o software cont\u00e1bil da Thomson Reuters, capaz de realizar a Escrita Fiscal, Folha, Contabilidade e muito mais<\/p>\r\n      <a href=\"#\">Saiba mais sobre a Integra\u00e7\u00e3o Dom\u00ednio &#8211; Thomson Reuters \u00bb<\/a>\r\n  <\/div>\r\n  <div class=\"col-md-6\">\r\n      <p class=\"forte\"> Integra\u00e7\u00e3o Exact Sales<\/p>\r\n      <p>\r\n          O Exact Sales \u00e9 um software de pr\u00e9-venda especialista em vendas complexas B2B com metodologia pr\u00f3pria para qualifica\u00e7\u00e3o de leads e que torna o processo comercial mais eficaz e eficiente\r\n      <\/p>   \r\n      <p><a href=\"https:\/\/ajuda.nomus.com.br\/support\/solutions\/articles\/27000072806--guia-r%C3%A1pido-integrac%C3%A3o-com-exact-sales\">Saiba mais sobre a Integra\u00e7\u00e3o Exact Sales \u00bb<\/a><\/p>   \r\n  <\/div><\/div>\r\n\r\n<\/div>\r\n<\/div>\r\n","protected":false},"excerpt":{"rendered":"<p>Plugins e integra\u00e7\u00f5es Turbine o seu ERP atrav\u00e9s de plugins e integra\u00e7\u00f5es do Nomus ERP Industrial. Veja todos os plugins e integra\u00e7\u00f5es dispon\u00edveis para o ERP da Nomus Plugin EDI Financeiro O EDI Financeiro \u00e9 respons\u00e1vel pela integra\u00e7\u00e3o de dados entre o ERP e o sistema dos bancos nos processos financeiros de cobran\u00e7a por boletos [&hellip;]<\/p>\n","protected":false},"author":1,"featured_media":0,"parent":47,"menu_order":0,"comment_status":"closed","ping_status":"closed","template":"page-comofunciona.php","meta":{"_acf_changed":false,"footnotes":""},"class_list":["post-5984","page","type-page","status-publish","hentry"],"acf":[],"yoast_head":"<!-- This site is optimized with the Yoast SEO plugin v26.5 - https:\/\/yoast.com\/wordpress\/plugins\/seo\/ -->\n<title>Conhe\u00e7a todos os plugins e integra\u00e7\u00f5es para o Nomus ERP<\/title>\n<meta name=\"description\" content=\"Veja uma lista com integra\u00e7\u00f5es e plugins dispon\u00edveis para o Nomus ERP Industrial e turbine os resultados do seu ERP.\" \/>\n<meta name=\"robots\" content=\"index, follow, max-snippet:-1, max-image-preview:large, max-video-preview:-1\" \/>\n<link rel=\"canonical\" href=\"https:\/\/www.nomus.com.br\/erpindustrial\/como-funciona\/plugins-e-integracoes\/\" \/>\n<meta property=\"og:locale\" content=\"pt_BR\" \/>\n<meta property=\"og:type\" content=\"article\" \/>\n<meta property=\"og:title\" content=\"Conhe\u00e7a todos os plugins e integra\u00e7\u00f5es para o Nomus ERP\" \/>\n<meta property=\"og:description\" content=\"Veja uma lista com integra\u00e7\u00f5es e plugins dispon\u00edveis para o Nomus ERP Industrial e turbine os resultados do seu ERP.\" \/>\n<meta property=\"og:url\" content=\"https:\/\/www.nomus.com.br\/erpindustrial\/como-funciona\/plugins-e-integracoes\/\" \/>\n<meta property=\"og:site_name\" content=\"Nomus ERP Industrial\" \/>\n<meta property=\"article:modified_time\" content=\"2023-04-20T14:26:26+00:00\" \/>\n<meta property=\"og:image\" content=\"https:\/\/www.nomus.com.br\/erpindustrial\/wp-content\/uploads\/2019\/08\/como-funciona.jpg\" \/>\n\t<meta property=\"og:image:width\" content=\"1000\" \/>\n\t<meta property=\"og:image:height\" content=\"563\" \/>\n\t<meta property=\"og:image:type\" content=\"image\/jpeg\" \/>\n<meta name=\"twitter:card\" content=\"summary_large_image\" \/>\n<meta name=\"twitter:title\" content=\"Conhe\u00e7a todos os plugins e integra\u00e7\u00f5es para o Nomus ERP\" \/>\n<meta name=\"twitter:description\" content=\"Veja uma lista com integra\u00e7\u00f5es e plugins dispon\u00edveis para o Nomus ERP Industrial e turbine os resultados do seu ERP.\" \/>\n<meta name=\"twitter:image\" content=\"https:\/\/www.nomus.com.br\/erpindustrial\/wp-content\/uploads\/2019\/08\/como-funciona.jpg\" \/>\n<meta name=\"twitter:label1\" content=\"Est. tempo de leitura\" \/>\n\t<meta name=\"twitter:data1\" content=\"2 minutos\" \/>\n<script type=\"application\/ld+json\" class=\"yoast-schema-graph\">{\"@context\":\"https:\/\/schema.org\",\"@graph\":[{\"@type\":\"WebPage\",\"@id\":\"https:\/\/www.nomus.com.br\/erpindustrial\/como-funciona\/plugins-e-integracoes\/\",\"url\":\"https:\/\/www.nomus.com.br\/erpindustrial\/como-funciona\/plugins-e-integracoes\/\",\"name\":\"Conhe\u00e7a todos os plugins e integra\u00e7\u00f5es para o Nomus ERP\",\"isPartOf\":{\"@id\":\"https:\/\/www.nomus.com.br\/erpindustrial\/#website\"},\"datePublished\":\"2023-04-20T13:44:29+00:00\",\"dateModified\":\"2023-04-20T14:26:26+00:00\",\"description\":\"Veja uma lista com integra\u00e7\u00f5es e plugins dispon\u00edveis para o Nomus ERP Industrial e turbine os resultados do seu ERP.\",\"breadcrumb\":{\"@id\":\"https:\/\/www.nomus.com.br\/erpindustrial\/como-funciona\/plugins-e-integracoes\/#breadcrumb\"},\"inLanguage\":\"pt-BR\",\"potentialAction\":[{\"@type\":\"ReadAction\",\"target\":[\"https:\/\/www.nomus.com.br\/erpindustrial\/como-funciona\/plugins-e-integracoes\/\"]}]},{\"@type\":\"BreadcrumbList\",\"@id\":\"https:\/\/www.nomus.com.br\/erpindustrial\/como-funciona\/plugins-e-integracoes\/#breadcrumb\",\"itemListElement\":[{\"@type\":\"ListItem\",\"position\":1,\"name\":\"Nomus ERP Industrial\",\"item\":\"https:\/\/www.nomus.com.br\/erpindustrial\/\"},{\"@type\":\"ListItem\",\"position\":2,\"name\":\"Como funciona o Nomus ERP Industrial\",\"item\":\"https:\/\/www.nomus.com.br\/erpindustrial\/como-funciona\/\"},{\"@type\":\"ListItem\",\"position\":3,\"name\":\"Plugins e Integra\u00e7\u00f5es\"}]},{\"@type\":\"WebSite\",\"@id\":\"https:\/\/www.nomus.com.br\/erpindustrial\/#website\",\"url\":\"https:\/\/www.nomus.com.br\/erpindustrial\/\",\"name\":\"Nomus ERP Industrial\",\"description\":\"O melhor sistema de gest\u00e3o ERP para ind\u00fastrias do Brasil\",\"potentialAction\":[{\"@type\":\"SearchAction\",\"target\":{\"@type\":\"EntryPoint\",\"urlTemplate\":\"https:\/\/www.nomus.com.br\/erpindustrial\/?s={search_term_string}\"},\"query-input\":{\"@type\":\"PropertyValueSpecification\",\"valueRequired\":true,\"valueName\":\"search_term_string\"}}],\"inLanguage\":\"pt-BR\"}]}<\/script>\n<!-- \/ Yoast SEO plugin. -->","yoast_head_json":{"title":"Conhe\u00e7a todos os plugins e integra\u00e7\u00f5es para o Nomus ERP","description":"Veja uma lista com integra\u00e7\u00f5es e plugins dispon\u00edveis para o Nomus ERP Industrial e turbine os resultados do seu ERP.","robots":{"index":"index","follow":"follow","max-snippet":"max-snippet:-1","max-image-preview":"max-image-preview:large","max-video-preview":"max-video-preview:-1"},"canonical":"https:\/\/www.nomus.com.br\/erpindustrial\/como-funciona\/plugins-e-integracoes\/","og_locale":"pt_BR","og_type":"article","og_title":"Conhe\u00e7a todos os plugins e integra\u00e7\u00f5es para o Nomus ERP","og_description":"Veja uma lista com integra\u00e7\u00f5es e plugins dispon\u00edveis para o Nomus ERP Industrial e turbine os resultados do seu ERP.","og_url":"https:\/\/www.nomus.com.br\/erpindustrial\/como-funciona\/plugins-e-integracoes\/","og_site_name":"Nomus ERP Industrial","article_modified_time":"2023-04-20T14:26:26+00:00","og_image":[{"width":1000,"height":563,"url":"https:\/\/www.nomus.com.br\/erpindustrial\/wp-content\/uploads\/2019\/08\/como-funciona.jpg","type":"image\/jpeg"}],"twitter_card":"summary_large_image","twitter_title":"Conhe\u00e7a todos os plugins e integra\u00e7\u00f5es para o Nomus ERP","twitter_description":"Veja uma lista com integra\u00e7\u00f5es e plugins dispon\u00edveis para o Nomus ERP Industrial e turbine os resultados do seu ERP.","twitter_image":"https:\/\/www.nomus.com.br\/erpindustrial\/wp-content\/uploads\/2019\/08\/como-funciona.jpg","twitter_misc":{"Est. tempo de leitura":"2 minutos"},"schema":{"@context":"https:\/\/schema.org","@graph":[{"@type":"WebPage","@id":"https:\/\/www.nomus.com.br\/erpindustrial\/como-funciona\/plugins-e-integracoes\/","url":"https:\/\/www.nomus.com.br\/erpindustrial\/como-funciona\/plugins-e-integracoes\/","name":"Conhe\u00e7a todos os plugins e integra\u00e7\u00f5es para o Nomus ERP","isPartOf":{"@id":"https:\/\/www.nomus.com.br\/erpindustrial\/#website"},"datePublished":"2023-04-20T13:44:29+00:00","dateModified":"2023-04-20T14:26:26+00:00","description":"Veja uma lista com integra\u00e7\u00f5es e plugins dispon\u00edveis para o Nomus ERP Industrial e turbine os resultados do seu ERP.","breadcrumb":{"@id":"https:\/\/www.nomus.com.br\/erpindustrial\/como-funciona\/plugins-e-integracoes\/#breadcrumb"},"inLanguage":"pt-BR","potentialAction":[{"@type":"ReadAction","target":["https:\/\/www.nomus.com.br\/erpindustrial\/como-funciona\/plugins-e-integracoes\/"]}]},{"@type":"BreadcrumbList","@id":"https:\/\/www.nomus.com.br\/erpindustrial\/como-funciona\/plugins-e-integracoes\/#breadcrumb","itemListElement":[{"@type":"ListItem","position":1,"name":"Nomus ERP Industrial","item":"https:\/\/www.nomus.com.br\/erpindustrial\/"},{"@type":"ListItem","position":2,"name":"Como funciona o Nomus ERP Industrial","item":"https:\/\/www.nomus.com.br\/erpindustrial\/como-funciona\/"},{"@type":"ListItem","position":3,"name":"Plugins e Integra\u00e7\u00f5es"}]},{"@type":"WebSite","@id":"https:\/\/www.nomus.com.br\/erpindustrial\/#website","url":"https:\/\/www.nomus.com.br\/erpindustrial\/","name":"Nomus ERP Industrial","description":"O melhor sistema de gest\u00e3o ERP para ind\u00fastrias do Brasil","potentialAction":[{"@type":"SearchAction","target":{"@type":"EntryPoint","urlTemplate":"https:\/\/www.nomus.com.br\/erpindustrial\/?s={search_term_string}"},"query-input":{"@type":"PropertyValueSpecification","valueRequired":true,"valueName":"search_term_string"}}],"inLanguage":"pt-BR"}]}},"_links":{"self":[{"href":"https:\/\/www.nomus.com.br\/erpindustrial\/wp-json\/wp\/v2\/pages\/5984","targetHints":{"allow":["GET"]}}],"collection":[{"href":"https:\/\/www.nomus.com.br\/erpindustrial\/wp-json\/wp\/v2\/pages"}],"about":[{"href":"https:\/\/www.nomus.com.br\/erpindustrial\/wp-json\/wp\/v2\/types\/page"}],"author":[{"embeddable":true,"href":"https:\/\/www.nomus.com.br\/erpindustrial\/wp-json\/wp\/v2\/users\/1"}],"replies":[{"embeddable":true,"href":"https:\/\/www.nomus.com.br\/erpindustrial\/wp-json\/wp\/v2\/comments?post=5984"}],"version-history":[{"count":10,"href":"https:\/\/www.nomus.com.br\/erpindustrial\/wp-json\/wp\/v2\/pages\/5984\/revisions"}],"predecessor-version":[{"id":5994,"href":"https:\/\/www.nomus.com.br\/erpindustrial\/wp-json\/wp\/v2\/pages\/5984\/revisions\/5994"}],"up":[{"embeddable":true,"href":"https:\/\/www.nomus.com.br\/erpindustrial\/wp-json\/wp\/v2\/pages\/47"}],"wp:attachment":[{"href":"https:\/\/www.nomus.com.br\/erpindustrial\/wp-json\/wp\/v2\/media?parent=5984"}],"curies":[{"name":"wp","href":"https:\/\/api.w.org\/{rel}","templated":true}]}}