{"id":5963,"date":"2023-04-19T17:43:14","date_gmt":"2023-04-19T20:43:14","guid":{"rendered":"https:\/\/www.nomus.com.br\/erpindustrial\/?page_id=5963"},"modified":"2025-12-15T10:30:08","modified_gmt":"2025-12-15T13:30:08","slug":"e-commerce-e-marketplaces","status":"publish","type":"page","link":"https:\/\/www.nomus.com.br\/erpindustrial\/como-funciona\/e-commerce-e-marketplaces\/","title":{"rendered":"Integra\u00e7\u00e3o com e-commerce e marketplace"},"content":{"rendered":"<style>\r\n\r\n.link-como-funciona-ecommerce-mktplaces {\r\n    background-color: #f9f1e1;\r\n    color: #b1710d!important;\r\n}\r\n\r\n.icone-processos{\r\n  background-color:#369fda;\r\n}\r\n\r\n.lista-no-conteudo2 li{\r\ncolor: #3e3e3e;\r\n    padding-top: 8px;\r\n    padding-left: 5px;\r\n    list-style: none;\r\n    font-size: 16px;\r\n}\r\n.lista-no-conteudo2 li:before{\r\n    content: '\\2022';\r\n    display: block;\r\n    position: relative;\r\n    max-width: 0px;\r\n    max-height: 0px;\r\n    left: -22px;\r\n    top: -11px;\r\n    font-size: 30px;\r\n    color: #006fb9 !important;\r\n}\r\n<\/style>\r\n\r\n\r\n<hr \/>\r\n\r\n<div class=\"row\">\r\n  <div class=\"col-md-2\">\r\n    <div class=\" caixa-diferencial icone-processos text-center\"> \r\n      <p style=\"font-size: 70px;color: white;padding: 0px;margin: 15px 0px 0px 0px;\"><i class=\"fa fa-shopping-cart\" aria-hidden=\"true\"><\/i><\/p>\r\n    <\/div>\r\n  <\/div>\r\n  <div class=\"col-md-10\">\r\n    <h1 class=\"titulo-sem-imagem\">Integra\u00e7\u00e3o com e-commerce e marketplaces<\/h1>\r\n    <h2 class=\"h2-descricao-funcionalidade\">Veja quais plataformas de e-commerce e marketplace possuem integra\u00e7\u00e3o com o Nomus ERP Industrial<\/h2>\r\n  <\/div>\r\n<\/div>\r\n\r\n\r\n<hr class=\"hr-respiro\">\r\n<h3>Principais benef\u00edcios em utilizar a integra\u00e7\u00e3o com e-commerce e marketplaces<\/h3>\r\n<br>\r\n<ul class=\"lista-bf\">\r\n  \r\n<li class=\"beneficio-funcionalidade\">Realize a integra\u00e7\u00e3o entre as vendas online e o sistema ERP da Nomus;<\/li>\r\n<li class=\"beneficio-funcionalidade\">Potencialize as oportunidades comerciais da sua empresa;<\/li>\r\n<li class=\"beneficio-funcionalidade\">Controle de forma confi\u00e1vel os pedidos de venda com origem online.<\/li>\r\n<\/ul>\r\n<hr class=\"hr-respiro\">\r\n\r\n<div class=\"row\">\r\n  <div class=\"col-md-6\">\r\n    <h3>Valor de investimento<\/h3>\r\n    <p>O investimento \u00e9 de R$100 mensais por canal de vendas integrado em um CNPJ.<\/p>\r\n  <\/div>\r\n  <div class=\"col-md-6\">\r\n    <h3>Tempo de implanta\u00e7\u00e3o<\/h3>\r\n    <p>S\u00e3o necess\u00e1rios 4h de implanta\u00e7\u00e3o para ativar (configurar) a integra\u00e7\u00e3o com cada canal de vendas. (Essas horas n\u00e3o incluem a importa\u00e7\u00e3o de dados do e-commerce e marketplaces para o Nomus ERP Industrial)<\/p>\r\n  <\/div>\r\n<\/div>\r\n\r\n<hr class=\"hr-respiro\">\r\n\r\n<div class=\"row\">\r\n  <br>\r\n  <div class=\"col-md-6\">\r\n      <p class=\"forte\">Integra\u00e7\u00e3o das notas fiscais emitidas pelo Mercado Full do Mercado Livre <\/p>\r\n      <p>Importa\u00e7\u00e3o de notas fiscais emitidas pelo Mercado Full do Mercado Livre com cria\u00e7\u00e3o do documento de sa\u00edda no sistema de forma autom\u00e1tica. <\/p>\r\n  <\/div>\r\n  <div class=\"col-md-6\">\r\n      <p class=\"forte\">Defini\u00e7\u00e3o de condi\u00e7\u00f5es de pagamento e m\u00e9todos de envio <\/p>\r\n      <p>Possibilidade de configurar o sistema para definir as condi\u00e7\u00f5es de pagamento e m\u00e9todos de envio de pedidos de venda integrados independente de qual e-commerce ou market place a venda tenha sido realizada. <\/p>\r\n  <\/div>\r\n<\/div>\r\n\r\n\r\n<hr class=\"hr-respiro\">\r\n<h3>Plataformas suportadas para integra\u00e7\u00e3o com o Nomus ERP Industrial<\/h3>\r\n<div class=\"row\">\r\n  <br>\r\n  <div class=\"col-md-6\">\r\n    <h3>Plataformas compativeis<\/h3>\r\n<ul class=\"lista-no-conteudo2\">\r\n<li>Aliexpress<\/li>\r\n<li>Amazon<\/li>\r\n<li>Americanas Marketplace<\/li>\r\n<li>Angeloni<\/li>\r\n<li>Babybiz<\/li>\r\n<li>Balaroti<\/li>\r\n<li>Belgo<\/li>\r\n<li>C&#038;A<\/li>\r\n<li>Camicado<\/li>\r\n<li>Carrefour<\/li>\r\n<li>Casa Video<\/li>\r\n<li>Centauro<\/li>\r\n<li>Centro Fashion<\/li>\r\n<li>Confort Flex<\/li>\r\n<li>Connect Parts<\/li>\r\n<li>Dafiti<\/li>\r\n<li>Decathlon<\/li>\r\n<li>Dormed<\/li>\r\n<li>Drogasil<\/li>\r\n<li>Fibra Cirurgica<\/li>\r\n<li>Grupo Soma<\/li>\r\n<li>Iguatemi<\/li>\r\n<li>Keep Running<\/li>\r\n<li>Krooze<\/li>\r\n<li>Lebiscuit<\/li>\r\n<li>Leroy Merlin<\/li>\r\n<li>Lojas Colombo<\/li>\r\n<li>Lojas MM<\/li>\r\n<li>Madeira Madeira<\/li>\r\n<li>Magazine Luiza<\/li>\r\n<li>Mercado Livre<\/li>\r\n<li>Netshoes<\/li>\r\n<li>Off Premium<\/li>\r\n<li>Olist<\/li>\r\n<li>Oscar Cal\u00e7ados<\/li>\r\n<li>Pangeia<\/li>\r\n<li>Passarela<\/li>\r\n<li>Pitstop<\/li>\r\n<li>Polishop<\/li>\r\n<li>Posthaus<\/li>\r\n<li>Privalia<\/li>\r\n<li>Ramarim<\/li>\r\n<li>RD Marketplace<\/li>\r\n<li>Renner<\/li>\r\n<li>Reserva<\/li>\r\n<li>Riachuelo<\/li>\r\n<li>Shein<\/li>\r\n<li>Shopee<\/li>\r\n<li>Shophub<\/li>\r\n<li>Shopping Cal\u00e7ado<\/li>\r\n<li>Sicoob<\/li>\r\n<li>Sicredi<\/li>\r\n<li>Ventureshop<\/li>\r\n<li>Vertem<\/li>\r\n<li>Via Marketplace<\/li>\r\n<li>Viawear<\/li>\r\n<li>Zema<\/li>\r\n\r\n<\/ul>\r\n      \r\n  <\/div>\r\n  \r\n  <div class=\"col-md-6\">\r\n \r\n    <h3>Ferramentas de E-Commerce<\/h3>\r\n<ul class=\"lista-no-conteudo2\">\r\n<li>B4C<\/li>\r\n<li>Climba Commerce<\/li>\r\n<li>CWS<\/li>\r\n<li>F1 Commerce<\/li>\r\n<li>Flexy<\/li>\r\n<li>Linx<\/li>\r\n<li>Loja Integrada<\/li>\r\n<li>Magazord<\/li>\r\n<li>Magento 1<\/li>\r\n<li>Magento 2<\/li>\r\n<li>Mkx<\/li>\r\n<li>Nuvem Shop<\/li>\r\n<li>Shopify<\/li>\r\n<li>Simplo7<\/li>\r\n<li>Tray Commerce<\/li>\r\n<li>Vnda<\/li>\r\n<li>Vtex<\/li>\r\n<li>Wake Commerce<\/li>\r\n<li>Woocommerce<\/li>\r\n<li>Woocommerce B2B<\/li>\r\n\r\n  \r\n<\/ul>\r\n      \r\n  <\/div>\r\n<\/div>\r\n\r\n\r\n\r\n\r\n<\/div>\r\n<\/div>\r\n<hr>\r\n","protected":false},"excerpt":{"rendered":"<p>Integra\u00e7\u00e3o com e-commerce e marketplaces Veja quais plataformas de e-commerce e marketplace possuem integra\u00e7\u00e3o com o Nomus ERP Industrial Principais benef\u00edcios em utilizar a integra\u00e7\u00e3o com e-commerce e marketplaces Realize a integra\u00e7\u00e3o entre as vendas online e o sistema ERP da Nomus; Potencialize as oportunidades comerciais da sua empresa; Controle de forma confi\u00e1vel os pedidos [&hellip;]<\/p>\n","protected":false},"author":1,"featured_media":0,"parent":47,"menu_order":0,"comment_status":"closed","ping_status":"closed","template":"page-comofunciona.php","meta":{"_acf_changed":false,"footnotes":""},"class_list":["post-5963","page","type-page","status-publish","hentry"],"acf":[],"yoast_head":"<!-- This site is optimized with the Yoast SEO plugin v26.5 - https:\/\/yoast.com\/wordpress\/plugins\/seo\/ -->\n<title>Integra\u00e7\u00e3o com e-commerce e marketplace com o ERP Nomus<\/title>\n<meta name=\"description\" content=\"Saiba como funciona a Integra\u00e7\u00e3o com e-commerce e marketplace com o Nomus ERP Industrial e veja quais as plataformas suportadas\" \/>\n<meta name=\"robots\" content=\"index, follow, max-snippet:-1, max-image-preview:large, max-video-preview:-1\" \/>\n<link rel=\"canonical\" href=\"https:\/\/www.nomus.com.br\/erpindustrial\/como-funciona\/e-commerce-e-marketplaces\/\" \/>\n<meta property=\"og:locale\" content=\"pt_BR\" \/>\n<meta property=\"og:type\" content=\"article\" \/>\n<meta property=\"og:title\" content=\"Integra\u00e7\u00e3o com e-commerce e marketplace com o ERP Nomus\" \/>\n<meta property=\"og:description\" content=\"Saiba como funciona a Integra\u00e7\u00e3o com e-commerce e marketplace com o Nomus ERP Industrial e veja quais as plataformas suportadas\" \/>\n<meta property=\"og:url\" content=\"https:\/\/www.nomus.com.br\/erpindustrial\/como-funciona\/e-commerce-e-marketplaces\/\" \/>\n<meta property=\"og:site_name\" content=\"Nomus ERP Industrial\" \/>\n<meta property=\"article:modified_time\" content=\"2025-12-15T13:30:08+00:00\" \/>\n<meta property=\"og:image\" content=\"https:\/\/www.nomus.com.br\/erpindustrial\/wp-content\/uploads\/2025\/10\/og-como-funciona.jpg\" \/>\n\t<meta property=\"og:image:width\" content=\"620\" \/>\n\t<meta property=\"og:image:height\" content=\"405\" \/>\n\t<meta property=\"og:image:type\" content=\"image\/jpeg\" \/>\n<meta name=\"twitter:card\" content=\"summary_large_image\" \/>\n<meta name=\"twitter:title\" content=\"Integra\u00e7\u00e3o com e-commerce e marketplace com o ERP Nomus\" \/>\n<meta name=\"twitter:description\" content=\"Saiba como funciona a Integra\u00e7\u00e3o com e-commerce e marketplace com o Nomus ERP Industrial e veja quais as plataformas suportadas\" \/>\n<meta name=\"twitter:image\" content=\"https:\/\/www.nomus.com.br\/erpindustrial\/wp-content\/uploads\/2019\/08\/como-funciona.jpg\" \/>\n<meta name=\"twitter:label1\" content=\"Est. tempo de leitura\" \/>\n\t<meta name=\"twitter:data1\" content=\"3 minutos\" \/>\n<script type=\"application\/ld+json\" class=\"yoast-schema-graph\">{\"@context\":\"https:\/\/schema.org\",\"@graph\":[{\"@type\":\"WebPage\",\"@id\":\"https:\/\/www.nomus.com.br\/erpindustrial\/como-funciona\/e-commerce-e-marketplaces\/\",\"url\":\"https:\/\/www.nomus.com.br\/erpindustrial\/como-funciona\/e-commerce-e-marketplaces\/\",\"name\":\"Integra\u00e7\u00e3o com e-commerce e marketplace com o ERP Nomus\",\"isPartOf\":{\"@id\":\"https:\/\/www.nomus.com.br\/erpindustrial\/#website\"},\"datePublished\":\"2023-04-19T20:43:14+00:00\",\"dateModified\":\"2025-12-15T13:30:08+00:00\",\"description\":\"Saiba como funciona a Integra\u00e7\u00e3o com e-commerce e marketplace com o Nomus ERP Industrial e veja quais as plataformas suportadas\",\"breadcrumb\":{\"@id\":\"https:\/\/www.nomus.com.br\/erpindustrial\/como-funciona\/e-commerce-e-marketplaces\/#breadcrumb\"},\"inLanguage\":\"pt-BR\",\"potentialAction\":[{\"@type\":\"ReadAction\",\"target\":[\"https:\/\/www.nomus.com.br\/erpindustrial\/como-funciona\/e-commerce-e-marketplaces\/\"]}]},{\"@type\":\"BreadcrumbList\",\"@id\":\"https:\/\/www.nomus.com.br\/erpindustrial\/como-funciona\/e-commerce-e-marketplaces\/#breadcrumb\",\"itemListElement\":[{\"@type\":\"ListItem\",\"position\":1,\"name\":\"Nomus ERP Industrial\",\"item\":\"https:\/\/www.nomus.com.br\/erpindustrial\/\"},{\"@type\":\"ListItem\",\"position\":2,\"name\":\"Como funciona o Nomus ERP Industrial\",\"item\":\"https:\/\/www.nomus.com.br\/erpindustrial\/como-funciona\/\"},{\"@type\":\"ListItem\",\"position\":3,\"name\":\"Integra\u00e7\u00e3o com e-commerce e marketplace\"}]},{\"@type\":\"WebSite\",\"@id\":\"https:\/\/www.nomus.com.br\/erpindustrial\/#website\",\"url\":\"https:\/\/www.nomus.com.br\/erpindustrial\/\",\"name\":\"Nomus ERP Industrial\",\"description\":\"O melhor sistema de gest\u00e3o ERP para ind\u00fastrias do Brasil\",\"potentialAction\":[{\"@type\":\"SearchAction\",\"target\":{\"@type\":\"EntryPoint\",\"urlTemplate\":\"https:\/\/www.nomus.com.br\/erpindustrial\/?s={search_term_string}\"},\"query-input\":{\"@type\":\"PropertyValueSpecification\",\"valueRequired\":true,\"valueName\":\"search_term_string\"}}],\"inLanguage\":\"pt-BR\"}]}<\/script>\n<!-- \/ Yoast SEO plugin. -->","yoast_head_json":{"title":"Integra\u00e7\u00e3o com e-commerce e marketplace com o ERP Nomus","description":"Saiba como funciona a Integra\u00e7\u00e3o com e-commerce e marketplace com o Nomus ERP Industrial e veja quais as plataformas suportadas","robots":{"index":"index","follow":"follow","max-snippet":"max-snippet:-1","max-image-preview":"max-image-preview:large","max-video-preview":"max-video-preview:-1"},"canonical":"https:\/\/www.nomus.com.br\/erpindustrial\/como-funciona\/e-commerce-e-marketplaces\/","og_locale":"pt_BR","og_type":"article","og_title":"Integra\u00e7\u00e3o com e-commerce e marketplace com o ERP Nomus","og_description":"Saiba como funciona a Integra\u00e7\u00e3o com e-commerce e marketplace com o Nomus ERP Industrial e veja quais as plataformas suportadas","og_url":"https:\/\/www.nomus.com.br\/erpindustrial\/como-funciona\/e-commerce-e-marketplaces\/","og_site_name":"Nomus ERP Industrial","article_modified_time":"2025-12-15T13:30:08+00:00","og_image":[{"width":620,"height":405,"url":"https:\/\/www.nomus.com.br\/erpindustrial\/wp-content\/uploads\/2025\/10\/og-como-funciona.jpg","type":"image\/jpeg"}],"twitter_card":"summary_large_image","twitter_title":"Integra\u00e7\u00e3o com e-commerce e marketplace com o ERP Nomus","twitter_description":"Saiba como funciona a Integra\u00e7\u00e3o com e-commerce e marketplace com o Nomus ERP Industrial e veja quais as plataformas suportadas","twitter_image":"https:\/\/www.nomus.com.br\/erpindustrial\/wp-content\/uploads\/2019\/08\/como-funciona.jpg","twitter_misc":{"Est. tempo de leitura":"3 minutos"},"schema":{"@context":"https:\/\/schema.org","@graph":[{"@type":"WebPage","@id":"https:\/\/www.nomus.com.br\/erpindustrial\/como-funciona\/e-commerce-e-marketplaces\/","url":"https:\/\/www.nomus.com.br\/erpindustrial\/como-funciona\/e-commerce-e-marketplaces\/","name":"Integra\u00e7\u00e3o com e-commerce e marketplace com o ERP Nomus","isPartOf":{"@id":"https:\/\/www.nomus.com.br\/erpindustrial\/#website"},"datePublished":"2023-04-19T20:43:14+00:00","dateModified":"2025-12-15T13:30:08+00:00","description":"Saiba como funciona a Integra\u00e7\u00e3o com e-commerce e marketplace com o Nomus ERP Industrial e veja quais as plataformas suportadas","breadcrumb":{"@id":"https:\/\/www.nomus.com.br\/erpindustrial\/como-funciona\/e-commerce-e-marketplaces\/#breadcrumb"},"inLanguage":"pt-BR","potentialAction":[{"@type":"ReadAction","target":["https:\/\/www.nomus.com.br\/erpindustrial\/como-funciona\/e-commerce-e-marketplaces\/"]}]},{"@type":"BreadcrumbList","@id":"https:\/\/www.nomus.com.br\/erpindustrial\/como-funciona\/e-commerce-e-marketplaces\/#breadcrumb","itemListElement":[{"@type":"ListItem","position":1,"name":"Nomus ERP Industrial","item":"https:\/\/www.nomus.com.br\/erpindustrial\/"},{"@type":"ListItem","position":2,"name":"Como funciona o Nomus ERP Industrial","item":"https:\/\/www.nomus.com.br\/erpindustrial\/como-funciona\/"},{"@type":"ListItem","position":3,"name":"Integra\u00e7\u00e3o com e-commerce e marketplace"}]},{"@type":"WebSite","@id":"https:\/\/www.nomus.com.br\/erpindustrial\/#website","url":"https:\/\/www.nomus.com.br\/erpindustrial\/","name":"Nomus ERP Industrial","description":"O melhor sistema de gest\u00e3o ERP para ind\u00fastrias do Brasil","potentialAction":[{"@type":"SearchAction","target":{"@type":"EntryPoint","urlTemplate":"https:\/\/www.nomus.com.br\/erpindustrial\/?s={search_term_string}"},"query-input":{"@type":"PropertyValueSpecification","valueRequired":true,"valueName":"search_term_string"}}],"inLanguage":"pt-BR"}]}},"_links":{"self":[{"href":"https:\/\/www.nomus.com.br\/erpindustrial\/wp-json\/wp\/v2\/pages\/5963","targetHints":{"allow":["GET"]}}],"collection":[{"href":"https:\/\/www.nomus.com.br\/erpindustrial\/wp-json\/wp\/v2\/pages"}],"about":[{"href":"https:\/\/www.nomus.com.br\/erpindustrial\/wp-json\/wp\/v2\/types\/page"}],"author":[{"embeddable":true,"href":"https:\/\/www.nomus.com.br\/erpindustrial\/wp-json\/wp\/v2\/users\/1"}],"replies":[{"embeddable":true,"href":"https:\/\/www.nomus.com.br\/erpindustrial\/wp-json\/wp\/v2\/comments?post=5963"}],"version-history":[{"count":33,"href":"https:\/\/www.nomus.com.br\/erpindustrial\/wp-json\/wp\/v2\/pages\/5963\/revisions"}],"predecessor-version":[{"id":8904,"href":"https:\/\/www.nomus.com.br\/erpindustrial\/wp-json\/wp\/v2\/pages\/5963\/revisions\/8904"}],"up":[{"embeddable":true,"href":"https:\/\/www.nomus.com.br\/erpindustrial\/wp-json\/wp\/v2\/pages\/47"}],"wp:attachment":[{"href":"https:\/\/www.nomus.com.br\/erpindustrial\/wp-json\/wp\/v2\/media?parent=5963"}],"curies":[{"name":"wp","href":"https:\/\/api.w.org\/{rel}","templated":true}]}}