{"id":5416,"date":"2023-02-07T18:27:20","date_gmt":"2023-02-07T21:27:20","guid":{"rendered":"https:\/\/www.nomus.com.br\/erpindustrial\/?page_id=5416"},"modified":"2025-09-03T13:55:08","modified_gmt":"2025-09-03T16:55:08","slug":"recompensas","status":"publish","type":"page","link":"https:\/\/www.nomus.com.br\/erpindustrial\/recompensas\/","title":{"rendered":"Programa de Recompensas Nomus Lean"},"content":{"rendered":"<link rel=\"stylesheet\" href=\"http:\/\/nomus.com.br\/erpindustrial\/wp-content\/themes\/nomusindustrial\/css\/jquery.idealforms.css\">\r\n\r\n\r\n<style>\r\n\r\nbody{\r\n  background-color:#0090D5;\r\n}\r\np {\r\n  color: white;\r\n  font-size: 1.4em;\r\n  line-height: normal;\r\n  margin: 0px 0px 20px;\r\n}\r\n\r\nul{\r\n  margin-bottom: 20px;\r\n}\r\nli{\r\n  color: white;\r\n  font-size: 1.4em;\r\n  line-height: normal;\r\n}\r\n\r\n.promogarantido h2 {\r\n  color: white;\r\n  font-size: 34px;\r\n  font-weight: bold;\r\n  text-transform: uppercase;\r\n}\r\n.linha-conv{\r\n  display:none;\r\n}\r\n\r\n.nav-principal{\r\n  display:none;\r\n}\r\n.linha-bread, .marcadortopo{\r\n  display:none;\r\n\r\n}\r\n\r\n.linhahero{\r\n  background: url('https:\/\/www.nomus.com.br\/erpindustrial\/wp-content\/uploads\/2022\/07\/bg-topo.jpg') no-repeat;\r\n}\r\n\r\n.linhatempo{\r\n  background-color: #333333;\r\n  border-radius: 10px;\r\n}\r\n\r\n.linhasobreolean{\r\n}\r\n\r\n.linharegulamento{\r\n  background-color: #eaeaeb;\r\n}\r\n.h1heropromo{\r\n  color: white;\r\n  font-weight: 100;\r\n  text-transform: uppercase;\r\n  font-size: 26px;\r\n}\r\n.btn-cta {\r\n  background: #FFD919;\r\n  font-size: 26px;\r\n  color: Black;\r\n  padding: 15px 60px;\r\n  font-weight: bold;\r\n  box-shadow: 0px 0px 7px #FFD919;\r\n  border-radius: 5px;\r\n}\r\n\r\n.btn-cta:hover{\r\n  background: #ffe24d;\r\n}\r\n\r\n.btn-cta:active{\r\n  background-color: #b39810;\r\n}\r\n\r\n\r\n.btn-email {\r\n  background: none;\r\n  border-radius: 100px;\r\n  font-size: 26px;\r\n  color: #FFD919;\r\n  padding: 15px 60px;\r\n  font-weight: bold;\r\n  border: 2px solid #FFD919;\r\n  border-radius: 5px;\r\n}\r\n\r\n.btn-email:hover{\r\n  background: #FFD919;\r\n  color: black;\r\n}\r\n\r\n.btn-email:active{\r\n  color: black;\r\n  background-color: #b39810;\r\n}\r\n\r\n\r\n.diasdeimp{\r\n  text-decoration: underline;\r\n}\r\n\r\n.dinheirodevolta {\r\n  color: white;\r\n  font-size: 35px;\r\n  font-weight: 900;\r\n}\r\n\r\n.linhahero p{\r\n  color: white;\r\n}\r\n\r\n.linkcta{\r\n  color:white;\r\n  border-bottom: 1px dotted white;\r\n}\r\n\r\n.linkcta:hover{\r\n  color: white;\r\n}\r\n\r\n@media (min-width:992px){.display-flex-center {\r\n  display:flex;\r\n  align-items:center;\r\n}\r\n\r\n.vantagenslean{\r\n  padding-left: 50px;\r\n}\r\n}\r\n\/* demo display helpers *\/\r\n.taller {\r\n  min-height: 5em;\r\n}\r\n\r\n.mt-30{\r\n  margin-top: 30px;\r\n}\r\n.mb-30{\r\n  margin-bottom: 30px;\r\n}\r\n.mt-10{\r\n  margin-top: 10px;\r\n}\r\n\r\n.linhatempo{\r\n  padding: 40px 0px;\r\n}\r\n.linhatempo h2{\r\n  color: white;\r\n  font-weight: 1000;\r\n  text-transform: uppercase;\r\n  font-size: 26px;\r\n  margin-bottom: 0px;\r\n}\r\n\r\n.linhatempo p {\r\n    font-size: 1.4em;\r\n    margin-bottom: 10px;\r\n}\r\n.linhatempo span{\r\n  font-weight: bold;\r\n  color: #f4252f;\r\n}\r\n\r\np#tempo {\r\n  color: #f4252f;\r\n  font-size: 50px;\r\n  background-color: #242424;\r\n  text-shadow: 0px 0px 7px #f4252f;\r\n}\r\n\r\n.video-container {\r\n  padding-bottom: 56.25%;\r\n  height: 0; overflow: hidden;\r\n}\r\n\r\n.video-container iframe,\r\n.video-container object,\r\n.video-container embed {\r\n  position: absolute;\r\n  top: 0;\r\n  left: 0;\r\n  width: 100%;\r\n  height: 100%;\r\n}\r\n\r\n.linhasobrepromo, .linhasobreolean, .linhacases, .linharegulamento{\r\n  padding: 100px  0px;\r\n}\r\n\r\n.h2promocao{\r\n  margin: 50px 0px 30px 0px;\r\n}\r\n\r\n\r\n\r\n.listalean li {\r\n  color: white;\r\n  list-style: none;\r\n  font-size: 19px;\r\n  margin-top: 20px;\r\n}\r\n\r\n.media-heading:before{\r\n  content: '';\r\n\r\n}\r\n\r\n.media-heading {\r\n  color: white;\r\n}\r\n\r\n.media {\r\n  color: #FFD919;\r\n  font-size: 25px;\r\n}\r\n\r\n.media-heading span{\r\n  font-size: 12px;\r\n}\r\n\r\n.descricaocase{\r\n  font-size: 12px;\r\n}\r\n.depoimento{\r\n  margin-top: 100px;\r\n}\r\n\r\n.media img {\r\n  max-width: none;\r\n}\r\n\r\n.estrelas{\r\n  margin: 0 auto;\r\n  padding: 20px;\r\n}\r\n\r\n.linhacases .media-heading {\r\n  font-size: 14px;\r\n  line-height: normal;\r\n}\r\n\r\nh2.regulamento{\r\n  color: #333;\r\n  margin-bottom: 50px;\r\n}\r\n\r\n.linharegulamento p{\r\n  color: #676767;\r\n}\r\n.confiraregulamento{\r\n  border-bottom: 1px dotted #777777;\r\n  text-decoration: none;\r\n}\r\n\r\n.imagemcase {\r\n  border-radius: 9px;\r\n  filter: drop-shadow(2px 2px 15px #162c60);\r\n  margin: 20px 0px;\r\n}\r\n\r\n.conteudopreco {\r\n    background-color: white;\r\n    padding: 30px 13px;\r\n    border-radius: 10px;\r\n    position: relative;\r\n    border: 4px solid #FFCD33;\r\n    \/* box-shadow: -4px 10px 0px #333; *\/\r\n    margin: 10px;\r\n}\r\n\r\n.bordaverde {\r\n  padding: 10px;\r\n  background-color: #50bb75;\r\n  width: 90%;\r\n  margin: 0 auto;\r\n  box-shadow: 0px 0px 15px #50bb75;\r\n}\r\n\r\n.bordaazul {\r\n  padding: 10px;\r\n  background-color:#0090D5;\r\n  width: 90%;\r\n  margin: 0 auto;\r\n  box-shadow: 0px 0px 15px #0090D5;\r\n}\r\n\r\n.redondosup{\r\n  border-top-right-radius: 10px;\r\n  border-top-left-radius: 10px;\r\n}\r\n.redondoinf{\r\n  border-bottom-right-radius: 10px;\r\n  border-bottom-left-radius: 10px;\r\n}\r\n\r\n.tituloprecocampanha {\r\n  color: #333;\r\n  font-weight: normal;\r\n  font-size: 35px;\r\n  margin-top: 0px;\r\n  font-weight: 800;\r\n  line-height: 120%;\r\n}\r\n\r\n.conteudopreco p {\r\n  margin-bottom: 5px;\r\n  font-size: 16px;\r\n  color: #777;\r\n}\r\n\r\n\r\n.conteudopreco li {\r\n  color: #606060;\r\n}\r\n\r\n\r\n.listafeatures {\r\n  margin: 0;\r\n  padding-left: 1.2rem;\r\n}\r\n\r\n.listafeatures li {\r\n  position: relative;\r\n  list-style-type: none;\r\n  padding-left: 2.5rem;\r\n  margin-bottom: 0.5rem;\r\n}\r\n\r\n.listafeatures li:before {\r\n  content: '';\r\n  display: block;\r\n  position: absolute;\r\n  left: 0;\r\n  top: -2px;\r\n  width: 5px;\r\n  height: 11px;\r\n  border-width: 0 2px 2px 0;\r\n  border-style: solid;\r\n  border-color: #606060;\r\n  transform-origin: bottom left;\r\n  transform: rotate(45deg);\r\n}\r\n\r\nh3.precoassinatura {\r\n  font-size: 55px;\r\n  font-weight: bold;\r\n  color: #50bb75;\r\n  margin-top: 0px;\r\n}\r\n\r\n\r\nh3.precoimplantacao {\r\n  font-size: 55px;\r\n  font-weight: bold;\r\n  color: #0090d5;\r\n  margin-top: 0px;\r\n}\r\n\r\n.mt-50{\r\n  margin-top: 50px;\r\n}\r\n\r\n.mb-50{\r\n  margin-bottom: 50px;\r\n}\r\n\r\n.mt-0{\r\n  margin-top: 0px !important;\r\n}\r\n\r\n.preco-antigo{\r\n  text-decoration: line-through;\r\n  color: #fb4040;\r\n  margin-bottom: 0;\r\n  \/* padding: 8px; *\/\r\n  font-size: 25px;\r\n  text-align: center;\r\n  text-decoration-thickness: 1px;\r\n  font-weight: bold;\r\n}\r\n\r\n\r\n.listaIncluso{\r\n  border-radius: 10px;\r\n  padding: 20px;\r\n  min-height: 250px;\r\n  margin-bottom: 30px;\r\n  background-color: white;\r\n}\r\n\r\n.listaIncluso i {\r\n  color: black;\r\n  font-size: 35px;\r\n}\r\n\r\n.listaIncluso p{\r\n  color: #777777;\r\n  font-size: 16px;\r\n}\r\n\r\n.iconecheck i{\r\n  color: #50BB75;\r\n}\r\n\r\n.panel-body p{\r\n  font-size: 1.0em;\r\n}\r\n\r\n.panel-body li{\r\n  font-size: 1.0em;\r\n  color: #676767;\r\n}\r\n\r\nh3{\r\n  color: black;\r\n}\r\n\r\n.negritoazul{\r\n  color: #0090D5;\r\n}\r\n\r\np.pclassico{\r\n  font-size: 16px;\r\n}\r\n\r\n.divisorneon{\r\n  margin: 50px 0px;\r\n}\r\n\r\n.conteudopreco hr {\r\n  border-top: 2px solid #eee;\r\n  margin: 40px 0px;\r\n}\r\n\r\n.vertical-alignment-helper {\r\n  display:table;\r\n  height: 100%;\r\n  width: 100%;\r\n  pointer-events:none;\r\n}\r\n.vertical-align-center {\r\n  \/* To center vertically *\/\r\n  display: table-cell;\r\n  vertical-align: middle;\r\n  pointer-events:none;\r\n}\r\n.modal-content {\r\n  \/* Bootstrap sets the size of the modal in the modal-dialog class, we need to inherit it *\/\r\n  width:inherit;\r\n  max-width:inherit; \/* For Bootstrap 4 - to avoid the modal window stretching full width *\/\r\n  height:inherit;\r\n  \/* To center horizontally *\/\r\n  margin: 0 auto;\r\n  pointer-events:all;\r\n}\r\n\r\n.respirocarousel{\r\n  min-height: 305px;\r\n}\r\n.carousel-control {\r\n  position: absolute;\r\n  top: 0;\r\n  bottom: 0;\r\n  left: 0;\r\n  width: auto;\r\n  font-size: 20px;\r\n  color: #fff;\r\n  text-align: center;\r\n  text-shadow: 0 1px 2px rgb(0 0 0 \/ 60%);\r\n  filter: alpha(opacity=50);\r\n  opacity: .5;\r\n}\r\n\r\n.avista{\r\n  font-size: 16px;\r\n}\r\n@media screen and (max-width: 768px){\r\n  .timerlimitado{\r\n    text-align: center;\r\n  }\r\n  .preco-antigo{\r\n    display: block;\r\n  }\r\n\r\n  .conteudopreco{\r\n    padding: 25px;\r\n  }\r\n  .avista{\r\n    display: block;\r\n    margin-top: 0px;\r\n  }\r\n\r\n  .planoenterprise{\r\n    margin-top: 30px;\r\n  }\r\n  \r\n  .videolean{\r\n    margin-bottom: 30px;\r\n  }\r\n  .mais{\r\n    display: none;\r\n  }\r\n\r\n}\r\n@media screen and (min-width: 768px){\r\n  .carousel-indicators {\r\n    bottom: -40px !important;\r\n  }\r\n  .apenasmobile{\r\n    display: none;\r\n  }\r\n  .maismobile{\r\n    display: none;\r\n  }\r\n\r\n  .carousel-control .glyphicon-chevron-right, .carousel-control .icon-next {\r\n    margin-right: -50px;\r\n  }\r\n\r\n  .carousel-control .glyphicon-chevron-left, .carousel-control .icon-prev {\r\n    margin-left: -50px;\r\n  }\r\n}\r\n\r\np.economiatotal {\r\n  font-weight: bold;\r\n  color: #333;\r\n  text-transform: uppercase;\r\n  background-color: #FFD919;\r\n  padding: 5px;\r\n  text-align: center;\r\n  font-size: 20px;\r\n  margin-top: 40px;\r\n}\r\n\r\n.promogarantido {\r\n  background: urL(https:\/\/www.nomus.com.br\/erpindustrial\/wp-content\/uploads\/2023\/02\/imagem-topo.jpg);\r\n    background-repeat: no-repeat;\r\n    background-size: contain;\r\n}\r\n\r\n.bola1 {\r\n  position: absolute;\r\n  left: -60px;\r\n}\r\n\r\n.bola2 {\r\n  position: absolute;\r\n  right: -60px;\r\n  z-index: -10;\r\n  bottom: 10px;\r\n}\r\n.hrcampeao{\r\n  background-color: white;\r\n  display: block;\r\n  height: 10px;\r\n  width: 100%;\r\n  box-shadow: inset #176132 10px 20px 30px;\r\n}\r\n\r\n.row.linhafigurinha {\r\n  margin-top: 29px;\r\n}\r\n\r\n.linhacampo {\r\n  position: absolute;\r\n  bottom: -65px;\r\n  z-index: -10;\r\n}\r\n\r\n.oqueestaincluso{\r\n  margin-top: 100px;\r\n  padding-top: 100px;\r\n  background-color: #2FA2D9;\r\n  padding-bottom: 100px;\r\n}\r\n\r\n.destaquepromo {\r\n  background: #7ED957;\r\n  border-radius: 15px;\r\n  padding: 20px;\r\n  font-weight: bold;\r\n  text-align: center;\r\n  height: 110px;\r\n}\r\n\r\n.moduloavancado {\r\n  border-radius: 5px;\r\n  margin-top: 25px;\r\n}\r\n\r\n\/* CURLS *\/\r\n\/* Curl Top Left *\/\r\n.hvr-curl-top-left {\r\n  display: inline-block;\r\n  vertical-align: middle;\r\n  -webkit-transform: perspective(1px) translateZ(0);\r\n  transform: perspective(1px) translateZ(0);\r\n  box-shadow: 0 0 1px rgba(0, 0, 0, 0);\r\n  position: relative;\r\n}\r\n.hvr-curl-top-left:before {\r\n  pointer-events: none;\r\n  position: absolute;\r\n  content: '';\r\n  height: 0;\r\n  width: 0;\r\n  top: 0;\r\n  left: 0;\r\n  background: white;\r\n  \/* IE9 *\/\r\n  background: linear-gradient(135deg, white 45%, #aaa 50%, #ccc 56%, white 80%);\r\n  filter: progid:DXImageTransform.Microsoft.gradient(GradientType=0,startColorstr='#ffffff', endColorstr='#000000');\r\n  \/*For IE7-8-9*\/\r\n  z-index: 1000;\r\n  box-shadow: 1px 1px 1px rgba(0, 0, 0, 0.4);\r\n  -webkit-transition-duration: 0.3s;\r\n  transition-duration: 0.3s;\r\n  -webkit-transition-property: width, height;\r\n  transition-property: width, height;\r\n}\r\n.hvr-curl-top-left:hover:before, .hvr-curl-top-left:focus:before, .hvr-curl-top-left:active:before {\r\n  width: 25px;\r\n  height: 25px;\r\n}\r\n\r\n\/* Curl Top Right *\/\r\n.hvr-curl-top-right {\r\n  display: inline-block;\r\n  vertical-align: middle;\r\n  -webkit-transform: perspective(1px) translateZ(0);\r\n  transform: perspective(1px) translateZ(0);\r\n  box-shadow: 0 0 1px rgba(0, 0, 0, 0);\r\n  position: relative;\r\n}\r\n.hvr-curl-top-right:before {\r\n  pointer-events: none;\r\n  position: absolute;\r\n  content: '';\r\n  height: 0;\r\n  width: 0;\r\n  top: 0;\r\n  right: 0;\r\n  background: white;\r\n  \/* IE9 *\/\r\n  background: linear-gradient(225deg, white 45%, #aaa 50%, #ccc 56%, white 80%);\r\n  box-shadow: -1px 1px 1px rgba(0, 0, 0, 0.4);\r\n  -webkit-transition-duration: 0.3s;\r\n  transition-duration: 0.3s;\r\n  -webkit-transition-property: width, height;\r\n  transition-property: width, height;\r\n}\r\n.hvr-curl-top-right:hover:before, .hvr-curl-top-right:focus:before, .hvr-curl-top-right:active:before {\r\n  width: 25px;\r\n  height: 25px;\r\n}\r\n\r\n\/* Curl Bottom Right *\/\r\n.hvr-curl-bottom-right {\r\n  display: inline-block;\r\n  vertical-align: middle;\r\n  -webkit-transform: perspective(1px) translateZ(0);\r\n  transform: perspective(1px) translateZ(0);\r\n  box-shadow: 0 0 1px rgba(0, 0, 0, 0);\r\n  position: relative;\r\n}\r\n.hvr-curl-bottom-right:before {\r\n  pointer-events: none;\r\n  position: absolute;\r\n  content: '';\r\n  height: 0;\r\n  width: 0;\r\n  bottom: 0;\r\n  right: 0;\r\n  background: white;\r\n  \/* IE9 *\/\r\n  background: linear-gradient(315deg, white 45%, #aaa 50%, #ccc 56%, white 80%);\r\n  box-shadow: -1px -1px 1px rgba(0, 0, 0, 0.4);\r\n  -webkit-transition-duration: 0.3s;\r\n  transition-duration: 0.3s;\r\n  -webkit-transition-property: width, height;\r\n  transition-property: width, height;\r\n}\r\n.hvr-curl-bottom-right:hover:before, .hvr-curl-bottom-right:focus:before, .hvr-curl-bottom-right:active:before {\r\n  width: 25px;\r\n  height: 25px;\r\n}\r\n\r\n\/* Curl Bottom Left *\/\r\n.hvr-curl-bottom-left {\r\n  display: inline-block;\r\n  vertical-align: middle;\r\n  -webkit-transform: perspective(1px) translateZ(0);\r\n  transform: perspective(1px) translateZ(0);\r\n  box-shadow: 0 0 1px rgba(0, 0, 0, 0);\r\n  position: relative;\r\n}\r\n.hvr-curl-bottom-left:before {\r\n  pointer-events: none;\r\n  position: absolute;\r\n  content: '';\r\n  height: 0;\r\n  width: 0;\r\n  bottom: 0;\r\n  left: 0;\r\n  background: white;\r\n  \/* IE9 *\/\r\n  background: linear-gradient(45deg, white 45%, #aaa 50%, #ccc 56%, white 80%);\r\n  box-shadow: 1px -1px 1px rgba(0, 0, 0, 0.4);\r\n  -webkit-transition-duration: 0.3s;\r\n  transition-duration: 0.3s;\r\n  -webkit-transition-property: width, height;\r\n  transition-property: width, height;\r\n}\r\n.hvr-curl-bottom-left:hover:before, .hvr-curl-bottom-left:focus:before, .hvr-curl-bottom-left:active:before {\r\n  width: 25px;\r\n  height: 25px;\r\n}\r\n\r\n.textoamarelo{\r\n  color:#FFD919;\r\n}\r\n\r\n.mais {\r\n  color: white;\r\n  position: absolute;\r\n  right: -43px;\r\n  bottom: 30%;\r\n  font-size: 55px;\r\n  font-weight: bold;\r\n}\r\n\r\n.maismobile{\r\n  color: white;\r\n  font-size: 55px;\r\n  font-weight: bold;\r\n  text-align: center;\r\n}\r\n\r\n.figurinha{\r\n  margin-top: 30px;\r\n}\r\n.bghero{\r\n  background-color: #2FA2D9;\r\n  border-radius: 10px;\r\n  padding: 45px 0px;\r\n  margin-bottom: 50px;\r\n}\r\n.presentehero{\r\n  font-size: 46px;\r\n  color: #FFCD33;\r\n}\r\n\r\n.logopromo{\r\n      margin: 85px 0px;\r\n}\r\n\r\n.subtitulo{\r\n  font-size: 35px;\r\n  color: white;\r\n  font-weight: bold;\r\n}\r\n\r\n.conteudopreco h3 {\r\n    margin: 0px;\r\n    line-height: 35px;\r\n}\r\n\r\np.aviso{\r\n  font-size: 14px;\r\n}\r\n<\/style>\r\n\r\n\r\n<script>\r\n  $(document).ready(function() {\r\n\r\n    if(window.location.href.indexOf('casosucesso1') != -1) {\r\n      $('#casosucesso1').modal('show');\r\n    }\r\n\r\n  });\r\n\r\n\r\n\r\n\r\n<\/script>\r\n\r\n<div class=\"promogarantido\">\r\n\r\n\r\n\r\n\r\n  <div class=\"container bg-campo\">\r\n\r\n    <div class=\"row display-flex-center\">\r\n      <div class=\"col-md-12 text-center\" >\r\n        <div class=\"\">\r\n          <img decoding=\"async\" data-src=\"https:\/\/www.nomus.com.br\/erpindustrial\/wp-content\/uploads\/2023\/02\/logo-recompensas2.png\" class=\"logopromo lazyload\" alt=\"\" src=\"data:image\/svg+xml;base64,PHN2ZyB3aWR0aD0iMSIgaGVpZ2h0PSIxIiB4bWxucz0iaHR0cDovL3d3dy53My5vcmcvMjAwMC9zdmciPjwvc3ZnPg==\" style=\"--smush-placeholder-width: 454px; --smush-placeholder-aspect-ratio: 454\/150;\">\r\n        <\/div>\r\n      <\/div>\r\n    <\/div>\r\n    <div class=\"bghero\">\r\n    <div class=\"row display-flex-center\">\r\n      <div class=\"col-md-8 text-center textohero col-md-offset-2 mb-30\" >\r\n        <p>O programa de recompensas Nomus chegou ao fim em 10\/06\/2024<\/b>.<\/p>\r\n        \r\n      <\/div>\r\n    <\/div>\r\n\r\n   <\/div>\r\n\r\n\r\n\r\n<\/div>\r\n\r\n<!-- https:\/\/www.figma.com\/file\/2WcNarXNflBQeIqWzs3hoS\/Programa-de-Recompensas?node-id=134%3A2&t=2yXG7lbR5MQzbXKX-0 -->","protected":false},"excerpt":{"rendered":"<p>O programa de recompensas Nomus chegou ao fim em 10\/06\/2024.<\/p>\n","protected":false},"author":1,"featured_media":0,"parent":0,"menu_order":0,"comment_status":"closed","ping_status":"closed","template":"","meta":{"_acf_changed":false,"footnotes":""},"class_list":["post-5416","page","type-page","status-publish","hentry"],"acf":[],"yoast_head":"<!-- This site is optimized with the Yoast SEO plugin v26.5 - https:\/\/yoast.com\/wordpress\/plugins\/seo\/ -->\n<title>Programa de Recompensas Nomus Lean - Ganhe horas b\u00f4nus<\/title>\n<meta name=\"description\" content=\"Conhe\u00e7a o programa de recompensas para clientes do Nomus Lean e saiba como ganhar horas de implanta\u00e7\u00e3o ao avan\u00e7ar na Universidade Nomus\" \/>\n<meta name=\"robots\" content=\"index, follow, max-snippet:-1, max-image-preview:large, max-video-preview:-1\" \/>\n<link rel=\"canonical\" href=\"https:\/\/www.nomus.com.br\/erpindustrial\/recompensas\/\" \/>\n<meta property=\"og:locale\" content=\"pt_BR\" \/>\n<meta property=\"og:type\" content=\"article\" \/>\n<meta property=\"og:title\" content=\"Programa de Recompensas Nomus Lean - Ganhe horas b\u00f4nus\" \/>\n<meta property=\"og:description\" content=\"Conhe\u00e7a o programa de recompensas para clientes do Nomus Lean e saiba como ganhar horas de implanta\u00e7\u00e3o ao avan\u00e7ar na Universidade Nomus\" \/>\n<meta property=\"og:url\" content=\"https:\/\/www.nomus.com.br\/erpindustrial\/recompensas\/\" \/>\n<meta property=\"og:site_name\" content=\"Nomus ERP Industrial\" \/>\n<meta property=\"article:modified_time\" content=\"2025-09-03T16:55:08+00:00\" \/>\n<meta property=\"og:image\" content=\"https:\/\/www.nomus.com.br\/erpindustrial\/wp-content\/uploads\/2023\/02\/Thumb-blog-recompensa.jpg\" \/>\n\t<meta property=\"og:image:width\" content=\"620\" \/>\n\t<meta property=\"og:image:height\" content=\"405\" \/>\n\t<meta property=\"og:image:type\" content=\"image\/jpeg\" \/>\n<meta name=\"twitter:card\" content=\"summary_large_image\" \/>\n<meta name=\"twitter:title\" content=\"Programa de Recompensas Nomus Lean - Ganhe horas b\u00f4nus\" \/>\n<meta name=\"twitter:description\" content=\"Conhe\u00e7a o programa de recompensas para clientes do Nomus Lean e saiba como ganhar horas de implanta\u00e7\u00e3o ao avan\u00e7ar na Universidade Nomus\" \/>\n<meta name=\"twitter:image\" content=\"https:\/\/www.nomus.com.br\/erpindustrial\/wp-content\/uploads\/2023\/02\/Thumb-blog-recompensa.jpg\" \/>\n<meta name=\"twitter:label1\" content=\"Est. tempo de leitura\" \/>\n\t<meta name=\"twitter:data1\" content=\"10 minutos\" \/>\n<script type=\"application\/ld+json\" class=\"yoast-schema-graph\">{\"@context\":\"https:\/\/schema.org\",\"@graph\":[{\"@type\":\"WebPage\",\"@id\":\"https:\/\/www.nomus.com.br\/erpindustrial\/recompensas\/\",\"url\":\"https:\/\/www.nomus.com.br\/erpindustrial\/recompensas\/\",\"name\":\"Programa de Recompensas Nomus Lean - Ganhe horas b\u00f4nus\",\"isPartOf\":{\"@id\":\"https:\/\/www.nomus.com.br\/erpindustrial\/#website\"},\"primaryImageOfPage\":{\"@id\":\"https:\/\/www.nomus.com.br\/erpindustrial\/recompensas\/#primaryimage\"},\"image\":{\"@id\":\"https:\/\/www.nomus.com.br\/erpindustrial\/recompensas\/#primaryimage\"},\"thumbnailUrl\":\"https:\/\/www.nomus.com.br\/erpindustrial\/wp-content\/uploads\/2023\/02\/logo-recompensas2.png\",\"datePublished\":\"2023-02-07T21:27:20+00:00\",\"dateModified\":\"2025-09-03T16:55:08+00:00\",\"description\":\"Conhe\u00e7a o programa de recompensas para clientes do Nomus Lean e saiba como ganhar horas de implanta\u00e7\u00e3o ao avan\u00e7ar na Universidade Nomus\",\"breadcrumb\":{\"@id\":\"https:\/\/www.nomus.com.br\/erpindustrial\/recompensas\/#breadcrumb\"},\"inLanguage\":\"pt-BR\",\"potentialAction\":[{\"@type\":\"ReadAction\",\"target\":[\"https:\/\/www.nomus.com.br\/erpindustrial\/recompensas\/\"]}]},{\"@type\":\"ImageObject\",\"inLanguage\":\"pt-BR\",\"@id\":\"https:\/\/www.nomus.com.br\/erpindustrial\/recompensas\/#primaryimage\",\"url\":\"https:\/\/www.nomus.com.br\/erpindustrial\/wp-content\/uploads\/2023\/02\/logo-recompensas2.png\",\"contentUrl\":\"https:\/\/www.nomus.com.br\/erpindustrial\/wp-content\/uploads\/2023\/02\/logo-recompensas2.png\",\"width\":454,\"height\":150},{\"@type\":\"BreadcrumbList\",\"@id\":\"https:\/\/www.nomus.com.br\/erpindustrial\/recompensas\/#breadcrumb\",\"itemListElement\":[{\"@type\":\"ListItem\",\"position\":1,\"name\":\"Nomus ERP Industrial\",\"item\":\"https:\/\/www.nomus.com.br\/erpindustrial\/\"},{\"@type\":\"ListItem\",\"position\":2,\"name\":\"Programa de Recompensas Nomus Lean\"}]},{\"@type\":\"WebSite\",\"@id\":\"https:\/\/www.nomus.com.br\/erpindustrial\/#website\",\"url\":\"https:\/\/www.nomus.com.br\/erpindustrial\/\",\"name\":\"Nomus ERP Industrial\",\"description\":\"O melhor sistema de gest\u00e3o ERP para ind\u00fastrias do Brasil\",\"potentialAction\":[{\"@type\":\"SearchAction\",\"target\":{\"@type\":\"EntryPoint\",\"urlTemplate\":\"https:\/\/www.nomus.com.br\/erpindustrial\/?s={search_term_string}\"},\"query-input\":{\"@type\":\"PropertyValueSpecification\",\"valueRequired\":true,\"valueName\":\"search_term_string\"}}],\"inLanguage\":\"pt-BR\"}]}<\/script>\n<!-- \/ Yoast SEO plugin. -->","yoast_head_json":{"title":"Programa de Recompensas Nomus Lean - Ganhe horas b\u00f4nus","description":"Conhe\u00e7a o programa de recompensas para clientes do Nomus Lean e saiba como ganhar horas de implanta\u00e7\u00e3o ao avan\u00e7ar na Universidade Nomus","robots":{"index":"index","follow":"follow","max-snippet":"max-snippet:-1","max-image-preview":"max-image-preview:large","max-video-preview":"max-video-preview:-1"},"canonical":"https:\/\/www.nomus.com.br\/erpindustrial\/recompensas\/","og_locale":"pt_BR","og_type":"article","og_title":"Programa de Recompensas Nomus Lean - Ganhe horas b\u00f4nus","og_description":"Conhe\u00e7a o programa de recompensas para clientes do Nomus Lean e saiba como ganhar horas de implanta\u00e7\u00e3o ao avan\u00e7ar na Universidade Nomus","og_url":"https:\/\/www.nomus.com.br\/erpindustrial\/recompensas\/","og_site_name":"Nomus ERP Industrial","article_modified_time":"2025-09-03T16:55:08+00:00","og_image":[{"width":620,"height":405,"url":"https:\/\/www.nomus.com.br\/erpindustrial\/wp-content\/uploads\/2023\/02\/Thumb-blog-recompensa.jpg","type":"image\/jpeg"}],"twitter_card":"summary_large_image","twitter_title":"Programa de Recompensas Nomus Lean - Ganhe horas b\u00f4nus","twitter_description":"Conhe\u00e7a o programa de recompensas para clientes do Nomus Lean e saiba como ganhar horas de implanta\u00e7\u00e3o ao avan\u00e7ar na Universidade Nomus","twitter_image":"https:\/\/www.nomus.com.br\/erpindustrial\/wp-content\/uploads\/2023\/02\/Thumb-blog-recompensa.jpg","twitter_misc":{"Est. tempo de leitura":"10 minutos"},"schema":{"@context":"https:\/\/schema.org","@graph":[{"@type":"WebPage","@id":"https:\/\/www.nomus.com.br\/erpindustrial\/recompensas\/","url":"https:\/\/www.nomus.com.br\/erpindustrial\/recompensas\/","name":"Programa de Recompensas Nomus Lean - Ganhe horas b\u00f4nus","isPartOf":{"@id":"https:\/\/www.nomus.com.br\/erpindustrial\/#website"},"primaryImageOfPage":{"@id":"https:\/\/www.nomus.com.br\/erpindustrial\/recompensas\/#primaryimage"},"image":{"@id":"https:\/\/www.nomus.com.br\/erpindustrial\/recompensas\/#primaryimage"},"thumbnailUrl":"https:\/\/www.nomus.com.br\/erpindustrial\/wp-content\/uploads\/2023\/02\/logo-recompensas2.png","datePublished":"2023-02-07T21:27:20+00:00","dateModified":"2025-09-03T16:55:08+00:00","description":"Conhe\u00e7a o programa de recompensas para clientes do Nomus Lean e saiba como ganhar horas de implanta\u00e7\u00e3o ao avan\u00e7ar na Universidade Nomus","breadcrumb":{"@id":"https:\/\/www.nomus.com.br\/erpindustrial\/recompensas\/#breadcrumb"},"inLanguage":"pt-BR","potentialAction":[{"@type":"ReadAction","target":["https:\/\/www.nomus.com.br\/erpindustrial\/recompensas\/"]}]},{"@type":"ImageObject","inLanguage":"pt-BR","@id":"https:\/\/www.nomus.com.br\/erpindustrial\/recompensas\/#primaryimage","url":"https:\/\/www.nomus.com.br\/erpindustrial\/wp-content\/uploads\/2023\/02\/logo-recompensas2.png","contentUrl":"https:\/\/www.nomus.com.br\/erpindustrial\/wp-content\/uploads\/2023\/02\/logo-recompensas2.png","width":454,"height":150},{"@type":"BreadcrumbList","@id":"https:\/\/www.nomus.com.br\/erpindustrial\/recompensas\/#breadcrumb","itemListElement":[{"@type":"ListItem","position":1,"name":"Nomus ERP Industrial","item":"https:\/\/www.nomus.com.br\/erpindustrial\/"},{"@type":"ListItem","position":2,"name":"Programa de Recompensas Nomus Lean"}]},{"@type":"WebSite","@id":"https:\/\/www.nomus.com.br\/erpindustrial\/#website","url":"https:\/\/www.nomus.com.br\/erpindustrial\/","name":"Nomus ERP Industrial","description":"O melhor sistema de gest\u00e3o ERP para ind\u00fastrias do Brasil","potentialAction":[{"@type":"SearchAction","target":{"@type":"EntryPoint","urlTemplate":"https:\/\/www.nomus.com.br\/erpindustrial\/?s={search_term_string}"},"query-input":{"@type":"PropertyValueSpecification","valueRequired":true,"valueName":"search_term_string"}}],"inLanguage":"pt-BR"}]}},"_links":{"self":[{"href":"https:\/\/www.nomus.com.br\/erpindustrial\/wp-json\/wp\/v2\/pages\/5416","targetHints":{"allow":["GET"]}}],"collection":[{"href":"https:\/\/www.nomus.com.br\/erpindustrial\/wp-json\/wp\/v2\/pages"}],"about":[{"href":"https:\/\/www.nomus.com.br\/erpindustrial\/wp-json\/wp\/v2\/types\/page"}],"author":[{"embeddable":true,"href":"https:\/\/www.nomus.com.br\/erpindustrial\/wp-json\/wp\/v2\/users\/1"}],"replies":[{"embeddable":true,"href":"https:\/\/www.nomus.com.br\/erpindustrial\/wp-json\/wp\/v2\/comments?post=5416"}],"version-history":[{"count":112,"href":"https:\/\/www.nomus.com.br\/erpindustrial\/wp-json\/wp\/v2\/pages\/5416\/revisions"}],"predecessor-version":[{"id":8292,"href":"https:\/\/www.nomus.com.br\/erpindustrial\/wp-json\/wp\/v2\/pages\/5416\/revisions\/8292"}],"wp:attachment":[{"href":"https:\/\/www.nomus.com.br\/erpindustrial\/wp-json\/wp\/v2\/media?parent=5416"}],"curies":[{"name":"wp","href":"https:\/\/api.w.org\/{rel}","templated":true}]}}