{"id":47,"date":"2015-07-06T13:15:11","date_gmt":"2015-07-06T13:15:11","guid":{"rendered":"http:\/\/nomus.com.br\/nomusindustrial\/?page_id=47"},"modified":"2025-10-21T15:44:17","modified_gmt":"2025-10-21T18:44:17","slug":"como-funciona","status":"publish","type":"page","link":"https:\/\/www.nomus.com.br\/erpindustrial\/como-funciona\/","title":{"rendered":"Como funciona o Nomus ERP Industrial"},"content":{"rendered":"<hr \/>\r\n<h1 class=\"titulo-sem-imagem\">Entenda como funciona o Nomus ERP Industrial<\/h1>\r\n<h2 class=\"h2-descricao-funcionalidade\">O Nomus ERP Industrial \u00e9 a combina\u00e7\u00e3o perfeita entre software especialista e consultoria eficaz. <\/h2>\r\n<hr \/>\r\n<div class=\"row\">\r\n  <!-- <div class=\"col-md-4\">\r\n\r\n  <\/div>-->\r\n  <div class=\"col-md-12\">\r\n    <h3>Software ERP especialista em ind\u00fastrias<\/h3>\r\n    <p>O Nomus ERP Industrial \u00e9 um software de gest\u00e3o ERP, projetado por Engenheiros de Produ\u00e7\u00e3o, desenvolvido especificamente para gerenciar pequenas e m\u00e9dias ind\u00fastrias de forma eficaz. <\/p>\r\n  <\/div>\r\n<\/div>\r\n\r\n<hr>\r\n\r\n<div class=\"row\">\r\n  <div class=\"col-md-12\">\r\n    <h3>M\u00e9todo de implanta\u00e7\u00e3o eficaz<\/h3>\r\n    <p>Aliado ao software, est\u00e1 o M\u00e9todo de Implanta\u00e7\u00e3o Nomus, desenvolvido por Engenheiros de Produ\u00e7\u00e3o experientes, capazes de auxili\u00e1-lo a obter o melhor resultado que a sua ind\u00fastria pode alcan\u00e7ar.<\/p>\r\n  <\/div>\r\n   <!--<div class=\"col-md-4\">\r\n\r\n  <\/div>-->\r\n<\/div>\r\n\r\n<hr \/>\r\n<div class=\"row\">\r\n   <!--<div class=\"col-md-4\">\r\n\r\n  <\/div>-->\r\n  <div class=\"col-md-12\">\r\n    <h3>Software + M\u00e9todo = Sucesso<\/h3>\r\n    <p>Gra\u00e7as a combina\u00e7\u00e3o de um software completo e uma implanta\u00e7\u00e3o especializada, sua ind\u00fastria ir\u00e1 alcan\u00e7ar o sucesso de gest\u00e3o, superando desafios e aproveitando todo seu potencial. <\/p>\r\n  <\/div>\r\n<\/div>\r\n\r\n<hr class=\"hr-respiro\">\r\n<h3>Principais benef\u00edcios em escolher o Nomus ERP Industrial para a sua ind\u00fastria:<\/h3>\r\n<br>\r\n\r\n<div class=\"row\">\r\n  <br>\r\n  <div class=\"col-md-6\">\r\n    <div class=\"col-md-2\">\r\n      <img decoding=\"async\" data-src=\"https:\/\/nomus.com.br\/erpindustrial\/wp-content\/uploads\/2019\/04\/1-vendas-2.jpg\" alt=\"Gerencie vendas e faturamento\" src=\"data:image\/svg+xml;base64,PHN2ZyB3aWR0aD0iMSIgaGVpZ2h0PSIxIiB4bWxucz0iaHR0cDovL3d3dy53My5vcmcvMjAwMC9zdmciPjwvc3ZnPg==\" class=\"lazyload\">\r\n    <\/div>\r\n    <div class=\"col-md-10\">\r\n      <p class=\"forte\">Gerencie vendas e faturamento<\/p>\r\n      <p>Gere propostas comerciais e pedidos de venda, fa\u00e7a a confer\u00eancia de produtos na expedi\u00e7\u00e3o, emita notas fiscais eletr\u00f4nicas (NF-e) e notas fiscais de servi\u00e7o eletr\u00f4nicas (NFS-e) e gerencie sua programa\u00e7\u00e3o de contas a receber integrada ao faturamento.<\/p>\r\n    <\/div>\r\n  <\/div>\r\n  <div class=\"col-md-6\">\r\n    <div class=\"col-md-2\">\r\n      <img decoding=\"async\" data-src=\"http:\/\/www.nomus.com.br\/wp-content\/uploads\/2015\/07\/2.jpg\" alt=\"Controle seu financeiro\" src=\"data:image\/svg+xml;base64,PHN2ZyB3aWR0aD0iMSIgaGVpZ2h0PSIxIiB4bWxucz0iaHR0cDovL3d3dy53My5vcmcvMjAwMC9zdmciPjwvc3ZnPg==\" class=\"lazyload\">\r\n    <\/div>\r\n    <div class=\"col-md-10\">\r\n      <p class=\"forte\">Controle seu financeiro<\/p>\r\n      <p>\r\n       Controle contas a receber e contas a pagar, fa\u00e7a concilia\u00e7\u00f5es banc\u00e1rias, emita boletos banc\u00e1rios para seus clientes, gerencie seu fluxo de caixa, monitore o resultado financeiro da sua f\u00e1brica e integre todos os lan\u00e7amentos financeiros com a contabilidade.\r\n      <\/p>\r\n    <\/div>\r\n  <\/div>\r\n<\/div>\r\n<div class=\"row\">\r\n    <br>\r\n  <div class=\"col-md-6\">\r\n    <div class=\"col-md-2\">\r\n      <img decoding=\"async\" data-src=\"https:\/\/nomus.com.br\/erpindustrial\/wp-content\/uploads\/2019\/04\/3-compras-3.jpg\" alt=\"Organize suas compras e estoque\" src=\"data:image\/svg+xml;base64,PHN2ZyB3aWR0aD0iMSIgaGVpZ2h0PSIxIiB4bWxucz0iaHR0cDovL3d3dy53My5vcmcvMjAwMC9zdmciPjwvc3ZnPg==\" class=\"lazyload\">\r\n    <\/div>\r\n    <div class=\"col-md-10\">\r\n      <p class=\"forte\">Organize suas compras e estoque<\/p>\r\n      <p>\r\n        Gere solicita\u00e7\u00f5es de compra, cota\u00e7\u00f5es e pedidos de compra, importe NF-es de entrada, gere NF-es de importa\u00e7\u00e3o, controle consumo de materiais pela produ\u00e7\u00e3o, produ\u00e7\u00f5es efetuadas, subprodutos gerados e integre seu estoque com a contabilidade. \r\n      <\/p>\r\n    <\/div>\r\n  <\/div>\r\n  <div class=\"col-md-6\">\r\n    <div class=\"col-md-2\">\r\n      <img decoding=\"async\" data-src=\"https:\/\/nomus.com.br\/erpindustrial\/wp-content\/uploads\/2019\/04\/1-otimize-sua-producao.jpg\" alt=\"Otimize sua produ\u00e7\u00e3o\" src=\"data:image\/svg+xml;base64,PHN2ZyB3aWR0aD0iMSIgaGVpZ2h0PSIxIiB4bWxucz0iaHR0cDovL3d3dy53My5vcmcvMjAwMC9zdmciPjwvc3ZnPg==\" class=\"lazyload\">\r\n    <\/div>\r\n    <div class=\"col-md-10\">\r\n      <p class=\"forte\">Otimize sua produ\u00e7\u00e3o<\/p>\r\n      <p>\r\n        Fa\u00e7a previs\u00f5es de venda, defina o plano mestre da produ\u00e7\u00e3o, execute o MRP, fa\u00e7a a programa\u00e7\u00e3o detalhada da produ\u00e7\u00e3o e apontamentos no ch\u00e3o de f\u00e1brica, organize a produ\u00e7\u00e3o em terceiros e a produ\u00e7\u00e3o para terceiros, atenda o Bloco K do SPED Fiscal. \r\n      <\/p>\r\n  <\/div>\r\n  <\/div>\r\n<\/div>\r\n\r\n<div class=\"row\">\r\n  <br>\r\n  <div class=\"col-md-6\">\r\n    <div class=\"col-md-2\">\r\n      <img decoding=\"async\" data-src=\"https:\/\/nomus.com.br\/erpindustrial\/wp-content\/uploads\/2019\/04\/5-custos-2.jpg\" alt=\"Controle seus custos de produ\u00e7\u00e3o\" src=\"data:image\/svg+xml;base64,PHN2ZyB3aWR0aD0iMSIgaGVpZ2h0PSIxIiB4bWxucz0iaHR0cDovL3d3dy53My5vcmcvMjAwMC9zdmciPjwvc3ZnPg==\" class=\"lazyload\">\r\n    <\/div>\r\n    <div class=\"col-md-10\">\r\n      <p class=\"forte\">Controle seus custos de produ\u00e7\u00e3o<\/p>\r\n      <p>\r\n        Defina o custo padr\u00e3o de produtos, forme pre\u00e7os de venda com intelig\u00eancia, apure o custo\/hora de seus centros de custo, calcule o custo real e margem de lucro de produtos e integre apura\u00e7\u00e3o de custo com a contabilidade.\r\n      <\/p>\r\n  <\/div>\r\n  <\/div>\r\n    <div class=\"col-md-6\">\r\n    <div class=\"col-md-2\">\r\n      <img decoding=\"async\" data-src=\"http:\/\/www.nomus.com.br\/blog-industrial\/wp-content\/uploads\/2015\/12\/6-qualidade.jpg\" alt=\"Controle total da qualidade\" src=\"data:image\/svg+xml;base64,PHN2ZyB3aWR0aD0iMSIgaGVpZ2h0PSIxIiB4bWxucz0iaHR0cDovL3d3dy53My5vcmcvMjAwMC9zdmciPjwvc3ZnPg==\" class=\"lazyload\">\r\n    <\/div>\r\n    <div class=\"col-md-10\">\r\n      <p class=\"forte\">Controle total da qualidade<\/p>\r\n      <p>\r\n        Inspecione mat\u00e9rias primas no recebimento, inspecione produtos fabricados, controle lotes e rastreabilidade, analise n\u00e3o conformidades e gere relat\u00f3rios de qualidade e databooks em formato eletr\u00f4nico e com assinatura digital.\r\n      <\/p>\r\n  <\/div>\r\n  <\/div>\r\n\r\n<\/div>\r\n\r\n\r\n<\/div>\r\n<\/div>\r\n<hr>\r\n<p class=\"text-right\">Pr\u00f3ximo passo: <a href=\"http:\/\/nomus.com.br\/erpindustrial\/como-funciona\/implantacao\/\">Conhe\u00e7a o m\u00e9todo de implanta\u00e7\u00e3o Nomus \u00bb<\/a><\/p>\r\n","protected":false},"excerpt":{"rendered":"<p>Entenda como funciona o Nomus ERP Industrial O Nomus ERP Industrial \u00e9 a combina\u00e7\u00e3o perfeita entre software especialista e consultoria eficaz. Software ERP especialista em ind\u00fastrias O Nomus ERP Industrial \u00e9 um software de gest\u00e3o ERP, projetado por Engenheiros de Produ\u00e7\u00e3o, desenvolvido especificamente para gerenciar pequenas e m\u00e9dias ind\u00fastrias de forma eficaz. M\u00e9todo de implanta\u00e7\u00e3o [&hellip;]<\/p>\n","protected":false},"author":1,"featured_media":0,"parent":0,"menu_order":5,"comment_status":"open","ping_status":"open","template":"page-comofunciona.php","meta":{"_acf_changed":false,"footnotes":""},"class_list":["post-47","page","type-page","status-publish","hentry"],"acf":[],"yoast_head":"<!-- This site is optimized with the Yoast SEO plugin v26.5 - https:\/\/yoast.com\/wordpress\/plugins\/seo\/ -->\n<title>Como funciona o Nomus ERP Industrial - Gest\u00e3o para ind\u00fastrias<\/title>\n<meta name=\"description\" content=\"Entenda como funciona o Nomus ERP Industrial e saiba quais s\u00e3o as funcionalidades, vantagens e como ele pode ajudar na controlar a gest\u00e3o da sua ind\u00fastria.\" \/>\n<meta name=\"robots\" content=\"index, follow, max-snippet:-1, max-image-preview:large, max-video-preview:-1\" \/>\n<link rel=\"canonical\" href=\"https:\/\/www.nomus.com.br\/erpindustrial\/como-funciona\/\" \/>\n<meta property=\"og:locale\" content=\"pt_BR\" \/>\n<meta property=\"og:type\" content=\"article\" \/>\n<meta property=\"og:title\" content=\"Como funciona o Nomus ERP Industrial?\" \/>\n<meta property=\"og:description\" content=\"Entenda como funciona o Nomus ERP Industrial e saiba quais s\u00e3o as funcionalidades, vantagens e como ele pode ajudar na controlar a gest\u00e3o da sua ind\u00fastria.\" \/>\n<meta property=\"og:url\" content=\"https:\/\/www.nomus.com.br\/erpindustrial\/como-funciona\/\" \/>\n<meta property=\"og:site_name\" content=\"Nomus ERP Industrial\" \/>\n<meta property=\"article:modified_time\" content=\"2025-10-21T18:44:17+00:00\" \/>\n<meta property=\"og:image\" content=\"https:\/\/www.nomus.com.br\/erpindustrial\/wp-content\/uploads\/2025\/10\/og-como-funciona.jpg\" \/>\n\t<meta property=\"og:image:width\" content=\"620\" \/>\n\t<meta property=\"og:image:height\" content=\"405\" \/>\n\t<meta property=\"og:image:type\" content=\"image\/jpeg\" \/>\n<meta name=\"twitter:card\" content=\"summary_large_image\" \/>\n<meta name=\"twitter:title\" content=\"Como funciona o Nomus ERP Industrial?\" \/>\n<meta name=\"twitter:description\" content=\"Entenda como funciona o Nomus ERP Industrial e saiba quais s\u00e3o as funcionalidades, vantagens e como ele pode ajudar na controlar a gest\u00e3o da sua ind\u00fastria.\" \/>\n<meta name=\"twitter:image\" content=\"https:\/\/www.nomus.com.br\/erpindustrial\/wp-content\/uploads\/2019\/08\/como-funciona.jpg\" \/>\n<meta name=\"twitter:label1\" content=\"Est. tempo de leitura\" \/>\n\t<meta name=\"twitter:data1\" content=\"4 minutos\" \/>\n<script type=\"application\/ld+json\" class=\"yoast-schema-graph\">{\"@context\":\"https:\/\/schema.org\",\"@graph\":[{\"@type\":\"WebPage\",\"@id\":\"https:\/\/www.nomus.com.br\/erpindustrial\/como-funciona\/\",\"url\":\"https:\/\/www.nomus.com.br\/erpindustrial\/como-funciona\/\",\"name\":\"Como funciona o Nomus ERP Industrial - Gest\u00e3o para ind\u00fastrias\",\"isPartOf\":{\"@id\":\"https:\/\/www.nomus.com.br\/erpindustrial\/#website\"},\"primaryImageOfPage\":{\"@id\":\"https:\/\/www.nomus.com.br\/erpindustrial\/como-funciona\/#primaryimage\"},\"image\":{\"@id\":\"https:\/\/www.nomus.com.br\/erpindustrial\/como-funciona\/#primaryimage\"},\"thumbnailUrl\":\"https:\/\/nomus.com.br\/erpindustrial\/wp-content\/uploads\/2019\/04\/1-vendas-2.jpg\",\"datePublished\":\"2015-07-06T13:15:11+00:00\",\"dateModified\":\"2025-10-21T18:44:17+00:00\",\"description\":\"Entenda como funciona o Nomus ERP Industrial e saiba quais s\u00e3o as funcionalidades, vantagens e como ele pode ajudar na controlar a gest\u00e3o da sua ind\u00fastria.\",\"breadcrumb\":{\"@id\":\"https:\/\/www.nomus.com.br\/erpindustrial\/como-funciona\/#breadcrumb\"},\"inLanguage\":\"pt-BR\",\"potentialAction\":[{\"@type\":\"ReadAction\",\"target\":[\"https:\/\/www.nomus.com.br\/erpindustrial\/como-funciona\/\"]}]},{\"@type\":\"ImageObject\",\"inLanguage\":\"pt-BR\",\"@id\":\"https:\/\/www.nomus.com.br\/erpindustrial\/como-funciona\/#primaryimage\",\"url\":\"https:\/\/nomus.com.br\/erpindustrial\/wp-content\/uploads\/2019\/04\/1-vendas-2.jpg\",\"contentUrl\":\"https:\/\/nomus.com.br\/erpindustrial\/wp-content\/uploads\/2019\/04\/1-vendas-2.jpg\"},{\"@type\":\"BreadcrumbList\",\"@id\":\"https:\/\/www.nomus.com.br\/erpindustrial\/como-funciona\/#breadcrumb\",\"itemListElement\":[{\"@type\":\"ListItem\",\"position\":1,\"name\":\"Nomus ERP Industrial\",\"item\":\"https:\/\/www.nomus.com.br\/erpindustrial\/\"},{\"@type\":\"ListItem\",\"position\":2,\"name\":\"Como funciona o Nomus ERP Industrial\"}]},{\"@type\":\"WebSite\",\"@id\":\"https:\/\/www.nomus.com.br\/erpindustrial\/#website\",\"url\":\"https:\/\/www.nomus.com.br\/erpindustrial\/\",\"name\":\"Nomus ERP Industrial\",\"description\":\"O melhor sistema de gest\u00e3o ERP para ind\u00fastrias do Brasil\",\"potentialAction\":[{\"@type\":\"SearchAction\",\"target\":{\"@type\":\"EntryPoint\",\"urlTemplate\":\"https:\/\/www.nomus.com.br\/erpindustrial\/?s={search_term_string}\"},\"query-input\":{\"@type\":\"PropertyValueSpecification\",\"valueRequired\":true,\"valueName\":\"search_term_string\"}}],\"inLanguage\":\"pt-BR\"}]}<\/script>\n<!-- \/ Yoast SEO plugin. -->","yoast_head_json":{"title":"Como funciona o Nomus ERP Industrial - Gest\u00e3o para ind\u00fastrias","description":"Entenda como funciona o Nomus ERP Industrial e saiba quais s\u00e3o as funcionalidades, vantagens e como ele pode ajudar na controlar a gest\u00e3o da sua ind\u00fastria.","robots":{"index":"index","follow":"follow","max-snippet":"max-snippet:-1","max-image-preview":"max-image-preview:large","max-video-preview":"max-video-preview:-1"},"canonical":"https:\/\/www.nomus.com.br\/erpindustrial\/como-funciona\/","og_locale":"pt_BR","og_type":"article","og_title":"Como funciona o Nomus ERP Industrial?","og_description":"Entenda como funciona o Nomus ERP Industrial e saiba quais s\u00e3o as funcionalidades, vantagens e como ele pode ajudar na controlar a gest\u00e3o da sua ind\u00fastria.","og_url":"https:\/\/www.nomus.com.br\/erpindustrial\/como-funciona\/","og_site_name":"Nomus ERP Industrial","article_modified_time":"2025-10-21T18:44:17+00:00","og_image":[{"width":620,"height":405,"url":"https:\/\/www.nomus.com.br\/erpindustrial\/wp-content\/uploads\/2025\/10\/og-como-funciona.jpg","type":"image\/jpeg"}],"twitter_card":"summary_large_image","twitter_title":"Como funciona o Nomus ERP Industrial?","twitter_description":"Entenda como funciona o Nomus ERP Industrial e saiba quais s\u00e3o as funcionalidades, vantagens e como ele pode ajudar na controlar a gest\u00e3o da sua ind\u00fastria.","twitter_image":"https:\/\/www.nomus.com.br\/erpindustrial\/wp-content\/uploads\/2019\/08\/como-funciona.jpg","twitter_misc":{"Est. tempo de leitura":"4 minutos"},"schema":{"@context":"https:\/\/schema.org","@graph":[{"@type":"WebPage","@id":"https:\/\/www.nomus.com.br\/erpindustrial\/como-funciona\/","url":"https:\/\/www.nomus.com.br\/erpindustrial\/como-funciona\/","name":"Como funciona o Nomus ERP Industrial - Gest\u00e3o para ind\u00fastrias","isPartOf":{"@id":"https:\/\/www.nomus.com.br\/erpindustrial\/#website"},"primaryImageOfPage":{"@id":"https:\/\/www.nomus.com.br\/erpindustrial\/como-funciona\/#primaryimage"},"image":{"@id":"https:\/\/www.nomus.com.br\/erpindustrial\/como-funciona\/#primaryimage"},"thumbnailUrl":"https:\/\/nomus.com.br\/erpindustrial\/wp-content\/uploads\/2019\/04\/1-vendas-2.jpg","datePublished":"2015-07-06T13:15:11+00:00","dateModified":"2025-10-21T18:44:17+00:00","description":"Entenda como funciona o Nomus ERP Industrial e saiba quais s\u00e3o as funcionalidades, vantagens e como ele pode ajudar na controlar a gest\u00e3o da sua ind\u00fastria.","breadcrumb":{"@id":"https:\/\/www.nomus.com.br\/erpindustrial\/como-funciona\/#breadcrumb"},"inLanguage":"pt-BR","potentialAction":[{"@type":"ReadAction","target":["https:\/\/www.nomus.com.br\/erpindustrial\/como-funciona\/"]}]},{"@type":"ImageObject","inLanguage":"pt-BR","@id":"https:\/\/www.nomus.com.br\/erpindustrial\/como-funciona\/#primaryimage","url":"https:\/\/nomus.com.br\/erpindustrial\/wp-content\/uploads\/2019\/04\/1-vendas-2.jpg","contentUrl":"https:\/\/nomus.com.br\/erpindustrial\/wp-content\/uploads\/2019\/04\/1-vendas-2.jpg"},{"@type":"BreadcrumbList","@id":"https:\/\/www.nomus.com.br\/erpindustrial\/como-funciona\/#breadcrumb","itemListElement":[{"@type":"ListItem","position":1,"name":"Nomus ERP Industrial","item":"https:\/\/www.nomus.com.br\/erpindustrial\/"},{"@type":"ListItem","position":2,"name":"Como funciona o Nomus ERP Industrial"}]},{"@type":"WebSite","@id":"https:\/\/www.nomus.com.br\/erpindustrial\/#website","url":"https:\/\/www.nomus.com.br\/erpindustrial\/","name":"Nomus ERP Industrial","description":"O melhor sistema de gest\u00e3o ERP para ind\u00fastrias do Brasil","potentialAction":[{"@type":"SearchAction","target":{"@type":"EntryPoint","urlTemplate":"https:\/\/www.nomus.com.br\/erpindustrial\/?s={search_term_string}"},"query-input":{"@type":"PropertyValueSpecification","valueRequired":true,"valueName":"search_term_string"}}],"inLanguage":"pt-BR"}]}},"_links":{"self":[{"href":"https:\/\/www.nomus.com.br\/erpindustrial\/wp-json\/wp\/v2\/pages\/47","targetHints":{"allow":["GET"]}}],"collection":[{"href":"https:\/\/www.nomus.com.br\/erpindustrial\/wp-json\/wp\/v2\/pages"}],"about":[{"href":"https:\/\/www.nomus.com.br\/erpindustrial\/wp-json\/wp\/v2\/types\/page"}],"author":[{"embeddable":true,"href":"https:\/\/www.nomus.com.br\/erpindustrial\/wp-json\/wp\/v2\/users\/1"}],"replies":[{"embeddable":true,"href":"https:\/\/www.nomus.com.br\/erpindustrial\/wp-json\/wp\/v2\/comments?post=47"}],"version-history":[{"count":132,"href":"https:\/\/www.nomus.com.br\/erpindustrial\/wp-json\/wp\/v2\/pages\/47\/revisions"}],"predecessor-version":[{"id":3275,"href":"https:\/\/www.nomus.com.br\/erpindustrial\/wp-json\/wp\/v2\/pages\/47\/revisions\/3275"}],"wp:attachment":[{"href":"https:\/\/www.nomus.com.br\/erpindustrial\/wp-json\/wp\/v2\/media?parent=47"}],"curies":[{"name":"wp","href":"https:\/\/api.w.org\/{rel}","templated":true}]}}