{"id":3882,"date":"2021-03-31T18:06:21","date_gmt":"2021-03-31T21:06:21","guid":{"rendered":"https:\/\/www.nomus.com.br\/erpindustrial\/?page_id=3882"},"modified":"2021-04-14T12:38:44","modified_gmt":"2021-04-14T15:38:44","slug":"promocao-a-hora-e-agora","status":"publish","type":"page","link":"https:\/\/www.nomus.com.br\/erpindustrial\/promocao-a-hora-e-agora\/","title":{"rendered":"Promo\u00e7\u00e3o A hora \u00e9 agora &#8211; Nomus ERP Industrial"},"content":{"rendered":"<link rel=\"stylesheet\" href=\"http:\/\/nomus.com.br\/erpindustrial\/wp-content\/themes\/nomusindustrial\/css\/jquery.idealforms.css\">\r\n\r\n\r\n<style>\r\n\r\n  body{\r\n    background-color:#003f74;\r\n  }\r\n\r\n.linha-conv{\r\ndisplay:none;\r\n}\r\n\r\n.nav-principal{\r\n  display:none;\r\n}\r\n.linha-bread{\r\n  display:none;\r\n}\r\n.idealsteps-nav{\r\n    background: #F3F3F3;\r\n    box-shadow: none;\r\n    border: 0px;\r\n    margin-bottom:0px;\r\n}\r\n\r\n.idealsteps-nav li.idealsteps-step-active a{\r\n    background: #3FA3D8;\r\n    color:white;\r\n}\r\n\r\n.idealsteps-nav li.idealsteps-step-active a:after {\r\n    border-left-color: #3FA3D8;\r\n}\r\n.counter{\r\n  display:none;\r\n}\r\nlabel {\r\n  color:#5E7581;\r\n}\r\nform.idealforms .field {\r\n    margin: 10px 0px;\r\n}\r\nh3{\r\n  margin:5px;\r\n}\r\n\r\n\/*\r\n.fase-1 td:hover {\r\n  background-color:#E8FFF3;\r\n}\r\n\r\n.fase-2 td:hover {\r\n  background-color:#E4F6FF ;\r\n}\r\n\r\n\r\n.fase-3 td:hover {\r\n  background-color:#C6EDFF ;\r\n}\r\n\r\n.fase-4 td:hover {\r\n  background-color:#C6EDFF ;\r\n}\r\n\r\n\r\n.fase-5 td:hover {\r\n  background-color:#DFEAFF ;\r\n}\r\n\r\n\r\n.fase-6 td:hover {\r\n  background-color:#E7E1FF ;\r\n}\r\n\r\n*\/\r\n\r\n.ajuda-usuarios{\r\n  background-color: #FFFEED;    border: 2px solid #E8DFCC;\r\n}\r\n\r\n.ajuda-usuarios span{\r\n  color:#B3AB9B;\r\n}\r\n\r\n.ajuda-implantacao{\r\n      padding: 10px 10px 0px 10px;\r\n\r\n}\r\n\r\n.ajuda-implantacao span{\r\n  color: #D4BE8F;\r\n}\r\n\r\n\r\n\r\n.tabela-funcionarios>tbody>tr>td, .tabela-funcionarios>tbody>tr>th, .tabela-funcionarios>tfoot>tr>td, .tabela-funcionarios>tfoot>tr>th, .tabela-funcionarios>thead>tr>td, .tabela-funcionarios>thead>tr>th{\r\n    padding: 3px 10px;\r\n    border: 1px solid #D6CEBE;\r\n}\r\n\r\n\r\nlabel{\r\n  font-weight:normal;\r\n}\r\n\r\n.strong{\r\n  font-weight:bold;\r\n}\r\n\r\n.tabela-funcionarios {\r\n    font-size: 13px;\r\n    color: #676767;\r\n}\r\n\r\n.td-fase{\r\n  width:90px;\r\n  vertical-align: middle !important;\r\n}\r\n\r\n.tabela-consultoria, .tabela-de-consultoria{\r\n  border-bottom:1px solid #ddd;\r\n}\r\n\r\n.modulo-implantacao{\r\n  width:262px;\r\n}\r\n\r\n.marcadortopo{\r\n  display:none;\r\n}\r\n\r\n.tabela-de-consultoria td:hover{\r\n  background-color:#fff;\r\n}\r\n\r\n.embreve{\r\n  color:#aaa;\r\n}\r\n.fc-widget-normal, .h-open-notify, .fc-open{\r\n  display:none !important;\r\n}\r\n\r\nh2{\r\n  color:#ffcc4d;\r\n}\r\n\r\np{\r\n\r\n  color:#f3f3f3;\r\n}\r\n.promoblackfriday{\r\n  font-size:16px;\r\n  text-align:center;\r\n}\r\n\r\nth.text-center.titulopromo {\r\n    background-color: #ffc84b;\r\n}\r\n\r\ntd.usuario-promo {\r\n    background-color: #f3f3f3;\r\n}\r\n\r\ntd.valor-antigo-promo {\r\n    background-color: #b3b3b3;\r\n    text-decoration: line-through;\r\n}\r\n\r\ntd.novo-valor-promo {\r\n    background-color: #ffc84b;\r\n    font-size: 17px;\r\n    font-weight: bold;\r\n}\r\n\r\nhr {\r\n    margin-top: 20px;\r\n    margin-bottom: 20px;\r\n    border: 0;\r\n    border-top: 1px solid #ffcc4d\r\n}\r\n\r\np#ahoraeagora {\r\n    color: #fd3d3d;\r\n    font-weight: bold;\r\n    font-size: 50px;\r\n    margin: 0;\r\n    padding: 0;\r\n}\r\n\r\n.btn-warning {\r\n    color: #1b1b1b;\r\n    background-color: #ffc84b;\r\n    border-color: #ad8426;\r\n    font-size: 25px;\r\n    border-bottom: 5px solid #ec971f;\r\n    margin-bottom: 20px;\r\n}\r\n\r\n.subpromo{\r\n    font-size: 20px;\r\n    background-color: #ffc84b;\r\n    color: #0c0c0c;\r\n    padding: 10px;\r\n    margin-bottom: 0px;\r\n    border-bottom: 2px solid #ddd;\r\n}\r\n\r\n.precoantigo{\r\n    text-decoration: line-through;\r\n    color: red;\r\n    background-color: #f3f3f3;\r\n    margin-bottom: 0;\r\n    padding: 8px;\r\n}\r\n.precopromo{\r\n    font-weight: bold;\r\n    color: #5bab12;\r\n    margin-top: 0;\r\n    background-color: #f3f3f3;\r\n    padding: 10px;\r\n    border-top: 1px solid #ddd;\r\n    font-size: 50px;\r\n}\r\n\r\np b {\r\n    color: #ffcc4d;\r\n}\r\n\r\n.labelpromo{\r\n  font-size:16px;\r\n      margin-bottom: -20px;\r\n    background-color: #0052fb;\r\n    color: white;\r\n}\r\n<\/style>\r\n\r\n<div class=\"container\">\r\n\r\n  <div class=\"row\">\r\n    <div class=\"col-md-12 text-center\" style=\"min-height:300px\">\r\n      <img decoding=\"async\" data-src=\"https:\/\/www.nomus.com.br\/erpindustrial\/wp-content\/uploads\/2021\/04\/banner-promo.jpg\" alt=\"Promo\u00e7\u00e3o a hora \u00e9 agora\" src=\"data:image\/svg+xml;base64,PHN2ZyB3aWR0aD0iMSIgaGVpZ2h0PSIxIiB4bWxucz0iaHR0cDovL3d3dy53My5vcmcvMjAwMC9zdmciPjwvc3ZnPg==\" class=\"lazyload\" style=\"--smush-placeholder-width: 1170px; --smush-placeholder-aspect-ratio: 1170\/300;\">\r\n\r\n    <\/div>\r\n  <\/div>\r\n\r\n  <hr \/>\r\n\r\n <div class=\"row\">\r\n  <div class=\"col-md-6 text-center\">\r\n<iframe width=\"560\" height=\"315\" data-src=\"https:\/\/www.youtube.com\/embed\/DnuY1ko_nTo\" title=\"YouTube video player\" frameborder=\"0\" allow=\"accelerometer; autoplay; clipboard-write; encrypted-media; gyroscope; picture-in-picture\" allowfullscreen src=\"data:image\/svg+xml;base64,PHN2ZyB3aWR0aD0iMSIgaGVpZ2h0PSIxIiB4bWxucz0iaHR0cDovL3d3dy53My5vcmcvMjAwMC9zdmciPjwvc3ZnPg==\" class=\"lazyload\" data-load-mode=\"1\"><\/iframe>\r\n\r\n\r\n<\/div>\r\n\r\n\r\n  <div class=\"col-md-6 text-center\">\r\n    <h2>Promo\u00e7\u00e3o &#8220;A hora \u00e9 agora&#8221;*<\/h2>\r\n<p>Estamos vivendo o melhor momento para a sua ind\u00fastria se preparar para a retomada da economia. A hora de melhorar a gest\u00e3o \u00e9 agora.<\/p>\r\n\r\n<p>E para deixar esse momento ainda mais oportuno, o Nomus ERP Industrial est\u00e1 com uma condi\u00e7\u00e3o imperd\u00edvel. Confira:<\/p>\r\n<br>\r\n      <a href=\"http:\/\/material.nomus.com.br\/especialista\" target=\"_blank\" class=\"btn btn-warning\" rel=\"noopener noreferrer\">Quero falar com um especialista<\/a>  \r\n      <p>ou <a href=\"https:\/\/material.nomus.com.br\/apresentacao-erp-industrial-nomus\" target=\"_blank\" style=\"font-weight:bold\" rel=\"noopener\">assista uma demonstra\u00e7\u00e3o gratuita do sistema<\/a>.<\/p>\r\n<\/div>\r\n\r\n\r\n\r\n<\/div>\r\n<hr>\r\n\r\n<script>var countDownDate=new Date(\"Apr 30, 2021 23:59:59\").getTime();var x=setInterval(function(){var now=new Date().getTime();var distance=countDownDate-now;var days=Math.floor(distance\/(1000*60*60*24));var hours=Math.floor((distance%(1000*60*60*24))\/(1000*60*60));var minutes=Math.floor((distance%(1000*60*60))\/(1000*60));var seconds=Math.floor((distance%(1000*60))\/1000);document.getElementById(\"ahoraeagora\").innerHTML=days+\"d \"+hours+\"h \"+minutes+\"m \"+seconds+\"s \";if(distance<0){clearInterval(x);document.getElementById(\"ahoraeagora\").innerHTML=\"A promo\u00e7\u00e3o acabou\";}},1000);<\/script>\r\n\r\n<div class=\"row \">\r\n  <div class=\"col-md-5 col-md-offset-1 text-center\">\r\n<h2 class=\"subpromo labelpromo\">Para ind\u00fastrias no simples nacional com 1 CNPJ<\/h2>\r\n\r\n<h2 class=\"subpromo\">Sistema Nomus ERP Industrial <br> com 3 acessos simult\u00e2neos e 1 CNPJ<\/h2>\r\n<h2 class=\"precopromo\">R$490 \/ m\u00eas<\/h2>\r\n\r\n<h2 class=\"subpromo\">Treinamento de implanta\u00e7\u00e3o Lean **<\/h2>\r\n<p class=\"precoantigo\">de: R$2400<\/p>\r\n\r\n<h2 class=\"precopromo\">R$0<\/h2>\r\n\r\n<h2 class=\"subpromo\">4 horas de <b>consultoria vital\u00edcia<\/b> por ano ***<\/h2>\r\n<p class=\"precoantigo\">de: R$600<\/p>\r\n\r\n<h2 class=\"precopromo\">R$0<\/h2>\r\n\r\n  <\/div>\r\n\r\n  <div class=\"col-md-5 text-center\">\r\n<h2 class=\"subpromo labelpromo\">Para ind\u00fastrias do lucro presumido ou lucro real<\/h2>\r\n<h2 class=\"subpromo\">Sistema Nomus ERP Industrial <br> com 3 acessos simult\u00e2neos  e 1 CNPJ<\/h2>\r\n<h2 class=\"precopromo\">R$790 \/ m\u00eas<\/h2>\r\n\r\n<h2 class=\"subpromo\">Treinamento de implanta\u00e7\u00e3o Lean **<\/h2>\r\n<p class=\"precoantigo\">de: R$2400<\/p>\r\n<h2 class=\"precopromo\">R$0<\/h2>\r\n\r\n<h2 class=\"subpromo\">8 horas de <b>consultoria vital\u00edcia<\/b> por ano ***<\/h2>\r\n<p class=\"precoantigo\">de: R$1200<\/p>\r\n\r\n<h2 class=\"precopromo\">R$0<\/h2>\r\n\r\n  <\/div>\r\n<\/div>\r\n<hr>\r\n<div class=\"row \">\r\n  <div class=\"col-md-6 col-md-offset-3 text-center\">\r\n<table class=\"table promoblackfriday\">\r\n  <thead>\r\n    <th class=\"text-center titulopromo\">O que est\u00e1 incluso:<\/th>\r\n  <\/thead>\r\n  <tr>\r\n    <td class=\"usuario-promo\">Sistema Nomus ERP Industrial em nuvem para <b>3 usu\u00e1rios simult\u00e2neos e 1 CNPJ<\/b> (Voc\u00ea pode personalizar esses itens)<\/td>\r\n  <\/tr>\r\n  <tr>\r\n    <td class=\"usuario-promo\"><b>68 horas de treinamentos gravados<\/b> (vendas, faturamento, compras, recebimento, gest\u00e3o financeira, produ\u00e7\u00e3o, estoque e dashboard)<\/td>\r\n  <\/tr>\r\n  <tr>\r\n    <td class=\"usuario-promo\"><b>16 horas de implanta\u00e7\u00e3o ao vivo<\/b> para acompanhar o treinamento gravado. (Devem ser consumidas no primeiro ano de contrato e n\u00e3o acumulam para o segundo ano)<\/td>\r\n  <\/tr>\r\n  <tr>\r\n    <td class=\"usuario-promo\">A partir do segundo ano, mantendo a mensalidade do sistema em dia, sua empresa recebe <b>4 ou 8 horas (dependendo do plano) de consultoria vital\u00edcia por ano<\/b>. (N\u00e3o acumulativo)<\/td>\r\n  <\/tr>\r\n<\/table>\r\n  <\/div>\r\n<\/div>\r\n<div class=\"row\">\r\n  <div class=\"col-md-6 col-md-offset-3 text-center\">\r\n<p>Com <b>um investimento equivalente a apenas R$27 por dia<\/b> a sua empresa pode ter a disposi\u00e7\u00e3o o melhor sistema para gerenciar pequenas e m\u00e9dias ind\u00fastrias do mercado com o treinamento lean incluso.<\/p>\r\n\r\n<p>Essa \u00e9 a sua oportunidade para abandonar de vez as planilhas em 2021 e garantir que toda a sua equipe use o sistema de forma organizada.<\/p>\r\n  <\/div>\r\n<\/div>\r\n\r\n\r\n\r\n   <hr \/>\r\n\r\n  <div class=\"row\">\r\n    <div class=\"col-md-12 text-center\">\r\n      <h2>Aten\u00e7\u00e3o ao prazo e ao limite de vagas:<\/h2>\r\n      <p>Mas aten\u00e7\u00e3o ao prazo, <b>a promo\u00e7\u00e3o s\u00f3 \u00e9 valida at\u00e9 o dia 30\/04\/2021<\/b> <br>e s\u00f3 est\u00e1 dispon\u00edvel para as <b>49 primeiras empresas<\/b> que se inscreverem<\/b>.<\/p>\r\n\r\n      <p id=\"ahoraeagora\"><\/p>\r\n\r\n      <p>Tempo restante at\u00e9 a promo\u00e7\u00e3o acabar.<\/p>\r\n\r\n    <\/div>\r\n  <\/div>\r\n \r\n\r\n   <hr \/>\r\n\r\n  <div class=\"row\">\r\n    <div class=\"col-md-12 text-center\">\r\n      <h2>Contrate hoje mesmo:<\/h2>\r\n      <p>\u00c9 melhor garantir a sua vaga agora mesmo para n\u00e3o deixar essa oportunidade escapar. <br>Clique em um bot\u00e3o abaixo e vamos come\u00e7ar:<\/p>\r\n      <a href=\"http:\/\/material.nomus.com.br\/especialista\" target=\"_blank\" class=\"btn btn-warning\" rel=\"noopener noreferrer\">Quero falar com um especialista<\/a>  \r\n      <p>ou <a href=\"https:\/\/material.nomus.com.br\/apresentacao-erp-industrial-nomus\" target=\"_blank\" style=\"font-weight:bold\" rel=\"noopener\">assista uma demonstra\u00e7\u00e3o gratuita do sistema<\/a>.<\/p>\r\n      <br>\r\n      <p>Sonhe grande, defina metas de longo prazo desafiadoras, e conte com a Nomus para estar sempre ao seu lado na sua jornada rumo \u00e0 excel\u00eancia na gest\u00e3o<\/p>\r\n<p>Lembre-se, quando a rotina come\u00e7ar a voltar ao normal, voc\u00ea vai desejar ter come\u00e7ado hoje.<\/p>\r\n<br>\r\n<hr>\r\n<p>* Promo\u00e7\u00e3o v\u00e1lida para novos clientes.<\/p>\r\n<p>** As 16 horas de implanta\u00e7\u00e3o Lean b\u00f4nus devem ser consumidas no primeiro ano de contrato e n\u00e3o acumulam para o segundo ano.<\/p>\r\n<p>*** A partir do segundo ano, os clientes do plano Enterprise que contrarem o sistema durante a promo\u00e7\u00e3o a hora \u00e9 agora e mantiverem a assinatura do sistema em dia recebem 8 horas de consultoria vital\u00edcia e os clientes do plano Simples Nacional recebem 4 horas de consultoria vital\u00edcia. As horas <b>n\u00e3o<\/b> acumulam de um ano para o outro.<\/p>\r\n    <\/div>\r\n  <\/div>\r\n   <hr \/>\r\n\r\n<\/div>\r\n\r\n\r\n\r\n\r\n\r\n\r\n\r\n","protected":false},"excerpt":{"rendered":"<p>Promo\u00e7\u00e3o &#8220;A hora \u00e9 agora&#8221;* Estamos vivendo o melhor momento para a sua ind\u00fastria se preparar para a retomada da economia. A hora de melhorar a gest\u00e3o \u00e9 agora. E para deixar esse momento ainda mais oportuno, o Nomus ERP Industrial est\u00e1 com uma condi\u00e7\u00e3o imperd\u00edvel. Confira: Quero falar com um especialista ou assista uma [&hellip;]<\/p>\n","protected":false},"author":1,"featured_media":0,"parent":0,"menu_order":0,"comment_status":"closed","ping_status":"closed","template":"page-turma.php","meta":{"_acf_changed":false,"footnotes":""},"class_list":["post-3882","page","type-page","status-publish","hentry"],"acf":[],"yoast_head":"<!-- This site is optimized with the Yoast SEO plugin v26.5 - https:\/\/yoast.com\/wordpress\/plugins\/seo\/ -->\n<title>Promo &quot;A hora \u00e9 agora&quot;. Nomus ERP Industrial com implanta\u00e7\u00e3o b\u00f4nus gratuita<\/title>\n<meta name=\"description\" content=\"Promo\u00e7\u00e3o do sistema Nomus ERP Industrial com implanta\u00e7\u00e3o b\u00f4nus gratuita e consultoria vital\u00edcia. Promo\u00e7\u00e3o com tempo e datas limitadas. Aproveite!\" \/>\n<meta name=\"robots\" content=\"index, follow, max-snippet:-1, max-image-preview:large, max-video-preview:-1\" \/>\n<link rel=\"canonical\" href=\"https:\/\/www.nomus.com.br\/erpindustrial\/promocao-a-hora-e-agora\/\" \/>\n<meta property=\"og:locale\" content=\"pt_BR\" \/>\n<meta property=\"og:type\" content=\"article\" \/>\n<meta property=\"og:title\" content=\"Promo &quot;A hora \u00e9 agora&quot;. Nomus ERP Industrial com implanta\u00e7\u00e3o b\u00f4nus gratuita\" \/>\n<meta property=\"og:description\" content=\"Promo\u00e7\u00e3o do sistema Nomus ERP Industrial com implanta\u00e7\u00e3o b\u00f4nus gratuita e consultoria vital\u00edcia. Promo\u00e7\u00e3o com tempo e datas limitadas. Aproveite!\" \/>\n<meta property=\"og:url\" content=\"https:\/\/www.nomus.com.br\/erpindustrial\/promocao-a-hora-e-agora\/\" \/>\n<meta property=\"og:site_name\" content=\"Nomus ERP Industrial\" \/>\n<meta property=\"article:modified_time\" content=\"2021-04-14T15:38:44+00:00\" \/>\n<meta property=\"og:image\" content=\"https:\/\/www.nomus.com.br\/erpindustrial\/wp-content\/uploads\/2021\/03\/promocao-a-hora-e-agora.jpg\" \/>\n\t<meta property=\"og:image:width\" content=\"1170\" \/>\n\t<meta property=\"og:image:height\" content=\"300\" \/>\n\t<meta property=\"og:image:type\" content=\"image\/jpeg\" \/>\n<meta name=\"twitter:card\" content=\"summary_large_image\" \/>\n<meta name=\"twitter:title\" content=\"Promo &quot;A hora \u00e9 agora&quot;. Nomus ERP Industrial com implanta\u00e7\u00e3o b\u00f4nus gratuita\" \/>\n<meta name=\"twitter:description\" content=\"Promo\u00e7\u00e3o do sistema Nomus ERP Industrial com implanta\u00e7\u00e3o b\u00f4nus gratuita e consultoria vital\u00edcia. Promo\u00e7\u00e3o com tempo e datas limitadas. Aproveite!\" \/>\n<meta name=\"twitter:image\" content=\"https:\/\/www.nomus.com.br\/erpindustrial\/wp-content\/uploads\/2021\/03\/promocao-a-hora-e-agora.jpg\" \/>\n<meta name=\"twitter:label1\" content=\"Est. tempo de leitura\" \/>\n\t<meta name=\"twitter:data1\" content=\"3 minutos\" \/>\n<script type=\"application\/ld+json\" class=\"yoast-schema-graph\">{\"@context\":\"https:\/\/schema.org\",\"@graph\":[{\"@type\":\"WebPage\",\"@id\":\"https:\/\/www.nomus.com.br\/erpindustrial\/promocao-a-hora-e-agora\/\",\"url\":\"https:\/\/www.nomus.com.br\/erpindustrial\/promocao-a-hora-e-agora\/\",\"name\":\"Promo \\\"A hora \u00e9 agora\\\". Nomus ERP Industrial com implanta\u00e7\u00e3o b\u00f4nus gratuita\",\"isPartOf\":{\"@id\":\"https:\/\/www.nomus.com.br\/erpindustrial\/#website\"},\"primaryImageOfPage\":{\"@id\":\"https:\/\/www.nomus.com.br\/erpindustrial\/promocao-a-hora-e-agora\/#primaryimage\"},\"image\":{\"@id\":\"https:\/\/www.nomus.com.br\/erpindustrial\/promocao-a-hora-e-agora\/#primaryimage\"},\"thumbnailUrl\":\"https:\/\/www.nomus.com.br\/erpindustrial\/wp-content\/uploads\/2021\/04\/banner-promo.jpg\",\"datePublished\":\"2021-03-31T21:06:21+00:00\",\"dateModified\":\"2021-04-14T15:38:44+00:00\",\"description\":\"Promo\u00e7\u00e3o do sistema Nomus ERP Industrial com implanta\u00e7\u00e3o b\u00f4nus gratuita e consultoria vital\u00edcia. Promo\u00e7\u00e3o com tempo e datas limitadas. Aproveite!\",\"breadcrumb\":{\"@id\":\"https:\/\/www.nomus.com.br\/erpindustrial\/promocao-a-hora-e-agora\/#breadcrumb\"},\"inLanguage\":\"pt-BR\",\"potentialAction\":[{\"@type\":\"ReadAction\",\"target\":[\"https:\/\/www.nomus.com.br\/erpindustrial\/promocao-a-hora-e-agora\/\"]}]},{\"@type\":\"ImageObject\",\"inLanguage\":\"pt-BR\",\"@id\":\"https:\/\/www.nomus.com.br\/erpindustrial\/promocao-a-hora-e-agora\/#primaryimage\",\"url\":\"https:\/\/www.nomus.com.br\/erpindustrial\/wp-content\/uploads\/2021\/04\/banner-promo.jpg\",\"contentUrl\":\"https:\/\/www.nomus.com.br\/erpindustrial\/wp-content\/uploads\/2021\/04\/banner-promo.jpg\",\"width\":1170,\"height\":300},{\"@type\":\"BreadcrumbList\",\"@id\":\"https:\/\/www.nomus.com.br\/erpindustrial\/promocao-a-hora-e-agora\/#breadcrumb\",\"itemListElement\":[{\"@type\":\"ListItem\",\"position\":1,\"name\":\"Nomus ERP Industrial\",\"item\":\"https:\/\/www.nomus.com.br\/erpindustrial\/\"},{\"@type\":\"ListItem\",\"position\":2,\"name\":\"Promo\u00e7\u00e3o A hora \u00e9 agora &#8211; Nomus ERP Industrial\"}]},{\"@type\":\"WebSite\",\"@id\":\"https:\/\/www.nomus.com.br\/erpindustrial\/#website\",\"url\":\"https:\/\/www.nomus.com.br\/erpindustrial\/\",\"name\":\"Nomus ERP Industrial\",\"description\":\"O melhor sistema de gest\u00e3o ERP para ind\u00fastrias do Brasil\",\"potentialAction\":[{\"@type\":\"SearchAction\",\"target\":{\"@type\":\"EntryPoint\",\"urlTemplate\":\"https:\/\/www.nomus.com.br\/erpindustrial\/?s={search_term_string}\"},\"query-input\":{\"@type\":\"PropertyValueSpecification\",\"valueRequired\":true,\"valueName\":\"search_term_string\"}}],\"inLanguage\":\"pt-BR\"}]}<\/script>\n<!-- \/ Yoast SEO plugin. -->","yoast_head_json":{"title":"Promo \"A hora \u00e9 agora\". Nomus ERP Industrial com implanta\u00e7\u00e3o b\u00f4nus gratuita","description":"Promo\u00e7\u00e3o do sistema Nomus ERP Industrial com implanta\u00e7\u00e3o b\u00f4nus gratuita e consultoria vital\u00edcia. Promo\u00e7\u00e3o com tempo e datas limitadas. Aproveite!","robots":{"index":"index","follow":"follow","max-snippet":"max-snippet:-1","max-image-preview":"max-image-preview:large","max-video-preview":"max-video-preview:-1"},"canonical":"https:\/\/www.nomus.com.br\/erpindustrial\/promocao-a-hora-e-agora\/","og_locale":"pt_BR","og_type":"article","og_title":"Promo \"A hora \u00e9 agora\". Nomus ERP Industrial com implanta\u00e7\u00e3o b\u00f4nus gratuita","og_description":"Promo\u00e7\u00e3o do sistema Nomus ERP Industrial com implanta\u00e7\u00e3o b\u00f4nus gratuita e consultoria vital\u00edcia. Promo\u00e7\u00e3o com tempo e datas limitadas. Aproveite!","og_url":"https:\/\/www.nomus.com.br\/erpindustrial\/promocao-a-hora-e-agora\/","og_site_name":"Nomus ERP Industrial","article_modified_time":"2021-04-14T15:38:44+00:00","og_image":[{"width":1170,"height":300,"url":"https:\/\/www.nomus.com.br\/erpindustrial\/wp-content\/uploads\/2021\/03\/promocao-a-hora-e-agora.jpg","type":"image\/jpeg"}],"twitter_card":"summary_large_image","twitter_title":"Promo \"A hora \u00e9 agora\". Nomus ERP Industrial com implanta\u00e7\u00e3o b\u00f4nus gratuita","twitter_description":"Promo\u00e7\u00e3o do sistema Nomus ERP Industrial com implanta\u00e7\u00e3o b\u00f4nus gratuita e consultoria vital\u00edcia. Promo\u00e7\u00e3o com tempo e datas limitadas. Aproveite!","twitter_image":"https:\/\/www.nomus.com.br\/erpindustrial\/wp-content\/uploads\/2021\/03\/promocao-a-hora-e-agora.jpg","twitter_misc":{"Est. tempo de leitura":"3 minutos"},"schema":{"@context":"https:\/\/schema.org","@graph":[{"@type":"WebPage","@id":"https:\/\/www.nomus.com.br\/erpindustrial\/promocao-a-hora-e-agora\/","url":"https:\/\/www.nomus.com.br\/erpindustrial\/promocao-a-hora-e-agora\/","name":"Promo \"A hora \u00e9 agora\". Nomus ERP Industrial com implanta\u00e7\u00e3o b\u00f4nus gratuita","isPartOf":{"@id":"https:\/\/www.nomus.com.br\/erpindustrial\/#website"},"primaryImageOfPage":{"@id":"https:\/\/www.nomus.com.br\/erpindustrial\/promocao-a-hora-e-agora\/#primaryimage"},"image":{"@id":"https:\/\/www.nomus.com.br\/erpindustrial\/promocao-a-hora-e-agora\/#primaryimage"},"thumbnailUrl":"https:\/\/www.nomus.com.br\/erpindustrial\/wp-content\/uploads\/2021\/04\/banner-promo.jpg","datePublished":"2021-03-31T21:06:21+00:00","dateModified":"2021-04-14T15:38:44+00:00","description":"Promo\u00e7\u00e3o do sistema Nomus ERP Industrial com implanta\u00e7\u00e3o b\u00f4nus gratuita e consultoria vital\u00edcia. Promo\u00e7\u00e3o com tempo e datas limitadas. Aproveite!","breadcrumb":{"@id":"https:\/\/www.nomus.com.br\/erpindustrial\/promocao-a-hora-e-agora\/#breadcrumb"},"inLanguage":"pt-BR","potentialAction":[{"@type":"ReadAction","target":["https:\/\/www.nomus.com.br\/erpindustrial\/promocao-a-hora-e-agora\/"]}]},{"@type":"ImageObject","inLanguage":"pt-BR","@id":"https:\/\/www.nomus.com.br\/erpindustrial\/promocao-a-hora-e-agora\/#primaryimage","url":"https:\/\/www.nomus.com.br\/erpindustrial\/wp-content\/uploads\/2021\/04\/banner-promo.jpg","contentUrl":"https:\/\/www.nomus.com.br\/erpindustrial\/wp-content\/uploads\/2021\/04\/banner-promo.jpg","width":1170,"height":300},{"@type":"BreadcrumbList","@id":"https:\/\/www.nomus.com.br\/erpindustrial\/promocao-a-hora-e-agora\/#breadcrumb","itemListElement":[{"@type":"ListItem","position":1,"name":"Nomus ERP Industrial","item":"https:\/\/www.nomus.com.br\/erpindustrial\/"},{"@type":"ListItem","position":2,"name":"Promo\u00e7\u00e3o A hora \u00e9 agora &#8211; Nomus ERP Industrial"}]},{"@type":"WebSite","@id":"https:\/\/www.nomus.com.br\/erpindustrial\/#website","url":"https:\/\/www.nomus.com.br\/erpindustrial\/","name":"Nomus ERP Industrial","description":"O melhor sistema de gest\u00e3o ERP para ind\u00fastrias do Brasil","potentialAction":[{"@type":"SearchAction","target":{"@type":"EntryPoint","urlTemplate":"https:\/\/www.nomus.com.br\/erpindustrial\/?s={search_term_string}"},"query-input":{"@type":"PropertyValueSpecification","valueRequired":true,"valueName":"search_term_string"}}],"inLanguage":"pt-BR"}]}},"_links":{"self":[{"href":"https:\/\/www.nomus.com.br\/erpindustrial\/wp-json\/wp\/v2\/pages\/3882","targetHints":{"allow":["GET"]}}],"collection":[{"href":"https:\/\/www.nomus.com.br\/erpindustrial\/wp-json\/wp\/v2\/pages"}],"about":[{"href":"https:\/\/www.nomus.com.br\/erpindustrial\/wp-json\/wp\/v2\/types\/page"}],"author":[{"embeddable":true,"href":"https:\/\/www.nomus.com.br\/erpindustrial\/wp-json\/wp\/v2\/users\/1"}],"replies":[{"embeddable":true,"href":"https:\/\/www.nomus.com.br\/erpindustrial\/wp-json\/wp\/v2\/comments?post=3882"}],"version-history":[{"count":65,"href":"https:\/\/www.nomus.com.br\/erpindustrial\/wp-json\/wp\/v2\/pages\/3882\/revisions"}],"predecessor-version":[{"id":3970,"href":"https:\/\/www.nomus.com.br\/erpindustrial\/wp-json\/wp\/v2\/pages\/3882\/revisions\/3970"}],"wp:attachment":[{"href":"https:\/\/www.nomus.com.br\/erpindustrial\/wp-json\/wp\/v2\/media?parent=3882"}],"curies":[{"name":"wp","href":"https:\/\/api.w.org\/{rel}","templated":true}]}}