{"id":2776,"date":"2016-10-18T10:50:03","date_gmt":"2016-10-18T12:50:03","guid":{"rendered":"http:\/\/nomus.com.br\/erpindustrial\/?page_id=2776"},"modified":"2026-03-31T09:06:47","modified_gmt":"2026-03-31T12:06:47","slug":"demonstracao-nomus-erp-industrial","status":"publish","type":"page","link":"https:\/\/www.nomus.com.br\/erpindustrial\/demonstracao-nomus-erp-industrial\/","title":{"rendered":"Demonstra\u00e7\u00e3o Nomus ERP Industrial"},"content":{"rendered":"<style>\r\nh1 span {\r\ncolor: #B2B2B2;\r\nfont-size: 25px;\r\n}\r\n\r\n.tooltip.left .tooltip-inner {\r\n    background-color:#006eb9;\r\n  }\r\n.tooltip.left .tooltip-arrow {\r\n   border-left-color: #006eb9;\r\n  }\r\n.botao-pagina-demo{\r\n  width:100%;\r\n  margin:0px;\r\n}\r\n\r\n<\/style>\r\n\r\n<div class=\"container\">\r\n  <div class=\"row\">\r\n    <div class=\"col-md-12 text-center\">\r\n     <h1>Demonstra\u00e7\u00e3o do Nomus ERP Industrial <span>(Veja casos de sucesso abaixo) <\/span><\/h1>\r\n   \r\n    <\/div>\r\n  <\/div>\r\n\r\n\r\n<hr>\r\n\r\n  <div class=\"row\">\r\n    <div class=\"col-md-8\">\r\n      <hr>\r\n      <br>\r\n      <div class=\"center\">\r\n<div style=\"padding:56.25% 0 0 0;position:relative;\"><iframe data-src=\"https:\/\/player.vimeo.com\/video\/736160536?h=bed2ca85af&amp;badge=0&amp;autopause=0&amp;player_id=0&amp;app_id=58479\" frameborder=\"0\" allow=\"autoplay; fullscreen; picture-in-picture\" allowfullscreen style=\"position:absolute;top:0;left:0;width:100%;height:100%;\" title=\"Demonstra&amp;ccedil;&amp;atilde;o do m&amp;oacute;dulo MRP do Nomus ERP Industrial\" src=\"data:image\/svg+xml;base64,PHN2ZyB3aWR0aD0iMSIgaGVpZ2h0PSIxIiB4bWxucz0iaHR0cDovL3d3dy53My5vcmcvMjAwMC9zdmciPjwvc3ZnPg==\" class=\"lazyload\" data-load-mode=\"1\"><\/iframe><\/div><script src=\"https:\/\/player.vimeo.com\/api\/player.js\"><\/script>\r\n      <\/div>\r\n    <\/div>\r\n\r\n","protected":false},"excerpt":{"rendered":"<p>Demonstra\u00e7\u00e3o do Nomus ERP Industrial (Veja casos de sucesso abaixo)<\/p>\n","protected":false},"author":1,"featured_media":0,"parent":0,"menu_order":15,"comment_status":"closed","ping_status":"closed","template":"page-demo.php","meta":{"_acf_changed":false,"footnotes":""},"class_list":["post-2776","page","type-page","status-publish","hentry"],"acf":[],"yoast_head":"<!-- This site is optimized with the Yoast SEO plugin v26.5 - https:\/\/yoast.com\/wordpress\/plugins\/seo\/ -->\n<title>Demonstra\u00e7\u00e3o Nomus ERP Industrial - Nomus ERP Industrial<\/title>\n<meta name=\"robots\" content=\"noindex, follow\" \/>\n<meta property=\"og:locale\" content=\"pt_BR\" \/>\n<meta property=\"og:type\" content=\"article\" \/>\n<meta property=\"og:title\" content=\"Demonstra\u00e7\u00e3o Nomus ERP Industrial - Nomus ERP Industrial\" \/>\n<meta property=\"og:description\" content=\"Demonstra\u00e7\u00e3o do Nomus ERP Industrial (Veja casos de sucesso abaixo)\" \/>\n<meta property=\"og:url\" content=\"https:\/\/www.nomus.com.br\/erpindustrial\/demonstracao-nomus-erp-industrial\/\" \/>\n<meta property=\"og:site_name\" content=\"Nomus ERP Industrial\" \/>\n<meta property=\"article:modified_time\" content=\"2026-03-31T12:06:47+00:00\" \/>\n<meta property=\"og:image\" content=\"https:\/\/www.nomus.com.br\/erpindustrial\/wp-content\/uploads\/2025\/10\/og-demo.jpg\" \/>\n\t<meta property=\"og:image:width\" content=\"620\" \/>\n\t<meta property=\"og:image:height\" content=\"405\" \/>\n\t<meta property=\"og:image:type\" content=\"image\/jpeg\" \/>\n<meta name=\"twitter:card\" content=\"summary_large_image\" \/>\n<meta name=\"twitter:label1\" content=\"Est. tempo de leitura\" \/>\n\t<meta name=\"twitter:data1\" content=\"1 minuto\" \/>\n<script type=\"application\/ld+json\" class=\"yoast-schema-graph\">{\"@context\":\"https:\/\/schema.org\",\"@graph\":[{\"@type\":\"WebPage\",\"@id\":\"https:\/\/www.nomus.com.br\/erpindustrial\/demonstracao-nomus-erp-industrial\/\",\"url\":\"https:\/\/www.nomus.com.br\/erpindustrial\/demonstracao-nomus-erp-industrial\/\",\"name\":\"Demonstra\u00e7\u00e3o Nomus ERP Industrial - Nomus ERP Industrial\",\"isPartOf\":{\"@id\":\"https:\/\/www.nomus.com.br\/erpindustrial\/#website\"},\"datePublished\":\"2016-10-18T12:50:03+00:00\",\"dateModified\":\"2026-03-31T12:06:47+00:00\",\"breadcrumb\":{\"@id\":\"https:\/\/www.nomus.com.br\/erpindustrial\/demonstracao-nomus-erp-industrial\/#breadcrumb\"},\"inLanguage\":\"pt-BR\",\"potentialAction\":[{\"@type\":\"ReadAction\",\"target\":[\"https:\/\/www.nomus.com.br\/erpindustrial\/demonstracao-nomus-erp-industrial\/\"]}]},{\"@type\":\"BreadcrumbList\",\"@id\":\"https:\/\/www.nomus.com.br\/erpindustrial\/demonstracao-nomus-erp-industrial\/#breadcrumb\",\"itemListElement\":[{\"@type\":\"ListItem\",\"position\":1,\"name\":\"Nomus ERP Industrial\",\"item\":\"https:\/\/www.nomus.com.br\/erpindustrial\/\"},{\"@type\":\"ListItem\",\"position\":2,\"name\":\"Demonstra\u00e7\u00e3o Nomus ERP Industrial\"}]},{\"@type\":\"WebSite\",\"@id\":\"https:\/\/www.nomus.com.br\/erpindustrial\/#website\",\"url\":\"https:\/\/www.nomus.com.br\/erpindustrial\/\",\"name\":\"Nomus ERP Industrial\",\"description\":\"O melhor sistema de gest\u00e3o ERP para ind\u00fastrias do Brasil\",\"potentialAction\":[{\"@type\":\"SearchAction\",\"target\":{\"@type\":\"EntryPoint\",\"urlTemplate\":\"https:\/\/www.nomus.com.br\/erpindustrial\/?s={search_term_string}\"},\"query-input\":{\"@type\":\"PropertyValueSpecification\",\"valueRequired\":true,\"valueName\":\"search_term_string\"}}],\"inLanguage\":\"pt-BR\"}]}<\/script>\n<!-- \/ Yoast SEO plugin. -->","yoast_head_json":{"title":"Demonstra\u00e7\u00e3o Nomus ERP Industrial - Nomus ERP Industrial","robots":{"index":"noindex","follow":"follow"},"og_locale":"pt_BR","og_type":"article","og_title":"Demonstra\u00e7\u00e3o Nomus ERP Industrial - Nomus ERP Industrial","og_description":"Demonstra\u00e7\u00e3o do Nomus ERP Industrial (Veja casos de sucesso abaixo)","og_url":"https:\/\/www.nomus.com.br\/erpindustrial\/demonstracao-nomus-erp-industrial\/","og_site_name":"Nomus ERP Industrial","article_modified_time":"2026-03-31T12:06:47+00:00","og_image":[{"width":620,"height":405,"url":"https:\/\/www.nomus.com.br\/erpindustrial\/wp-content\/uploads\/2025\/10\/og-demo.jpg","type":"image\/jpeg"}],"twitter_card":"summary_large_image","twitter_misc":{"Est. tempo de leitura":"1 minuto"},"schema":{"@context":"https:\/\/schema.org","@graph":[{"@type":"WebPage","@id":"https:\/\/www.nomus.com.br\/erpindustrial\/demonstracao-nomus-erp-industrial\/","url":"https:\/\/www.nomus.com.br\/erpindustrial\/demonstracao-nomus-erp-industrial\/","name":"Demonstra\u00e7\u00e3o Nomus ERP Industrial - Nomus ERP Industrial","isPartOf":{"@id":"https:\/\/www.nomus.com.br\/erpindustrial\/#website"},"datePublished":"2016-10-18T12:50:03+00:00","dateModified":"2026-03-31T12:06:47+00:00","breadcrumb":{"@id":"https:\/\/www.nomus.com.br\/erpindustrial\/demonstracao-nomus-erp-industrial\/#breadcrumb"},"inLanguage":"pt-BR","potentialAction":[{"@type":"ReadAction","target":["https:\/\/www.nomus.com.br\/erpindustrial\/demonstracao-nomus-erp-industrial\/"]}]},{"@type":"BreadcrumbList","@id":"https:\/\/www.nomus.com.br\/erpindustrial\/demonstracao-nomus-erp-industrial\/#breadcrumb","itemListElement":[{"@type":"ListItem","position":1,"name":"Nomus ERP Industrial","item":"https:\/\/www.nomus.com.br\/erpindustrial\/"},{"@type":"ListItem","position":2,"name":"Demonstra\u00e7\u00e3o Nomus ERP Industrial"}]},{"@type":"WebSite","@id":"https:\/\/www.nomus.com.br\/erpindustrial\/#website","url":"https:\/\/www.nomus.com.br\/erpindustrial\/","name":"Nomus ERP Industrial","description":"O melhor sistema de gest\u00e3o ERP para ind\u00fastrias do Brasil","potentialAction":[{"@type":"SearchAction","target":{"@type":"EntryPoint","urlTemplate":"https:\/\/www.nomus.com.br\/erpindustrial\/?s={search_term_string}"},"query-input":{"@type":"PropertyValueSpecification","valueRequired":true,"valueName":"search_term_string"}}],"inLanguage":"pt-BR"}]}},"_links":{"self":[{"href":"https:\/\/www.nomus.com.br\/erpindustrial\/wp-json\/wp\/v2\/pages\/2776","targetHints":{"allow":["GET"]}}],"collection":[{"href":"https:\/\/www.nomus.com.br\/erpindustrial\/wp-json\/wp\/v2\/pages"}],"about":[{"href":"https:\/\/www.nomus.com.br\/erpindustrial\/wp-json\/wp\/v2\/types\/page"}],"author":[{"embeddable":true,"href":"https:\/\/www.nomus.com.br\/erpindustrial\/wp-json\/wp\/v2\/users\/1"}],"replies":[{"embeddable":true,"href":"https:\/\/www.nomus.com.br\/erpindustrial\/wp-json\/wp\/v2\/comments?post=2776"}],"version-history":[{"count":84,"href":"https:\/\/www.nomus.com.br\/erpindustrial\/wp-json\/wp\/v2\/pages\/2776\/revisions"}],"predecessor-version":[{"id":9183,"href":"https:\/\/www.nomus.com.br\/erpindustrial\/wp-json\/wp\/v2\/pages\/2776\/revisions\/9183"}],"wp:attachment":[{"href":"https:\/\/www.nomus.com.br\/erpindustrial\/wp-json\/wp\/v2\/media?parent=2776"}],"curies":[{"name":"wp","href":"https:\/\/api.w.org\/{rel}","templated":true}]}}