{"id":2369,"date":"2016-06-06T10:36:41","date_gmt":"2016-06-06T13:36:41","guid":{"rendered":"http:\/\/nomus.com.br\/erpindustrial\/?page_id=2369"},"modified":"2025-10-21T15:50:21","modified_gmt":"2025-10-21T18:50:21","slug":"paineis-de-gestao","status":"publish","type":"page","link":"https:\/\/www.nomus.com.br\/erpindustrial\/como-funciona\/paineis-de-gestao\/","title":{"rendered":"Pain\u00e9is de gest\u00e3o"},"content":{"rendered":"<style>\r\n  \r\n  a.link-como-funciona-paineis-de-gestao {\r\n    background-color: #F9F1E1;\r\n    color: #B1710D!important;\r\n}\r\n\r\n.icone-dashboard{\r\n  background-color:#d1882a;\r\n}\r\n<\/style>\r\n\r\n<hr \/>\r\n\r\n<div class=\"row\">\r\n  <div class=\"col-md-2\">\r\n    <div class=\" caixa-diferencial icone-dashboard text-center\"> \r\n            <p style=\"font-size: 70px;color: white;padding: 0px;margin: 15px 0px 0px 0px;\"><span class=\"fa fa-pie-chart\" aria-hidden=\"true\"><\/span><\/p>\r\n          <\/div>\r\n  <\/div>\r\n  <div class=\"col-md-10\">\r\n    <h1 class=\"titulo-sem-imagem\">Pain\u00e9is de gest\u00e3o<\/h1>\r\n    <h2 class=\"h2-descricao-funcionalidade\">Transforme dados em informa\u00e7\u00e3o e tome as decis\u00f5es certas na gest\u00e3o do seu neg\u00f3cio.<\/h2>\r\n  <\/div>\r\n<\/div>\r\n\r\n\r\n<hr class=\"hr-respiro\">\r\n<h3>Principais benef\u00edcios em utilizar os pain\u00e9is de gest\u00e3o da Nomus<\/h3>\r\n<br>\r\n<ul class=\"lista-bf\">\r\n\r\n  <li class=\"beneficio-funcionalidade\">Transforme qualquer dado da sua ind\u00fastria em informa\u00e7\u00e3o preciosa para gest\u00e3o do neg\u00f3cio<\/li>\r\n  <li class=\"beneficio-funcionalidade\">Monitore o cumprimento de metas da empresa e da equipe<\/li>\r\n  <li class=\"beneficio-funcionalidade\">Monte relat\u00f3rios com apenas alguns cliques, com incr\u00edvel facilidade<\/li>\r\n  <li class=\"beneficio-funcionalidade\">Tome decis\u00f5es baseadas em dados reais da sua f\u00e1brica<\/li>\r\n  <li class=\"beneficio-funcionalidade\">Identifique gargalos e melhore sua produtividade ao mitig\u00e1-los<\/li>\r\n  <li class=\"beneficio-funcionalidade\">Utilize televis\u00f5es com pain\u00e9is visiveis para sua equipe acompanhar dados importantes<\/li>\r\n    <li class=\"beneficio-funcionalidade\">Esimule a meritocracia na gest\u00e3o de pessoas<\/li>\r\n\r\n\r\n<hr class=\"hr-respiro\">\r\n<h3>Exemplos reais de pain\u00e9is do Nomus ERP Industrial<\/h3>\r\n<p>Como uma imagem vale mais do que mil palavras apresentamos alguns exemplos de pain\u00e9is de gest\u00e3o criados no ERP Industrial Nomus. Fique \u00e0 vontade para interagir com os pain\u00e9is abaixo:<\/p>\r\n<br>\r\n\r\n<iframe frameborder=0 style=\"width:100%\" height=\"600\" data-src=\"https:\/\/reports.nomus.com.br\/open-view\/751489000079605141\/b69d0963eb760e3ad74e79f13f0cd4fa\" src=\"data:image\/svg+xml;base64,PHN2ZyB3aWR0aD0iMSIgaGVpZ2h0PSIxIiB4bWxucz0iaHR0cDovL3d3dy53My5vcmcvMjAwMC9zdmciPjwvc3ZnPg==\" class=\"lazyload\" data-load-mode=\"1\"><\/iframe>\r\n\r\n<br>\r\n<hr>\r\n\r\n<iframe frameborder=0 style=\"width:100%\" height=\"600\" data-src=\"https:\/\/reports.nomus.com.br\/ZDBDataSheetView.cc?OBJID=751489001050716547&#038;STANDALONE=true&#038;privatelink=4a19ee4cebfc511f077dd266d591ce1c&#038;WIDTH=800&#038;HEIGHT=600&#038;INTERVAL=-1&#038;REMTOOLBAR=false&#038;INCLUDETITLE=true&#038;INCLUDEDESC=true\" src=\"data:image\/svg+xml;base64,PHN2ZyB3aWR0aD0iMSIgaGVpZ2h0PSIxIiB4bWxucz0iaHR0cDovL3d3dy53My5vcmcvMjAwMC9zdmciPjwvc3ZnPg==\" class=\"lazyload\" data-load-mode=\"1\"><\/iframe>\r\n\r\n<br>\r\n<hr>\r\n\r\n<iframe frameborder=0 style=\"width:100%\" height=\"600\" data-src=\"https:\/\/reports.nomus.com.br\/ZDBDataSheetView.cc?OBJID=751489001050716574&#038;STANDALONE=true&#038;privatelink=1b0e1abc70db983a9c43e4fd8ac91409&#038;WIDTH=800&#038;HEIGHT=600&#038;INTERVAL=-1&#038;REMTOOLBAR=false&#038;INCLUDETITLE=true&#038;INCLUDEDESC=true\" src=\"data:image\/svg+xml;base64,PHN2ZyB3aWR0aD0iMSIgaGVpZ2h0PSIxIiB4bWxucz0iaHR0cDovL3d3dy53My5vcmcvMjAwMC9zdmciPjwvc3ZnPg==\" class=\"lazyload\" data-load-mode=\"1\"><\/iframe>\r\n\r\n<br>\r\n\r\n<hr class=\"hr-respiro\">\r\n\r\n<div class=\"row\">\r\n  <br>\r\n  <div class=\"col-md-6\">\r\n      <p class=\"forte\">Tome decis\u00f5es certas com informa\u00e7\u00f5es precisas <\/p>\r\n      <p> Informa\u00e7\u00f5es apresentadas em formatos gr\u00e1ficos nos pain\u00e9is de indicadores de desempenho facilitam muito a identifica\u00e7\u00e3o de problemas e de oportunidades de melhoria, levando sua empresa a tomar as melhores decis\u00f5es. <\/p>\r\n  <\/div>\r\n  <div class=\"col-md-6\">\r\n      <p class=\"forte\">Monitore indicadores de desempenho e cumprimento de metas <\/p>\r\n      <p>Para uma boa gest\u00e3o, sua empresa precisa ter uma boa estrat\u00e9gia, saber aonde quer chegar e como chegar l\u00e1. A defini\u00e7\u00e3o de indicadores de desempenho e metas \u00e9 uma pe\u00e7a chave para voc\u00ea saber se est\u00e1 no caminho certo. Com o Nomus Dashboard, \u00e9 poss\u00edvel monitorar indicadores de desempenho e metas de forma sistem\u00e1tica garantindo uma gest\u00e3o alinhada \u00e0 estrat\u00e9gia.<\/p>\r\n  <\/div>\r\n<\/div>\r\n\r\n<hr class=\"hr-respiro\">\r\n\r\n<div class=\"row\">\r\n  <br>\r\n  <div class=\"col-md-6\">\r\n      <p class=\"forte\"> Cultive a cultura de meritocracia na gest\u00e3o das pessoas da sua empresa<\/p>\r\n      <p> Empresas de sucesso s\u00e3o feitas de pessoas talentosas, comprometidas e motivadas com o trabalho. A meritocracia tem como objetivo reconhecer pessoas com base no m\u00e9rito, nos resultados alcan\u00e7ados. Meritocracia atrai, motiva e retem pessoas talentosas. Para implantar uma cultura de meritocracia, \u00e9 importante criar indicadores de desempenho objetivos, definir metas e avaliar o desempenho das pessoas com base no cumprimento de metas.<\/p>\r\n  <\/div>\r\n  <div class=\"col-md-6\">\r\n      <p class=\"forte\">Crie relat\u00f3rios com qualquer dado dispon\u00edvel nos softwares da Nomus <\/p>\r\n      <p>Os softwares da Nomus geram um universo de dados como pedidos de venda, ordens de produ\u00e7\u00e3o, apontamentos de produ\u00e7\u00e3o, movimenta\u00e7\u00f5es de estoque, apontamentos de perdas de produ\u00e7\u00e3o, registros de n\u00e3o conformidade, registros de inspe\u00e7\u00e3o, e muitos outros. O Nomus Dashboard transforma qualquer dado dispon\u00edvel nos softwares da Nomus em informa\u00e7\u00e3o relevante para a boa gest\u00e3o do neg\u00f3cio.<\/p>\r\n  <\/div>\r\n<\/div>\r\n\r\n<hr class=\"hr-respiro\">\r\n\r\n<div class=\"row\">\r\n  <br>\r\n  <div class=\"col-md-6\">\r\n      <p class=\"forte\">Crie relat\u00f3rios com qualquer fonte de dados em Excel<\/p>\r\n      <p>Exporte qualquer informa\u00e7\u00e3o da sua empresa para Excel e o sistema \u00e9 capaz de gerar relat\u00f3rios de gest\u00e3o sobre eles com o Dashboard. <\/p>\r\n  <\/div>\r\n  <div class=\"col-md-6\">\r\n      <p class=\"forte\">Crie seus relat\u00f3rios sozinho com extrema facilidade <\/p>\r\n      <p>A cria\u00e7\u00e3o de relat\u00f3rios no Nomus Dashboard \u00e9 extremamente f\u00e1cil e intuitiva. Com apenas alguns cliques \u00e9 poss\u00edvel criar gr\u00e1ficos e tabelas din\u00e2micas de forma muito personalizada. Em apenas 1 dia de treinamento, a maioria dos gestores se sente confiante para criar qualquer relat\u00f3rio no software sozinho, sem precisar do apoio de pessoas t\u00e9cnicas em inform\u00e1tica.<\/p>\r\n  <\/div>\r\n<\/div>\r\n\r\n\r\n\r\n<\/div>\r\n<\/div>\r\n<hr>\r\n<p class=\"text-right\">Pr\u00f3ximo passo: <a href=\"http:\/\/nomus.com.br\/erpindustrial\/como-funciona\/vendas-faturamento\/\">Conhe\u00e7a o m\u00f3dulo de Vendas e Faturamento \u00bb<\/a><\/p>\r\n","protected":false},"excerpt":{"rendered":"<p>Pain\u00e9is de gest\u00e3o Transforme dados em informa\u00e7\u00e3o e tome as decis\u00f5es certas na gest\u00e3o do seu neg\u00f3cio. Principais benef\u00edcios em utilizar os pain\u00e9is de gest\u00e3o da Nomus Transforme qualquer dado da sua ind\u00fastria em informa\u00e7\u00e3o preciosa para gest\u00e3o do neg\u00f3cio Monitore o cumprimento de metas da empresa e da equipe Monte relat\u00f3rios com apenas alguns [&hellip;]<\/p>\n","protected":false},"author":1,"featured_media":0,"parent":47,"menu_order":39,"comment_status":"closed","ping_status":"closed","template":"page-comofunciona.php","meta":{"_acf_changed":false,"footnotes":""},"class_list":["post-2369","page","type-page","status-publish","hentry"],"acf":[],"yoast_head":"<!-- This site is optimized with the Yoast SEO plugin v26.5 - https:\/\/yoast.com\/wordpress\/plugins\/seo\/ -->\n<title>Paineis de gest\u00e3o: o que s\u00e3o e como funcionam no Nomus ERP Industrial<\/title>\n<meta name=\"description\" content=\"Veja como funcionam os paineis de gest\u00e3o no Nomus ERP Industrial e entenda como sua ind\u00fastria pode acompanhar sua produ\u00e7\u00e3o em relat\u00f3rios personalizados.\" \/>\n<meta name=\"robots\" content=\"index, follow, max-snippet:-1, max-image-preview:large, max-video-preview:-1\" \/>\n<link rel=\"canonical\" href=\"https:\/\/www.nomus.com.br\/erpindustrial\/como-funciona\/paineis-de-gestao\/\" \/>\n<meta property=\"og:locale\" content=\"pt_BR\" \/>\n<meta property=\"og:type\" content=\"article\" \/>\n<meta property=\"og:title\" content=\"Paineis de gest\u00e3o: o que s\u00e3o e como funcionam no Nomus ERP Industrial\" \/>\n<meta property=\"og:description\" content=\"Veja como funcionam os paineis de gest\u00e3o no Nomus ERP Industrial e entenda como sua ind\u00fastria pode acompanhar sua produ\u00e7\u00e3o em relat\u00f3rios personalizados.\" \/>\n<meta property=\"og:url\" content=\"https:\/\/www.nomus.com.br\/erpindustrial\/como-funciona\/paineis-de-gestao\/\" \/>\n<meta property=\"og:site_name\" content=\"Nomus ERP Industrial\" \/>\n<meta property=\"article:modified_time\" content=\"2025-10-21T18:50:21+00:00\" \/>\n<meta property=\"og:image\" content=\"https:\/\/www.nomus.com.br\/erpindustrial\/wp-content\/uploads\/2025\/10\/og-como-funciona.jpg\" \/>\n\t<meta property=\"og:image:width\" content=\"620\" \/>\n\t<meta property=\"og:image:height\" content=\"405\" \/>\n\t<meta property=\"og:image:type\" content=\"image\/jpeg\" \/>\n<meta name=\"twitter:card\" content=\"summary_large_image\" \/>\n<meta name=\"twitter:title\" content=\"Paineis de gest\u00e3o: o que s\u00e3o e como funcionam no Nomus ERP Industrial\" \/>\n<meta name=\"twitter:description\" content=\"Veja como funcionam os paineis de gest\u00e3o no Nomus ERP Industrial e entenda como sua ind\u00fastria pode acompanhar sua produ\u00e7\u00e3o em relat\u00f3rios personalizados.\" \/>\n<meta name=\"twitter:image\" content=\"https:\/\/www.nomus.com.br\/erpindustrial\/wp-content\/uploads\/2019\/08\/como-funciona.jpg\" \/>\n<meta name=\"twitter:label1\" content=\"Est. tempo de leitura\" \/>\n\t<meta name=\"twitter:data1\" content=\"3 minutos\" \/>\n<script type=\"application\/ld+json\" class=\"yoast-schema-graph\">{\"@context\":\"https:\/\/schema.org\",\"@graph\":[{\"@type\":\"WebPage\",\"@id\":\"https:\/\/www.nomus.com.br\/erpindustrial\/como-funciona\/paineis-de-gestao\/\",\"url\":\"https:\/\/www.nomus.com.br\/erpindustrial\/como-funciona\/paineis-de-gestao\/\",\"name\":\"Paineis de gest\u00e3o: o que s\u00e3o e como funcionam no Nomus ERP Industrial\",\"isPartOf\":{\"@id\":\"https:\/\/www.nomus.com.br\/erpindustrial\/#website\"},\"datePublished\":\"2016-06-06T13:36:41+00:00\",\"dateModified\":\"2025-10-21T18:50:21+00:00\",\"description\":\"Veja como funcionam os paineis de gest\u00e3o no Nomus ERP Industrial e entenda como sua ind\u00fastria pode acompanhar sua produ\u00e7\u00e3o em relat\u00f3rios personalizados.\",\"breadcrumb\":{\"@id\":\"https:\/\/www.nomus.com.br\/erpindustrial\/como-funciona\/paineis-de-gestao\/#breadcrumb\"},\"inLanguage\":\"pt-BR\",\"potentialAction\":[{\"@type\":\"ReadAction\",\"target\":[\"https:\/\/www.nomus.com.br\/erpindustrial\/como-funciona\/paineis-de-gestao\/\"]}]},{\"@type\":\"BreadcrumbList\",\"@id\":\"https:\/\/www.nomus.com.br\/erpindustrial\/como-funciona\/paineis-de-gestao\/#breadcrumb\",\"itemListElement\":[{\"@type\":\"ListItem\",\"position\":1,\"name\":\"Nomus ERP Industrial\",\"item\":\"https:\/\/www.nomus.com.br\/erpindustrial\/\"},{\"@type\":\"ListItem\",\"position\":2,\"name\":\"Como funciona o Nomus ERP Industrial\",\"item\":\"https:\/\/www.nomus.com.br\/erpindustrial\/como-funciona\/\"},{\"@type\":\"ListItem\",\"position\":3,\"name\":\"Pain\u00e9is de gest\u00e3o\"}]},{\"@type\":\"WebSite\",\"@id\":\"https:\/\/www.nomus.com.br\/erpindustrial\/#website\",\"url\":\"https:\/\/www.nomus.com.br\/erpindustrial\/\",\"name\":\"Nomus ERP Industrial\",\"description\":\"O melhor sistema de gest\u00e3o ERP para ind\u00fastrias do Brasil\",\"potentialAction\":[{\"@type\":\"SearchAction\",\"target\":{\"@type\":\"EntryPoint\",\"urlTemplate\":\"https:\/\/www.nomus.com.br\/erpindustrial\/?s={search_term_string}\"},\"query-input\":{\"@type\":\"PropertyValueSpecification\",\"valueRequired\":true,\"valueName\":\"search_term_string\"}}],\"inLanguage\":\"pt-BR\"}]}<\/script>\n<!-- \/ Yoast SEO plugin. -->","yoast_head_json":{"title":"Paineis de gest\u00e3o: o que s\u00e3o e como funcionam no Nomus ERP Industrial","description":"Veja como funcionam os paineis de gest\u00e3o no Nomus ERP Industrial e entenda como sua ind\u00fastria pode acompanhar sua produ\u00e7\u00e3o em relat\u00f3rios personalizados.","robots":{"index":"index","follow":"follow","max-snippet":"max-snippet:-1","max-image-preview":"max-image-preview:large","max-video-preview":"max-video-preview:-1"},"canonical":"https:\/\/www.nomus.com.br\/erpindustrial\/como-funciona\/paineis-de-gestao\/","og_locale":"pt_BR","og_type":"article","og_title":"Paineis de gest\u00e3o: o que s\u00e3o e como funcionam no Nomus ERP Industrial","og_description":"Veja como funcionam os paineis de gest\u00e3o no Nomus ERP Industrial e entenda como sua ind\u00fastria pode acompanhar sua produ\u00e7\u00e3o em relat\u00f3rios personalizados.","og_url":"https:\/\/www.nomus.com.br\/erpindustrial\/como-funciona\/paineis-de-gestao\/","og_site_name":"Nomus ERP Industrial","article_modified_time":"2025-10-21T18:50:21+00:00","og_image":[{"width":620,"height":405,"url":"https:\/\/www.nomus.com.br\/erpindustrial\/wp-content\/uploads\/2025\/10\/og-como-funciona.jpg","type":"image\/jpeg"}],"twitter_card":"summary_large_image","twitter_title":"Paineis de gest\u00e3o: o que s\u00e3o e como funcionam no Nomus ERP Industrial","twitter_description":"Veja como funcionam os paineis de gest\u00e3o no Nomus ERP Industrial e entenda como sua ind\u00fastria pode acompanhar sua produ\u00e7\u00e3o em relat\u00f3rios personalizados.","twitter_image":"https:\/\/www.nomus.com.br\/erpindustrial\/wp-content\/uploads\/2019\/08\/como-funciona.jpg","twitter_misc":{"Est. tempo de leitura":"3 minutos"},"schema":{"@context":"https:\/\/schema.org","@graph":[{"@type":"WebPage","@id":"https:\/\/www.nomus.com.br\/erpindustrial\/como-funciona\/paineis-de-gestao\/","url":"https:\/\/www.nomus.com.br\/erpindustrial\/como-funciona\/paineis-de-gestao\/","name":"Paineis de gest\u00e3o: o que s\u00e3o e como funcionam no Nomus ERP Industrial","isPartOf":{"@id":"https:\/\/www.nomus.com.br\/erpindustrial\/#website"},"datePublished":"2016-06-06T13:36:41+00:00","dateModified":"2025-10-21T18:50:21+00:00","description":"Veja como funcionam os paineis de gest\u00e3o no Nomus ERP Industrial e entenda como sua ind\u00fastria pode acompanhar sua produ\u00e7\u00e3o em relat\u00f3rios personalizados.","breadcrumb":{"@id":"https:\/\/www.nomus.com.br\/erpindustrial\/como-funciona\/paineis-de-gestao\/#breadcrumb"},"inLanguage":"pt-BR","potentialAction":[{"@type":"ReadAction","target":["https:\/\/www.nomus.com.br\/erpindustrial\/como-funciona\/paineis-de-gestao\/"]}]},{"@type":"BreadcrumbList","@id":"https:\/\/www.nomus.com.br\/erpindustrial\/como-funciona\/paineis-de-gestao\/#breadcrumb","itemListElement":[{"@type":"ListItem","position":1,"name":"Nomus ERP Industrial","item":"https:\/\/www.nomus.com.br\/erpindustrial\/"},{"@type":"ListItem","position":2,"name":"Como funciona o Nomus ERP Industrial","item":"https:\/\/www.nomus.com.br\/erpindustrial\/como-funciona\/"},{"@type":"ListItem","position":3,"name":"Pain\u00e9is de gest\u00e3o"}]},{"@type":"WebSite","@id":"https:\/\/www.nomus.com.br\/erpindustrial\/#website","url":"https:\/\/www.nomus.com.br\/erpindustrial\/","name":"Nomus ERP Industrial","description":"O melhor sistema de gest\u00e3o ERP para ind\u00fastrias do Brasil","potentialAction":[{"@type":"SearchAction","target":{"@type":"EntryPoint","urlTemplate":"https:\/\/www.nomus.com.br\/erpindustrial\/?s={search_term_string}"},"query-input":{"@type":"PropertyValueSpecification","valueRequired":true,"valueName":"search_term_string"}}],"inLanguage":"pt-BR"}]}},"_links":{"self":[{"href":"https:\/\/www.nomus.com.br\/erpindustrial\/wp-json\/wp\/v2\/pages\/2369","targetHints":{"allow":["GET"]}}],"collection":[{"href":"https:\/\/www.nomus.com.br\/erpindustrial\/wp-json\/wp\/v2\/pages"}],"about":[{"href":"https:\/\/www.nomus.com.br\/erpindustrial\/wp-json\/wp\/v2\/types\/page"}],"author":[{"embeddable":true,"href":"https:\/\/www.nomus.com.br\/erpindustrial\/wp-json\/wp\/v2\/users\/1"}],"replies":[{"embeddable":true,"href":"https:\/\/www.nomus.com.br\/erpindustrial\/wp-json\/wp\/v2\/comments?post=2369"}],"version-history":[{"count":23,"href":"https:\/\/www.nomus.com.br\/erpindustrial\/wp-json\/wp\/v2\/pages\/2369\/revisions"}],"predecessor-version":[{"id":8280,"href":"https:\/\/www.nomus.com.br\/erpindustrial\/wp-json\/wp\/v2\/pages\/2369\/revisions\/8280"}],"up":[{"embeddable":true,"href":"https:\/\/www.nomus.com.br\/erpindustrial\/wp-json\/wp\/v2\/pages\/47"}],"wp:attachment":[{"href":"https:\/\/www.nomus.com.br\/erpindustrial\/wp-json\/wp\/v2\/media?parent=2369"}],"curies":[{"name":"wp","href":"https:\/\/api.w.org\/{rel}","templated":true}]}}