{"id":1950,"date":"2016-05-16T14:15:07","date_gmt":"2016-05-16T17:15:07","guid":{"rendered":"http:\/\/nomus.com.br\/erpindustrial\/?page_id=1950"},"modified":"2025-12-15T10:23:36","modified_gmt":"2025-12-15T13:23:36","slug":"custeio-real","status":"publish","type":"page","link":"https:\/\/www.nomus.com.br\/erpindustrial\/como-funciona\/custeio-real\/","title":{"rendered":"Custeio Real"},"content":{"rendered":"<style>\r\n\r\n  .link-como-funciona-custeio-real {\r\n    background-color: #f9f1e1;\r\n    color: #b1710d!important;\r\n}\r\n\r\n\r\n.icone-custeio-real{\r\n  background-color:#409a5f;\r\n}\r\n<\/style>\r\n\r\n\r\n<hr \/>\r\n\r\n<div class=\"row\">\r\n  <div class=\"col-md-2\">\r\n    <div class=\" caixa-diferencial icone-custeio-real text-center\"> \r\n      <p style=\"font-size: 70px;color: white;padding: 0px;margin: 15px 0px 0px 0px;\"><i class=\"fa fa-calculator\" aria-hidden=\"true\"><\/i><\/p>\r\n    <\/div>\r\n  <\/div>\r\n  <div class=\"col-md-10\">\r\n    <h1 class=\"titulo-sem-imagem\">Custeio real <\/h1>\r\n    <h2 class=\"h2-descricao-funcionalidade\">Calcule o custo real efetivo de seus produtos, descubra como aumentar o lucro da sua ind\u00fastria e forme pre\u00e7os de venda com intelig\u00eancia.<\/h2>\r\n  <\/div>\r\n<\/div>\r\n\r\n\r\n<hr class=\"hr-respiro\">\r\n<h3>Principais benef\u00edcios em utilizar o Custeio real <\/h3>\r\n<br>\r\n<ul class=\"lista-bf\">\r\n  \r\n<li class=\"beneficio-funcionalidade\">Conhe\u00e7a o custo real efetivo de seus produtos e identifique produtos lucrativos e deficit\u00e1rios.<\/li>\r\n<li class=\"beneficio-funcionalidade\">Aumente a lucratividade da sua ind\u00fastria focando na venda de produtos lucrativos e identificando oportunidades de redu\u00e7\u00e3o de custo ou descontinuidade de produtos deficit\u00e1rios.<\/li>\r\n<li class=\"beneficio-funcionalidade\">Descubra seus clientes mais lucrativos e deficit\u00e1rios.<\/li>\r\n<li class=\"beneficio-funcionalidade\">Aumente a lucratividade de sua ind\u00fastria priorizando o atendimento de clientes mais lucrativos e identificando oportunidades de melhoria no relacionamento com clientes deficit\u00e1rios.<\/li>\r\n<li class=\"beneficio-funcionalidade\">Forme os pre\u00e7o de venda de seus produtos com intelig\u00eancia evitando o risco duplo na gest\u00e3o de custos: 1) vender produtos com pre\u00e7o barato demais e gerar preju\u00edzo e 2) vender produtos com pre\u00e7o caro demais e perder vendas.<\/li>\r\n<li class=\"beneficio-funcionalidade\">Facilite a apura\u00e7\u00e3o de custos para escritura\u00e7\u00e3o cont\u00e1bil da sua ind\u00fastria.<\/li>\r\n<\/ul>\r\n\r\n<hr class=\"hr-respiro\">\r\n<h3>Funcionalidades da Custeio real do Nomus ERP Industrial<\/h3>\r\n<br>\r\n\r\n<div class=\"row\">\r\n  <br>\r\n  <div class=\"col-md-6\">\r\n     <a href=\"https:\/\/www.nomus.com.br\/erpindustrial\/wp-content\/uploads\/2025\/12\/01-custo-reposicao-e-medio-min.png\" rel=\"lightbox[1950]\"><img decoding=\"async\" data-src=\"https:\/\/www.nomus.com.br\/erpindustrial\/wp-content\/uploads\/2025\/12\/01-custo-reposicao-e-medio-min-397x194.png\" alt=\"1-Custo-de-reposi\u00e7\u00e3o-e-custo-m\u00e9dio\" width=\"397\" height=\"194\" class=\"alignnone size-thumbnail wp-image-2262 lazyload\" src=\"data:image\/svg+xml;base64,PHN2ZyB3aWR0aD0iMSIgaGVpZ2h0PSIxIiB4bWxucz0iaHR0cDovL3d3dy53My5vcmcvMjAwMC9zdmciPjwvc3ZnPg==\" style=\"--smush-placeholder-width: 397px; --smush-placeholder-aspect-ratio: 397\/194;\" \/><\/a>\r\n  <\/div>\r\n  <div class=\"col-md-6\">\r\n      <p class=\"forte\"> Custo de reposi\u00e7\u00e3o e custo m\u00e9dio<\/p>\r\n      <p>\r\n        C\u00e1lculo do custo de reposi\u00e7\u00e3o e custo m\u00e9dio das mat\u00e9rias primas integrado ao processo de compras e recebimento.\r\n      <\/p>\r\n      \r\n  <\/div>\r\n<\/div>\r\n\r\n<hr class=\"hr-respiro\">\r\n\r\n<div class=\"row\">\r\n    <br>\r\n  <div class=\"col-md-6\">\r\n      <p class=\"forte\"> Custo real online<\/p>\r\n      <p>\r\n       C\u00e1lculo do custo real online de movimenta\u00e7\u00f5es de estoque relacionados a produ\u00e7\u00e3o e vendas. \r\n      <\/p>\r\n      \r\n  <\/div>\r\n  <div class=\"col-md-6\">\r\n    <a href=\"https:\/\/www.nomus.com.br\/erpindustrial\/wp-content\/uploads\/2025\/12\/02-03-custo-real-min.png\" rel=\"lightbox[1950]\"><img decoding=\"async\" data-src=\"https:\/\/www.nomus.com.br\/erpindustrial\/wp-content\/uploads\/2025\/12\/02-03-custo-real-min-397x194.png\" alt=\"2-Custo-real-online\" width=\"397\" height=\"194\" class=\"alignnone size-thumbnail wp-image-2263 lazyload\" src=\"data:image\/svg+xml;base64,PHN2ZyB3aWR0aD0iMSIgaGVpZ2h0PSIxIiB4bWxucz0iaHR0cDovL3d3dy53My5vcmcvMjAwMC9zdmciPjwvc3ZnPg==\" style=\"--smush-placeholder-width: 397px; --smush-placeholder-aspect-ratio: 397\/194;\" \/><\/a>\r\n  <\/div>\r\n<\/div>\r\n\r\n<hr class=\"hr-respiro\">\r\n\r\n<div class=\"row\">\r\n  <br>\r\n  <div class=\"col-md-6\">\r\n      <a href=\"https:\/\/www.nomus.com.br\/erpindustrial\/wp-content\/uploads\/2025\/12\/02-03-custo-real-min.png\" rel=\"lightbox[1950]\"><img decoding=\"async\" data-src=\"https:\/\/www.nomus.com.br\/erpindustrial\/wp-content\/uploads\/2025\/12\/02-03-custo-real-min-397x194.png\" alt=\"3-Custo-real-online\" width=\"397\" height=\"194\" class=\"alignnone size-thumbnail wp-image-2482 lazyload\" src=\"data:image\/svg+xml;base64,PHN2ZyB3aWR0aD0iMSIgaGVpZ2h0PSIxIiB4bWxucz0iaHR0cDovL3d3dy53My5vcmcvMjAwMC9zdmciPjwvc3ZnPg==\" style=\"--smush-placeholder-width: 397px; --smush-placeholder-aspect-ratio: 397\/194;\" \/><\/a>\r\n  <\/div>\r\n  <div class=\"col-md-6\">\r\n      <p class=\"forte\"> Custo real efetivo<\/p>\r\n      <p>C\u00e1lculo do custo real efetivo de movimenta\u00e7\u00f5es de estoque relacionados a produ\u00e7\u00e3o e vendas a partir da apura\u00e7\u00e3o do custo hora real de centros de custo e reprocessamento de movimenta\u00e7\u00f5es de estoque. <\/p>\r\n  <\/div>\r\n<\/div>\r\n\r\n<hr class=\"hr-respiro\">\r\n\r\n<div class=\"row\">\r\n    <br>\r\n  <div class=\"col-md-6\">\r\n      <p class=\"forte\"> Integra\u00e7\u00e3o com financeiro e cont\u00e1bil<\/p>\r\n      <p>\r\n       Importa\u00e7\u00e3o de pagamentos do financeiro e saldo de contas de custos da contabilidade para apura\u00e7\u00e3o do custo real efetivo. \r\n      <\/p>      \r\n  <\/div>\r\n  <div class=\"col-md-6\">\r\n   <a href=\"https:\/\/www.nomus.com.br\/erpindustrial\/wp-content\/uploads\/2025\/12\/04-integracao-financeiro-contabil-min.png\" rel=\"lightbox[1950]\"><img decoding=\"async\" data-src=\"https:\/\/www.nomus.com.br\/erpindustrial\/wp-content\/uploads\/2025\/12\/04-integracao-financeiro-contabil-min-397x194.png\" alt=\"4-Integra\u00e7\u00e3o-com-financeiro-e-cont\u00e1bil\" width=\"397\" height=\"194\" class=\"alignnone size-thumbnail wp-image-2264 lazyload\" src=\"data:image\/svg+xml;base64,PHN2ZyB3aWR0aD0iMSIgaGVpZ2h0PSIxIiB4bWxucz0iaHR0cDovL3d3dy53My5vcmcvMjAwMC9zdmciPjwvc3ZnPg==\" style=\"--smush-placeholder-width: 397px; --smush-placeholder-aspect-ratio: 397\/194;\" \/><\/a>\r\n  <\/div>\r\n<\/div>\r\n\r\n<hr class=\"hr-respiro\">\r\n\r\n<div class=\"row\">\r\n  <br>\r\n  <div class=\"col-md-6\">\r\n      <a href=\"https:\/\/www.nomus.com.br\/erpindustrial\/wp-content\/uploads\/2025\/12\/05-integracao-apontamento-min.png\" rel=\"lightbox[1950]\"><img decoding=\"async\" data-src=\"https:\/\/www.nomus.com.br\/erpindustrial\/wp-content\/uploads\/2025\/12\/05-integracao-apontamento-min-397x194.png\" alt=\"5-Integra\u00e7\u00e3o-com-o-apontamento-da-produ\u00e7\u00e3o\" width=\"397\" height=\"194\" class=\"alignnone size-thumbnail wp-image-2265 lazyload\" src=\"data:image\/svg+xml;base64,PHN2ZyB3aWR0aD0iMSIgaGVpZ2h0PSIxIiB4bWxucz0iaHR0cDovL3d3dy53My5vcmcvMjAwMC9zdmciPjwvc3ZnPg==\" style=\"--smush-placeholder-width: 397px; --smush-placeholder-aspect-ratio: 397\/194;\" \/><\/a>\r\n  <\/div>\r\n  <div class=\"col-md-6\">\r\n      <p class=\"forte\"> Integra\u00e7\u00e3o com o apontamento da produ\u00e7\u00e3o<\/p>\r\n      <p>Apura\u00e7\u00e3o do tempo de produ\u00e7\u00e3o efetivo em cada centro de trabalho para c\u00e1lculo do custo\/hora efetivo dos centros de trabalho.<\/p>\r\n  <\/div>\r\n<\/div>\r\n\r\n<hr class=\"hr-respiro\">\r\n\r\n<div class=\"row\">\r\n    <br>\r\n  <div class=\"col-md-6\">\r\n      <p class=\"forte\">Rateio de custos por centro de custo<\/p>\r\n      <p>\r\n       Defini\u00e7\u00e3o dos crit\u00e9rios de rateio de custos por centro de custo para apura\u00e7\u00e3o do custo hora real efetivo de centros de custo. \r\n      <\/p>      \r\n  <\/div>\r\n  <div class=\"col-md-6\">\r\n    <a href=\"https:\/\/www.nomus.com.br\/erpindustrial\/wp-content\/uploads\/2025\/12\/06-rateio-centro-custo-min.png\" rel=\"lightbox[1950]\"><img decoding=\"async\" data-src=\"https:\/\/www.nomus.com.br\/erpindustrial\/wp-content\/uploads\/2025\/12\/06-rateio-centro-custo-min-397x194.png\" alt=\"6-rateio\" width=\"397\" height=\"194\" class=\"alignnone size-thumbnail wp-image-2483 lazyload\" src=\"data:image\/svg+xml;base64,PHN2ZyB3aWR0aD0iMSIgaGVpZ2h0PSIxIiB4bWxucz0iaHR0cDovL3d3dy53My5vcmcvMjAwMC9zdmciPjwvc3ZnPg==\" style=\"--smush-placeholder-width: 397px; --smush-placeholder-aspect-ratio: 397\/194;\" \/><\/a>\r\n  <\/div>\r\n<\/div>\r\n\r\n\r\n<hr class=\"hr-respiro\">\r\n\r\n<div class=\"row\">\r\n  <br>\r\n  <div class=\"col-md-6\">\r\n     <a href=\"https:\/\/www.nomus.com.br\/erpindustrial\/wp-content\/uploads\/2025\/12\/07-reprocessamento-estoque-min.png\" rel=\"lightbox[1950]\"><img decoding=\"async\" data-src=\"https:\/\/www.nomus.com.br\/erpindustrial\/wp-content\/uploads\/2025\/12\/07-reprocessamento-estoque-min-397x194.png\" alt=\"7-custoreal\" width=\"397\" height=\"194\" class=\"alignnone size-thumbnail wp-image-2266 lazyload\" src=\"data:image\/svg+xml;base64,PHN2ZyB3aWR0aD0iMSIgaGVpZ2h0PSIxIiB4bWxucz0iaHR0cDovL3d3dy53My5vcmcvMjAwMC9zdmciPjwvc3ZnPg==\" style=\"--smush-placeholder-width: 397px; --smush-placeholder-aspect-ratio: 397\/194;\" \/><\/a>\r\n  <\/div>\r\n  <div class=\"col-md-6\">\r\n      <p class=\"forte\"> Reprocessamento de movimenta\u00e7\u00f5es de estoque<\/p>\r\n      <p>Reprocessamento de movimenta\u00e7\u00f5es de produ\u00e7\u00e3o e vendas para c\u00e1lculo do custo real efetivo de cada movimenta\u00e7\u00e3o. <\/p>\r\n  <\/div>\r\n<\/div>\r\n\r\n<hr class=\"hr-respiro\">\r\n\r\n<div class=\"row\">\r\n    <br>\r\n  <div class=\"col-md-6\">\r\n      <p class=\"forte\">Exporta\u00e7\u00e3o de custos para contabilidade<\/p>\r\n      <p>\r\n       Exporta\u00e7\u00e3o do custo m\u00e9dio real efetivo de todos os produtos e apura\u00e7\u00e3o do CPV (Custo dos produtos vendidos). \r\n      <\/p>      \r\n  <\/div>\r\n  <div class=\"col-md-6\">\r\n     <a href=\"https:\/\/www.nomus.com.br\/erpindustrial\/wp-content\/uploads\/2025\/12\/08-exportacao-custos-contabilidade-min.png\" rel=\"lightbox[1950]\"><img decoding=\"async\" data-src=\"https:\/\/www.nomus.com.br\/erpindustrial\/wp-content\/uploads\/2025\/12\/08-exportacao-custos-contabilidade-min-397x194.png\" alt=\"8-Exporta\u00e7\u00e3o-de-custos-para-contabilidade\" width=\"397\" height=\"194\" class=\"alignnone size-thumbnail wp-image-2267 lazyload\" src=\"data:image\/svg+xml;base64,PHN2ZyB3aWR0aD0iMSIgaGVpZ2h0PSIxIiB4bWxucz0iaHR0cDovL3d3dy53My5vcmcvMjAwMC9zdmciPjwvc3ZnPg==\" style=\"--smush-placeholder-width: 397px; --smush-placeholder-aspect-ratio: 397\/194;\" \/><\/a>\r\n  <\/div>\r\n<\/div>\r\n\r\n<hr class=\"hr-respiro\">\r\n\r\n<div class=\"row\">\r\n  <br>\r\n  <div class=\"col-md-6\">\r\n      <a href=\"https:\/\/www.nomus.com.br\/erpindustrial\/wp-content\/uploads\/2025\/12\/09-analise-lucratividade-min.png\" rel=\"lightbox[1950]\"><img decoding=\"async\" data-src=\"https:\/\/www.nomus.com.br\/erpindustrial\/wp-content\/uploads\/2025\/12\/09-analise-lucratividade-min-397x194.png\" alt=\"9-formacao\" width=\"397\" height=\"194\" class=\"alignnone size-thumbnail wp-image-2484 lazyload\" src=\"data:image\/svg+xml;base64,PHN2ZyB3aWR0aD0iMSIgaGVpZ2h0PSIxIiB4bWxucz0iaHR0cDovL3d3dy53My5vcmcvMjAwMC9zdmciPjwvc3ZnPg==\" style=\"--smush-placeholder-width: 397px; --smush-placeholder-aspect-ratio: 397\/194;\" \/><\/a>\r\n  <\/div>\r\n  <div class=\"col-md-6\">\r\n      <p class=\"forte\"> An\u00e1lise de lucratividade de produtos<\/p>\r\n      <p>An\u00e1lise de custo real e lucro por produto NF-e, pedido de venda, cliente, entre outros, com apoio do Nomus Dashboard. <\/p>\r\n  <\/div>\r\n<\/div>\r\n\r\n<hr class=\"hr-respiro\">\r\n\r\n<div class=\"row\">\r\n  <br>\r\n  <div class=\"col-md-6\">\r\n      <p class=\"forte\">Custeio real integrado a Financeiro, Contabilidade, Ch\u00e3o de f\u00e1brica e Estoque <\/p>\r\n      <p>Apura\u00e7\u00e3o de custeio real no sistema com a possibilidade de importa\u00e7\u00e3o de valores do financeiro, contabilidade e rateios de centro de custo, c\u00e1lculo do custo hora real de centro de custos e especialidades e reprocessamento do estoque. <\/p>\r\n  <\/div>\r\n  <div class=\"col-md-6\">\r\n      <a href=\"https:\/\/www.nomus.com.br\/erpindustrial\/wp-content\/uploads\/2025\/12\/10-custeio-integrado-min.png\" rel=\"lightbox[1950]\"><img decoding=\"async\" data-src=\"https:\/\/www.nomus.com.br\/erpindustrial\/wp-content\/uploads\/2025\/12\/10-custeio-integrado-min-397x194.png\" alt=\"9-formacao\" width=\"397\" height=\"194\" class=\"alignnone size-thumbnail wp-image-2484 lazyload\" src=\"data:image\/svg+xml;base64,PHN2ZyB3aWR0aD0iMSIgaGVpZ2h0PSIxIiB4bWxucz0iaHR0cDovL3d3dy53My5vcmcvMjAwMC9zdmciPjwvc3ZnPg==\" style=\"--smush-placeholder-width: 397px; --smush-placeholder-aspect-ratio: 397\/194;\" \/><\/a>\r\n  <\/div>\r\n<\/div>\r\n\r\n\r\n<hr class=\"hr-respiro\">\r\n\r\n<div class=\"row\">\r\n  <br>\r\n  <div class=\"col-md-6\">\r\n      <a href=\"https:\/\/www.nomus.com.br\/erpindustrial\/wp-content\/uploads\/2025\/12\/11-apontamentos-automaticos-min.png\" rel=\"lightbox[1950]\"><img decoding=\"async\" data-src=\"https:\/\/www.nomus.com.br\/erpindustrial\/wp-content\/uploads\/2025\/12\/11-apontamentos-automaticos-min-397x194.png\" alt=\"9-formacao\" width=\"397\" height=\"194\" class=\"alignnone size-thumbnail wp-image-2484 lazyload\" src=\"data:image\/svg+xml;base64,PHN2ZyB3aWR0aD0iMSIgaGVpZ2h0PSIxIiB4bWxucz0iaHR0cDovL3d3dy53My5vcmcvMjAwMC9zdmciPjwvc3ZnPg==\" style=\"--smush-placeholder-width: 397px; --smush-placeholder-aspect-ratio: 397\/194;\" \/><\/a>\r\n  <\/div>\r\n  <div class=\"col-md-6\">\r\n      <p class=\"forte\">Gera\u00e7\u00e3o de apontamentos autom\u00e1ticos <\/p>\r\n      <p>Possibilidade de gera\u00e7\u00e3o de apontamentos autom\u00e1ticos na apura\u00e7\u00e3o de custo real para centros de custo que n\u00e3o fazem apontamento no ch\u00e3o de f\u00e1brica, considerando os reportes da produ\u00e7\u00e3o e os tempos planejados dos roteiros de produ\u00e7\u00e3o das ordens. <\/p>\r\n  <\/div>\r\n<\/div>\r\n\r\n\r\n\r\n<hr class=\"hr-respiro\">\r\n\r\n<div class=\"row\">\r\n  <br>\r\n  <div class=\"col-md-6\">\r\n      <p class=\"forte\">Relat\u00f3rio de an\u00e1lise de custo real da ordem de produ\u00e7\u00e3o <\/p>\r\n      <p>An\u00e1lise do custo real da ordem de produ\u00e7\u00e3o permitindo conhecer o custo real de fabrica\u00e7\u00e3o de cada produto e entender o desmembramento deste custo em materiais, custos indiretos de fabrica\u00e7\u00e3o e m\u00e3o de obra direta. <\/p>\r\n  <\/div>\r\n  <div class=\"col-md-6\">\r\n      <a href=\"https:\/\/www.nomus.com.br\/erpindustrial\/wp-content\/uploads\/2025\/12\/12-relatorio-custo-real-min.png\" rel=\"lightbox[1950]\"><img decoding=\"async\" data-src=\"https:\/\/www.nomus.com.br\/erpindustrial\/wp-content\/uploads\/2025\/12\/12-relatorio-custo-real-min-397x194.png\" alt=\"9-formacao\" width=\"397\" height=\"194\" class=\"alignnone size-thumbnail wp-image-2484 lazyload\" src=\"data:image\/svg+xml;base64,PHN2ZyB3aWR0aD0iMSIgaGVpZ2h0PSIxIiB4bWxucz0iaHR0cDovL3d3dy53My5vcmcvMjAwMC9zdmciPjwvc3ZnPg==\" style=\"--smush-placeholder-width: 397px; --smush-placeholder-aspect-ratio: 397\/194;\" \/><\/a>\r\n  <\/div>\r\n<\/div>\r\n\r\n\r\n<\/div>\r\n<\/div>\r\n<hr>\r\n<p class=\"text-right\">Pr\u00f3ximo passo: <a href=\"http:\/\/nomus.com.br\/erpindustrial\/como-funciona\/contabilidade\/\">Conhe\u00e7a o m\u00f3dulo de Integra\u00e7\u00e3o com a contabilidade \u00bb<\/a><\/p>\r\n","protected":false},"excerpt":{"rendered":"<p>Custeio real Calcule o custo real efetivo de seus produtos, descubra como aumentar o lucro da sua ind\u00fastria e forme pre\u00e7os de venda com intelig\u00eancia. Principais benef\u00edcios em utilizar o Custeio real Conhe\u00e7a o custo real efetivo de seus produtos e identifique produtos lucrativos e deficit\u00e1rios. Aumente a lucratividade da sua ind\u00fastria focando na venda [&hellip;]<\/p>\n","protected":false},"author":1,"featured_media":0,"parent":47,"menu_order":11,"comment_status":"closed","ping_status":"closed","template":"page-comofunciona.php","meta":{"_acf_changed":false,"footnotes":""},"class_list":["post-1950","page","type-page","status-publish","hentry"],"acf":[],"yoast_head":"<!-- This site is optimized with the Yoast SEO plugin v26.5 - https:\/\/yoast.com\/wordpress\/plugins\/seo\/ -->\n<title>Veja como funciona o custeio real no ERP Industrial<\/title>\n<meta name=\"description\" content=\"Veja como sua ind\u00fastria pode controlar a gest\u00e3o de custeio real na sua produ\u00e7\u00e3o e entenda quais s\u00e3o os benef\u00edcios para sua f\u00e1brica.\" \/>\n<meta name=\"robots\" content=\"index, follow, max-snippet:-1, max-image-preview:large, max-video-preview:-1\" \/>\n<link rel=\"canonical\" href=\"https:\/\/www.nomus.com.br\/erpindustrial\/como-funciona\/custeio-real\/\" \/>\n<meta property=\"og:locale\" content=\"pt_BR\" \/>\n<meta property=\"og:type\" content=\"article\" \/>\n<meta property=\"og:title\" content=\"Veja como funciona o custeio real no ERP Industrial\" \/>\n<meta property=\"og:description\" content=\"Veja como sua ind\u00fastria pode controlar a gest\u00e3o de custeio real na sua produ\u00e7\u00e3o e entenda quais s\u00e3o os benef\u00edcios para sua f\u00e1brica.\" \/>\n<meta property=\"og:url\" content=\"https:\/\/www.nomus.com.br\/erpindustrial\/como-funciona\/custeio-real\/\" \/>\n<meta property=\"og:site_name\" content=\"Nomus ERP Industrial\" \/>\n<meta property=\"article:modified_time\" content=\"2025-12-15T13:23:36+00:00\" \/>\n<meta property=\"og:image\" content=\"https:\/\/www.nomus.com.br\/erpindustrial\/wp-content\/uploads\/2025\/10\/og-como-funciona.jpg\" \/>\n\t<meta property=\"og:image:width\" content=\"620\" \/>\n\t<meta property=\"og:image:height\" content=\"405\" \/>\n\t<meta property=\"og:image:type\" content=\"image\/jpeg\" \/>\n<meta name=\"twitter:card\" content=\"summary_large_image\" \/>\n<meta name=\"twitter:title\" content=\"Veja como funciona o custeio real no ERP Industrial\" \/>\n<meta name=\"twitter:description\" content=\"Veja como sua ind\u00fastria pode controlar a gest\u00e3o de custeio real na sua produ\u00e7\u00e3o e entenda quais s\u00e3o os benef\u00edcios para sua f\u00e1brica.\" \/>\n<meta name=\"twitter:image\" content=\"https:\/\/www.nomus.com.br\/erpindustrial\/wp-content\/uploads\/2019\/08\/como-funciona.jpg\" \/>\n<meta name=\"twitter:label1\" content=\"Est. tempo de leitura\" \/>\n\t<meta name=\"twitter:data1\" content=\"5 minutos\" \/>\n<script type=\"application\/ld+json\" class=\"yoast-schema-graph\">{\"@context\":\"https:\/\/schema.org\",\"@graph\":[{\"@type\":\"WebPage\",\"@id\":\"https:\/\/www.nomus.com.br\/erpindustrial\/como-funciona\/custeio-real\/\",\"url\":\"https:\/\/www.nomus.com.br\/erpindustrial\/como-funciona\/custeio-real\/\",\"name\":\"Veja como funciona o custeio real no ERP Industrial\",\"isPartOf\":{\"@id\":\"https:\/\/www.nomus.com.br\/erpindustrial\/#website\"},\"primaryImageOfPage\":{\"@id\":\"https:\/\/www.nomus.com.br\/erpindustrial\/como-funciona\/custeio-real\/#primaryimage\"},\"image\":{\"@id\":\"https:\/\/www.nomus.com.br\/erpindustrial\/como-funciona\/custeio-real\/#primaryimage\"},\"thumbnailUrl\":\"https:\/\/www.nomus.com.br\/erpindustrial\/wp-content\/uploads\/2025\/12\/01-custo-reposicao-e-medio-min-397x194.png\",\"datePublished\":\"2016-05-16T17:15:07+00:00\",\"dateModified\":\"2025-12-15T13:23:36+00:00\",\"description\":\"Veja como sua ind\u00fastria pode controlar a gest\u00e3o de custeio real na sua produ\u00e7\u00e3o e entenda quais s\u00e3o os benef\u00edcios para sua f\u00e1brica.\",\"breadcrumb\":{\"@id\":\"https:\/\/www.nomus.com.br\/erpindustrial\/como-funciona\/custeio-real\/#breadcrumb\"},\"inLanguage\":\"pt-BR\",\"potentialAction\":[{\"@type\":\"ReadAction\",\"target\":[\"https:\/\/www.nomus.com.br\/erpindustrial\/como-funciona\/custeio-real\/\"]}]},{\"@type\":\"ImageObject\",\"inLanguage\":\"pt-BR\",\"@id\":\"https:\/\/www.nomus.com.br\/erpindustrial\/como-funciona\/custeio-real\/#primaryimage\",\"url\":\"https:\/\/www.nomus.com.br\/erpindustrial\/wp-content\/uploads\/2025\/12\/01-custo-reposicao-e-medio-min.png\",\"contentUrl\":\"https:\/\/www.nomus.com.br\/erpindustrial\/wp-content\/uploads\/2025\/12\/01-custo-reposicao-e-medio-min.png\",\"width\":1793,\"height\":800},{\"@type\":\"BreadcrumbList\",\"@id\":\"https:\/\/www.nomus.com.br\/erpindustrial\/como-funciona\/custeio-real\/#breadcrumb\",\"itemListElement\":[{\"@type\":\"ListItem\",\"position\":1,\"name\":\"Nomus ERP Industrial\",\"item\":\"https:\/\/www.nomus.com.br\/erpindustrial\/\"},{\"@type\":\"ListItem\",\"position\":2,\"name\":\"Como funciona o Nomus ERP Industrial\",\"item\":\"https:\/\/www.nomus.com.br\/erpindustrial\/como-funciona\/\"},{\"@type\":\"ListItem\",\"position\":3,\"name\":\"Custeio Real\"}]},{\"@type\":\"WebSite\",\"@id\":\"https:\/\/www.nomus.com.br\/erpindustrial\/#website\",\"url\":\"https:\/\/www.nomus.com.br\/erpindustrial\/\",\"name\":\"Nomus ERP Industrial\",\"description\":\"O melhor sistema de gest\u00e3o ERP para ind\u00fastrias do Brasil\",\"potentialAction\":[{\"@type\":\"SearchAction\",\"target\":{\"@type\":\"EntryPoint\",\"urlTemplate\":\"https:\/\/www.nomus.com.br\/erpindustrial\/?s={search_term_string}\"},\"query-input\":{\"@type\":\"PropertyValueSpecification\",\"valueRequired\":true,\"valueName\":\"search_term_string\"}}],\"inLanguage\":\"pt-BR\"}]}<\/script>\n<!-- \/ Yoast SEO plugin. -->","yoast_head_json":{"title":"Veja como funciona o custeio real no ERP Industrial","description":"Veja como sua ind\u00fastria pode controlar a gest\u00e3o de custeio real na sua produ\u00e7\u00e3o e entenda quais s\u00e3o os benef\u00edcios para sua f\u00e1brica.","robots":{"index":"index","follow":"follow","max-snippet":"max-snippet:-1","max-image-preview":"max-image-preview:large","max-video-preview":"max-video-preview:-1"},"canonical":"https:\/\/www.nomus.com.br\/erpindustrial\/como-funciona\/custeio-real\/","og_locale":"pt_BR","og_type":"article","og_title":"Veja como funciona o custeio real no ERP Industrial","og_description":"Veja como sua ind\u00fastria pode controlar a gest\u00e3o de custeio real na sua produ\u00e7\u00e3o e entenda quais s\u00e3o os benef\u00edcios para sua f\u00e1brica.","og_url":"https:\/\/www.nomus.com.br\/erpindustrial\/como-funciona\/custeio-real\/","og_site_name":"Nomus ERP Industrial","article_modified_time":"2025-12-15T13:23:36+00:00","og_image":[{"width":620,"height":405,"url":"https:\/\/www.nomus.com.br\/erpindustrial\/wp-content\/uploads\/2025\/10\/og-como-funciona.jpg","type":"image\/jpeg"}],"twitter_card":"summary_large_image","twitter_title":"Veja como funciona o custeio real no ERP Industrial","twitter_description":"Veja como sua ind\u00fastria pode controlar a gest\u00e3o de custeio real na sua produ\u00e7\u00e3o e entenda quais s\u00e3o os benef\u00edcios para sua f\u00e1brica.","twitter_image":"https:\/\/www.nomus.com.br\/erpindustrial\/wp-content\/uploads\/2019\/08\/como-funciona.jpg","twitter_misc":{"Est. tempo de leitura":"5 minutos"},"schema":{"@context":"https:\/\/schema.org","@graph":[{"@type":"WebPage","@id":"https:\/\/www.nomus.com.br\/erpindustrial\/como-funciona\/custeio-real\/","url":"https:\/\/www.nomus.com.br\/erpindustrial\/como-funciona\/custeio-real\/","name":"Veja como funciona o custeio real no ERP Industrial","isPartOf":{"@id":"https:\/\/www.nomus.com.br\/erpindustrial\/#website"},"primaryImageOfPage":{"@id":"https:\/\/www.nomus.com.br\/erpindustrial\/como-funciona\/custeio-real\/#primaryimage"},"image":{"@id":"https:\/\/www.nomus.com.br\/erpindustrial\/como-funciona\/custeio-real\/#primaryimage"},"thumbnailUrl":"https:\/\/www.nomus.com.br\/erpindustrial\/wp-content\/uploads\/2025\/12\/01-custo-reposicao-e-medio-min-397x194.png","datePublished":"2016-05-16T17:15:07+00:00","dateModified":"2025-12-15T13:23:36+00:00","description":"Veja como sua ind\u00fastria pode controlar a gest\u00e3o de custeio real na sua produ\u00e7\u00e3o e entenda quais s\u00e3o os benef\u00edcios para sua f\u00e1brica.","breadcrumb":{"@id":"https:\/\/www.nomus.com.br\/erpindustrial\/como-funciona\/custeio-real\/#breadcrumb"},"inLanguage":"pt-BR","potentialAction":[{"@type":"ReadAction","target":["https:\/\/www.nomus.com.br\/erpindustrial\/como-funciona\/custeio-real\/"]}]},{"@type":"ImageObject","inLanguage":"pt-BR","@id":"https:\/\/www.nomus.com.br\/erpindustrial\/como-funciona\/custeio-real\/#primaryimage","url":"https:\/\/www.nomus.com.br\/erpindustrial\/wp-content\/uploads\/2025\/12\/01-custo-reposicao-e-medio-min.png","contentUrl":"https:\/\/www.nomus.com.br\/erpindustrial\/wp-content\/uploads\/2025\/12\/01-custo-reposicao-e-medio-min.png","width":1793,"height":800},{"@type":"BreadcrumbList","@id":"https:\/\/www.nomus.com.br\/erpindustrial\/como-funciona\/custeio-real\/#breadcrumb","itemListElement":[{"@type":"ListItem","position":1,"name":"Nomus ERP Industrial","item":"https:\/\/www.nomus.com.br\/erpindustrial\/"},{"@type":"ListItem","position":2,"name":"Como funciona o Nomus ERP Industrial","item":"https:\/\/www.nomus.com.br\/erpindustrial\/como-funciona\/"},{"@type":"ListItem","position":3,"name":"Custeio Real"}]},{"@type":"WebSite","@id":"https:\/\/www.nomus.com.br\/erpindustrial\/#website","url":"https:\/\/www.nomus.com.br\/erpindustrial\/","name":"Nomus ERP Industrial","description":"O melhor sistema de gest\u00e3o ERP para ind\u00fastrias do Brasil","potentialAction":[{"@type":"SearchAction","target":{"@type":"EntryPoint","urlTemplate":"https:\/\/www.nomus.com.br\/erpindustrial\/?s={search_term_string}"},"query-input":{"@type":"PropertyValueSpecification","valueRequired":true,"valueName":"search_term_string"}}],"inLanguage":"pt-BR"}]}},"_links":{"self":[{"href":"https:\/\/www.nomus.com.br\/erpindustrial\/wp-json\/wp\/v2\/pages\/1950","targetHints":{"allow":["GET"]}}],"collection":[{"href":"https:\/\/www.nomus.com.br\/erpindustrial\/wp-json\/wp\/v2\/pages"}],"about":[{"href":"https:\/\/www.nomus.com.br\/erpindustrial\/wp-json\/wp\/v2\/types\/page"}],"author":[{"embeddable":true,"href":"https:\/\/www.nomus.com.br\/erpindustrial\/wp-json\/wp\/v2\/users\/1"}],"replies":[{"embeddable":true,"href":"https:\/\/www.nomus.com.br\/erpindustrial\/wp-json\/wp\/v2\/comments?post=1950"}],"version-history":[{"count":12,"href":"https:\/\/www.nomus.com.br\/erpindustrial\/wp-json\/wp\/v2\/pages\/1950\/revisions"}],"predecessor-version":[{"id":8900,"href":"https:\/\/www.nomus.com.br\/erpindustrial\/wp-json\/wp\/v2\/pages\/1950\/revisions\/8900"}],"up":[{"embeddable":true,"href":"https:\/\/www.nomus.com.br\/erpindustrial\/wp-json\/wp\/v2\/pages\/47"}],"wp:attachment":[{"href":"https:\/\/www.nomus.com.br\/erpindustrial\/wp-json\/wp\/v2\/media?parent=1950"}],"curies":[{"name":"wp","href":"https:\/\/api.w.org\/{rel}","templated":true}]}}