{"id":1945,"date":"2016-05-16T14:03:05","date_gmt":"2016-05-16T17:03:05","guid":{"rendered":"http:\/\/nomus.com.br\/erpindustrial\/?page_id=1945"},"modified":"2025-12-11T13:13:55","modified_gmt":"2025-12-11T16:13:55","slug":"producao-para-terceiros","status":"publish","type":"page","link":"https:\/\/www.nomus.com.br\/erpindustrial\/como-funciona\/producao-para-terceiros\/","title":{"rendered":"Produ\u00e7\u00e3o para terceiros"},"content":{"rendered":"<style>\r\n\r\n  .link-como-funciona-producao-para-terceiros {\r\n    background-color: #f9f1e1;\r\n    color: #b1710d!important;\r\n  }\r\n\r\n.icone-producao-para-terceiros{\r\n  background-color:#c5b425;\r\n}\r\n<\/style>\r\n\r\n\r\n<hr \/>\r\n\r\n<div class=\"row\">\r\n  <div class=\"col-md-2\">\r\n    <div class=\" caixa-diferencial icone-producao-para-terceiros text-center\"> \r\n      <p style=\"font-size: 70px;color: white;padding: 0px;margin: 15px 0px 0px 0px;\"><i class=\"fa fa-building\" aria-hidden=\"true\"><\/i><\/p>\r\n    <\/div>\r\n  <\/div>\r\n  <div class=\"col-md-10\">\r\n    <h1 class=\"titulo-sem-imagem\">Produ\u00e7\u00e3o para terceiros <\/h1>\r\n    <h2 class=\"h2-descricao-funcionalidade\">Controle a produ\u00e7\u00e3o efetuada para terceiros e os materiais de terceiros em seu poder.<\/h2>\r\n  <\/div>\r\n<\/div>\r\n\r\n<hr class=\"hr-respiro\">\r\n<h3>Principais benef\u00edcios em utilizar o Produ\u00e7\u00e3o para terceiros <\/h3>\r\n<br>\r\n<ul class=\"lista-bf\">\r\n  <li class=\"beneficio-funcionalidade\">Evite falhas no controle de estoque de terceiros em seu poder.<\/li>\r\n  <li class=\"beneficio-funcionalidade\">Abaste\u00e7a o estoque de materiais de terceiros em nosso poder com precis\u00e3o a partir da entrada da NF-e de remessa de materiais emitida por seu cliente.<\/li>\r\n  <li class=\"beneficio-funcionalidade\">Controle os materiais de terceiros utilizados na fabrica\u00e7\u00e3o a com precis\u00e3o partir de requisi\u00e7\u00f5es para as ordens de produ\u00e7\u00e3o para terceiros.<\/li>\r\n  <li class=\"beneficio-funcionalidade\">Baixe o estoque de materiais de terceiros em nosso poder com precis\u00e3o a partir da emiss\u00e3o da NF-e de retorno de materiais remetidos pelo cliente.<\/li>\r\n  <li class=\"beneficio-funcionalidade\">Devolva as sobras de materiais de terceiros em nosso poder com precis\u00e3o a partir da emiss\u00e3o da NF-e de retorno de sobras de materiais remetidos pelo cliente.<\/li>\r\n\r\n<\/ul>\r\n\r\n<hr class=\"hr-respiro\">\r\n<h3>Funcionalidades da Produ\u00e7\u00e3o para terceiros  do Nomus ERP Industrial<\/h3>\r\n<br>\r\n\r\n\r\n<div class=\"row\">\r\n  <br>\r\n  <div class=\"col-md-6\">\r\n        <p class=\"forte\"> Gera\u00e7\u00e3o de ordem de produ\u00e7\u00e3o para terceiros<\/p>\r\n      <p>\r\n        Gere ordens para controlar o processo de produ\u00e7\u00e3o para terceiros empenhando materiais que ser\u00e3o remetidos por terceiros. \r\n      <\/p>\r\n\r\n  <\/div>\r\n  <div class=\"col-md-6\">\r\n     <a href=\"https:\/\/www.nomus.com.br\/erpindustrial\/wp-content\/uploads\/2025\/12\/01-geracao-ordem-min.png\" rel=\"lightbox[1945]\"><img decoding=\"async\" data-src=\"https:\/\/www.nomus.com.br\/erpindustrial\/wp-content\/uploads\/2025\/12\/01-geracao-ordem-min-397x194.png\" alt=\"1-criar-ordem\" width=\"397\" height=\"194\" class=\"alignnone size-thumbnail wp-image-2457 lazyload\" src=\"data:image\/svg+xml;base64,PHN2ZyB3aWR0aD0iMSIgaGVpZ2h0PSIxIiB4bWxucz0iaHR0cDovL3d3dy53My5vcmcvMjAwMC9zdmciPjwvc3ZnPg==\" style=\"--smush-placeholder-width: 397px; --smush-placeholder-aspect-ratio: 397\/194;\" \/><\/a>\r\n      \r\n  <\/div>\r\n<\/div>\r\n\r\n<hr class=\"hr-respiro\">\r\n\r\n<div class=\"row\">\r\n    <br>\r\n  <div class=\"col-md-6\">\r\n    <a href=\"https:\/\/www.nomus.com.br\/erpindustrial\/wp-content\/uploads\/2025\/12\/02-recebimento-materiais-min.png\" rel=\"lightbox[1945]\"><img decoding=\"async\" data-src=\"https:\/\/www.nomus.com.br\/erpindustrial\/wp-content\/uploads\/2025\/12\/02-recebimento-materiais-min-397x194.png\" alt=\"2-Recebimento-de-materiais-remetidos-por-terceiros\" width=\"397\" height=\"194\" class=\"alignnone size-thumbnail wp-image-2133 lazyload\" src=\"data:image\/svg+xml;base64,PHN2ZyB3aWR0aD0iMSIgaGVpZ2h0PSIxIiB4bWxucz0iaHR0cDovL3d3dy53My5vcmcvMjAwMC9zdmciPjwvc3ZnPg==\" style=\"--smush-placeholder-width: 397px; --smush-placeholder-aspect-ratio: 397\/194;\" \/><\/a>\r\n      \r\n  <\/div>\r\n  <div class=\"col-md-6\">\r\n\r\n      <p class=\"forte\"> Recebimento de materiais remetidos por terceiros<\/p>\r\n      <p>\r\n       Fa\u00e7a o recebimento de materiais remetidos por terceiros abastecendo o estoque de materiais de terceiros em nosso poder. \r\n      <\/p>\r\n  <\/div>\r\n<\/div>\r\n\r\n<hr class=\"hr-respiro\">\r\n\r\n<div class=\"row\">\r\n    <br>\r\n  <div class=\"col-md-6\">\r\n      <p class=\"forte\"> Controle dos materiais de terceiros em nosso poder<\/p>\r\n      <p>\r\n       Controle o estoque dos materiais de terceiros em nosso poder integrado as movimenta\u00e7\u00f5es de produ\u00e7\u00e3o. \r\n      <\/p>      \r\n  <\/div>\r\n  <div class=\"col-md-6\">\r\n    <a href=\"https:\/\/www.nomus.com.br\/erpindustrial\/wp-content\/uploads\/2025\/12\/03-controle-materiais-min.png\" rel=\"lightbox[1945]\"><img decoding=\"async\" data-src=\"https:\/\/www.nomus.com.br\/erpindustrial\/wp-content\/uploads\/2025\/12\/03-controle-materiais-min-397x194.png\" alt=\"3-requisicoes\" width=\"397\" height=\"194\" class=\"alignnone size-thumbnail wp-image-2134 lazyload\" src=\"data:image\/svg+xml;base64,PHN2ZyB3aWR0aD0iMSIgaGVpZ2h0PSIxIiB4bWxucz0iaHR0cDovL3d3dy53My5vcmcvMjAwMC9zdmciPjwvc3ZnPg==\" style=\"--smush-placeholder-width: 397px; --smush-placeholder-aspect-ratio: 397\/194;\" \/><\/a>\r\n  <\/div>\r\n<\/div>\r\n\r\n<hr class=\"hr-respiro\">\r\n\r\n<div class=\"row\">\r\n  <br>\r\n  <div class=\"col-md-6\">\r\n      <a href=\"https:\/\/www.nomus.com.br\/erpindustrial\/wp-content\/uploads\/2025\/12\/04-controle-producao-min.png\" rel=\"lightbox[1945]\"><img decoding=\"async\" data-src=\"https:\/\/www.nomus.com.br\/erpindustrial\/wp-content\/uploads\/2025\/12\/04-controle-producao-min-397x194.png\" alt=\"4-Controle-da-produ\u00e7\u00e3o-efetuada-para-terceiros\" width=\"397\" height=\"194\" class=\"alignnone size-thumbnail wp-image-2135 lazyload\" src=\"data:image\/svg+xml;base64,PHN2ZyB3aWR0aD0iMSIgaGVpZ2h0PSIxIiB4bWxucz0iaHR0cDovL3d3dy53My5vcmcvMjAwMC9zdmciPjwvc3ZnPg==\" style=\"--smush-placeholder-width: 397px; --smush-placeholder-aspect-ratio: 397\/194;\" \/><\/a>\r\n  <\/div>\r\n  <div class=\"col-md-6\">\r\n      <p class=\"forte\"> Controle da produ\u00e7\u00e3o efetuada para terceiros<\/p>\r\n      <p>Controle a produ\u00e7\u00e3o efetuada para terceiros, os materiais consumidos de terceiros, atualizando o controle de estoque de materiais de terceiros em nosso poder. <\/p>\r\n  <\/div>\r\n<\/div>\r\n\r\n<hr class=\"hr-respiro\">\r\n\r\n<div class=\"row\">\r\n    <br>\r\n  <div class=\"col-md-6\">\r\n      <p class=\"forte\"> Retorno de materiais de terceiros<\/p>\r\n      <p>\r\n       Emiss\u00e3o da NF-e de retorno de materiais de terceiros atualizando controle de estoque de materiais de terceiros em nosso poder. \r\n      <\/p>      \r\n  <\/div>\r\n  <div class=\"col-md-6\">\r\n    <a href=\"https:\/\/www.nomus.com.br\/erpindustrial\/wp-content\/uploads\/2025\/12\/05-06-retorno-materiais-e-sobras-min.png\" rel=\"lightbox[1945]\"><img decoding=\"async\" data-src=\"https:\/\/www.nomus.com.br\/erpindustrial\/wp-content\/uploads\/2025\/12\/05-06-retorno-materiais-e-sobras-min-397x194.png\" alt=\"5-retorono-terceiros\" width=\"397\" height=\"194\" class=\"alignnone size-thumbnail wp-image-2136 lazyload\" src=\"data:image\/svg+xml;base64,PHN2ZyB3aWR0aD0iMSIgaGVpZ2h0PSIxIiB4bWxucz0iaHR0cDovL3d3dy53My5vcmcvMjAwMC9zdmciPjwvc3ZnPg==\" style=\"--smush-placeholder-width: 397px; --smush-placeholder-aspect-ratio: 397\/194;\" \/><\/a>\r\n  <\/div>\r\n<\/div>\r\n\r\n<hr class=\"hr-respiro\">\r\n\r\n<div class=\"row\">\r\n    <br>\r\n  <div class=\"col-md-6\">\r\n  <a href=\"https:\/\/www.nomus.com.br\/erpindustrial\/wp-content\/uploads\/2025\/12\/05-06-retorno-materiais-e-sobras-min.png\" rel=\"lightbox[1945]\"><img decoding=\"async\" data-src=\"https:\/\/www.nomus.com.br\/erpindustrial\/wp-content\/uploads\/2025\/12\/05-06-retorno-materiais-e-sobras-min-397x194.png\" alt=\"6-retorono-terceiros\" width=\"397\" height=\"194\" class=\"alignnone size-thumbnail wp-image-2137 lazyload\" src=\"data:image\/svg+xml;base64,PHN2ZyB3aWR0aD0iMSIgaGVpZ2h0PSIxIiB4bWxucz0iaHR0cDovL3d3dy53My5vcmcvMjAwMC9zdmciPjwvc3ZnPg==\" style=\"--smush-placeholder-width: 397px; --smush-placeholder-aspect-ratio: 397\/194;\" \/><\/a>\r\n   \r\n  <\/div>\r\n  <div class=\"col-md-6\">\r\n          <p class=\"forte\"> Controle de sobras de materiais recebidos de terceiros<\/p>\r\n      <p>\r\n       Controle as sobras de materiais recebidos de terceiros, integrado ao controle de estoque de materiais de terceiros em nosso poder. \r\n      <\/p>   \r\n  <\/div>\r\n<\/div>\r\n\r\n<hr class=\"hr-respiro\">\r\n\r\n<div class=\"row\">\r\n    <br>\r\n  <div class=\"col-md-6\">\r\n          <p class=\"forte\">Sugest\u00e3o de materiais retornados para terceiros <\/p>\r\n      <p>\r\n        Sugest\u00e3o de materiais que ser\u00e3o retornados para terceiros com base nas requisi\u00e7\u00f5es de materiais realizadas nas ordens de produ\u00e7\u00e3o para terceiros, garantindo mais agilidade e precis\u00e3o no registro dessas movimenta\u00e7\u00f5es.\r\n      <\/p>   \r\n  <\/div>\r\n  <div class=\"col-md-6\">\r\n          <a href=\"https:\/\/www.nomus.com.br\/erpindustrial\/wp-content\/uploads\/2025\/12\/07-sugestao-devolucao-min.png\" rel=\"lightbox[1945]\"><img decoding=\"async\" data-src=\"https:\/\/www.nomus.com.br\/erpindustrial\/wp-content\/uploads\/2025\/12\/07-sugestao-devolucao-min-397x194.png\" alt=\"6-retorono-terceiros\" width=\"397\" height=\"194\" class=\"alignnone size-thumbnail wp-image-2137 lazyload\" src=\"data:image\/svg+xml;base64,PHN2ZyB3aWR0aD0iMSIgaGVpZ2h0PSIxIiB4bWxucz0iaHR0cDovL3d3dy53My5vcmcvMjAwMC9zdmciPjwvc3ZnPg==\" style=\"--smush-placeholder-width: 397px; --smush-placeholder-aspect-ratio: 397\/194;\" \/><\/a>\r\n      <p>\r\n\r\n      <\/p>   \r\n  <\/div>\r\n<\/div>\r\n\r\n\r\n\r\n<\/div>\r\n<\/div>\r\n<hr>\r\n<p class=\"text-right\">Pr\u00f3ximo passo: <a href=\"http:\/\/nomus.com.br\/erpindustrial\/como-funciona\/estoque\/\">Conhe\u00e7a o m\u00f3dulo de Controle de estoque \u00bb<\/a><\/p>\r\n","protected":false},"excerpt":{"rendered":"<p>Produ\u00e7\u00e3o para terceiros Controle a produ\u00e7\u00e3o efetuada para terceiros e os materiais de terceiros em seu poder. Principais benef\u00edcios em utilizar o Produ\u00e7\u00e3o para terceiros Evite falhas no controle de estoque de terceiros em seu poder. Abaste\u00e7a o estoque de materiais de terceiros em nosso poder com precis\u00e3o a partir da entrada da NF-e de [&hellip;]<\/p>\n","protected":false},"author":1,"featured_media":0,"parent":47,"menu_order":47,"comment_status":"closed","ping_status":"closed","template":"page-comofunciona.php","meta":{"_acf_changed":false,"footnotes":""},"class_list":["post-1945","page","type-page","status-publish","hentry"],"acf":[],"yoast_head":"<!-- This site is optimized with the Yoast SEO plugin v26.5 - https:\/\/yoast.com\/wordpress\/plugins\/seo\/ -->\n<title>Como funciona a gest\u00e3o da produ\u00e7\u00e3o para terceiros no ERP Industrial<\/title>\n<meta name=\"description\" content=\"Veja como voc\u00ea pode controlar a produ\u00e7\u00e3o para terceiros utilizando o ERP Industrial da Nomus. Entenda as funcionalidades e benef\u00edcios para sua ind\u00fastria.\" \/>\n<meta name=\"robots\" content=\"index, follow, max-snippet:-1, max-image-preview:large, max-video-preview:-1\" \/>\n<link rel=\"canonical\" href=\"https:\/\/www.nomus.com.br\/erpindustrial\/como-funciona\/producao-para-terceiros\/\" \/>\n<meta property=\"og:locale\" content=\"pt_BR\" \/>\n<meta property=\"og:type\" content=\"article\" \/>\n<meta property=\"og:title\" content=\"Como funciona a gest\u00e3o da produ\u00e7\u00e3o para terceiros no ERP Industrial\" \/>\n<meta property=\"og:description\" content=\"Veja como voc\u00ea pode controlar a produ\u00e7\u00e3o para terceiros utilizando o ERP Industrial da Nomus. Entenda as funcionalidades e benef\u00edcios para sua ind\u00fastria.\" \/>\n<meta property=\"og:url\" content=\"https:\/\/www.nomus.com.br\/erpindustrial\/como-funciona\/producao-para-terceiros\/\" \/>\n<meta property=\"og:site_name\" content=\"Nomus ERP Industrial\" \/>\n<meta property=\"article:modified_time\" content=\"2025-12-11T16:13:55+00:00\" \/>\n<meta property=\"og:image\" content=\"https:\/\/www.nomus.com.br\/erpindustrial\/wp-content\/uploads\/2025\/10\/og-como-funciona.jpg\" \/>\n\t<meta property=\"og:image:width\" content=\"620\" \/>\n\t<meta property=\"og:image:height\" content=\"405\" \/>\n\t<meta property=\"og:image:type\" content=\"image\/jpeg\" \/>\n<meta name=\"twitter:card\" content=\"summary_large_image\" \/>\n<meta name=\"twitter:title\" content=\"Como funciona a gest\u00e3o da produ\u00e7\u00e3o para terceiros no ERP Industrial\" \/>\n<meta name=\"twitter:description\" content=\"Veja como voc\u00ea pode controlar a produ\u00e7\u00e3o para terceiros utilizando o ERP Industrial da Nomus. Entenda as funcionalidades e benef\u00edcios para sua ind\u00fastria.\" \/>\n<meta name=\"twitter:image\" content=\"https:\/\/www.nomus.com.br\/erpindustrial\/wp-content\/uploads\/2019\/08\/como-funciona.jpg\" \/>\n<meta name=\"twitter:label1\" content=\"Est. tempo de leitura\" \/>\n\t<meta name=\"twitter:data1\" content=\"4 minutos\" \/>\n<script type=\"application\/ld+json\" class=\"yoast-schema-graph\">{\"@context\":\"https:\/\/schema.org\",\"@graph\":[{\"@type\":\"WebPage\",\"@id\":\"https:\/\/www.nomus.com.br\/erpindustrial\/como-funciona\/producao-para-terceiros\/\",\"url\":\"https:\/\/www.nomus.com.br\/erpindustrial\/como-funciona\/producao-para-terceiros\/\",\"name\":\"Como funciona a gest\u00e3o da produ\u00e7\u00e3o para terceiros no ERP Industrial\",\"isPartOf\":{\"@id\":\"https:\/\/www.nomus.com.br\/erpindustrial\/#website\"},\"primaryImageOfPage\":{\"@id\":\"https:\/\/www.nomus.com.br\/erpindustrial\/como-funciona\/producao-para-terceiros\/#primaryimage\"},\"image\":{\"@id\":\"https:\/\/www.nomus.com.br\/erpindustrial\/como-funciona\/producao-para-terceiros\/#primaryimage\"},\"thumbnailUrl\":\"https:\/\/www.nomus.com.br\/erpindustrial\/wp-content\/uploads\/2025\/12\/01-geracao-ordem-min-397x194.png\",\"datePublished\":\"2016-05-16T17:03:05+00:00\",\"dateModified\":\"2025-12-11T16:13:55+00:00\",\"description\":\"Veja como voc\u00ea pode controlar a produ\u00e7\u00e3o para terceiros utilizando o ERP Industrial da Nomus. Entenda as funcionalidades e benef\u00edcios para sua ind\u00fastria.\",\"breadcrumb\":{\"@id\":\"https:\/\/www.nomus.com.br\/erpindustrial\/como-funciona\/producao-para-terceiros\/#breadcrumb\"},\"inLanguage\":\"pt-BR\",\"potentialAction\":[{\"@type\":\"ReadAction\",\"target\":[\"https:\/\/www.nomus.com.br\/erpindustrial\/como-funciona\/producao-para-terceiros\/\"]}]},{\"@type\":\"ImageObject\",\"inLanguage\":\"pt-BR\",\"@id\":\"https:\/\/www.nomus.com.br\/erpindustrial\/como-funciona\/producao-para-terceiros\/#primaryimage\",\"url\":\"https:\/\/www.nomus.com.br\/erpindustrial\/wp-content\/uploads\/2025\/12\/01-geracao-ordem-min.png\",\"contentUrl\":\"https:\/\/www.nomus.com.br\/erpindustrial\/wp-content\/uploads\/2025\/12\/01-geracao-ordem-min.png\",\"width\":1821,\"height\":835},{\"@type\":\"BreadcrumbList\",\"@id\":\"https:\/\/www.nomus.com.br\/erpindustrial\/como-funciona\/producao-para-terceiros\/#breadcrumb\",\"itemListElement\":[{\"@type\":\"ListItem\",\"position\":1,\"name\":\"Nomus ERP Industrial\",\"item\":\"https:\/\/www.nomus.com.br\/erpindustrial\/\"},{\"@type\":\"ListItem\",\"position\":2,\"name\":\"Como funciona o Nomus ERP Industrial\",\"item\":\"https:\/\/www.nomus.com.br\/erpindustrial\/como-funciona\/\"},{\"@type\":\"ListItem\",\"position\":3,\"name\":\"Produ\u00e7\u00e3o para terceiros\"}]},{\"@type\":\"WebSite\",\"@id\":\"https:\/\/www.nomus.com.br\/erpindustrial\/#website\",\"url\":\"https:\/\/www.nomus.com.br\/erpindustrial\/\",\"name\":\"Nomus ERP Industrial\",\"description\":\"O melhor sistema de gest\u00e3o ERP para ind\u00fastrias do Brasil\",\"potentialAction\":[{\"@type\":\"SearchAction\",\"target\":{\"@type\":\"EntryPoint\",\"urlTemplate\":\"https:\/\/www.nomus.com.br\/erpindustrial\/?s={search_term_string}\"},\"query-input\":{\"@type\":\"PropertyValueSpecification\",\"valueRequired\":true,\"valueName\":\"search_term_string\"}}],\"inLanguage\":\"pt-BR\"}]}<\/script>\n<!-- \/ Yoast SEO plugin. -->","yoast_head_json":{"title":"Como funciona a gest\u00e3o da produ\u00e7\u00e3o para terceiros no ERP Industrial","description":"Veja como voc\u00ea pode controlar a produ\u00e7\u00e3o para terceiros utilizando o ERP Industrial da Nomus. Entenda as funcionalidades e benef\u00edcios para sua ind\u00fastria.","robots":{"index":"index","follow":"follow","max-snippet":"max-snippet:-1","max-image-preview":"max-image-preview:large","max-video-preview":"max-video-preview:-1"},"canonical":"https:\/\/www.nomus.com.br\/erpindustrial\/como-funciona\/producao-para-terceiros\/","og_locale":"pt_BR","og_type":"article","og_title":"Como funciona a gest\u00e3o da produ\u00e7\u00e3o para terceiros no ERP Industrial","og_description":"Veja como voc\u00ea pode controlar a produ\u00e7\u00e3o para terceiros utilizando o ERP Industrial da Nomus. Entenda as funcionalidades e benef\u00edcios para sua ind\u00fastria.","og_url":"https:\/\/www.nomus.com.br\/erpindustrial\/como-funciona\/producao-para-terceiros\/","og_site_name":"Nomus ERP Industrial","article_modified_time":"2025-12-11T16:13:55+00:00","og_image":[{"width":620,"height":405,"url":"https:\/\/www.nomus.com.br\/erpindustrial\/wp-content\/uploads\/2025\/10\/og-como-funciona.jpg","type":"image\/jpeg"}],"twitter_card":"summary_large_image","twitter_title":"Como funciona a gest\u00e3o da produ\u00e7\u00e3o para terceiros no ERP Industrial","twitter_description":"Veja como voc\u00ea pode controlar a produ\u00e7\u00e3o para terceiros utilizando o ERP Industrial da Nomus. Entenda as funcionalidades e benef\u00edcios para sua ind\u00fastria.","twitter_image":"https:\/\/www.nomus.com.br\/erpindustrial\/wp-content\/uploads\/2019\/08\/como-funciona.jpg","twitter_misc":{"Est. tempo de leitura":"4 minutos"},"schema":{"@context":"https:\/\/schema.org","@graph":[{"@type":"WebPage","@id":"https:\/\/www.nomus.com.br\/erpindustrial\/como-funciona\/producao-para-terceiros\/","url":"https:\/\/www.nomus.com.br\/erpindustrial\/como-funciona\/producao-para-terceiros\/","name":"Como funciona a gest\u00e3o da produ\u00e7\u00e3o para terceiros no ERP Industrial","isPartOf":{"@id":"https:\/\/www.nomus.com.br\/erpindustrial\/#website"},"primaryImageOfPage":{"@id":"https:\/\/www.nomus.com.br\/erpindustrial\/como-funciona\/producao-para-terceiros\/#primaryimage"},"image":{"@id":"https:\/\/www.nomus.com.br\/erpindustrial\/como-funciona\/producao-para-terceiros\/#primaryimage"},"thumbnailUrl":"https:\/\/www.nomus.com.br\/erpindustrial\/wp-content\/uploads\/2025\/12\/01-geracao-ordem-min-397x194.png","datePublished":"2016-05-16T17:03:05+00:00","dateModified":"2025-12-11T16:13:55+00:00","description":"Veja como voc\u00ea pode controlar a produ\u00e7\u00e3o para terceiros utilizando o ERP Industrial da Nomus. Entenda as funcionalidades e benef\u00edcios para sua ind\u00fastria.","breadcrumb":{"@id":"https:\/\/www.nomus.com.br\/erpindustrial\/como-funciona\/producao-para-terceiros\/#breadcrumb"},"inLanguage":"pt-BR","potentialAction":[{"@type":"ReadAction","target":["https:\/\/www.nomus.com.br\/erpindustrial\/como-funciona\/producao-para-terceiros\/"]}]},{"@type":"ImageObject","inLanguage":"pt-BR","@id":"https:\/\/www.nomus.com.br\/erpindustrial\/como-funciona\/producao-para-terceiros\/#primaryimage","url":"https:\/\/www.nomus.com.br\/erpindustrial\/wp-content\/uploads\/2025\/12\/01-geracao-ordem-min.png","contentUrl":"https:\/\/www.nomus.com.br\/erpindustrial\/wp-content\/uploads\/2025\/12\/01-geracao-ordem-min.png","width":1821,"height":835},{"@type":"BreadcrumbList","@id":"https:\/\/www.nomus.com.br\/erpindustrial\/como-funciona\/producao-para-terceiros\/#breadcrumb","itemListElement":[{"@type":"ListItem","position":1,"name":"Nomus ERP Industrial","item":"https:\/\/www.nomus.com.br\/erpindustrial\/"},{"@type":"ListItem","position":2,"name":"Como funciona o Nomus ERP Industrial","item":"https:\/\/www.nomus.com.br\/erpindustrial\/como-funciona\/"},{"@type":"ListItem","position":3,"name":"Produ\u00e7\u00e3o para terceiros"}]},{"@type":"WebSite","@id":"https:\/\/www.nomus.com.br\/erpindustrial\/#website","url":"https:\/\/www.nomus.com.br\/erpindustrial\/","name":"Nomus ERP Industrial","description":"O melhor sistema de gest\u00e3o ERP para ind\u00fastrias do Brasil","potentialAction":[{"@type":"SearchAction","target":{"@type":"EntryPoint","urlTemplate":"https:\/\/www.nomus.com.br\/erpindustrial\/?s={search_term_string}"},"query-input":{"@type":"PropertyValueSpecification","valueRequired":true,"valueName":"search_term_string"}}],"inLanguage":"pt-BR"}]}},"_links":{"self":[{"href":"https:\/\/www.nomus.com.br\/erpindustrial\/wp-json\/wp\/v2\/pages\/1945","targetHints":{"allow":["GET"]}}],"collection":[{"href":"https:\/\/www.nomus.com.br\/erpindustrial\/wp-json\/wp\/v2\/pages"}],"about":[{"href":"https:\/\/www.nomus.com.br\/erpindustrial\/wp-json\/wp\/v2\/types\/page"}],"author":[{"embeddable":true,"href":"https:\/\/www.nomus.com.br\/erpindustrial\/wp-json\/wp\/v2\/users\/1"}],"replies":[{"embeddable":true,"href":"https:\/\/www.nomus.com.br\/erpindustrial\/wp-json\/wp\/v2\/comments?post=1945"}],"version-history":[{"count":15,"href":"https:\/\/www.nomus.com.br\/erpindustrial\/wp-json\/wp\/v2\/pages\/1945\/revisions"}],"predecessor-version":[{"id":8820,"href":"https:\/\/www.nomus.com.br\/erpindustrial\/wp-json\/wp\/v2\/pages\/1945\/revisions\/8820"}],"up":[{"embeddable":true,"href":"https:\/\/www.nomus.com.br\/erpindustrial\/wp-json\/wp\/v2\/pages\/47"}],"wp:attachment":[{"href":"https:\/\/www.nomus.com.br\/erpindustrial\/wp-json\/wp\/v2\/media?parent=1945"}],"curies":[{"name":"wp","href":"https:\/\/api.w.org\/{rel}","templated":true}]}}