{"id":1902,"date":"2016-05-09T18:57:15","date_gmt":"2016-05-09T18:57:15","guid":{"rendered":"http:\/\/nomus.com.br\/nomusindustrial\/?page_id=1902"},"modified":"2025-12-15T11:44:45","modified_gmt":"2025-12-15T14:44:45","slug":"crm","status":"publish","type":"page","link":"https:\/\/www.nomus.com.br\/erpindustrial\/como-funciona\/crm\/","title":{"rendered":"Gest\u00e3o de tarefas"},"content":{"rendered":"<style>\r\n\r\n.link-como-funciona-processos {\r\n    background-color: #f9f1e1;\r\n    color: #b1710d!important;\r\n}\r\n\r\n.icone-processos{\r\n  background-color:#c26868;\r\n}\r\n<\/style>\r\n\r\n\r\n<hr \/>\r\n\r\n<div class=\"row\">\r\n  <div class=\"col-md-2\">\r\n    <div class=\" caixa-diferencial icone-processos text-center\"> \r\n      <p style=\"font-size: 70px;color: white;padding: 0px;margin: 15px 0px 0px 0px;\"><i class=\"fa fa-tasks\" aria-hidden=\"true\"><\/i><\/p>\r\n    <\/div>\r\n  <\/div>\r\n  <div class=\"col-md-10\">\r\n    <h1 class=\"titulo-sem-imagem\">CRM<\/h1>\r\n    <h2 class=\"h2-descricao-funcionalidade\">Gerencie processos comerciais e administrativos como negocia\u00e7\u00f5es de venda, suporte ao cliente e assist\u00eancia t\u00e9cnica, de forma colaborativa e eficaz.<\/h2>\r\n  <\/div>\r\n<\/div>\r\n\r\n\r\n<hr class=\"hr-respiro\">\r\n<h3>Principais benef\u00edcios em utilizar o Gest\u00e3o de processos<\/h3>\r\n<br>\r\n<ul class=\"lista-bf\">\r\n  \r\n<li class=\"beneficio-funcionalidade\">Saiba como foi a intera\u00e7\u00e3o da sua equipe na execu\u00e7\u00e3o de processos.<\/li>\r\n<li class=\"beneficio-funcionalidade\">Aumente a colabora\u00e7\u00e3o e produtividade da sua equipe na execu\u00e7\u00e3o de processos.<\/li>\r\n<li class=\"beneficio-funcionalidade\">Melhore o atendimento a potencias clientes, base de clientes e clientes internos.<\/li>\r\n<li class=\"beneficio-funcionalidade\">Aumente as vendas para potenciais clientes e para base de clientes.<\/li>\r\n<\/ul>\r\n\r\n<hr class=\"hr-respiro\">\r\n<h3>Funcionalidades da Gest\u00e3o de processos do Nomus ERP Industrial<\/h3>\r\n<br>\r\n\r\n<div class=\"row\">\r\n  <br>\r\n  <div class=\"col-md-6\">\r\n      <p class=\"forte\"> Registro de processos<\/p>\r\n      <p>\r\n        Registre seus processos de neg\u00f3cio como Negocia\u00e7\u00e3o de venda, Suporte ao cliente e Assist\u00eancia t\u00e9cnica, e defina respons\u00e1veis para cada processo.\r\n      <\/p>\r\n      \r\n  <\/div>\r\n  <div class=\"col-md-6\">\r\n    <a href=\"https:\/\/www.nomus.com.br\/erpindustrial\/wp-content\/uploads\/2025\/12\/01-registro-processos-min.png\" rel=\"lightbox[1902]\"><img decoding=\"async\" data-src=\"https:\/\/www.nomus.com.br\/erpindustrial\/wp-content\/uploads\/2025\/12\/01-registro-processos-min-397x194.png\" alt=\"\" width=\"397\" height=\"194\" class=\"alignnone size-thumbnail wp-image-2520 lazyload\" src=\"data:image\/svg+xml;base64,PHN2ZyB3aWR0aD0iMSIgaGVpZ2h0PSIxIiB4bWxucz0iaHR0cDovL3d3dy53My5vcmcvMjAwMC9zdmciPjwvc3ZnPg==\" style=\"--smush-placeholder-width: 397px; --smush-placeholder-aspect-ratio: 397\/194;\" \/><\/a>\r\n      \r\n  <\/div>\r\n<\/div>\r\n\r\n\r\n<hr class=\"hr-respiro\">\r\n\r\n<div class=\"row\">\r\n  <br>\r\n  <div class=\"col-md-6\">\r\n    <a href=\"https:\/\/www.nomus.com.br\/erpindustrial\/wp-content\/uploads\/2025\/12\/02-campos-personalizados-min.png\" rel=\"lightbox[1902]\"><img decoding=\"async\" data-src=\"https:\/\/www.nomus.com.br\/erpindustrial\/wp-content\/uploads\/2025\/12\/02-campos-personalizados-min-397x194.png\" alt=\"\" width=\"397\" height=\"194\" class=\"alignnone size-thumbnail wp-image-2520 lazyload\" src=\"data:image\/svg+xml;base64,PHN2ZyB3aWR0aD0iMSIgaGVpZ2h0PSIxIiB4bWxucz0iaHR0cDovL3d3dy53My5vcmcvMjAwMC9zdmciPjwvc3ZnPg==\" style=\"--smush-placeholder-width: 397px; --smush-placeholder-aspect-ratio: 397\/194;\" \/><\/a>\r\n      \r\n  <\/div>\r\n  <div class=\"col-md-6\">\r\n      <p class=\"forte\"> Defini\u00e7\u00e3o de campos personalizados por processo<\/p>\r\n      <p>\r\n       Defina campos personalizados para cada processo e registre todas as informa\u00e7\u00f5es necess\u00e1rias para o bom andamento dos processos.\r\n      <\/p>\r\n      \r\n  <\/div>\r\n<\/div>\r\n\r\n\r\n\r\n<hr class=\"hr-respiro\">\r\n\r\n<div class=\"row\">\r\n  <br>\r\n  <div class=\"col-md-6\">\r\n      <p class=\"forte\"> Gest\u00e3o de documentos<\/p>\r\n      <p>\r\n        Anexe todos os documentos e arquivos relevantes para o bom andamento de seus processos.\r\n      <\/p>      \r\n  <\/div>\r\n  <div class=\"col-md-6\">\r\n    <a href=\"https:\/\/www.nomus.com.br\/erpindustrial\/wp-content\/uploads\/2025\/12\/03-gestao-documentos-min.png\" rel=\"lightbox[1902]\"><img decoding=\"async\" data-src=\"https:\/\/www.nomus.com.br\/erpindustrial\/wp-content\/uploads\/2025\/12\/03-gestao-documentos-min-397x194.png\" alt=\"\" width=\"397\" height=\"194\" class=\"alignnone size-thumbnail wp-image-2520 lazyload\" src=\"data:image\/svg+xml;base64,PHN2ZyB3aWR0aD0iMSIgaGVpZ2h0PSIxIiB4bWxucz0iaHR0cDovL3d3dy53My5vcmcvMjAwMC9zdmciPjwvc3ZnPg==\" style=\"--smush-placeholder-width: 397px; --smush-placeholder-aspect-ratio: 397\/194;\" \/><\/a>\r\n  <\/div>\r\n<\/div>\r\n\r\n\r\n<hr class=\"hr-respiro\">\r\n\r\n<div class=\"row\">\r\n  <br>\r\n  <div class=\"col-md-6\">\r\n    <a href=\"https:\/\/www.nomus.com.br\/erpindustrial\/wp-content\/uploads\/2025\/12\/04-acompanhamentoprocessos-min.png\" rel=\"lightbox[1902]\"><img decoding=\"async\" data-src=\"https:\/\/www.nomus.com.br\/erpindustrial\/wp-content\/uploads\/2025\/12\/04-acompanhamentoprocessos-min-397x194.png\" alt=\"\" width=\"397\" height=\"194\" class=\"alignnone size-thumbnail wp-image-2520 lazyload\" src=\"data:image\/svg+xml;base64,PHN2ZyB3aWR0aD0iMSIgaGVpZ2h0PSIxIiB4bWxucz0iaHR0cDovL3d3dy53My5vcmcvMjAwMC9zdmciPjwvc3ZnPg==\" style=\"--smush-placeholder-width: 397px; --smush-placeholder-aspect-ratio: 397\/194;\" \/><\/a>\r\n  <\/div>\r\n  <div class=\"col-md-6\">\r\n      <p class=\"forte\"> Acompanhamento do andamento de processos<\/p>\r\n      <p>Acompanhe o andamento de processos por etapa. Por exemplo, o processo de negocia\u00e7\u00e3o de venda pode ter as etapas: Pr\u00e9-venda, Apresenta\u00e7\u00e3o Agendada, Apresenta\u00e7\u00e3o Realizada, Aguardando Fechamento, Negocia\u00e7\u00e3o Ganha e Negocia\u00e7\u00e3o Perdida.<\/p>\r\n  <\/div>\r\n<\/div>\r\n\r\n\r\n\r\n<hr class=\"hr-respiro\">\r\n\r\n<div class=\"row\">\r\n  <br>\r\n  <div class=\"col-md-6\">\r\n      <p class=\"forte\"> Gest\u00e3o da comunica\u00e7\u00e3o<\/p>\r\n      <p>Registre pareceres nos processos, melhore a comunica\u00e7\u00e3o entre as pessoas da equipe, e consulte todo o hist\u00f3rico de pareceres dos processos sempre que precisar.<\/p>\r\n  <\/div>\r\n  <div class=\"col-md-6\">\r\n    <a href=\"https:\/\/www.nomus.com.br\/erpindustrial\/wp-content\/uploads\/2025\/12\/05-comunicacao-min.png\" rel=\"lightbox[1902]\"><img decoding=\"async\" data-src=\"https:\/\/www.nomus.com.br\/erpindustrial\/wp-content\/uploads\/2025\/12\/05-comunicacao-min-397x194.png\" alt=\"\" width=\"397\" height=\"194\" class=\"alignnone size-thumbnail wp-image-2520 lazyload\" src=\"data:image\/svg+xml;base64,PHN2ZyB3aWR0aD0iMSIgaGVpZ2h0PSIxIiB4bWxucz0iaHR0cDovL3d3dy53My5vcmcvMjAwMC9zdmciPjwvc3ZnPg==\" style=\"--smush-placeholder-width: 397px; --smush-placeholder-aspect-ratio: 397\/194;\" \/><\/a>\r\n  <\/div>\r\n<\/div>\r\n\r\n\r\n<hr class=\"hr-respiro\">\r\n\r\n<div class=\"row\">\r\n  <br>\r\n  <div class=\"col-md-6\">\r\n    <a href=\"https:\/\/www.nomus.com.br\/erpindustrial\/wp-content\/uploads\/2025\/12\/06-integracao-vendas-min.png\" rel=\"lightbox[1902]\"><img decoding=\"async\" data-src=\"https:\/\/www.nomus.com.br\/erpindustrial\/wp-content\/uploads\/2025\/12\/06-integracao-vendas-min-397x194.png\" alt=\"\" width=\"397\" height=\"194\" class=\"alignnone size-thumbnail wp-image-2520 lazyload\" src=\"data:image\/svg+xml;base64,PHN2ZyB3aWR0aD0iMSIgaGVpZ2h0PSIxIiB4bWxucz0iaHR0cDovL3d3dy53My5vcmcvMjAwMC9zdmciPjwvc3ZnPg==\" style=\"--smush-placeholder-width: 397px; --smush-placeholder-aspect-ratio: 397\/194;\" \/><\/a>\r\n  <\/div>\r\n  <div class=\"col-md-6\">\r\n      <p class=\"forte\"> Integra\u00e7\u00e3o entre CRM e Vendas<\/p>\r\n      <p>\r\n          Integre o processo de negocia\u00e7\u00e3o de venda no CRM com a gera\u00e7\u00e3o do pedido de vendas no m\u00f3dulo de Vendas.\r\n      <\/p>      \r\n  <\/div>\r\n<\/div>\r\n\r\n\r\n<\/div>\r\n<\/div>\r\n<hr>\r\n<p class=\"text-right\">Pr\u00f3ximo passo: <a href=\"http:\/\/nomus.com.br\/erpindustrial\/como-funciona\/ecommerce\/\">Conhe\u00e7a o m\u00f3dulo de e-Commerce \u00bb<\/a><\/p>\r\n","protected":false},"excerpt":{"rendered":"<p>CRM Gerencie processos comerciais e administrativos como negocia\u00e7\u00f5es de venda, suporte ao cliente e assist\u00eancia t\u00e9cnica, de forma colaborativa e eficaz. Principais benef\u00edcios em utilizar o Gest\u00e3o de processos Saiba como foi a intera\u00e7\u00e3o da sua equipe na execu\u00e7\u00e3o de processos. Aumente a colabora\u00e7\u00e3o e produtividade da sua equipe na execu\u00e7\u00e3o de processos. Melhore o [&hellip;]<\/p>\n","protected":false},"author":1,"featured_media":0,"parent":47,"menu_order":24,"comment_status":"open","ping_status":"open","template":"page-comofunciona.php","meta":{"_acf_changed":false,"footnotes":""},"class_list":["post-1902","page","type-page","status-publish","hentry"],"acf":[],"yoast_head":"<!-- This site is optimized with the Yoast SEO plugin v26.5 - https:\/\/yoast.com\/wordpress\/plugins\/seo\/ -->\n<title>Como funciona a gest\u00e3o de tarefas (CRM) no ERP Industrial<\/title>\n<meta name=\"description\" content=\"Veja como funciona a gest\u00e3o de tarefas (CRM) no ERP Industrial e entenda por que essa \u00e9 a melhor ferramenta CRM para ind\u00fastrias do mercado.\" \/>\n<meta name=\"robots\" content=\"index, follow, max-snippet:-1, max-image-preview:large, max-video-preview:-1\" \/>\n<link rel=\"canonical\" href=\"https:\/\/www.nomus.com.br\/erpindustrial\/como-funciona\/crm\/\" \/>\n<meta property=\"og:locale\" content=\"pt_BR\" \/>\n<meta property=\"og:type\" content=\"article\" \/>\n<meta property=\"og:title\" content=\"Como funciona a gest\u00e3o de tarefas (CRM) no ERP Industrial\" \/>\n<meta property=\"og:description\" content=\"Veja como funciona a gest\u00e3o de tarefas (CRM) no ERP Industrial e entenda por que essa \u00e9 a melhor ferramenta CRM para ind\u00fastrias do mercado.\" \/>\n<meta property=\"og:url\" content=\"https:\/\/www.nomus.com.br\/erpindustrial\/como-funciona\/crm\/\" \/>\n<meta property=\"og:site_name\" content=\"Nomus ERP Industrial\" \/>\n<meta property=\"article:modified_time\" content=\"2025-12-15T14:44:45+00:00\" \/>\n<meta property=\"og:image\" content=\"https:\/\/www.nomus.com.br\/erpindustrial\/wp-content\/uploads\/2025\/10\/og-como-funciona.jpg\" \/>\n\t<meta property=\"og:image:width\" content=\"620\" \/>\n\t<meta property=\"og:image:height\" content=\"405\" \/>\n\t<meta property=\"og:image:type\" content=\"image\/jpeg\" \/>\n<meta name=\"twitter:card\" content=\"summary_large_image\" \/>\n<meta name=\"twitter:title\" content=\"Como funciona a gest\u00e3o de tarefas (CRM) no ERP Industrial\" \/>\n<meta name=\"twitter:description\" content=\"Veja como funciona a gest\u00e3o de tarefas (CRM) no ERP Industrial e entenda por que essa \u00e9 a melhor ferramenta CRM para ind\u00fastrias do mercado.\" \/>\n<meta name=\"twitter:image\" content=\"https:\/\/www.nomus.com.br\/erpindustrial\/wp-content\/uploads\/2019\/08\/como-funciona.jpg\" \/>\n<meta name=\"twitter:label1\" content=\"Est. tempo de leitura\" \/>\n\t<meta name=\"twitter:data1\" content=\"2 minutos\" \/>\n<script type=\"application\/ld+json\" class=\"yoast-schema-graph\">{\"@context\":\"https:\/\/schema.org\",\"@graph\":[{\"@type\":\"WebPage\",\"@id\":\"https:\/\/www.nomus.com.br\/erpindustrial\/como-funciona\/crm\/\",\"url\":\"https:\/\/www.nomus.com.br\/erpindustrial\/como-funciona\/crm\/\",\"name\":\"Como funciona a gest\u00e3o de tarefas (CRM) no ERP Industrial\",\"isPartOf\":{\"@id\":\"https:\/\/www.nomus.com.br\/erpindustrial\/#website\"},\"primaryImageOfPage\":{\"@id\":\"https:\/\/www.nomus.com.br\/erpindustrial\/como-funciona\/crm\/#primaryimage\"},\"image\":{\"@id\":\"https:\/\/www.nomus.com.br\/erpindustrial\/como-funciona\/crm\/#primaryimage\"},\"thumbnailUrl\":\"https:\/\/www.nomus.com.br\/erpindustrial\/wp-content\/uploads\/2025\/12\/02-campos-personalizados-min-397x194.png\",\"datePublished\":\"2016-05-09T18:57:15+00:00\",\"dateModified\":\"2025-12-15T14:44:45+00:00\",\"description\":\"Veja como funciona a gest\u00e3o de tarefas (CRM) no ERP Industrial e entenda por que essa \u00e9 a melhor ferramenta CRM para ind\u00fastrias do mercado.\",\"breadcrumb\":{\"@id\":\"https:\/\/www.nomus.com.br\/erpindustrial\/como-funciona\/crm\/#breadcrumb\"},\"inLanguage\":\"pt-BR\",\"potentialAction\":[{\"@type\":\"ReadAction\",\"target\":[\"https:\/\/www.nomus.com.br\/erpindustrial\/como-funciona\/crm\/\"]}]},{\"@type\":\"ImageObject\",\"inLanguage\":\"pt-BR\",\"@id\":\"https:\/\/www.nomus.com.br\/erpindustrial\/como-funciona\/crm\/#primaryimage\",\"url\":\"https:\/\/www.nomus.com.br\/erpindustrial\/wp-content\/uploads\/2025\/12\/02-campos-personalizados-min.png\",\"contentUrl\":\"https:\/\/www.nomus.com.br\/erpindustrial\/wp-content\/uploads\/2025\/12\/02-campos-personalizados-min.png\",\"width\":1785,\"height\":909},{\"@type\":\"BreadcrumbList\",\"@id\":\"https:\/\/www.nomus.com.br\/erpindustrial\/como-funciona\/crm\/#breadcrumb\",\"itemListElement\":[{\"@type\":\"ListItem\",\"position\":1,\"name\":\"Nomus ERP Industrial\",\"item\":\"https:\/\/www.nomus.com.br\/erpindustrial\/\"},{\"@type\":\"ListItem\",\"position\":2,\"name\":\"Como funciona o Nomus ERP Industrial\",\"item\":\"https:\/\/www.nomus.com.br\/erpindustrial\/como-funciona\/\"},{\"@type\":\"ListItem\",\"position\":3,\"name\":\"Gest\u00e3o de tarefas\"}]},{\"@type\":\"WebSite\",\"@id\":\"https:\/\/www.nomus.com.br\/erpindustrial\/#website\",\"url\":\"https:\/\/www.nomus.com.br\/erpindustrial\/\",\"name\":\"Nomus ERP Industrial\",\"description\":\"O melhor sistema de gest\u00e3o ERP para ind\u00fastrias do Brasil\",\"potentialAction\":[{\"@type\":\"SearchAction\",\"target\":{\"@type\":\"EntryPoint\",\"urlTemplate\":\"https:\/\/www.nomus.com.br\/erpindustrial\/?s={search_term_string}\"},\"query-input\":{\"@type\":\"PropertyValueSpecification\",\"valueRequired\":true,\"valueName\":\"search_term_string\"}}],\"inLanguage\":\"pt-BR\"}]}<\/script>\n<!-- \/ Yoast SEO plugin. -->","yoast_head_json":{"title":"Como funciona a gest\u00e3o de tarefas (CRM) no ERP Industrial","description":"Veja como funciona a gest\u00e3o de tarefas (CRM) no ERP Industrial e entenda por que essa \u00e9 a melhor ferramenta CRM para ind\u00fastrias do mercado.","robots":{"index":"index","follow":"follow","max-snippet":"max-snippet:-1","max-image-preview":"max-image-preview:large","max-video-preview":"max-video-preview:-1"},"canonical":"https:\/\/www.nomus.com.br\/erpindustrial\/como-funciona\/crm\/","og_locale":"pt_BR","og_type":"article","og_title":"Como funciona a gest\u00e3o de tarefas (CRM) no ERP Industrial","og_description":"Veja como funciona a gest\u00e3o de tarefas (CRM) no ERP Industrial e entenda por que essa \u00e9 a melhor ferramenta CRM para ind\u00fastrias do mercado.","og_url":"https:\/\/www.nomus.com.br\/erpindustrial\/como-funciona\/crm\/","og_site_name":"Nomus ERP Industrial","article_modified_time":"2025-12-15T14:44:45+00:00","og_image":[{"width":620,"height":405,"url":"https:\/\/www.nomus.com.br\/erpindustrial\/wp-content\/uploads\/2025\/10\/og-como-funciona.jpg","type":"image\/jpeg"}],"twitter_card":"summary_large_image","twitter_title":"Como funciona a gest\u00e3o de tarefas (CRM) no ERP Industrial","twitter_description":"Veja como funciona a gest\u00e3o de tarefas (CRM) no ERP Industrial e entenda por que essa \u00e9 a melhor ferramenta CRM para ind\u00fastrias do mercado.","twitter_image":"https:\/\/www.nomus.com.br\/erpindustrial\/wp-content\/uploads\/2019\/08\/como-funciona.jpg","twitter_misc":{"Est. tempo de leitura":"2 minutos"},"schema":{"@context":"https:\/\/schema.org","@graph":[{"@type":"WebPage","@id":"https:\/\/www.nomus.com.br\/erpindustrial\/como-funciona\/crm\/","url":"https:\/\/www.nomus.com.br\/erpindustrial\/como-funciona\/crm\/","name":"Como funciona a gest\u00e3o de tarefas (CRM) no ERP Industrial","isPartOf":{"@id":"https:\/\/www.nomus.com.br\/erpindustrial\/#website"},"primaryImageOfPage":{"@id":"https:\/\/www.nomus.com.br\/erpindustrial\/como-funciona\/crm\/#primaryimage"},"image":{"@id":"https:\/\/www.nomus.com.br\/erpindustrial\/como-funciona\/crm\/#primaryimage"},"thumbnailUrl":"https:\/\/www.nomus.com.br\/erpindustrial\/wp-content\/uploads\/2025\/12\/02-campos-personalizados-min-397x194.png","datePublished":"2016-05-09T18:57:15+00:00","dateModified":"2025-12-15T14:44:45+00:00","description":"Veja como funciona a gest\u00e3o de tarefas (CRM) no ERP Industrial e entenda por que essa \u00e9 a melhor ferramenta CRM para ind\u00fastrias do mercado.","breadcrumb":{"@id":"https:\/\/www.nomus.com.br\/erpindustrial\/como-funciona\/crm\/#breadcrumb"},"inLanguage":"pt-BR","potentialAction":[{"@type":"ReadAction","target":["https:\/\/www.nomus.com.br\/erpindustrial\/como-funciona\/crm\/"]}]},{"@type":"ImageObject","inLanguage":"pt-BR","@id":"https:\/\/www.nomus.com.br\/erpindustrial\/como-funciona\/crm\/#primaryimage","url":"https:\/\/www.nomus.com.br\/erpindustrial\/wp-content\/uploads\/2025\/12\/02-campos-personalizados-min.png","contentUrl":"https:\/\/www.nomus.com.br\/erpindustrial\/wp-content\/uploads\/2025\/12\/02-campos-personalizados-min.png","width":1785,"height":909},{"@type":"BreadcrumbList","@id":"https:\/\/www.nomus.com.br\/erpindustrial\/como-funciona\/crm\/#breadcrumb","itemListElement":[{"@type":"ListItem","position":1,"name":"Nomus ERP Industrial","item":"https:\/\/www.nomus.com.br\/erpindustrial\/"},{"@type":"ListItem","position":2,"name":"Como funciona o Nomus ERP Industrial","item":"https:\/\/www.nomus.com.br\/erpindustrial\/como-funciona\/"},{"@type":"ListItem","position":3,"name":"Gest\u00e3o de tarefas"}]},{"@type":"WebSite","@id":"https:\/\/www.nomus.com.br\/erpindustrial\/#website","url":"https:\/\/www.nomus.com.br\/erpindustrial\/","name":"Nomus ERP Industrial","description":"O melhor sistema de gest\u00e3o ERP para ind\u00fastrias do Brasil","potentialAction":[{"@type":"SearchAction","target":{"@type":"EntryPoint","urlTemplate":"https:\/\/www.nomus.com.br\/erpindustrial\/?s={search_term_string}"},"query-input":{"@type":"PropertyValueSpecification","valueRequired":true,"valueName":"search_term_string"}}],"inLanguage":"pt-BR"}]}},"_links":{"self":[{"href":"https:\/\/www.nomus.com.br\/erpindustrial\/wp-json\/wp\/v2\/pages\/1902","targetHints":{"allow":["GET"]}}],"collection":[{"href":"https:\/\/www.nomus.com.br\/erpindustrial\/wp-json\/wp\/v2\/pages"}],"about":[{"href":"https:\/\/www.nomus.com.br\/erpindustrial\/wp-json\/wp\/v2\/types\/page"}],"author":[{"embeddable":true,"href":"https:\/\/www.nomus.com.br\/erpindustrial\/wp-json\/wp\/v2\/users\/1"}],"replies":[{"embeddable":true,"href":"https:\/\/www.nomus.com.br\/erpindustrial\/wp-json\/wp\/v2\/comments?post=1902"}],"version-history":[{"count":11,"href":"https:\/\/www.nomus.com.br\/erpindustrial\/wp-json\/wp\/v2\/pages\/1902\/revisions"}],"predecessor-version":[{"id":8958,"href":"https:\/\/www.nomus.com.br\/erpindustrial\/wp-json\/wp\/v2\/pages\/1902\/revisions\/8958"}],"up":[{"embeddable":true,"href":"https:\/\/www.nomus.com.br\/erpindustrial\/wp-json\/wp\/v2\/pages\/47"}],"wp:attachment":[{"href":"https:\/\/www.nomus.com.br\/erpindustrial\/wp-json\/wp\/v2\/media?parent=1902"}],"curies":[{"name":"wp","href":"https:\/\/api.w.org\/{rel}","templated":true}]}}