{"id":1896,"date":"2016-05-09T18:50:32","date_gmt":"2016-05-09T18:50:32","guid":{"rendered":"http:\/\/nomus.com.br\/nomusindustrial\/?page_id=1896"},"modified":"2025-12-15T11:03:32","modified_gmt":"2025-12-15T14:03:32","slug":"databook","status":"publish","type":"page","link":"https:\/\/www.nomus.com.br\/erpindustrial\/como-funciona\/databook\/","title":{"rendered":"Databooks"},"content":{"rendered":"<style>\r\n\r\n.link-como-funciona-databook {\r\n    background-color: #f9f1e1;\r\n    color: #b1710d!important;\r\n}\r\n\r\n.icone-databook{\r\n  background-color:#68a8c3;\r\n}\r\n<\/style>\r\n\r\n\r\n<hr \/>\r\n\r\n<div class=\"row\">\r\n  <div class=\"col-md-2\">\r\n    <div class=\" caixa-diferencial icone-databook text-center\"> \r\n      <p style=\"font-size: 70px;color: white;padding: 0px;margin: 15px 0px 0px 0px;\"><i class=\"fa fa-book\" aria-hidden=\"true\"><\/i><\/p>\r\n    <\/div>\r\n  <\/div>\r\n  <div class=\"col-md-10\">\r\n    <h1 class=\"titulo-sem-imagem\">Databooks<\/h1>\r\n    <h2 class=\"h2-descricao-funcionalidade\">Elabore databooks de forma r\u00e1pida e segura totalmente integrado \u00e0 gest\u00e3o de documentos.<\/h2>\r\n  <\/div>\r\n<\/div>\r\n\r\n\r\n<hr class=\"hr-respiro\">\r\n<h3>Principais benef\u00edcios em utilizar o Databooks<\/h3>\r\n<br>\r\n<ul class=\"lista-bf\">\r\n  \r\n<li class=\"beneficio-funcionalidade\">Aumente a satisfa\u00e7\u00e3o de seus clientes garantindo a entrega de todos os documentos exigidos no databook.<\/li>\r\n<li class=\"beneficio-funcionalidade\">Evite atrasos na elabora\u00e7\u00e3o do databook que podem comprometer o faturamento e prejudicar seu fluxo de caixa.<\/li>\r\n<li class=\"beneficio-funcionalidade\">Evite falhas no preenchimento de documentos do databook.<\/li>\r\n<li class=\"beneficio-funcionalidade\">Agilize a elabora\u00e7\u00e3o de databooks e aumente a produtividade da sua equipe de Controle da Qualidade.<\/li>\r\n<li class=\"beneficio-funcionalidade\">Acabe com o extravio de documentos.<\/li>\r\n<li class=\"beneficio-funcionalidade\">Reduza custos e burocracia com a impress\u00e3o de documentos utilizando assinatura digital.<\/li>\r\n<\/ul>\r\n\r\n<hr class=\"hr-respiro\">\r\n<h3>Funcionalidades da Databooks do Nomus ERP Industrial<\/h3>\r\n<br>\r\n\r\n<div class=\"row\">\r\n  <br>\r\n  <div class=\"col-md-6\">\r\n     <a href=\"https:\/\/www.nomus.com.br\/erpindustrial\/wp-content\/uploads\/2025\/12\/1-requisitos-databook-min-1.png\" rel=\"lightbox[1896]\"><img decoding=\"async\" data-src=\"https:\/\/www.nomus.com.br\/erpindustrial\/wp-content\/uploads\/2025\/12\/1-requisitos-databook-min-1-397x194.png\" alt=\"1-databook\" width=\"397\" height=\"194\" class=\"alignnone size-thumbnail wp-image-2497 lazyload\" src=\"data:image\/svg+xml;base64,PHN2ZyB3aWR0aD0iMSIgaGVpZ2h0PSIxIiB4bWxucz0iaHR0cDovL3d3dy53My5vcmcvMjAwMC9zdmciPjwvc3ZnPg==\" style=\"--smush-placeholder-width: 397px; --smush-placeholder-aspect-ratio: 397\/194;\" \/><\/a>\r\n  <\/div>\r\n  <div class=\"col-md-6\">\r\n      <p class=\"forte\"> Defini\u00e7\u00e3o de requisitos de documenta\u00e7\u00e3o do databook<\/p>\r\n      <p>\r\n        Defina os templates de databook, especificando as se\u00e7\u00f5es do databook, requisitos de documenta\u00e7\u00e3o de cada se\u00e7\u00e3o e layouts de capa e se\u00e7\u00f5es.\r\n      <\/p>\r\n      \r\n  <\/div>\r\n<\/div>\r\n\r\n<hr class=\"hr-respiro\">\r\n\r\n<div class=\"row\">\r\n    <br>\r\n  <div class=\"col-md-6\">\r\n      <p class=\"forte\"> Gera\u00e7\u00e3o de databooks em formato eletr\u00f4nico<\/p>\r\n      <p>\r\n       Crie databooks no sistema para todos os seus pedidos de venda.\r\n      <\/p>\r\n      \r\n  <\/div>\r\n  <div class=\"col-md-6\">\r\n    <a href=\"http:\/\/nomus.com.br\/erpindustrial\/wp-content\/uploads\/2016\/05\/2-databook.jpg\" rel=\"lightbox[1896]\"><img decoding=\"async\" data-src=\"http:\/\/nomus.com.br\/erpindustrial\/wp-content\/uploads\/2016\/05\/2-databook-397x194.jpg\" alt=\"2-databook\" width=\"397\" height=\"194\" class=\"alignnone size-thumbnail wp-image-2498 lazyload\" src=\"data:image\/svg+xml;base64,PHN2ZyB3aWR0aD0iMSIgaGVpZ2h0PSIxIiB4bWxucz0iaHR0cDovL3d3dy53My5vcmcvMjAwMC9zdmciPjwvc3ZnPg==\" style=\"--smush-placeholder-width: 397px; --smush-placeholder-aspect-ratio: 397\/194;\" \/><\/a>\r\n  <\/div>\r\n<\/div>\r\n\r\n<hr class=\"hr-respiro\">\r\n\r\n<div class=\"row\">\r\n  <br>\r\n  <div class=\"col-md-6\">\r\n     <a href=\"https:\/\/www.nomus.com.br\/erpindustrial\/wp-content\/uploads\/2025\/12\/03-documento-pdf-min-2.png\" rel=\"lightbox[1896]\"><img decoding=\"async\" data-src=\"https:\/\/www.nomus.com.br\/erpindustrial\/wp-content\/uploads\/2025\/12\/03-documento-pdf-min-2-397x194.png\" alt=\"3-documento-gerado-pelo-sistema-gestao\" width=\"397\" height=\"194\" class=\"alignnone size-thumbnail wp-image-2499 lazyload\" src=\"data:image\/svg+xml;base64,PHN2ZyB3aWR0aD0iMSIgaGVpZ2h0PSIxIiB4bWxucz0iaHR0cDovL3d3dy53My5vcmcvMjAwMC9zdmciPjwvc3ZnPg==\" style=\"--smush-placeholder-width: 397px; --smush-placeholder-aspect-ratio: 397\/194;\" \/><\/a>\r\n  <\/div>\r\n  <div class=\"col-md-6\">\r\n      <p class=\"forte\">Integra\u00e7\u00e3o com documentos gerados em formato eletr\u00f4nico<\/p>\r\n      <p>Gere documentos como relat\u00f3rios de ensaios n\u00e3o destrutivos, relat\u00f3rios de inspe\u00e7\u00e3o, relat\u00f3rios de part\u00edcula magn\u00e9tica, entre outros, preenchendo formul\u00e1rios personalizados dentro do pr\u00f3prio software e com assinatura digital.<\/p>\r\n  <\/div>\r\n<\/div>\r\n\r\n<hr class=\"hr-respiro\">\r\n\r\n<div class=\"row\">\r\n    <br>\r\n  <div class=\"col-md-6\">\r\n      <p class=\"forte\">Digitalize documentos recebidos de terceiros<\/p>\r\n      <p>\r\n       Digitalize documentos recebidos de terceiros como certificados de mat\u00e9rias primas e anexe no sistema.\r\n      <\/p>      \r\n  <\/div>\r\n  <div class=\"col-md-6\">\r\n    <a href=\"https:\/\/www.nomus.com.br\/erpindustrial\/wp-content\/uploads\/2025\/12\/4-digitalizar-documentos-min-1.png\" rel=\"lightbox[1896]\"><img decoding=\"async\" data-src=\"https:\/\/www.nomus.com.br\/erpindustrial\/wp-content\/uploads\/2025\/12\/4-digitalizar-documentos-min-1-397x194.png\" alt=\"4-databook\" width=\"397\" height=\"194\" class=\"alignnone size-thumbnail wp-image-2500 lazyload\" src=\"data:image\/svg+xml;base64,PHN2ZyB3aWR0aD0iMSIgaGVpZ2h0PSIxIiB4bWxucz0iaHR0cDovL3d3dy53My5vcmcvMjAwMC9zdmciPjwvc3ZnPg==\" style=\"--smush-placeholder-width: 397px; --smush-placeholder-aspect-ratio: 397\/194;\" \/><\/a>\r\n  <\/div>\r\n<\/div>\r\n\r\n<hr class=\"hr-respiro\">\r\n\r\n<div class=\"row\">\r\n  <br>\r\n  <div class=\"col-md-6\">\r\n      <a href=\"https:\/\/www.nomus.com.br\/erpindustrial\/wp-content\/uploads\/2025\/12\/5-integracao-ordens-producao-min-1.png\" rel=\"lightbox[1896]\"><img decoding=\"async\" data-src=\"https:\/\/www.nomus.com.br\/erpindustrial\/wp-content\/uploads\/2025\/12\/5-integracao-ordens-producao-min-1-397x194.png\" alt=\"5-databook\" width=\"397\" height=\"194\" class=\"alignnone size-thumbnail wp-image-2501 lazyload\" src=\"data:image\/svg+xml;base64,PHN2ZyB3aWR0aD0iMSIgaGVpZ2h0PSIxIiB4bWxucz0iaHR0cDovL3d3dy53My5vcmcvMjAwMC9zdmciPjwvc3ZnPg==\" style=\"--smush-placeholder-width: 397px; --smush-placeholder-aspect-ratio: 397\/194;\" \/><\/a>\r\n  <\/div>\r\n  <div class=\"col-md-6\">\r\n      <p class=\"forte\">Integra\u00e7\u00e3o com ordens de produ\u00e7\u00e3o<\/p>\r\n      <p>Vincule ao databook todos os documentos das ordens de produ\u00e7\u00e3o com muita facilidade e agilidade.<\/p>\r\n  <\/div>\r\n<\/div>\r\n\r\n<hr class=\"hr-respiro\">\r\n\r\n<div class=\"row\">\r\n    <br>\r\n  <div class=\"col-md-6\">\r\n      <p class=\"forte\">Gere o relat\u00f3rio pdf completo de seus databooks<\/p>\r\n      <p>\r\n       Gere o databook diretamente pelo software com um \u00fanico clique. Ao gerar o databook, o software junta todos os documentos exigidos pelo contrato e gera um \u00fanico arquivo pdf, que cont\u00e9m toda documenta\u00e7\u00e3o do pedido de venda organizada de acordo com as exig\u00eancias do cliente.\r\n      <\/p>      \r\n  <\/div>\r\n  <div class=\"col-md-6\">\r\n   <a href=\"http:\/\/nomus.com.br\/erpindustrial\/wp-content\/uploads\/2016\/05\/6-databook.jpg\" rel=\"lightbox[1896]\"><img decoding=\"async\" data-src=\"http:\/\/nomus.com.br\/erpindustrial\/wp-content\/uploads\/2016\/05\/6-databook-397x194.jpg\" alt=\"6-databook\" width=\"397\" height=\"194\" class=\"alignnone size-thumbnail wp-image-2502 lazyload\" src=\"data:image\/svg+xml;base64,PHN2ZyB3aWR0aD0iMSIgaGVpZ2h0PSIxIiB4bWxucz0iaHR0cDovL3d3dy53My5vcmcvMjAwMC9zdmciPjwvc3ZnPg==\" style=\"--smush-placeholder-width: 397px; --smush-placeholder-aspect-ratio: 397\/194;\" \/><\/a>\r\n  <\/div>\r\n<\/div>\r\n\r\n<hr class=\"hr-respiro\">\r\n\r\n<div class=\"row\">\r\n    <br>\r\n  <div class=\"col-md-6\">\r\n    <p class=\"forte\">Importa\u00e7\u00e3o de documentos para o databook considerando lote \/ s\u00e9ries<\/p>  \r\n    <p>An\u00e1lise dos lotes \/ s\u00e9ries dos materiais requisitados para as ordens de produ\u00e7\u00e3o inclu\u00eddas no databook e vincula\u00e7\u00e3o autom\u00e1tica ao Databook de todos os documentos relacionados a esses lote \/ s\u00e9ries.<\/p>   \r\n  <\/div>\r\n  <div class=\"col-md-6\">\r\n   <a href=\"https:\/\/www.nomus.com.br\/erpindustrial\/wp-content\/uploads\/2025\/12\/7-importacao-por-lote-serie-min-1.png\" rel=\"lightbox[1896]\"><img decoding=\"async\" data-src=\"https:\/\/www.nomus.com.br\/erpindustrial\/wp-content\/uploads\/2025\/12\/7-importacao-por-lote-serie-min-1-397x194.png\" alt=\"6-databook\" width=\"397\" height=\"194\" class=\"alignnone size-thumbnail wp-image-2502 lazyload\" src=\"data:image\/svg+xml;base64,PHN2ZyB3aWR0aD0iMSIgaGVpZ2h0PSIxIiB4bWxucz0iaHR0cDovL3d3dy53My5vcmcvMjAwMC9zdmciPjwvc3ZnPg==\" style=\"--smush-placeholder-width: 397px; --smush-placeholder-aspect-ratio: 397\/194;\" \/><\/a>\r\n  <\/div>\r\n<\/div>\r\n\r\n\r\n<\/div>\r\n<\/div>\r\n<hr>\r\n<p class=\"text-right\">Pr\u00f3ximo passo: <a href=\"http:\/\/nomus.com.br\/erpindustrial\/como-funciona\/expedicao\/\">Conhe\u00e7a o m\u00f3dulo de Controle da expedi\u00e7\u00e3o \u00bb<\/a><\/p>\r\n","protected":false},"excerpt":{"rendered":"<p>Databooks Elabore databooks de forma r\u00e1pida e segura totalmente integrado \u00e0 gest\u00e3o de documentos. Principais benef\u00edcios em utilizar o Databooks Aumente a satisfa\u00e7\u00e3o de seus clientes garantindo a entrega de todos os documentos exigidos no databook. Evite atrasos na elabora\u00e7\u00e3o do databook que podem comprometer o faturamento e prejudicar seu fluxo de caixa. Evite falhas [&hellip;]<\/p>\n","protected":false},"author":1,"featured_media":0,"parent":47,"menu_order":14,"comment_status":"open","ping_status":"open","template":"page-comofunciona.php","meta":{"_acf_changed":false,"footnotes":""},"class_list":["post-1896","page","type-page","status-publish","hentry"],"acf":[],"yoast_head":"<!-- This site is optimized with the Yoast SEO plugin v26.5 - https:\/\/yoast.com\/wordpress\/plugins\/seo\/ -->\n<title>Como funciona a gera\u00e7\u00e3o de databook no ERP Industrial<\/title>\n<meta name=\"description\" content=\"Veja como funciona a gest\u00e3o de Databook no ERP Industrial e entenda como sua empresa pode criar e controlar Databooks com facilidade.\" \/>\n<meta name=\"robots\" content=\"index, follow, max-snippet:-1, max-image-preview:large, max-video-preview:-1\" \/>\n<link rel=\"canonical\" href=\"https:\/\/www.nomus.com.br\/erpindustrial\/como-funciona\/databook\/\" \/>\n<meta property=\"og:locale\" content=\"pt_BR\" \/>\n<meta property=\"og:type\" content=\"article\" \/>\n<meta property=\"og:title\" content=\"Como funciona a gera\u00e7\u00e3o de databook no ERP Industrial\" \/>\n<meta property=\"og:description\" content=\"Veja como funciona a gest\u00e3o de Databook no ERP Industrial e entenda como sua empresa pode criar e controlar Databooks com facilidade.\" \/>\n<meta property=\"og:url\" content=\"https:\/\/www.nomus.com.br\/erpindustrial\/como-funciona\/databook\/\" \/>\n<meta property=\"og:site_name\" content=\"Nomus ERP Industrial\" \/>\n<meta property=\"article:modified_time\" content=\"2025-12-15T14:03:32+00:00\" \/>\n<meta property=\"og:image\" content=\"https:\/\/www.nomus.com.br\/erpindustrial\/wp-content\/uploads\/2025\/10\/og-como-funciona.jpg\" \/>\n\t<meta property=\"og:image:width\" content=\"620\" \/>\n\t<meta property=\"og:image:height\" content=\"405\" \/>\n\t<meta property=\"og:image:type\" content=\"image\/jpeg\" \/>\n<meta name=\"twitter:card\" content=\"summary_large_image\" \/>\n<meta name=\"twitter:title\" content=\"Como funciona a gera\u00e7\u00e3o de databook no ERP Industrial\" \/>\n<meta name=\"twitter:description\" content=\"Veja como funciona a gest\u00e3o de Databook no ERP Industrial e entenda como sua empresa pode criar e controlar Databooks com facilidade.\" \/>\n<meta name=\"twitter:image\" content=\"https:\/\/www.nomus.com.br\/erpindustrial\/wp-content\/uploads\/2019\/08\/como-funciona.jpg\" \/>\n<meta name=\"twitter:label1\" content=\"Est. tempo de leitura\" \/>\n\t<meta name=\"twitter:data1\" content=\"3 minutos\" \/>\n<script type=\"application\/ld+json\" class=\"yoast-schema-graph\">{\"@context\":\"https:\/\/schema.org\",\"@graph\":[{\"@type\":\"WebPage\",\"@id\":\"https:\/\/www.nomus.com.br\/erpindustrial\/como-funciona\/databook\/\",\"url\":\"https:\/\/www.nomus.com.br\/erpindustrial\/como-funciona\/databook\/\",\"name\":\"Como funciona a gera\u00e7\u00e3o de databook no ERP Industrial\",\"isPartOf\":{\"@id\":\"https:\/\/www.nomus.com.br\/erpindustrial\/#website\"},\"primaryImageOfPage\":{\"@id\":\"https:\/\/www.nomus.com.br\/erpindustrial\/como-funciona\/databook\/#primaryimage\"},\"image\":{\"@id\":\"https:\/\/www.nomus.com.br\/erpindustrial\/como-funciona\/databook\/#primaryimage\"},\"thumbnailUrl\":\"https:\/\/www.nomus.com.br\/erpindustrial\/wp-content\/uploads\/2025\/12\/1-requisitos-databook-min-1-397x194.png\",\"datePublished\":\"2016-05-09T18:50:32+00:00\",\"dateModified\":\"2025-12-15T14:03:32+00:00\",\"description\":\"Veja como funciona a gest\u00e3o de Databook no ERP Industrial e entenda como sua empresa pode criar e controlar Databooks com facilidade.\",\"breadcrumb\":{\"@id\":\"https:\/\/www.nomus.com.br\/erpindustrial\/como-funciona\/databook\/#breadcrumb\"},\"inLanguage\":\"pt-BR\",\"potentialAction\":[{\"@type\":\"ReadAction\",\"target\":[\"https:\/\/www.nomus.com.br\/erpindustrial\/como-funciona\/databook\/\"]}]},{\"@type\":\"ImageObject\",\"inLanguage\":\"pt-BR\",\"@id\":\"https:\/\/www.nomus.com.br\/erpindustrial\/como-funciona\/databook\/#primaryimage\",\"url\":\"https:\/\/www.nomus.com.br\/erpindustrial\/wp-content\/uploads\/2025\/12\/1-requisitos-databook-min-1.png\",\"contentUrl\":\"https:\/\/www.nomus.com.br\/erpindustrial\/wp-content\/uploads\/2025\/12\/1-requisitos-databook-min-1.png\",\"width\":1297,\"height\":1127},{\"@type\":\"BreadcrumbList\",\"@id\":\"https:\/\/www.nomus.com.br\/erpindustrial\/como-funciona\/databook\/#breadcrumb\",\"itemListElement\":[{\"@type\":\"ListItem\",\"position\":1,\"name\":\"Nomus ERP Industrial\",\"item\":\"https:\/\/www.nomus.com.br\/erpindustrial\/\"},{\"@type\":\"ListItem\",\"position\":2,\"name\":\"Como funciona o Nomus ERP Industrial\",\"item\":\"https:\/\/www.nomus.com.br\/erpindustrial\/como-funciona\/\"},{\"@type\":\"ListItem\",\"position\":3,\"name\":\"Databooks\"}]},{\"@type\":\"WebSite\",\"@id\":\"https:\/\/www.nomus.com.br\/erpindustrial\/#website\",\"url\":\"https:\/\/www.nomus.com.br\/erpindustrial\/\",\"name\":\"Nomus ERP Industrial\",\"description\":\"O melhor sistema de gest\u00e3o ERP para ind\u00fastrias do Brasil\",\"potentialAction\":[{\"@type\":\"SearchAction\",\"target\":{\"@type\":\"EntryPoint\",\"urlTemplate\":\"https:\/\/www.nomus.com.br\/erpindustrial\/?s={search_term_string}\"},\"query-input\":{\"@type\":\"PropertyValueSpecification\",\"valueRequired\":true,\"valueName\":\"search_term_string\"}}],\"inLanguage\":\"pt-BR\"}]}<\/script>\n<!-- \/ Yoast SEO plugin. -->","yoast_head_json":{"title":"Como funciona a gera\u00e7\u00e3o de databook no ERP Industrial","description":"Veja como funciona a gest\u00e3o de Databook no ERP Industrial e entenda como sua empresa pode criar e controlar Databooks com facilidade.","robots":{"index":"index","follow":"follow","max-snippet":"max-snippet:-1","max-image-preview":"max-image-preview:large","max-video-preview":"max-video-preview:-1"},"canonical":"https:\/\/www.nomus.com.br\/erpindustrial\/como-funciona\/databook\/","og_locale":"pt_BR","og_type":"article","og_title":"Como funciona a gera\u00e7\u00e3o de databook no ERP Industrial","og_description":"Veja como funciona a gest\u00e3o de Databook no ERP Industrial e entenda como sua empresa pode criar e controlar Databooks com facilidade.","og_url":"https:\/\/www.nomus.com.br\/erpindustrial\/como-funciona\/databook\/","og_site_name":"Nomus ERP Industrial","article_modified_time":"2025-12-15T14:03:32+00:00","og_image":[{"width":620,"height":405,"url":"https:\/\/www.nomus.com.br\/erpindustrial\/wp-content\/uploads\/2025\/10\/og-como-funciona.jpg","type":"image\/jpeg"}],"twitter_card":"summary_large_image","twitter_title":"Como funciona a gera\u00e7\u00e3o de databook no ERP Industrial","twitter_description":"Veja como funciona a gest\u00e3o de Databook no ERP Industrial e entenda como sua empresa pode criar e controlar Databooks com facilidade.","twitter_image":"https:\/\/www.nomus.com.br\/erpindustrial\/wp-content\/uploads\/2019\/08\/como-funciona.jpg","twitter_misc":{"Est. tempo de leitura":"3 minutos"},"schema":{"@context":"https:\/\/schema.org","@graph":[{"@type":"WebPage","@id":"https:\/\/www.nomus.com.br\/erpindustrial\/como-funciona\/databook\/","url":"https:\/\/www.nomus.com.br\/erpindustrial\/como-funciona\/databook\/","name":"Como funciona a gera\u00e7\u00e3o de databook no ERP Industrial","isPartOf":{"@id":"https:\/\/www.nomus.com.br\/erpindustrial\/#website"},"primaryImageOfPage":{"@id":"https:\/\/www.nomus.com.br\/erpindustrial\/como-funciona\/databook\/#primaryimage"},"image":{"@id":"https:\/\/www.nomus.com.br\/erpindustrial\/como-funciona\/databook\/#primaryimage"},"thumbnailUrl":"https:\/\/www.nomus.com.br\/erpindustrial\/wp-content\/uploads\/2025\/12\/1-requisitos-databook-min-1-397x194.png","datePublished":"2016-05-09T18:50:32+00:00","dateModified":"2025-12-15T14:03:32+00:00","description":"Veja como funciona a gest\u00e3o de Databook no ERP Industrial e entenda como sua empresa pode criar e controlar Databooks com facilidade.","breadcrumb":{"@id":"https:\/\/www.nomus.com.br\/erpindustrial\/como-funciona\/databook\/#breadcrumb"},"inLanguage":"pt-BR","potentialAction":[{"@type":"ReadAction","target":["https:\/\/www.nomus.com.br\/erpindustrial\/como-funciona\/databook\/"]}]},{"@type":"ImageObject","inLanguage":"pt-BR","@id":"https:\/\/www.nomus.com.br\/erpindustrial\/como-funciona\/databook\/#primaryimage","url":"https:\/\/www.nomus.com.br\/erpindustrial\/wp-content\/uploads\/2025\/12\/1-requisitos-databook-min-1.png","contentUrl":"https:\/\/www.nomus.com.br\/erpindustrial\/wp-content\/uploads\/2025\/12\/1-requisitos-databook-min-1.png","width":1297,"height":1127},{"@type":"BreadcrumbList","@id":"https:\/\/www.nomus.com.br\/erpindustrial\/como-funciona\/databook\/#breadcrumb","itemListElement":[{"@type":"ListItem","position":1,"name":"Nomus ERP Industrial","item":"https:\/\/www.nomus.com.br\/erpindustrial\/"},{"@type":"ListItem","position":2,"name":"Como funciona o Nomus ERP Industrial","item":"https:\/\/www.nomus.com.br\/erpindustrial\/como-funciona\/"},{"@type":"ListItem","position":3,"name":"Databooks"}]},{"@type":"WebSite","@id":"https:\/\/www.nomus.com.br\/erpindustrial\/#website","url":"https:\/\/www.nomus.com.br\/erpindustrial\/","name":"Nomus ERP Industrial","description":"O melhor sistema de gest\u00e3o ERP para ind\u00fastrias do Brasil","potentialAction":[{"@type":"SearchAction","target":{"@type":"EntryPoint","urlTemplate":"https:\/\/www.nomus.com.br\/erpindustrial\/?s={search_term_string}"},"query-input":{"@type":"PropertyValueSpecification","valueRequired":true,"valueName":"search_term_string"}}],"inLanguage":"pt-BR"}]}},"_links":{"self":[{"href":"https:\/\/www.nomus.com.br\/erpindustrial\/wp-json\/wp\/v2\/pages\/1896","targetHints":{"allow":["GET"]}}],"collection":[{"href":"https:\/\/www.nomus.com.br\/erpindustrial\/wp-json\/wp\/v2\/pages"}],"about":[{"href":"https:\/\/www.nomus.com.br\/erpindustrial\/wp-json\/wp\/v2\/types\/page"}],"author":[{"embeddable":true,"href":"https:\/\/www.nomus.com.br\/erpindustrial\/wp-json\/wp\/v2\/users\/1"}],"replies":[{"embeddable":true,"href":"https:\/\/www.nomus.com.br\/erpindustrial\/wp-json\/wp\/v2\/comments?post=1896"}],"version-history":[{"count":10,"href":"https:\/\/www.nomus.com.br\/erpindustrial\/wp-json\/wp\/v2\/pages\/1896\/revisions"}],"predecessor-version":[{"id":8934,"href":"https:\/\/www.nomus.com.br\/erpindustrial\/wp-json\/wp\/v2\/pages\/1896\/revisions\/8934"}],"up":[{"embeddable":true,"href":"https:\/\/www.nomus.com.br\/erpindustrial\/wp-json\/wp\/v2\/pages\/47"}],"wp:attachment":[{"href":"https:\/\/www.nomus.com.br\/erpindustrial\/wp-json\/wp\/v2\/media?parent=1896"}],"curies":[{"name":"wp","href":"https:\/\/api.w.org\/{rel}","templated":true}]}}