{"id":1890,"date":"2016-05-09T18:48:05","date_gmt":"2016-05-09T18:48:05","guid":{"rendered":"http:\/\/nomus.com.br\/nomusindustrial\/?page_id=1890"},"modified":"2025-12-15T10:51:51","modified_gmt":"2025-12-15T13:51:51","slug":"controle-qualidade","status":"publish","type":"page","link":"https:\/\/www.nomus.com.br\/erpindustrial\/como-funciona\/controle-qualidade\/","title":{"rendered":"Inspe\u00e7\u00e3o da produ\u00e7\u00e3o"},"content":{"rendered":"<style>\r\n\r\n.link-como-funciona-inspecao-producao {\r\n    background-color: #f9f1e1;\r\n    color: #b1710d!important;\r\n}\r\n\r\n.icone-inspecao-producao{\r\n  background-color:#68a8c3;\r\n}\r\n<\/style>\r\n\r\n\r\n<hr \/>\r\n\r\n<div class=\"row\">\r\n  <div class=\"col-md-2\">\r\n    <div class=\" caixa-diferencial icone-inspecao-producao text-center\"> \r\n      <p style=\"font-size: 70px;color: white;padding: 0px;margin: 15px 0px 0px 0px;\"><i class=\"glyphicon glyphicon glyphicon-search\" aria-hidden=\"true\"><\/i><\/p>\r\n    <\/div>\r\n  <\/div>\r\n  <div class=\"col-md-10\">\r\n    <h1 class=\"titulo-sem-imagem\">Controle da qualidade <\/h1>\r\n    <h2 class=\"h2-descricao-funcionalidade\">Implante o controle total da qualidade no seu processo produtivo e fabrique produtos com qualidade excepcional.<\/h2>\r\n  <\/div>\r\n<\/div>\r\n\r\n\r\n\r\n<hr class=\"hr-respiro\">\r\n<h3>Principais benef\u00edcios em utilizar o Controle da qualidade <\/h3>\r\n<br>\r\n<ul class=\"lista-bf\">\r\n  \r\n<li class=\"beneficio-funcionalidade\">Defina especifica\u00e7\u00f5es de qualidade para seus produtos.<\/li>\r\n<li class=\"beneficio-funcionalidade\">Aumente o comprometimento dos operadores com o cumprimento das especifica\u00e7\u00f5es de qualidade.<\/li>\r\n<li class=\"beneficio-funcionalidade\">Garanta a qualidade de seus produtos fabricados.<\/li>\r\n<li class=\"beneficio-funcionalidade\">Aumente o valor agregado de seus produtos para os clientes e se diferencie de seus concorrentes.<\/li>\r\n<li class=\"beneficio-funcionalidade\">Reduza n\u00e3o conformidades e custos de fabrica\u00e7\u00e3o a partir da an\u00e1lise da causa raiz de problemas de qualidade.<\/li>\r\n<li class=\"beneficio-funcionalidade\">Implante a cultura de melhoria cont\u00ednua da qualidade e aumente a motiva\u00e7\u00e3o de seus operadores.<\/li>\r\n<\/ul>\r\n\r\n<hr class=\"hr-respiro\">\r\n<h3>Funcionalidades da Controle da qualidade  do Nomus ERP Industrial<\/h3>\r\n<br>\r\n\r\n<div class=\"row\">\r\n  <br>\r\n  <div class=\"col-md-6\">\r\n    <a href=\"https:\/\/www.nomus.com.br\/erpindustrial\/wp-content\/uploads\/2025\/12\/01-plano-inspecao-1-min.png\" rel=\"lightbox[1890]\"><img decoding=\"async\" data-src=\"https:\/\/www.nomus.com.br\/erpindustrial\/wp-content\/uploads\/2025\/12\/01-plano-inspecao-1-min-397x194.png\" alt=\"1-Planos-de-inspe\u00e7\u00e3o\" width=\"397\" height=\"194\" class=\"alignnone size-thumbnail wp-image-2271 lazyload\" src=\"data:image\/svg+xml;base64,PHN2ZyB3aWR0aD0iMSIgaGVpZ2h0PSIxIiB4bWxucz0iaHR0cDovL3d3dy53My5vcmcvMjAwMC9zdmciPjwvc3ZnPg==\" style=\"--smush-placeholder-width: 397px; --smush-placeholder-aspect-ratio: 397\/194;\" \/><\/a>\r\n  <\/div>\r\n  <div class=\"col-md-6\">\r\n      <p class=\"forte\"> Planos de inspe\u00e7\u00e3o  <\/p>\r\n      <p>\r\n        Defina os planos de inspe\u00e7\u00e3o de seus produtos fabricados e mat\u00e9rias primas informando todas as especifica\u00e7\u00f5es de qualidade que devem ser inspecionados. \r\n      <\/p>\r\n      \r\n  <\/div>\r\n<\/div>\r\n\r\n<hr class=\"hr-respiro\">\r\n\r\n<div class=\"row\">\r\n    <br>\r\n  <div class=\"col-md-6\">\r\n      <p class=\"forte\">Inspe\u00e7\u00e3o de par\u00e2metros do processo produtivo<\/p>\r\n      <p>\r\n       Registre os resultados de inspe\u00e7\u00e3o dos par\u00e2metros importantes para o monitoramento dos processos produtivos como velocidade, temperatura, amperagem, entre outras. Um processo produtivo bem monitorado contribui para a qualidade na fabrica\u00e7\u00e3o de seus produtos. \r\n      <\/p>      \r\n  <\/div>\r\n  <div class=\"col-md-6\">\r\n    <a href=\"https:\/\/www.nomus.com.br\/erpindustrial\/wp-content\/uploads\/2025\/12\/04-inspecao-parametros-min.png\" rel=\"lightbox[1890]\"><img decoding=\"async\" data-src=\"https:\/\/www.nomus.com.br\/erpindustrial\/wp-content\/uploads\/2025\/12\/04-inspecao-parametros-min-397x194.png\" alt=\"4-Inspe\u00e7\u00e3o-de-produtos-fabricados\" width=\"397\" height=\"194\" class=\"alignnone size-thumbnail wp-image-2488 lazyload\" src=\"data:image\/svg+xml;base64,PHN2ZyB3aWR0aD0iMSIgaGVpZ2h0PSIxIiB4bWxucz0iaHR0cDovL3d3dy53My5vcmcvMjAwMC9zdmciPjwvc3ZnPg==\" style=\"--smush-placeholder-width: 397px; --smush-placeholder-aspect-ratio: 397\/194;\" \/><\/a>\r\n  <\/div>\r\n<\/div>\r\n\r\n<hr class=\"hr-respiro\">\r\n\r\n<div class=\"row\">\r\n  <br>\r\n  <div class=\"col-md-6\">\r\n      <a href=\"https:\/\/www.nomus.com.br\/erpindustrial\/wp-content\/uploads\/2025\/12\/03-inspecao-materia-prima-min.png\" rel=\"lightbox[1890]\"><img decoding=\"async\" data-src=\"https:\/\/www.nomus.com.br\/erpindustrial\/wp-content\/uploads\/2025\/12\/03-inspecao-materia-prima-min-397x194.png\" alt=\"3-Inspe\u00e7\u00e3o-de-recebimento-de-mat\u00e9rias-primas\" width=\"397\" height=\"194\" class=\"alignnone size-thumbnail wp-image-2487 lazyload\" src=\"data:image\/svg+xml;base64,PHN2ZyB3aWR0aD0iMSIgaGVpZ2h0PSIxIiB4bWxucz0iaHR0cDovL3d3dy53My5vcmcvMjAwMC9zdmciPjwvc3ZnPg==\" style=\"--smush-placeholder-width: 397px; --smush-placeholder-aspect-ratio: 397\/194;\" \/><\/a>\r\n  <\/div>\r\n  <div class=\"col-md-6\">\r\n      <p class=\"forte\">Inspe\u00e7\u00e3o de recebimento de mat\u00e9rias primas<\/p>\r\n      <p>Registre os resultados de inspe\u00e7\u00e3o de recebimento garantindo a qualidade das mat\u00e9rias primas compradas por sua ind\u00fastria e qualificando fornecedores. <\/p>\r\n  <\/div>\r\n<\/div>\r\n\r\n<hr class=\"hr-respiro\">\r\n\r\n<div class=\"row\">\r\n    <br>\r\n  <div class=\"col-md-6\">\r\n      <p class=\"forte\">Inspe\u00e7\u00e3o de produtos fabricados<\/p>\r\n      <p>\r\n       Registre os resultados de inspe\u00e7\u00e3o de suas ordens de produ\u00e7\u00e3o garantindo a qualidade de todos os produtos fabricados. \r\n      <\/p>\r\n      \r\n  <\/div>\r\n  <div class=\"col-md-6\">\r\n   <a href=\"https:\/\/www.nomus.com.br\/erpindustrial\/wp-content\/uploads\/2025\/12\/02-inspecao-produtos-fabricados-min.png\" rel=\"lightbox[1890]\"><img decoding=\"async\" data-src=\"https:\/\/www.nomus.com.br\/erpindustrial\/wp-content\/uploads\/2025\/12\/02-inspecao-produtos-fabricados-min-397x194.png\" alt=\"2-Inspe\u00e7\u00e3o-de-produtos-fabricados\" width=\"397\" height=\"194\" class=\"alignnone size-thumbnail wp-image-2486 lazyload\" src=\"data:image\/svg+xml;base64,PHN2ZyB3aWR0aD0iMSIgaGVpZ2h0PSIxIiB4bWxucz0iaHR0cDovL3d3dy53My5vcmcvMjAwMC9zdmciPjwvc3ZnPg==\" style=\"--smush-placeholder-width: 397px; --smush-placeholder-aspect-ratio: 397\/194;\" \/><\/a>\r\n  <\/div>\r\n<\/div>\r\n\r\n\r\n<hr class=\"hr-respiro\">\r\n\r\n<div class=\"row\">\r\n  <br>\r\n  <div class=\"col-md-6\">\r\n      <a href=\"https:\/\/www.nomus.com.br\/erpindustrial\/wp-content\/uploads\/2025\/12\/05-certificado-min.png\" rel=\"lightbox[1890]\"><img decoding=\"async\" data-src=\"https:\/\/www.nomus.com.br\/erpindustrial\/wp-content\/uploads\/2025\/12\/05-certificado-min-397x194.png\" alt=\"5-Gera\u00e7\u00e3o-de-certificado-de-inspe\u00e7\u00e3o\" width=\"397\" height=\"194\" class=\"alignnone size-thumbnail wp-image-2275 lazyload\" src=\"data:image\/svg+xml;base64,PHN2ZyB3aWR0aD0iMSIgaGVpZ2h0PSIxIiB4bWxucz0iaHR0cDovL3d3dy53My5vcmcvMjAwMC9zdmciPjwvc3ZnPg==\" style=\"--smush-placeholder-width: 397px; --smush-placeholder-aspect-ratio: 397\/194;\" \/><\/a>\r\n  <\/div>\r\n  <div class=\"col-md-6\">\r\n      <p class=\"forte\">Gera\u00e7\u00e3o de certificado de inspe\u00e7\u00e3o<\/p>\r\n      <p>Gere certificados de inspe\u00e7\u00e3o com layout personalizado para os produtos fabricados na sua ind\u00fastria, envie estes certificados por email para seus clientes. <\/p>\r\n  <\/div>\r\n<\/div>\r\n\r\n<hr class=\"hr-respiro\">\r\n\r\n<div class=\"row\">\r\n  <br>\r\n  <div class=\"col-md-6\">\r\n        <p class=\"forte\">Registros de n\u00e3o conformidades<\/p>\r\n      <p>Registre todas as n\u00e3o conformidades detectadas na fabrica\u00e7\u00e3o dos produtos. Se necess\u00e1rio, \u00e9 poss\u00edvel utilizar terminais de apontamento no ch\u00e3o de f\u00e1brica para fazer estes registros. <\/p>\r\n\r\n  <\/div>\r\n  <div class=\"col-md-6\">\r\n      <a href=\"https:\/\/www.nomus.com.br\/erpindustrial\/wp-content\/uploads\/2025\/12\/06-registro-nao-conformidades-min.png\" rel=\"lightbox[1890]\"><img decoding=\"async\" data-src=\"https:\/\/www.nomus.com.br\/erpindustrial\/wp-content\/uploads\/2025\/12\/06-registro-nao-conformidades-min-397x194.png\" alt=\"6-Registros-de-n\u00e3o-conformidades\" width=\"397\" height=\"194\" class=\"alignnone size-thumbnail wp-image-2276 lazyload\" src=\"data:image\/svg+xml;base64,PHN2ZyB3aWR0aD0iMSIgaGVpZ2h0PSIxIiB4bWxucz0iaHR0cDovL3d3dy53My5vcmcvMjAwMC9zdmciPjwvc3ZnPg==\" style=\"--smush-placeholder-width: 397px; --smush-placeholder-aspect-ratio: 397\/194;\" \/><\/a>\r\n  <\/div>\r\n<\/div>\r\n\r\n<hr class=\"hr-respiro\">\r\n\r\n<div class=\"row\">\r\n  <br>\r\n  <div class=\"col-md-6\">\r\n      <a href=\"https:\/\/www.nomus.com.br\/erpindustrial\/wp-content\/uploads\/2025\/12\/07-analise-nao-conformidades-min.png\" rel=\"lightbox[1890]\"><img decoding=\"async\" data-src=\"https:\/\/www.nomus.com.br\/erpindustrial\/wp-content\/uploads\/2025\/12\/07-analise-nao-conformidades-min-397x194.png\" alt=\"7-An\u00e1lise-de-n\u00e3o-conformidades\" width=\"397\" height=\"194\" class=\"alignnone size-thumbnail wp-image-2277 lazyload\" src=\"data:image\/svg+xml;base64,PHN2ZyB3aWR0aD0iMSIgaGVpZ2h0PSIxIiB4bWxucz0iaHR0cDovL3d3dy53My5vcmcvMjAwMC9zdmciPjwvc3ZnPg==\" style=\"--smush-placeholder-width: 397px; --smush-placeholder-aspect-ratio: 397\/194;\" \/><\/a>\r\n  <\/div>\r\n  <div class=\"col-md-6\">\r\n      <p class=\"forte\">An\u00e1lise de n\u00e3o conformidades<\/p>\r\n      <p>Analise a causa raiz das n\u00e3o conformidades detectadas, formule a\u00e7\u00f5es de melhoria para reduzir n\u00e3o-conformidades e monitore a implanta\u00e7\u00e3o efetiva destas a\u00e7\u00f5es de melhoria. <\/p>\r\n  <\/div>\r\n<\/div>\r\n\r\n<hr class=\"hr-respiro\">\r\n\r\n<div class=\"row\">\r\n  <br>\r\n  <div class=\"col-md-6\">\r\n        <p class=\"forte\">Monitore indicadores de qualidade<\/p>\r\n      <p>Monitore indicadores de n\u00e3o conformidades por produto, tipo de produto, tipo de defeito, cliente e causa raiz. Monitore o processo de inspe\u00e7\u00e3o comparando os desvios entre os valores ideais especificados e os resultados de inspe\u00e7\u00e3o. <\/p>\r\n\r\n  <\/div>\r\n  <div class=\"col-md-6\">\r\n      <a href=\"https:\/\/www.nomus.com.br\/erpindustrial\/wp-content\/uploads\/2025\/12\/08-indicadores-qualidade-min.png\" rel=\"lightbox[1890]\"><img decoding=\"async\" data-src=\"https:\/\/www.nomus.com.br\/erpindustrial\/wp-content\/uploads\/2025\/12\/08-indicadores-qualidade-min-397x194.png\" alt=\"8-qualidade\" width=\"397\" height=\"194\" class=\"alignnone size-thumbnail wp-image-2489 lazyload\" src=\"data:image\/svg+xml;base64,PHN2ZyB3aWR0aD0iMSIgaGVpZ2h0PSIxIiB4bWxucz0iaHR0cDovL3d3dy53My5vcmcvMjAwMC9zdmciPjwvc3ZnPg==\" style=\"--smush-placeholder-width: 397px; --smush-placeholder-aspect-ratio: 397\/194;\" \/><\/a>\r\n  <\/div>\r\n<\/div>\r\n\r\n<hr class=\"hr-respiro\">\r\n\r\n<div class=\"row\">\r\n  <br>\r\n  <div class=\"col-md-6\">\r\n    <a href=\"https:\/\/www.nomus.com.br\/erpindustrial\/wp-content\/uploads\/2025\/12\/09-instrumentos-medicao-min.png\" rel=\"lightbox[1890]\"><img decoding=\"async\" data-src=\"https:\/\/www.nomus.com.br\/erpindustrial\/wp-content\/uploads\/2025\/12\/09-instrumentos-medicao-min-397x194.png\" alt=\"9-qualidade\" width=\"397\" height=\"194\" class=\"alignnone size-thumbnail wp-image-2489 lazyload\" src=\"data:image\/svg+xml;base64,PHN2ZyB3aWR0aD0iMSIgaGVpZ2h0PSIxIiB4bWxucz0iaHR0cDovL3d3dy53My5vcmcvMjAwMC9zdmciPjwvc3ZnPg==\" style=\"--smush-placeholder-width: 397px; --smush-placeholder-aspect-ratio: 397\/194;\" \/><\/a>\r\n\r\n  <\/div>\r\n  <div class=\"col-md-6\">\r\n        <p class=\"forte\">Importa\u00e7\u00e3o de planilhas excel com registro de inspe\u00e7\u00e3o<\/p>\r\n        <p>Importa\u00e7\u00e3o de planilhas excel para agilizar o registro das inspe\u00e7\u00f5es no sistema.<\/p>\r\n  <\/div>\r\n<\/div>\r\n\r\n<hr class=\"hr-respiro\">\r\n\r\n<div class=\"row\">\r\n  <br>\r\n  <div class=\"col-md-6\">\r\n        <p class=\"forte\">Gest\u00e3o de instrumentos de medi\u00e7\u00e3o<\/p>\r\n        <p>Defini\u00e7\u00e3o de instrumentos de medi\u00e7\u00e3o no plano de inspe\u00e7\u00e3o e registro de instrumentos utilizados<\/p>\r\n\r\n  <\/div>\r\n  <div class=\"col-md-6\">\r\n    <a href=\"https:\/\/www.nomus.com.br\/erpindustrial\/wp-content\/uploads\/2025\/12\/10-importar-planilha-min.png\" rel=\"lightbox[1890]\"><img decoding=\"async\" data-src=\"https:\/\/www.nomus.com.br\/erpindustrial\/wp-content\/uploads\/2025\/12\/10-importar-planilha-min-397x194.png\" alt=\"10-qualidade\" width=\"397\" height=\"194\" class=\"alignnone size-thumbnail wp-image-2489 lazyload\" src=\"data:image\/svg+xml;base64,PHN2ZyB3aWR0aD0iMSIgaGVpZ2h0PSIxIiB4bWxucz0iaHR0cDovL3d3dy53My5vcmcvMjAwMC9zdmciPjwvc3ZnPg==\" style=\"--smush-placeholder-width: 397px; --smush-placeholder-aspect-ratio: 397\/194;\" \/><\/a>\r\n  <\/div>\r\n<\/div>\r\n\r\n\r\n<\/div>\r\n<\/div>\r\n<hr>\r\n<p class=\"text-right\">Pr\u00f3ximo passo: <a href=\"http:\/\/nomus.com.br\/erpindustrial\/como-funciona\/documentos\/\">Conhe\u00e7a o m\u00f3dulo de Gest\u00e3o de documentos \u00bb<\/a><\/p>\r\n","protected":false},"excerpt":{"rendered":"<p>Controle da qualidade Implante o controle total da qualidade no seu processo produtivo e fabrique produtos com qualidade excepcional. Principais benef\u00edcios em utilizar o Controle da qualidade Defina especifica\u00e7\u00f5es de qualidade para seus produtos. Aumente o comprometimento dos operadores com o cumprimento das especifica\u00e7\u00f5es de qualidade. Garanta a qualidade de seus produtos fabricados. Aumente o [&hellip;]<\/p>\n","protected":false},"author":1,"featured_media":0,"parent":47,"menu_order":29,"comment_status":"open","ping_status":"open","template":"page-comofunciona.php","meta":{"_acf_changed":false,"footnotes":""},"class_list":["post-1890","page","type-page","status-publish","hentry"],"acf":[],"yoast_head":"<!-- This site is optimized with the Yoast SEO plugin v26.5 - https:\/\/yoast.com\/wordpress\/plugins\/seo\/ -->\n<title>Como funciona o controle da qualidade no ERP Industrial<\/title>\n<meta name=\"description\" content=\"Veja como funciona o controle da qualidade no ERP Industrial e entenda por que essa \u00e9 a melhor op\u00e7\u00e3o para garantir a qualidade dos seus produtos.\" \/>\n<meta name=\"robots\" content=\"index, follow, max-snippet:-1, max-image-preview:large, max-video-preview:-1\" \/>\n<link rel=\"canonical\" href=\"https:\/\/www.nomus.com.br\/erpindustrial\/como-funciona\/controle-qualidade\/\" \/>\n<meta property=\"og:locale\" content=\"pt_BR\" \/>\n<meta property=\"og:type\" content=\"article\" \/>\n<meta property=\"og:title\" content=\"Como funciona o controle da qualidade no ERP Industrial\" \/>\n<meta property=\"og:description\" content=\"Veja como funciona o controle da qualidade no ERP Industrial e entenda por que essa \u00e9 a melhor op\u00e7\u00e3o para garantir a qualidade dos seus produtos.\" \/>\n<meta property=\"og:url\" content=\"https:\/\/www.nomus.com.br\/erpindustrial\/como-funciona\/controle-qualidade\/\" \/>\n<meta property=\"og:site_name\" content=\"Nomus ERP Industrial\" \/>\n<meta property=\"article:modified_time\" content=\"2025-12-15T13:51:51+00:00\" \/>\n<meta property=\"og:image\" content=\"https:\/\/www.nomus.com.br\/erpindustrial\/wp-content\/uploads\/2025\/10\/og-como-funciona.jpg\" \/>\n\t<meta property=\"og:image:width\" content=\"620\" \/>\n\t<meta property=\"og:image:height\" content=\"405\" \/>\n\t<meta property=\"og:image:type\" content=\"image\/jpeg\" \/>\n<meta name=\"twitter:card\" content=\"summary_large_image\" \/>\n<meta name=\"twitter:title\" content=\"Como funciona o controle da qualidade no ERP Industrial\" \/>\n<meta name=\"twitter:description\" content=\"Veja como funciona o controle da qualidade no ERP Industrial e entenda por que essa \u00e9 a melhor op\u00e7\u00e3o para garantir a qualidade dos seus produtos.\" \/>\n<meta name=\"twitter:image\" content=\"https:\/\/www.nomus.com.br\/erpindustrial\/wp-content\/uploads\/2019\/08\/como-funciona.jpg\" \/>\n<meta name=\"twitter:label1\" content=\"Est. tempo de leitura\" \/>\n\t<meta name=\"twitter:data1\" content=\"5 minutos\" \/>\n<script type=\"application\/ld+json\" class=\"yoast-schema-graph\">{\"@context\":\"https:\/\/schema.org\",\"@graph\":[{\"@type\":\"WebPage\",\"@id\":\"https:\/\/www.nomus.com.br\/erpindustrial\/como-funciona\/controle-qualidade\/\",\"url\":\"https:\/\/www.nomus.com.br\/erpindustrial\/como-funciona\/controle-qualidade\/\",\"name\":\"Como funciona o controle da qualidade no ERP Industrial\",\"isPartOf\":{\"@id\":\"https:\/\/www.nomus.com.br\/erpindustrial\/#website\"},\"primaryImageOfPage\":{\"@id\":\"https:\/\/www.nomus.com.br\/erpindustrial\/como-funciona\/controle-qualidade\/#primaryimage\"},\"image\":{\"@id\":\"https:\/\/www.nomus.com.br\/erpindustrial\/como-funciona\/controle-qualidade\/#primaryimage\"},\"thumbnailUrl\":\"https:\/\/www.nomus.com.br\/erpindustrial\/wp-content\/uploads\/2025\/12\/01-plano-inspecao-1-min-397x194.png\",\"datePublished\":\"2016-05-09T18:48:05+00:00\",\"dateModified\":\"2025-12-15T13:51:51+00:00\",\"description\":\"Veja como funciona o controle da qualidade no ERP Industrial e entenda por que essa \u00e9 a melhor op\u00e7\u00e3o para garantir a qualidade dos seus produtos.\",\"breadcrumb\":{\"@id\":\"https:\/\/www.nomus.com.br\/erpindustrial\/como-funciona\/controle-qualidade\/#breadcrumb\"},\"inLanguage\":\"pt-BR\",\"potentialAction\":[{\"@type\":\"ReadAction\",\"target\":[\"https:\/\/www.nomus.com.br\/erpindustrial\/como-funciona\/controle-qualidade\/\"]}]},{\"@type\":\"ImageObject\",\"inLanguage\":\"pt-BR\",\"@id\":\"https:\/\/www.nomus.com.br\/erpindustrial\/como-funciona\/controle-qualidade\/#primaryimage\",\"url\":\"https:\/\/www.nomus.com.br\/erpindustrial\/wp-content\/uploads\/2025\/12\/01-plano-inspecao-1-min.png\",\"contentUrl\":\"https:\/\/www.nomus.com.br\/erpindustrial\/wp-content\/uploads\/2025\/12\/01-plano-inspecao-1-min.png\",\"width\":1293,\"height\":627},{\"@type\":\"BreadcrumbList\",\"@id\":\"https:\/\/www.nomus.com.br\/erpindustrial\/como-funciona\/controle-qualidade\/#breadcrumb\",\"itemListElement\":[{\"@type\":\"ListItem\",\"position\":1,\"name\":\"Nomus ERP Industrial\",\"item\":\"https:\/\/www.nomus.com.br\/erpindustrial\/\"},{\"@type\":\"ListItem\",\"position\":2,\"name\":\"Como funciona o Nomus ERP Industrial\",\"item\":\"https:\/\/www.nomus.com.br\/erpindustrial\/como-funciona\/\"},{\"@type\":\"ListItem\",\"position\":3,\"name\":\"Inspe\u00e7\u00e3o da produ\u00e7\u00e3o\"}]},{\"@type\":\"WebSite\",\"@id\":\"https:\/\/www.nomus.com.br\/erpindustrial\/#website\",\"url\":\"https:\/\/www.nomus.com.br\/erpindustrial\/\",\"name\":\"Nomus ERP Industrial\",\"description\":\"O melhor sistema de gest\u00e3o ERP para ind\u00fastrias do Brasil\",\"potentialAction\":[{\"@type\":\"SearchAction\",\"target\":{\"@type\":\"EntryPoint\",\"urlTemplate\":\"https:\/\/www.nomus.com.br\/erpindustrial\/?s={search_term_string}\"},\"query-input\":{\"@type\":\"PropertyValueSpecification\",\"valueRequired\":true,\"valueName\":\"search_term_string\"}}],\"inLanguage\":\"pt-BR\"}]}<\/script>\n<!-- \/ Yoast SEO plugin. -->","yoast_head_json":{"title":"Como funciona o controle da qualidade no ERP Industrial","description":"Veja como funciona o controle da qualidade no ERP Industrial e entenda por que essa \u00e9 a melhor op\u00e7\u00e3o para garantir a qualidade dos seus produtos.","robots":{"index":"index","follow":"follow","max-snippet":"max-snippet:-1","max-image-preview":"max-image-preview:large","max-video-preview":"max-video-preview:-1"},"canonical":"https:\/\/www.nomus.com.br\/erpindustrial\/como-funciona\/controle-qualidade\/","og_locale":"pt_BR","og_type":"article","og_title":"Como funciona o controle da qualidade no ERP Industrial","og_description":"Veja como funciona o controle da qualidade no ERP Industrial e entenda por que essa \u00e9 a melhor op\u00e7\u00e3o para garantir a qualidade dos seus produtos.","og_url":"https:\/\/www.nomus.com.br\/erpindustrial\/como-funciona\/controle-qualidade\/","og_site_name":"Nomus ERP Industrial","article_modified_time":"2025-12-15T13:51:51+00:00","og_image":[{"width":620,"height":405,"url":"https:\/\/www.nomus.com.br\/erpindustrial\/wp-content\/uploads\/2025\/10\/og-como-funciona.jpg","type":"image\/jpeg"}],"twitter_card":"summary_large_image","twitter_title":"Como funciona o controle da qualidade no ERP Industrial","twitter_description":"Veja como funciona o controle da qualidade no ERP Industrial e entenda por que essa \u00e9 a melhor op\u00e7\u00e3o para garantir a qualidade dos seus produtos.","twitter_image":"https:\/\/www.nomus.com.br\/erpindustrial\/wp-content\/uploads\/2019\/08\/como-funciona.jpg","twitter_misc":{"Est. tempo de leitura":"5 minutos"},"schema":{"@context":"https:\/\/schema.org","@graph":[{"@type":"WebPage","@id":"https:\/\/www.nomus.com.br\/erpindustrial\/como-funciona\/controle-qualidade\/","url":"https:\/\/www.nomus.com.br\/erpindustrial\/como-funciona\/controle-qualidade\/","name":"Como funciona o controle da qualidade no ERP Industrial","isPartOf":{"@id":"https:\/\/www.nomus.com.br\/erpindustrial\/#website"},"primaryImageOfPage":{"@id":"https:\/\/www.nomus.com.br\/erpindustrial\/como-funciona\/controle-qualidade\/#primaryimage"},"image":{"@id":"https:\/\/www.nomus.com.br\/erpindustrial\/como-funciona\/controle-qualidade\/#primaryimage"},"thumbnailUrl":"https:\/\/www.nomus.com.br\/erpindustrial\/wp-content\/uploads\/2025\/12\/01-plano-inspecao-1-min-397x194.png","datePublished":"2016-05-09T18:48:05+00:00","dateModified":"2025-12-15T13:51:51+00:00","description":"Veja como funciona o controle da qualidade no ERP Industrial e entenda por que essa \u00e9 a melhor op\u00e7\u00e3o para garantir a qualidade dos seus produtos.","breadcrumb":{"@id":"https:\/\/www.nomus.com.br\/erpindustrial\/como-funciona\/controle-qualidade\/#breadcrumb"},"inLanguage":"pt-BR","potentialAction":[{"@type":"ReadAction","target":["https:\/\/www.nomus.com.br\/erpindustrial\/como-funciona\/controle-qualidade\/"]}]},{"@type":"ImageObject","inLanguage":"pt-BR","@id":"https:\/\/www.nomus.com.br\/erpindustrial\/como-funciona\/controle-qualidade\/#primaryimage","url":"https:\/\/www.nomus.com.br\/erpindustrial\/wp-content\/uploads\/2025\/12\/01-plano-inspecao-1-min.png","contentUrl":"https:\/\/www.nomus.com.br\/erpindustrial\/wp-content\/uploads\/2025\/12\/01-plano-inspecao-1-min.png","width":1293,"height":627},{"@type":"BreadcrumbList","@id":"https:\/\/www.nomus.com.br\/erpindustrial\/como-funciona\/controle-qualidade\/#breadcrumb","itemListElement":[{"@type":"ListItem","position":1,"name":"Nomus ERP Industrial","item":"https:\/\/www.nomus.com.br\/erpindustrial\/"},{"@type":"ListItem","position":2,"name":"Como funciona o Nomus ERP Industrial","item":"https:\/\/www.nomus.com.br\/erpindustrial\/como-funciona\/"},{"@type":"ListItem","position":3,"name":"Inspe\u00e7\u00e3o da produ\u00e7\u00e3o"}]},{"@type":"WebSite","@id":"https:\/\/www.nomus.com.br\/erpindustrial\/#website","url":"https:\/\/www.nomus.com.br\/erpindustrial\/","name":"Nomus ERP Industrial","description":"O melhor sistema de gest\u00e3o ERP para ind\u00fastrias do Brasil","potentialAction":[{"@type":"SearchAction","target":{"@type":"EntryPoint","urlTemplate":"https:\/\/www.nomus.com.br\/erpindustrial\/?s={search_term_string}"},"query-input":{"@type":"PropertyValueSpecification","valueRequired":true,"valueName":"search_term_string"}}],"inLanguage":"pt-BR"}]}},"_links":{"self":[{"href":"https:\/\/www.nomus.com.br\/erpindustrial\/wp-json\/wp\/v2\/pages\/1890","targetHints":{"allow":["GET"]}}],"collection":[{"href":"https:\/\/www.nomus.com.br\/erpindustrial\/wp-json\/wp\/v2\/pages"}],"about":[{"href":"https:\/\/www.nomus.com.br\/erpindustrial\/wp-json\/wp\/v2\/types\/page"}],"author":[{"embeddable":true,"href":"https:\/\/www.nomus.com.br\/erpindustrial\/wp-json\/wp\/v2\/users\/1"}],"replies":[{"embeddable":true,"href":"https:\/\/www.nomus.com.br\/erpindustrial\/wp-json\/wp\/v2\/comments?post=1890"}],"version-history":[{"count":14,"href":"https:\/\/www.nomus.com.br\/erpindustrial\/wp-json\/wp\/v2\/pages\/1890\/revisions"}],"predecessor-version":[{"id":8917,"href":"https:\/\/www.nomus.com.br\/erpindustrial\/wp-json\/wp\/v2\/pages\/1890\/revisions\/8917"}],"up":[{"embeddable":true,"href":"https:\/\/www.nomus.com.br\/erpindustrial\/wp-json\/wp\/v2\/pages\/47"}],"wp:attachment":[{"href":"https:\/\/www.nomus.com.br\/erpindustrial\/wp-json\/wp\/v2\/media?parent=1890"}],"curies":[{"name":"wp","href":"https:\/\/api.w.org\/{rel}","templated":true}]}}