{"id":1888,"date":"2016-05-09T18:46:39","date_gmt":"2016-05-09T18:46:39","guid":{"rendered":"http:\/\/nomus.com.br\/nomusindustrial\/?page_id=1888"},"modified":"2025-12-18T10:53:31","modified_gmt":"2025-12-18T13:53:31","slug":"contabilidade","status":"publish","type":"page","link":"https:\/\/www.nomus.com.br\/erpindustrial\/como-funciona\/contabilidade\/","title":{"rendered":"Contabilidade"},"content":{"rendered":"<style>\r\n\r\n.link-como-funciona-contabilidade {\r\n    background-color: #f9f1e1;\r\n    color: #b1710d!important;\r\n}\r\n\r\n.icone-contabilidade{\r\n  background-color:#7937CC;\r\n}\r\n<\/style>\r\n\r\n\r\n<hr \/>\r\n\r\n<div class=\"row\">\r\n  <div class=\"col-md-2\">\r\n    <div class=\" caixa-diferencial icone-contabilidade text-center\"> \r\n      <p style=\"font-size: 70px;color: white;padding: 0px;margin: 15px 0px 0px 0px;\"><i class=\"fa fa-university\" aria-hidden=\"true\"><\/i><\/p>\r\n    <\/div>\r\n  <\/div>\r\n  <div class=\"col-md-10\">\r\n    <h1 class=\"titulo-sem-imagem\">Contabilidade<\/h1>\r\n    <h2 class=\"h2-descricao-funcionalidade\">O m\u00f3dulo de Contabilidade do Nomus ERP Industrial automatiza lan\u00e7amentos, integra todas as \u00e1reas da empresa e fornece relat\u00f3rios gerenciais em tempo real, garantindo mais precis\u00e3o, agilidade e conformidade nas opera\u00e7\u00f5es. <\/h2>\r\n  <\/div>\r\n<\/div>\r\n\r\n\r\n<hr class=\"hr-respiro\">\r\n<h3>Principais benef\u00edcios de contabilidade do Nomus<\/h3>\r\n<br>\r\n<ul class=\"lista-bf\">\r\n  <li class=\"beneficio-funcionalidade\">Integra\u00e7\u00e3o completa entre contabilidade e demais setores da empresa;<\/li>\r\n  <li class=\"beneficio-funcionalidade\">Lan\u00e7amentos cont\u00e1beis autom\u00e1ticos e em tempo real;<\/li>\r\n  <li class=\"beneficio-funcionalidade\">Redu\u00e7\u00e3o de erros e retrabalhos no fechamento cont\u00e1bil;<\/li>\r\n  <li class=\"beneficio-funcionalidade\">Agilidade para atender exig\u00eancias fiscais e auditorias;<\/li>\r\n  <li class=\"beneficio-funcionalidade\">DRE gerencial em tempo real para decis\u00f5es mais assertivas;<\/li>\r\n  <li class=\"beneficio-funcionalidade\">Vis\u00e3o detalhada do resultado por projeto;<\/li>\r\n  <li class=\"beneficio-funcionalidade\">Flexibilidade para personalizar hist\u00f3ricos e lan\u00e7amentos cont\u00e1beis;<\/li>\r\n  <li class=\"beneficio-funcionalidade\">Possibilidade de contabilidade retroativa com reprocessamento de dados.<\/li>\r\n<\/ul>\r\n\r\n<hr class=\"hr-respiro\">\r\n<h3>Principais funcionalidades de contabilidade do Nomus:<\/h3>\r\n<br>\r\n\r\n<div class=\"row\">\r\n  <div class=\"col-md-6\">\r\n    <p class=\"forte\">Plano de contas cont\u00e1bil<\/p>\r\n    <p>Crie o seu plano de contas cont\u00e1bil com as contas do ativo, passivo, patrim\u00f4nio l\u00edquido e resultado, com a possibilidade de importa\u00e7\u00e3o de planilha Excel.<\/p>\r\n  <\/div>\r\n  <div class=\"col-md-6\">\r\n    <a href=\"https:\/\/www.nomus.com.br\/erpindustrial\/wp-content\/uploads\/2025\/12\/01-planos-contas-contabil-min-1.png\" rel=\"lightbox[1888]\"><img decoding=\"async\" data-src=\"https:\/\/www.nomus.com.br\/erpindustrial\/wp-content\/uploads\/2025\/12\/01-planos-contas-contabil-min-1-397x194.png\" alt=\"\" width=\"397\" height=\"194\" class=\"alignnone size-thumbnail wp-image-2520 lazyload\" src=\"data:image\/svg+xml;base64,PHN2ZyB3aWR0aD0iMSIgaGVpZ2h0PSIxIiB4bWxucz0iaHR0cDovL3d3dy53My5vcmcvMjAwMC9zdmciPjwvc3ZnPg==\" style=\"--smush-placeholder-width: 397px; --smush-placeholder-aspect-ratio: 397\/194;\" \/><\/a>\r\n  <\/div>\r\n<\/div>\r\n\r\n<hr class=\"hr-respiro\">\r\n\r\n<div class=\"row\">\r\n  <div class=\"col-md-6\">\r\n    <a href=\"https:\/\/www.nomus.com.br\/erpindustrial\/wp-content\/uploads\/2025\/12\/02-configuracoes-contabeis-min-1.png\" rel=\"lightbox[1888]\"><img decoding=\"async\" data-src=\"https:\/\/www.nomus.com.br\/erpindustrial\/wp-content\/uploads\/2025\/12\/02-configuracoes-contabeis-min-1-397x194.png\" alt=\"\" width=\"397\" height=\"194\" class=\"alignnone size-thumbnail wp-image-2520 lazyload\" src=\"data:image\/svg+xml;base64,PHN2ZyB3aWR0aD0iMSIgaGVpZ2h0PSIxIiB4bWxucz0iaHR0cDovL3d3dy53My5vcmcvMjAwMC9zdmciPjwvc3ZnPg==\" style=\"--smush-placeholder-width: 397px; --smush-placeholder-aspect-ratio: 397\/194;\" \/><\/a>\r\n  <\/div>\r\n  <div class=\"col-md-6\">\r\n    <p class=\"forte\">Configura\u00e7\u00f5es cont\u00e1beis<\/p>\r\n    <p>Configure como os lan\u00e7amentos cont\u00e1beis ser\u00e3o gerados pelo sistema informando as contas cont\u00e1beis por conta banc\u00e1ria, conta no plano de contas financeiro, setor de estoque, dentre outras configura\u00e7\u00f5es especiais que permitem a contabiliza\u00e7\u00e3o integral de todas as transa\u00e7\u00f5es do sistema.<\/p>\r\n  <\/div>\r\n<\/div>\r\n\r\n<hr class=\"hr-respiro\">\r\n\r\n<div class=\"row\">\r\n  <div class=\"col-md-6\">\r\n    <p class=\"forte\">Gera\u00e7\u00e3o de lan\u00e7amentos cont\u00e1beis em tempo real<\/p>\r\n    <p>Gera\u00e7\u00e3o de lan\u00e7amentos cont\u00e1beis em tempo real para todas as transa\u00e7\u00f5es realizadas no sistema, como: venda, compra, movimenta\u00e7\u00f5es de estoque, movimenta\u00e7\u00f5es na produ\u00e7\u00e3o e lan\u00e7amentos financeiros.<\/p>\r\n  <\/div>\r\n  <div class=\"col-md-6\">\r\n    <a href=\"https:\/\/www.nomus.com.br\/erpindustrial\/wp-content\/uploads\/2025\/12\/03-lancamentos-contabeis-min-1.png\" rel=\"lightbox[1888]\"><img decoding=\"async\" data-src=\"https:\/\/www.nomus.com.br\/erpindustrial\/wp-content\/uploads\/2025\/12\/03-lancamentos-contabeis-min-1-397x194.png\" alt=\"\" width=\"397\" height=\"194\" class=\"alignnone size-thumbnail wp-image-2520 lazyload\" src=\"data:image\/svg+xml;base64,PHN2ZyB3aWR0aD0iMSIgaGVpZ2h0PSIxIiB4bWxucz0iaHR0cDovL3d3dy53My5vcmcvMjAwMC9zdmciPjwvc3ZnPg==\" style=\"--smush-placeholder-width: 397px; --smush-placeholder-aspect-ratio: 397\/194;\" \/><\/a>\r\n  <\/div>\r\n<\/div>\r\n\r\n<hr class=\"hr-respiro\">\r\n\r\n<div class=\"row\">\r\n  <div class=\"col-md-6\">\r\n    <a href=\"https:\/\/www.nomus.com.br\/erpindustrial\/wp-content\/uploads\/2025\/12\/04-reprocessamento-contabil-min.png\" rel=\"lightbox[1888]\"><img decoding=\"async\" data-src=\"https:\/\/www.nomus.com.br\/erpindustrial\/wp-content\/uploads\/2025\/12\/04-reprocessamento-contabil-min-397x194.png\" alt=\"\" width=\"397\" height=\"194\" class=\"alignnone size-thumbnail wp-image-2520 lazyload\" src=\"data:image\/svg+xml;base64,PHN2ZyB3aWR0aD0iMSIgaGVpZ2h0PSIxIiB4bWxucz0iaHR0cDovL3d3dy53My5vcmcvMjAwMC9zdmciPjwvc3ZnPg==\" style=\"--smush-placeholder-width: 397px; --smush-placeholder-aspect-ratio: 397\/194;\" \/><\/a>\r\n  <\/div>\r\n  <div class=\"col-md-6\">\r\n    <p class=\"forte\">Reprocessamento cont\u00e1bil<\/p>\r\n    <p>Possibilidade de reprocessar lan\u00e7amentos cont\u00e1beis a partir de uma data no passado viabilizando ajustes nos lan\u00e7amentos cont\u00e1beis e a possibilidade de realizar a contabilidade retroativa da empresa.<\/p>\r\n  <\/div>\r\n<\/div>\r\n\r\n\r\n\r\n<hr class=\"hr-respiro\">\r\n\r\n<div class=\"row\">\r\n  <div class=\"col-md-6\">\r\n    <p class=\"forte\">DRE gerencial<\/p>\r\n    <p>Veja o DRE gerencial em tempo real da sua empresa permitindo a apura\u00e7\u00e3o do resultado em tempo real.<\/p>\r\n  <\/div>\r\n  <div class=\"col-md-6\">\r\n    <a href=\"https:\/\/www.nomus.com.br\/erpindustrial\/wp-content\/uploads\/2025\/12\/05-dre-gerencial-min.png\" rel=\"lightbox[1888]\"><img decoding=\"async\" data-src=\"https:\/\/www.nomus.com.br\/erpindustrial\/wp-content\/uploads\/2025\/12\/05-dre-gerencial-min-397x194.png\" alt=\"\" width=\"397\" height=\"194\" class=\"alignnone size-thumbnail wp-image-2520 lazyload\" src=\"data:image\/svg+xml;base64,PHN2ZyB3aWR0aD0iMSIgaGVpZ2h0PSIxIiB4bWxucz0iaHR0cDovL3d3dy53My5vcmcvMjAwMC9zdmciPjwvc3ZnPg==\" style=\"--smush-placeholder-width: 397px; --smush-placeholder-aspect-ratio: 397\/194;\" \/><\/a>\r\n  <\/div>\r\n<\/div>\r\n\r\n\r\n<hr class=\"hr-respiro\">\r\n\r\n<div class=\"row\">\r\n  <div class=\"col-md-6\">\r\n    <a href=\"https:\/\/www.nomus.com.br\/erpindustrial\/wp-content\/uploads\/2025\/12\/06-dre-por-projeto-min.png\" rel=\"lightbox[1888]\"><img decoding=\"async\" data-src=\"https:\/\/www.nomus.com.br\/erpindustrial\/wp-content\/uploads\/2025\/12\/06-dre-por-projeto-min-397x194.png\" alt=\"\" width=\"397\" height=\"194\" class=\"alignnone size-thumbnail wp-image-2520 lazyload\" src=\"data:image\/svg+xml;base64,PHN2ZyB3aWR0aD0iMSIgaGVpZ2h0PSIxIiB4bWxucz0iaHR0cDovL3d3dy53My5vcmcvMjAwMC9zdmciPjwvc3ZnPg==\" style=\"--smush-placeholder-width: 397px; --smush-placeholder-aspect-ratio: 397\/194;\" \/><\/a>\r\n  <\/div>\r\n  <div class=\"col-md-6\">\r\n    <p class=\"forte\">DRE gerencial por projeto<\/p>\r\n    <p>Possibilidade de gerar o DRE gerencial de cada projeto da sua empresa viabilizando a apura\u00e7\u00e3o do resultado por projeto.<\/p>\r\n  <\/div>\r\n<\/div>\r\n\r\n\r\n<hr class=\"hr-respiro\">\r\n\r\n<div class=\"row\">\r\n  <div class=\"col-md-6\">\r\n    <p class=\"forte\">Gera\u00e7\u00e3o de lan\u00e7amentos cont\u00e1beis livremente<\/p>\r\n    <p>Possibilidade de gerar lan\u00e7amentos cont\u00e1beis livremente para complementar os lan\u00e7amentos cont\u00e1beis gerados de forma autom\u00e1tica pelo sistema<\/p>\r\n  <\/div>\r\n  <div class=\"col-md-6\">\r\n    <a href=\"https:\/\/www.nomus.com.br\/erpindustrial\/wp-content\/uploads\/2025\/12\/07-lancamento-contabil-manual-min.png\" rel=\"lightbox[1888]\"><img decoding=\"async\" data-src=\"https:\/\/www.nomus.com.br\/erpindustrial\/wp-content\/uploads\/2025\/12\/07-lancamento-contabil-manual-min-397x194.png\" alt=\"\" width=\"397\" height=\"194\" class=\"alignnone size-thumbnail wp-image-2520 lazyload\" src=\"data:image\/svg+xml;base64,PHN2ZyB3aWR0aD0iMSIgaGVpZ2h0PSIxIiB4bWxucz0iaHR0cDovL3d3dy53My5vcmcvMjAwMC9zdmciPjwvc3ZnPg==\" style=\"--smush-placeholder-width: 397px; --smush-placeholder-aspect-ratio: 397\/194;\" \/><\/a>\r\n  <\/div>\r\n<\/div>\r\n\r\n\r\n<hr class=\"hr-respiro\">\r\n\r\n<div class=\"row\">\r\n  <div class=\"col-md-6\">\r\n    <a href=\"https:\/\/www.nomus.com.br\/erpindustrial\/wp-content\/uploads\/2025\/12\/08-visualizacao-lancamentos-min.png\" rel=\"lightbox[1888]\"><img decoding=\"async\" data-src=\"https:\/\/www.nomus.com.br\/erpindustrial\/wp-content\/uploads\/2025\/12\/08-visualizacao-lancamentos-min-397x194.png\" alt=\"\" width=\"397\" height=\"194\" class=\"alignnone size-thumbnail wp-image-2520 lazyload\" src=\"data:image\/svg+xml;base64,PHN2ZyB3aWR0aD0iMSIgaGVpZ2h0PSIxIiB4bWxucz0iaHR0cDovL3d3dy53My5vcmcvMjAwMC9zdmciPjwvc3ZnPg==\" style=\"--smush-placeholder-width: 397px; --smush-placeholder-aspect-ratio: 397\/194;\" \/><\/a>\r\n  <\/div>\r\n  <div class=\"col-md-6\">\r\n    <p class=\"forte\">Visualiza\u00e7\u00e3o de lan\u00e7amentos cont\u00e1beis nas principais telas do sistema<\/p>\r\n    <p>Veja os lan\u00e7amentos cont\u00e1beis gerados nas principais telas do sistema, como documentos de: sa\u00edda, entrada, vendas de servi\u00e7o, compra de servi\u00e7o, requisi\u00e7\u00e3o de materiais, ordens de produ\u00e7\u00e3o, contas a receber\/pagar, recebimentos e pagamentos<\/p>\r\n  <\/div>\r\n<\/div>\r\n\r\n\r\n<hr class=\"hr-respiro\">\r\n\r\n<div class=\"row\">\r\n  <div class=\"col-md-6\">\r\n    <p class=\"forte\">Personaliza\u00e7\u00e3o de hist\u00f3ricos cont\u00e1beis<\/p>\r\n    <p>Possibilidade de personalizar como os hist\u00f3ricos de lan\u00e7amentos cont\u00e1beis ser\u00e3o gerados pelo sistema, com a utiliza\u00e7\u00e3o de vari\u00e1veis internas do sistema.<\/p>\r\n  <\/div>\r\n  <div class=\"col-md-6\">\r\n    <a href=\"https:\/\/www.nomus.com.br\/erpindustrial\/wp-content\/uploads\/2025\/12\/09-personalizacao-historico-min.png\" rel=\"lightbox[1888]\"><img decoding=\"async\" data-src=\"https:\/\/www.nomus.com.br\/erpindustrial\/wp-content\/uploads\/2025\/12\/09-personalizacao-historico-min-397x194.png\" alt=\"\" width=\"397\" height=\"194\" class=\"alignnone size-thumbnail wp-image-2520 lazyload\" src=\"data:image\/svg+xml;base64,PHN2ZyB3aWR0aD0iMSIgaGVpZ2h0PSIxIiB4bWxucz0iaHR0cDovL3d3dy53My5vcmcvMjAwMC9zdmciPjwvc3ZnPg==\" style=\"--smush-placeholder-width: 397px; --smush-placeholder-aspect-ratio: 397\/194;\" \/><\/a>\r\n  <\/div>\r\n<\/div>\r\n\r\n<\/div>\r\n<\/div>\r\n<hr>\r\n<p class=\"text-right\">Pr\u00f3ximo passo: <a href=\"http:\/\/nomus.com.br\/erpindustrial\/como-funciona\/crm\/\">CRM \u00bb<\/a><\/p>\r\n","protected":false},"excerpt":{"rendered":"<p>Contabilidade O m\u00f3dulo de Contabilidade do Nomus ERP Industrial automatiza lan\u00e7amentos, integra todas as \u00e1reas da empresa e fornece relat\u00f3rios gerenciais em tempo real, garantindo mais precis\u00e3o, agilidade e conformidade nas opera\u00e7\u00f5es. Principais benef\u00edcios de contabilidade do Nomus Integra\u00e7\u00e3o completa entre contabilidade e demais setores da empresa; Lan\u00e7amentos cont\u00e1beis autom\u00e1ticos e em tempo real; Redu\u00e7\u00e3o [&hellip;]<\/p>\n","protected":false},"author":1,"featured_media":0,"parent":47,"menu_order":8,"comment_status":"open","ping_status":"open","template":"page-comofunciona.php","meta":{"_acf_changed":false,"footnotes":""},"class_list":["post-1888","page","type-page","status-publish","hentry"],"acf":[],"yoast_head":"<!-- This site is optimized with the Yoast SEO plugin v26.5 - https:\/\/yoast.com\/wordpress\/plugins\/seo\/ -->\n<title>Como funciona o m\u00f3dulo de contabilidade do Nomus ERP Industrial<\/title>\n<meta name=\"description\" content=\"Veja como funciona o m\u00f3dulo de contabilidade do Nomus ERP Industrial e entenda como organizar a gest\u00e3o cont\u00e1bil da sua ind\u00fastria.\" \/>\n<meta name=\"robots\" content=\"index, follow, max-snippet:-1, max-image-preview:large, max-video-preview:-1\" \/>\n<link rel=\"canonical\" href=\"https:\/\/www.nomus.com.br\/erpindustrial\/como-funciona\/contabilidade\/\" \/>\n<meta property=\"og:locale\" content=\"pt_BR\" \/>\n<meta property=\"og:type\" content=\"article\" \/>\n<meta property=\"og:title\" content=\"Como funciona a integra\u00e7\u00e3o com a contabilidade com o ERP Industrial\" \/>\n<meta property=\"og:description\" content=\"Veja como funciona a Integra\u00e7\u00e3o com a contabilidade no ERP Industrial e entenda como organizar a gest\u00e3o cont\u00e1bil da sua ind\u00fastria.\" \/>\n<meta property=\"og:url\" content=\"https:\/\/www.nomus.com.br\/erpindustrial\/como-funciona\/contabilidade\/\" \/>\n<meta property=\"og:site_name\" content=\"Nomus ERP Industrial\" \/>\n<meta property=\"article:modified_time\" content=\"2025-12-18T13:53:31+00:00\" \/>\n<meta property=\"og:image\" content=\"https:\/\/www.nomus.com.br\/erpindustrial\/wp-content\/uploads\/2025\/10\/og-como-funciona.jpg\" \/>\n\t<meta property=\"og:image:width\" content=\"620\" \/>\n\t<meta property=\"og:image:height\" content=\"405\" \/>\n\t<meta property=\"og:image:type\" content=\"image\/jpeg\" \/>\n<meta name=\"twitter:card\" content=\"summary_large_image\" \/>\n<meta name=\"twitter:title\" content=\"Como funciona a integra\u00e7\u00e3o com a contabilidade com o ERP Industrial\" \/>\n<meta name=\"twitter:description\" content=\"Veja como funciona a Integra\u00e7\u00e3o com a contabilidade no ERP Industrial e entenda como organizar a gest\u00e3o cont\u00e1bil da sua ind\u00fastria.\" \/>\n<meta name=\"twitter:image\" content=\"https:\/\/www.nomus.com.br\/erpindustrial\/wp-content\/uploads\/2019\/08\/como-funciona.jpg\" \/>\n<meta name=\"twitter:label1\" content=\"Est. tempo de leitura\" \/>\n\t<meta name=\"twitter:data1\" content=\"4 minutos\" \/>\n<script type=\"application\/ld+json\" class=\"yoast-schema-graph\">{\"@context\":\"https:\/\/schema.org\",\"@graph\":[{\"@type\":\"WebPage\",\"@id\":\"https:\/\/www.nomus.com.br\/erpindustrial\/como-funciona\/contabilidade\/\",\"url\":\"https:\/\/www.nomus.com.br\/erpindustrial\/como-funciona\/contabilidade\/\",\"name\":\"Como funciona o m\u00f3dulo de contabilidade do Nomus ERP Industrial\",\"isPartOf\":{\"@id\":\"https:\/\/www.nomus.com.br\/erpindustrial\/#website\"},\"primaryImageOfPage\":{\"@id\":\"https:\/\/www.nomus.com.br\/erpindustrial\/como-funciona\/contabilidade\/#primaryimage\"},\"image\":{\"@id\":\"https:\/\/www.nomus.com.br\/erpindustrial\/como-funciona\/contabilidade\/#primaryimage\"},\"thumbnailUrl\":\"https:\/\/www.nomus.com.br\/erpindustrial\/wp-content\/uploads\/2025\/12\/01-planos-contas-contabil-min-1-397x194.png\",\"datePublished\":\"2016-05-09T18:46:39+00:00\",\"dateModified\":\"2025-12-18T13:53:31+00:00\",\"description\":\"Veja como funciona o m\u00f3dulo de contabilidade do Nomus ERP Industrial e entenda como organizar a gest\u00e3o cont\u00e1bil da sua ind\u00fastria.\",\"breadcrumb\":{\"@id\":\"https:\/\/www.nomus.com.br\/erpindustrial\/como-funciona\/contabilidade\/#breadcrumb\"},\"inLanguage\":\"pt-BR\",\"potentialAction\":[{\"@type\":\"ReadAction\",\"target\":[\"https:\/\/www.nomus.com.br\/erpindustrial\/como-funciona\/contabilidade\/\"]}]},{\"@type\":\"ImageObject\",\"inLanguage\":\"pt-BR\",\"@id\":\"https:\/\/www.nomus.com.br\/erpindustrial\/como-funciona\/contabilidade\/#primaryimage\",\"url\":\"https:\/\/www.nomus.com.br\/erpindustrial\/wp-content\/uploads\/2025\/12\/01-planos-contas-contabil-min-1.png\",\"contentUrl\":\"https:\/\/www.nomus.com.br\/erpindustrial\/wp-content\/uploads\/2025\/12\/01-planos-contas-contabil-min-1.png\",\"width\":1783,\"height\":805},{\"@type\":\"BreadcrumbList\",\"@id\":\"https:\/\/www.nomus.com.br\/erpindustrial\/como-funciona\/contabilidade\/#breadcrumb\",\"itemListElement\":[{\"@type\":\"ListItem\",\"position\":1,\"name\":\"Nomus ERP Industrial\",\"item\":\"https:\/\/www.nomus.com.br\/erpindustrial\/\"},{\"@type\":\"ListItem\",\"position\":2,\"name\":\"Como funciona o Nomus ERP Industrial\",\"item\":\"https:\/\/www.nomus.com.br\/erpindustrial\/como-funciona\/\"},{\"@type\":\"ListItem\",\"position\":3,\"name\":\"Contabilidade\"}]},{\"@type\":\"WebSite\",\"@id\":\"https:\/\/www.nomus.com.br\/erpindustrial\/#website\",\"url\":\"https:\/\/www.nomus.com.br\/erpindustrial\/\",\"name\":\"Nomus ERP Industrial\",\"description\":\"O melhor sistema de gest\u00e3o ERP para ind\u00fastrias do Brasil\",\"potentialAction\":[{\"@type\":\"SearchAction\",\"target\":{\"@type\":\"EntryPoint\",\"urlTemplate\":\"https:\/\/www.nomus.com.br\/erpindustrial\/?s={search_term_string}\"},\"query-input\":{\"@type\":\"PropertyValueSpecification\",\"valueRequired\":true,\"valueName\":\"search_term_string\"}}],\"inLanguage\":\"pt-BR\"}]}<\/script>\n<!-- \/ Yoast SEO plugin. -->","yoast_head_json":{"title":"Como funciona o m\u00f3dulo de contabilidade do Nomus ERP Industrial","description":"Veja como funciona o m\u00f3dulo de contabilidade do Nomus ERP Industrial e entenda como organizar a gest\u00e3o cont\u00e1bil da sua ind\u00fastria.","robots":{"index":"index","follow":"follow","max-snippet":"max-snippet:-1","max-image-preview":"max-image-preview:large","max-video-preview":"max-video-preview:-1"},"canonical":"https:\/\/www.nomus.com.br\/erpindustrial\/como-funciona\/contabilidade\/","og_locale":"pt_BR","og_type":"article","og_title":"Como funciona a integra\u00e7\u00e3o com a contabilidade com o ERP Industrial","og_description":"Veja como funciona a Integra\u00e7\u00e3o com a contabilidade no ERP Industrial e entenda como organizar a gest\u00e3o cont\u00e1bil da sua ind\u00fastria.","og_url":"https:\/\/www.nomus.com.br\/erpindustrial\/como-funciona\/contabilidade\/","og_site_name":"Nomus ERP Industrial","article_modified_time":"2025-12-18T13:53:31+00:00","og_image":[{"width":620,"height":405,"url":"https:\/\/www.nomus.com.br\/erpindustrial\/wp-content\/uploads\/2025\/10\/og-como-funciona.jpg","type":"image\/jpeg"}],"twitter_card":"summary_large_image","twitter_title":"Como funciona a integra\u00e7\u00e3o com a contabilidade com o ERP Industrial","twitter_description":"Veja como funciona a Integra\u00e7\u00e3o com a contabilidade no ERP Industrial e entenda como organizar a gest\u00e3o cont\u00e1bil da sua ind\u00fastria.","twitter_image":"https:\/\/www.nomus.com.br\/erpindustrial\/wp-content\/uploads\/2019\/08\/como-funciona.jpg","twitter_misc":{"Est. tempo de leitura":"4 minutos"},"schema":{"@context":"https:\/\/schema.org","@graph":[{"@type":"WebPage","@id":"https:\/\/www.nomus.com.br\/erpindustrial\/como-funciona\/contabilidade\/","url":"https:\/\/www.nomus.com.br\/erpindustrial\/como-funciona\/contabilidade\/","name":"Como funciona o m\u00f3dulo de contabilidade do Nomus ERP Industrial","isPartOf":{"@id":"https:\/\/www.nomus.com.br\/erpindustrial\/#website"},"primaryImageOfPage":{"@id":"https:\/\/www.nomus.com.br\/erpindustrial\/como-funciona\/contabilidade\/#primaryimage"},"image":{"@id":"https:\/\/www.nomus.com.br\/erpindustrial\/como-funciona\/contabilidade\/#primaryimage"},"thumbnailUrl":"https:\/\/www.nomus.com.br\/erpindustrial\/wp-content\/uploads\/2025\/12\/01-planos-contas-contabil-min-1-397x194.png","datePublished":"2016-05-09T18:46:39+00:00","dateModified":"2025-12-18T13:53:31+00:00","description":"Veja como funciona o m\u00f3dulo de contabilidade do Nomus ERP Industrial e entenda como organizar a gest\u00e3o cont\u00e1bil da sua ind\u00fastria.","breadcrumb":{"@id":"https:\/\/www.nomus.com.br\/erpindustrial\/como-funciona\/contabilidade\/#breadcrumb"},"inLanguage":"pt-BR","potentialAction":[{"@type":"ReadAction","target":["https:\/\/www.nomus.com.br\/erpindustrial\/como-funciona\/contabilidade\/"]}]},{"@type":"ImageObject","inLanguage":"pt-BR","@id":"https:\/\/www.nomus.com.br\/erpindustrial\/como-funciona\/contabilidade\/#primaryimage","url":"https:\/\/www.nomus.com.br\/erpindustrial\/wp-content\/uploads\/2025\/12\/01-planos-contas-contabil-min-1.png","contentUrl":"https:\/\/www.nomus.com.br\/erpindustrial\/wp-content\/uploads\/2025\/12\/01-planos-contas-contabil-min-1.png","width":1783,"height":805},{"@type":"BreadcrumbList","@id":"https:\/\/www.nomus.com.br\/erpindustrial\/como-funciona\/contabilidade\/#breadcrumb","itemListElement":[{"@type":"ListItem","position":1,"name":"Nomus ERP Industrial","item":"https:\/\/www.nomus.com.br\/erpindustrial\/"},{"@type":"ListItem","position":2,"name":"Como funciona o Nomus ERP Industrial","item":"https:\/\/www.nomus.com.br\/erpindustrial\/como-funciona\/"},{"@type":"ListItem","position":3,"name":"Contabilidade"}]},{"@type":"WebSite","@id":"https:\/\/www.nomus.com.br\/erpindustrial\/#website","url":"https:\/\/www.nomus.com.br\/erpindustrial\/","name":"Nomus ERP Industrial","description":"O melhor sistema de gest\u00e3o ERP para ind\u00fastrias do Brasil","potentialAction":[{"@type":"SearchAction","target":{"@type":"EntryPoint","urlTemplate":"https:\/\/www.nomus.com.br\/erpindustrial\/?s={search_term_string}"},"query-input":{"@type":"PropertyValueSpecification","valueRequired":true,"valueName":"search_term_string"}}],"inLanguage":"pt-BR"}]}},"_links":{"self":[{"href":"https:\/\/www.nomus.com.br\/erpindustrial\/wp-json\/wp\/v2\/pages\/1888","targetHints":{"allow":["GET"]}}],"collection":[{"href":"https:\/\/www.nomus.com.br\/erpindustrial\/wp-json\/wp\/v2\/pages"}],"about":[{"href":"https:\/\/www.nomus.com.br\/erpindustrial\/wp-json\/wp\/v2\/types\/page"}],"author":[{"embeddable":true,"href":"https:\/\/www.nomus.com.br\/erpindustrial\/wp-json\/wp\/v2\/users\/1"}],"replies":[{"embeddable":true,"href":"https:\/\/www.nomus.com.br\/erpindustrial\/wp-json\/wp\/v2\/comments?post=1888"}],"version-history":[{"count":16,"href":"https:\/\/www.nomus.com.br\/erpindustrial\/wp-json\/wp\/v2\/pages\/1888\/revisions"}],"predecessor-version":[{"id":8996,"href":"https:\/\/www.nomus.com.br\/erpindustrial\/wp-json\/wp\/v2\/pages\/1888\/revisions\/8996"}],"up":[{"embeddable":true,"href":"https:\/\/www.nomus.com.br\/erpindustrial\/wp-json\/wp\/v2\/pages\/47"}],"wp:attachment":[{"href":"https:\/\/www.nomus.com.br\/erpindustrial\/wp-json\/wp\/v2\/media?parent=1888"}],"curies":[{"name":"wp","href":"https:\/\/api.w.org\/{rel}","templated":true}]}}