{"id":1886,"date":"2016-05-09T18:45:59","date_gmt":"2016-05-09T18:45:59","guid":{"rendered":"http:\/\/nomus.com.br\/nomusindustrial\/?page_id=1886"},"modified":"2025-12-12T18:11:38","modified_gmt":"2025-12-12T21:11:38","slug":"custeio-padrao","status":"publish","type":"page","link":"https:\/\/www.nomus.com.br\/erpindustrial\/como-funciona\/custeio-padrao\/","title":{"rendered":"Custeio"},"content":{"rendered":"<style>\r\n\r\n  .link-como-funciona-custeio-padrao {\r\n    background-color: #f9f1e1;\r\n    color: #b1710d!important;\r\n}\r\n\r\n\r\n.icone-custeio-padrao{\r\n  background-color:#409a5f;\r\n}\r\n<\/style>\r\n\r\n\r\n<hr \/>\r\n\r\n<div class=\"row\">\r\n  <div class=\"col-md-2\">\r\n    <div class=\" caixa-diferencial icone-custeio-padrao text-center\"> \r\n      <p style=\"font-size: 70px;color: white;padding: 0px;margin: 15px 0px 0px 0px;\"><i class=\"fa fa-calculator\" aria-hidden=\"true\"><\/i><\/p>\r\n    <\/div>\r\n  <\/div>\r\n  <div class=\"col-md-10\">\r\n    <h1 class=\"titulo-sem-imagem\">Custeio Padr\u00e3o<\/h1>\r\n    <h2 class=\"h2-descricao-funcionalidade\">Calcule o custo padr\u00e3o de seus produtos, forme pre\u00e7os de venda com intelig\u00eancia e identifique oportunidades de melhoria de lucratividade.<\/h2>\r\n  <\/div>\r\n<\/div>\r\n\r\n\r\n<hr class=\"hr-respiro\">\r\n<h3>Principais benef\u00edcios em utilizar o Custeio Padr\u00e3o <\/h3>\r\n<br>\r\n<ul class=\"lista-bf\">\r\n  \r\n<li class=\"beneficio-funcionalidade\">Conhe\u00e7a o custo padr\u00e3o de seus produtos e compare com o custo real para identificar oportunidades de redu\u00e7\u00e3o de custo.<\/li>\r\n<li class=\"beneficio-funcionalidade\">Conhe\u00e7a o custo padr\u00e3o de produtos semi-acabados e decida se a terceiriza\u00e7\u00e3o da produ\u00e7\u00e3o de determinados produtos pode ser um bom neg\u00f3cio para sua ind\u00fastria.<\/li>\r\n<li class=\"beneficio-funcionalidade\">Conhe\u00e7a o custo padr\u00e3o de opera\u00e7\u00f5es de fabrica\u00e7\u00e3o e decida se a terceiriza\u00e7\u00e3o de algumas etapas da produ\u00e7\u00e3o pode ser um bom neg\u00f3cio para sua ind\u00fastria.<\/li>\r\n<li class=\"beneficio-funcionalidade\">Apure o custo padr\u00e3o do produto na etapa de projeto do produto, e projete produtos lucrativos considerando o pre\u00e7o de mercado e adotando t\u00e9cnicas de custeio alvo.<\/li>\r\n<li class=\"beneficio-funcionalidade\">Simule pre\u00e7os de vendas com intelig\u00eancia.<\/li>\r\n<li class=\"beneficio-funcionalidade\">Automatize a gera\u00e7\u00e3o das tabelas de pre\u00e7os de seus produtos.<\/li>\r\n<\/ul>\r\n\r\n<hr class=\"hr-respiro\">\r\n<h3>Funcionalidades da Custeio Padr\u00e3o do Nomus ERP Industrial<\/h3>\r\n<br>\r\n\r\n<div class=\"row\">\r\n  <br>\r\n  <div class=\"col-md-6\">\r\n     <a href=\"https:\/\/www.nomus.com.br\/erpindustrial\/wp-content\/uploads\/2025\/12\/01-custo-padrao-produto-min.png\" rel=\"lightbox[1886]\"><img decoding=\"async\" data-src=\"https:\/\/www.nomus.com.br\/erpindustrial\/wp-content\/uploads\/2025\/12\/01-custo-padrao-produto-min-397x194.png\" alt=\"1-calculo\" width=\"397\" height=\"194\" class=\"alignnone size-thumbnail wp-image-2476 lazyload\" src=\"data:image\/svg+xml;base64,PHN2ZyB3aWR0aD0iMSIgaGVpZ2h0PSIxIiB4bWxucz0iaHR0cDovL3d3dy53My5vcmcvMjAwMC9zdmciPjwvc3ZnPg==\" style=\"--smush-placeholder-width: 397px; --smush-placeholder-aspect-ratio: 397\/194;\" \/><\/a>\r\n  <\/div>\r\n  <div class=\"col-md-6\">\r\n      <p class=\"forte\"> C\u00e1lculo do custo padr\u00e3o do produto<\/p>\r\n      <p>\r\n        Calcule o custo padr\u00e3o de todos os produtos acabados e semi-acabados considerando custo de mat\u00e9ria prima, m\u00e3o de obra direta e custos indiretos de fabrica\u00e7\u00e3o. \r\n      <\/p>\r\n      \r\n  <\/div>\r\n<\/div>\r\n\r\n<hr class=\"hr-respiro\">\r\n\r\n<div class=\"row\">\r\n    <br>\r\n  <div class=\"col-md-6\">\r\n      <p class=\"forte\"> Custo padr\u00e3o integrado ao roteiro de fabrica\u00e7\u00e3o<\/p>\r\n      <p>\r\n       Calcule o custo padr\u00e3o de m\u00e3o de obra e custos indiretos de fabrica\u00e7\u00e3o de cada opera\u00e7\u00e3o do roteiro de produ\u00e7\u00e3o de seus produtos acabados e semi-acabados. \r\n      <\/p>\r\n      \r\n  <\/div>\r\n  <div class=\"col-md-6\">\r\n   <a href=\"https:\/\/www.nomus.com.br\/erpindustrial\/wp-content\/uploads\/2025\/12\/02-custo-padrao-roteiro-min.png\" rel=\"lightbox[1886]\"><img decoding=\"async\" data-src=\"https:\/\/www.nomus.com.br\/erpindustrial\/wp-content\/uploads\/2025\/12\/02-custo-padrao-roteiro-min-397x194.png\" alt=\"2-analise\" width=\"397\" height=\"194\" class=\"alignnone size-thumbnail wp-image-2477 lazyload\" src=\"data:image\/svg+xml;base64,PHN2ZyB3aWR0aD0iMSIgaGVpZ2h0PSIxIiB4bWxucz0iaHR0cDovL3d3dy53My5vcmcvMjAwMC9zdmciPjwvc3ZnPg==\" style=\"--smush-placeholder-width: 397px; --smush-placeholder-aspect-ratio: 397\/194;\" \/><\/a>\r\n  <\/div>\r\n<\/div>\r\n\r\n<hr class=\"hr-respiro\">\r\n\r\n<div class=\"row\">\r\n  <br>\r\n  <div class=\"col-md-6\">\r\n     <a href=\"https:\/\/www.nomus.com.br\/erpindustrial\/wp-content\/uploads\/2025\/12\/03-custo-padrao-lista-min.png\" rel=\"lightbox[1886]\"><img decoding=\"async\" data-src=\"https:\/\/www.nomus.com.br\/erpindustrial\/wp-content\/uploads\/2025\/12\/03-custo-padrao-lista-min-397x194.png\" alt=\"3-demonstrativo\" width=\"397\" height=\"194\" class=\"alignnone size-thumbnail wp-image-2478 lazyload\" src=\"data:image\/svg+xml;base64,PHN2ZyB3aWR0aD0iMSIgaGVpZ2h0PSIxIiB4bWxucz0iaHR0cDovL3d3dy53My5vcmcvMjAwMC9zdmciPjwvc3ZnPg==\" style=\"--smush-placeholder-width: 397px; --smush-placeholder-aspect-ratio: 397\/194;\" \/><\/a>\r\n  <\/div>\r\n  <div class=\"col-md-6\">\r\n      <p class=\"forte\"> Custo padr\u00e3o integrado a lista de materiais<\/p>\r\n      <p>Calcule o custo padr\u00e3o de todos os n\u00edveis da lista de materiais de seus produtos considerando custos de mat\u00e9ria prima e custos de fabrica\u00e7\u00e3o. <\/p>\r\n  <\/div>\r\n<\/div>\r\n\r\n<hr class=\"hr-respiro\">\r\n\r\n<div class=\"row\">\r\n    <br>\r\n  <div class=\"col-md-6\">\r\n      <p class=\"forte\"> Apura\u00e7\u00e3o de custo hora padr\u00e3o<\/p>\r\n      <p>\r\n       Fa\u00e7a a apura\u00e7\u00e3o do custo hora padr\u00e3o de seus centros de custo utilizando aloca\u00e7\u00f5es de custo por direcionador e capacidade dispon\u00edvel em cada centro de custo. Saiba exatamente qual \u00e9 o custo hora padr\u00e3o de todos os centros de custo da sua f\u00e1brica. \r\n      <\/p>      \r\n  <\/div>\r\n  <div class=\"col-md-6\">\r\n    <a href=\"https:\/\/www.nomus.com.br\/erpindustrial\/wp-content\/uploads\/2025\/12\/04-custo-hora-padrao-min.png\" rel=\"lightbox[1886]\"><img decoding=\"async\" data-src=\"https:\/\/www.nomus.com.br\/erpindustrial\/wp-content\/uploads\/2025\/12\/04-custo-hora-padrao-min-397x194.png\" alt=\"4-apurar-taxas\" width=\"397\" height=\"194\" class=\"alignnone size-thumbnail wp-image-2231 lazyload\" src=\"data:image\/svg+xml;base64,PHN2ZyB3aWR0aD0iMSIgaGVpZ2h0PSIxIiB4bWxucz0iaHR0cDovL3d3dy53My5vcmcvMjAwMC9zdmciPjwvc3ZnPg==\" style=\"--smush-placeholder-width: 397px; --smush-placeholder-aspect-ratio: 397\/194;\" \/><\/a>\r\n  <\/div>\r\n<\/div>\r\n\r\n<hr class=\"hr-respiro\">\r\n\r\n<div class=\"row\">\r\n  <br>\r\n  <div class=\"col-md-6\">\r\n      <a href=\"https:\/\/www.nomus.com.br\/erpindustrial\/wp-content\/uploads\/2025\/12\/05-07-preco-venda-custeio-alvo-min.png\" rel=\"lightbox[1886]\"><img decoding=\"async\" data-src=\"https:\/\/www.nomus.com.br\/erpindustrial\/wp-content\/uploads\/2025\/12\/05-07-preco-venda-custeio-alvo-min-397x194.png\" alt=\"5-formacao\" width=\"397\" height=\"194\" class=\"alignnone size-thumbnail wp-image-2479 lazyload\" src=\"data:image\/svg+xml;base64,PHN2ZyB3aWR0aD0iMSIgaGVpZ2h0PSIxIiB4bWxucz0iaHR0cDovL3d3dy53My5vcmcvMjAwMC9zdmciPjwvc3ZnPg==\" style=\"--smush-placeholder-width: 397px; --smush-placeholder-aspect-ratio: 397\/194;\" \/><\/a>\r\n  <\/div>\r\n  <div class=\"col-md-6\">\r\n      <p class=\"forte\"> Forma\u00e7\u00e3o do pre\u00e7o de venda<\/p>\r\n      <p>Calcule o pre\u00e7o de venda sugerido para seus produtos considerando o custo padr\u00e3o de fabrica\u00e7\u00e3o e a margem de lucro desejada. <\/p>\r\n  <\/div>\r\n<\/div>\r\n\r\n<hr class=\"hr-respiro\">\r\n\r\n<div class=\"row\">\r\n    <br>\r\n  <div class=\"col-md-6\">\r\n      <p class=\"forte\">C\u00e1lculo de tabela de pre\u00e7o <\/p>\r\n      <p>\r\n       Calcule o pre\u00e7o sugerido das tabelas de pre\u00e7o utilizadas pelo setor comercial a partir da an\u00e1lise do custo padr\u00e3o de fabrica\u00e7\u00e3o dos produtos e margem de lucro desejada para cada produto. \r\n      <\/p>      \r\n  <\/div>\r\n  <div class=\"col-md-6\">\r\n    <a href=\"https:\/\/www.nomus.com.br\/erpindustrial\/wp-content\/uploads\/2025\/12\/06-tabela-preco-min.png\" rel=\"lightbox[1886]\"><img decoding=\"async\" data-src=\"https:\/\/www.nomus.com.br\/erpindustrial\/wp-content\/uploads\/2025\/12\/06-tabela-preco-min-397x194.png\" alt=\"6-tabela-de-pre\u00e7o\" width=\"397\" height=\"194\" class=\"alignnone size-thumbnail wp-image-2233 lazyload\" src=\"data:image\/svg+xml;base64,PHN2ZyB3aWR0aD0iMSIgaGVpZ2h0PSIxIiB4bWxucz0iaHR0cDovL3d3dy53My5vcmcvMjAwMC9zdmciPjwvc3ZnPg==\" style=\"--smush-placeholder-width: 397px; --smush-placeholder-aspect-ratio: 397\/194;\" \/><\/a>\r\n  <\/div>\r\n<\/div>\r\n\r\n\r\n<hr class=\"hr-respiro\">\r\n\r\n<div class=\"row\">\r\n  <br>\r\n  <div class=\"col-md-6\">\r\n      <a href=\"https:\/\/www.nomus.com.br\/erpindustrial\/wp-content\/uploads\/2025\/12\/05-07-preco-venda-custeio-alvo-min.png\" rel=\"lightbox[1886]\"><img decoding=\"async\" src=\"https:\/\/www.nomus.com.br\/erpindustrial\/wp-content\/uploads\/2025\/12\/05-07-preco-venda-custeio-alvo-min-397x194.png'\" alt=\"7-formacao\" width=\"397\" height=\"194\" class=\"alignnone size-thumbnail wp-image-2480\" \/><\/a>\r\n  <\/div>\r\n  <div class=\"col-md-6\">\r\n      <p class=\"forte\"> Custeio alvo de produtos<\/p>\r\n      <p>Calcule a lucratividade de produtos considerando o pre\u00e7o de venda praticado e identifique o que pode ser feito para aumentar a lucratividade de seus produtos.<\/p>\r\n  <\/div>\r\n<\/div>\r\n\r\n<hr class=\"hr-respiro\">\r\n\r\n<div class=\"row\">\r\n  <br>\r\n  <div class=\"col-md-6\">\r\n      <p class=\"forte\">Simula\u00e7\u00e3o de pre\u00e7os de venda  <\/p>\r\n      <p>Simule o pre\u00e7o de venda de produtos considerando margens de lucro desejadas diferentes e lotes de produ\u00e7\u00e3o diferentes, viabilizando melhores decis\u00f5es na apresenta\u00e7\u00e3o de or\u00e7amentos para clientes.<\/p>\r\n  <\/div>\r\n  <div class=\"col-md-6\">\r\n    <a href=\"https:\/\/www.nomus.com.br\/erpindustrial\/wp-content\/uploads\/2025\/12\/08-simular-preco-venda-min.png\" rel=\"lightbox[1886]\"><img decoding=\"async\" data-src=\"https:\/\/www.nomus.com.br\/erpindustrial\/wp-content\/uploads\/2025\/12\/08-simular-preco-venda-min-397x194.png\" alt=\"7-formacao\" width=\"397\" height=\"194\" class=\"alignnone size-thumbnail wp-image-2480 lazyload\" src=\"data:image\/svg+xml;base64,PHN2ZyB3aWR0aD0iMSIgaGVpZ2h0PSIxIiB4bWxucz0iaHR0cDovL3d3dy53My5vcmcvMjAwMC9zdmciPjwvc3ZnPg==\" style=\"--smush-placeholder-width: 397px; --smush-placeholder-aspect-ratio: 397\/194;\" \/><\/a>\r\n  <\/div>\r\n<\/div>\r\n\r\n\r\n<hr class=\"hr-respiro\">\r\n\r\n<div class=\"row\">\r\n  <br>\r\n  <div class=\"col-md-6\">\r\n    <a href=\"https:\/\/www.nomus.com.br\/erpindustrial\/wp-content\/uploads\/2025\/12\/09-gestao-orcamentos-min.png\" rel=\"lightbox[1886]\"><img decoding=\"async\" data-src=\"https:\/\/www.nomus.com.br\/erpindustrial\/wp-content\/uploads\/2025\/12\/09-gestao-orcamentos-min-397x194.png\" alt=\"7-formacao\" width=\"397\" height=\"194\" class=\"alignnone size-thumbnail wp-image-2480 lazyload\" src=\"data:image\/svg+xml;base64,PHN2ZyB3aWR0aD0iMSIgaGVpZ2h0PSIxIiB4bWxucz0iaHR0cDovL3d3dy53My5vcmcvMjAwMC9zdmciPjwvc3ZnPg==\" style=\"--smush-placeholder-width: 397px; --smush-placeholder-aspect-ratio: 397\/194;\" \/><\/a>\r\n  <\/div>\r\n  <div class=\"col-md-6\">\r\n      <p class=\"forte\">Gest\u00e3o de or\u00e7amentos <\/p>\r\n      <p>Crie or\u00e7amentos a partir da forma\u00e7\u00e3o de pre\u00e7o de venda, gere documentos PDFs com esses or\u00e7amentos e utilize esses or\u00e7amentos para criar as propostas comerciais para seus clientes.<\/p>\r\n  <\/div>\r\n<\/div>\r\n\r\n\r\n\r\n<\/div>\r\n<\/div>\r\n<hr>\r\n<p class=\"text-right\">Pr\u00f3ximo passo: <a href=\"http:\/\/nomus.com.br\/erpindustrial\/como-funciona\/custeio-real\/\">Conhe\u00e7a o m\u00f3dulo de Custeio Real \u00bb<\/a><\/p>\r\n","protected":false},"excerpt":{"rendered":"<p>Custeio Padr\u00e3o Calcule o custo padr\u00e3o de seus produtos, forme pre\u00e7os de venda com intelig\u00eancia e identifique oportunidades de melhoria de lucratividade. Principais benef\u00edcios em utilizar o Custeio Padr\u00e3o Conhe\u00e7a o custo padr\u00e3o de seus produtos e compare com o custo real para identificar oportunidades de redu\u00e7\u00e3o de custo. Conhe\u00e7a o custo padr\u00e3o de produtos [&hellip;]<\/p>\n","protected":false},"author":1,"featured_media":0,"parent":47,"menu_order":10,"comment_status":"open","ping_status":"open","template":"page-comofunciona.php","meta":{"_acf_changed":false,"footnotes":""},"class_list":["post-1886","page","type-page","status-publish","hentry"],"acf":[],"yoast_head":"<!-- This site is optimized with the Yoast SEO plugin v26.5 - https:\/\/yoast.com\/wordpress\/plugins\/seo\/ -->\n<title>Como funciona a gest\u00e3o de custeio padr\u00e3o no ERP Industrial<\/title>\n<meta name=\"description\" content=\"Entenda como funciona o custeio padr\u00e3o no ERP Industrial e veja como sua ind\u00fastria pode controlar a gest\u00e3o de custos da sua f\u00e1brica.\" \/>\n<meta name=\"robots\" content=\"index, follow, max-snippet:-1, max-image-preview:large, max-video-preview:-1\" \/>\n<link rel=\"canonical\" href=\"https:\/\/www.nomus.com.br\/erpindustrial\/como-funciona\/custeio-padrao\/\" \/>\n<meta property=\"og:locale\" content=\"pt_BR\" \/>\n<meta property=\"og:type\" content=\"article\" \/>\n<meta property=\"og:title\" content=\"Como funciona a gest\u00e3o de custeio padr\u00e3o no ERP Industrial\" \/>\n<meta property=\"og:description\" content=\"Entenda como funciona o custeio padr\u00e3o no ERP Industrial e veja como sua ind\u00fastria pode controlar a gest\u00e3o de custos da sua f\u00e1brica.\" \/>\n<meta property=\"og:url\" content=\"https:\/\/www.nomus.com.br\/erpindustrial\/como-funciona\/custeio-padrao\/\" \/>\n<meta property=\"og:site_name\" content=\"Nomus ERP Industrial\" \/>\n<meta property=\"article:modified_time\" content=\"2025-12-12T21:11:38+00:00\" \/>\n<meta property=\"og:image\" content=\"https:\/\/www.nomus.com.br\/erpindustrial\/wp-content\/uploads\/2025\/10\/og-como-funciona.jpg\" \/>\n\t<meta property=\"og:image:width\" content=\"620\" \/>\n\t<meta property=\"og:image:height\" content=\"405\" \/>\n\t<meta property=\"og:image:type\" content=\"image\/jpeg\" \/>\n<meta name=\"twitter:card\" content=\"summary_large_image\" \/>\n<meta name=\"twitter:title\" content=\"Como funciona a gest\u00e3o de custeio padr\u00e3o no ERP Industrial\" \/>\n<meta name=\"twitter:description\" content=\"Entenda como funciona o custeio padr\u00e3o no ERP Industrial e veja como sua ind\u00fastria pode controlar a gest\u00e3o de custos da sua f\u00e1brica.\" \/>\n<meta name=\"twitter:image\" content=\"https:\/\/www.nomus.com.br\/erpindustrial\/wp-content\/uploads\/2019\/08\/como-funciona.jpg\" \/>\n<meta name=\"twitter:label1\" content=\"Est. tempo de leitura\" \/>\n\t<meta name=\"twitter:data1\" content=\"4 minutos\" \/>\n<script type=\"application\/ld+json\" class=\"yoast-schema-graph\">{\"@context\":\"https:\/\/schema.org\",\"@graph\":[{\"@type\":\"WebPage\",\"@id\":\"https:\/\/www.nomus.com.br\/erpindustrial\/como-funciona\/custeio-padrao\/\",\"url\":\"https:\/\/www.nomus.com.br\/erpindustrial\/como-funciona\/custeio-padrao\/\",\"name\":\"Como funciona a gest\u00e3o de custeio padr\u00e3o no ERP Industrial\",\"isPartOf\":{\"@id\":\"https:\/\/www.nomus.com.br\/erpindustrial\/#website\"},\"primaryImageOfPage\":{\"@id\":\"https:\/\/www.nomus.com.br\/erpindustrial\/como-funciona\/custeio-padrao\/#primaryimage\"},\"image\":{\"@id\":\"https:\/\/www.nomus.com.br\/erpindustrial\/como-funciona\/custeio-padrao\/#primaryimage\"},\"thumbnailUrl\":\"https:\/\/www.nomus.com.br\/erpindustrial\/wp-content\/uploads\/2025\/12\/01-custo-padrao-produto-min-397x194.png\",\"datePublished\":\"2016-05-09T18:45:59+00:00\",\"dateModified\":\"2025-12-12T21:11:38+00:00\",\"description\":\"Entenda como funciona o custeio padr\u00e3o no ERP Industrial e veja como sua ind\u00fastria pode controlar a gest\u00e3o de custos da sua f\u00e1brica.\",\"breadcrumb\":{\"@id\":\"https:\/\/www.nomus.com.br\/erpindustrial\/como-funciona\/custeio-padrao\/#breadcrumb\"},\"inLanguage\":\"pt-BR\",\"potentialAction\":[{\"@type\":\"ReadAction\",\"target\":[\"https:\/\/www.nomus.com.br\/erpindustrial\/como-funciona\/custeio-padrao\/\"]}]},{\"@type\":\"ImageObject\",\"inLanguage\":\"pt-BR\",\"@id\":\"https:\/\/www.nomus.com.br\/erpindustrial\/como-funciona\/custeio-padrao\/#primaryimage\",\"url\":\"https:\/\/www.nomus.com.br\/erpindustrial\/wp-content\/uploads\/2025\/12\/01-custo-padrao-produto-min.png\",\"contentUrl\":\"https:\/\/www.nomus.com.br\/erpindustrial\/wp-content\/uploads\/2025\/12\/01-custo-padrao-produto-min.png\",\"width\":1794,\"height\":1308},{\"@type\":\"BreadcrumbList\",\"@id\":\"https:\/\/www.nomus.com.br\/erpindustrial\/como-funciona\/custeio-padrao\/#breadcrumb\",\"itemListElement\":[{\"@type\":\"ListItem\",\"position\":1,\"name\":\"Nomus ERP Industrial\",\"item\":\"https:\/\/www.nomus.com.br\/erpindustrial\/\"},{\"@type\":\"ListItem\",\"position\":2,\"name\":\"Como funciona o Nomus ERP Industrial\",\"item\":\"https:\/\/www.nomus.com.br\/erpindustrial\/como-funciona\/\"},{\"@type\":\"ListItem\",\"position\":3,\"name\":\"Custeio\"}]},{\"@type\":\"WebSite\",\"@id\":\"https:\/\/www.nomus.com.br\/erpindustrial\/#website\",\"url\":\"https:\/\/www.nomus.com.br\/erpindustrial\/\",\"name\":\"Nomus ERP Industrial\",\"description\":\"O melhor sistema de gest\u00e3o ERP para ind\u00fastrias do Brasil\",\"potentialAction\":[{\"@type\":\"SearchAction\",\"target\":{\"@type\":\"EntryPoint\",\"urlTemplate\":\"https:\/\/www.nomus.com.br\/erpindustrial\/?s={search_term_string}\"},\"query-input\":{\"@type\":\"PropertyValueSpecification\",\"valueRequired\":true,\"valueName\":\"search_term_string\"}}],\"inLanguage\":\"pt-BR\"}]}<\/script>\n<!-- \/ Yoast SEO plugin. -->","yoast_head_json":{"title":"Como funciona a gest\u00e3o de custeio padr\u00e3o no ERP Industrial","description":"Entenda como funciona o custeio padr\u00e3o no ERP Industrial e veja como sua ind\u00fastria pode controlar a gest\u00e3o de custos da sua f\u00e1brica.","robots":{"index":"index","follow":"follow","max-snippet":"max-snippet:-1","max-image-preview":"max-image-preview:large","max-video-preview":"max-video-preview:-1"},"canonical":"https:\/\/www.nomus.com.br\/erpindustrial\/como-funciona\/custeio-padrao\/","og_locale":"pt_BR","og_type":"article","og_title":"Como funciona a gest\u00e3o de custeio padr\u00e3o no ERP Industrial","og_description":"Entenda como funciona o custeio padr\u00e3o no ERP Industrial e veja como sua ind\u00fastria pode controlar a gest\u00e3o de custos da sua f\u00e1brica.","og_url":"https:\/\/www.nomus.com.br\/erpindustrial\/como-funciona\/custeio-padrao\/","og_site_name":"Nomus ERP Industrial","article_modified_time":"2025-12-12T21:11:38+00:00","og_image":[{"width":620,"height":405,"url":"https:\/\/www.nomus.com.br\/erpindustrial\/wp-content\/uploads\/2025\/10\/og-como-funciona.jpg","type":"image\/jpeg"}],"twitter_card":"summary_large_image","twitter_title":"Como funciona a gest\u00e3o de custeio padr\u00e3o no ERP Industrial","twitter_description":"Entenda como funciona o custeio padr\u00e3o no ERP Industrial e veja como sua ind\u00fastria pode controlar a gest\u00e3o de custos da sua f\u00e1brica.","twitter_image":"https:\/\/www.nomus.com.br\/erpindustrial\/wp-content\/uploads\/2019\/08\/como-funciona.jpg","twitter_misc":{"Est. tempo de leitura":"4 minutos"},"schema":{"@context":"https:\/\/schema.org","@graph":[{"@type":"WebPage","@id":"https:\/\/www.nomus.com.br\/erpindustrial\/como-funciona\/custeio-padrao\/","url":"https:\/\/www.nomus.com.br\/erpindustrial\/como-funciona\/custeio-padrao\/","name":"Como funciona a gest\u00e3o de custeio padr\u00e3o no ERP Industrial","isPartOf":{"@id":"https:\/\/www.nomus.com.br\/erpindustrial\/#website"},"primaryImageOfPage":{"@id":"https:\/\/www.nomus.com.br\/erpindustrial\/como-funciona\/custeio-padrao\/#primaryimage"},"image":{"@id":"https:\/\/www.nomus.com.br\/erpindustrial\/como-funciona\/custeio-padrao\/#primaryimage"},"thumbnailUrl":"https:\/\/www.nomus.com.br\/erpindustrial\/wp-content\/uploads\/2025\/12\/01-custo-padrao-produto-min-397x194.png","datePublished":"2016-05-09T18:45:59+00:00","dateModified":"2025-12-12T21:11:38+00:00","description":"Entenda como funciona o custeio padr\u00e3o no ERP Industrial e veja como sua ind\u00fastria pode controlar a gest\u00e3o de custos da sua f\u00e1brica.","breadcrumb":{"@id":"https:\/\/www.nomus.com.br\/erpindustrial\/como-funciona\/custeio-padrao\/#breadcrumb"},"inLanguage":"pt-BR","potentialAction":[{"@type":"ReadAction","target":["https:\/\/www.nomus.com.br\/erpindustrial\/como-funciona\/custeio-padrao\/"]}]},{"@type":"ImageObject","inLanguage":"pt-BR","@id":"https:\/\/www.nomus.com.br\/erpindustrial\/como-funciona\/custeio-padrao\/#primaryimage","url":"https:\/\/www.nomus.com.br\/erpindustrial\/wp-content\/uploads\/2025\/12\/01-custo-padrao-produto-min.png","contentUrl":"https:\/\/www.nomus.com.br\/erpindustrial\/wp-content\/uploads\/2025\/12\/01-custo-padrao-produto-min.png","width":1794,"height":1308},{"@type":"BreadcrumbList","@id":"https:\/\/www.nomus.com.br\/erpindustrial\/como-funciona\/custeio-padrao\/#breadcrumb","itemListElement":[{"@type":"ListItem","position":1,"name":"Nomus ERP Industrial","item":"https:\/\/www.nomus.com.br\/erpindustrial\/"},{"@type":"ListItem","position":2,"name":"Como funciona o Nomus ERP Industrial","item":"https:\/\/www.nomus.com.br\/erpindustrial\/como-funciona\/"},{"@type":"ListItem","position":3,"name":"Custeio"}]},{"@type":"WebSite","@id":"https:\/\/www.nomus.com.br\/erpindustrial\/#website","url":"https:\/\/www.nomus.com.br\/erpindustrial\/","name":"Nomus ERP Industrial","description":"O melhor sistema de gest\u00e3o ERP para ind\u00fastrias do Brasil","potentialAction":[{"@type":"SearchAction","target":{"@type":"EntryPoint","urlTemplate":"https:\/\/www.nomus.com.br\/erpindustrial\/?s={search_term_string}"},"query-input":{"@type":"PropertyValueSpecification","valueRequired":true,"valueName":"search_term_string"}}],"inLanguage":"pt-BR"}]}},"_links":{"self":[{"href":"https:\/\/www.nomus.com.br\/erpindustrial\/wp-json\/wp\/v2\/pages\/1886","targetHints":{"allow":["GET"]}}],"collection":[{"href":"https:\/\/www.nomus.com.br\/erpindustrial\/wp-json\/wp\/v2\/pages"}],"about":[{"href":"https:\/\/www.nomus.com.br\/erpindustrial\/wp-json\/wp\/v2\/types\/page"}],"author":[{"embeddable":true,"href":"https:\/\/www.nomus.com.br\/erpindustrial\/wp-json\/wp\/v2\/users\/1"}],"replies":[{"embeddable":true,"href":"https:\/\/www.nomus.com.br\/erpindustrial\/wp-json\/wp\/v2\/comments?post=1886"}],"version-history":[{"count":14,"href":"https:\/\/www.nomus.com.br\/erpindustrial\/wp-json\/wp\/v2\/pages\/1886\/revisions"}],"predecessor-version":[{"id":8888,"href":"https:\/\/www.nomus.com.br\/erpindustrial\/wp-json\/wp\/v2\/pages\/1886\/revisions\/8888"}],"up":[{"embeddable":true,"href":"https:\/\/www.nomus.com.br\/erpindustrial\/wp-json\/wp\/v2\/pages\/47"}],"wp:attachment":[{"href":"https:\/\/www.nomus.com.br\/erpindustrial\/wp-json\/wp\/v2\/media?parent=1886"}],"curies":[{"name":"wp","href":"https:\/\/api.w.org\/{rel}","templated":true}]}}