{"id":1884,"date":"2016-05-09T18:44:33","date_gmt":"2016-05-09T18:44:33","guid":{"rendered":"http:\/\/nomus.com.br\/nomusindustrial\/?page_id=1884"},"modified":"2025-12-11T18:43:09","modified_gmt":"2025-12-11T21:43:09","slug":"blocok","status":"publish","type":"page","link":"https:\/\/www.nomus.com.br\/erpindustrial\/como-funciona\/blocok\/","title":{"rendered":"Bloco K"},"content":{"rendered":"<style>\r\n\r\n  .link-como-funciona-blocok {\r\n    background-color: #f9f1e1;\r\n    color: #b1710d!important;\r\n}\r\n\r\n\r\n.icone-blocok{\r\n  background-color:#383838;\r\n}\r\n<\/style>\r\n\r\n\r\n<hr \/>\r\n\r\n<div class=\"row\">\r\n  <div class=\"col-md-2\">\r\n    <div class=\" caixa-diferencial icone-blocok text-center\"> \r\n      <p style=\"font-size: 70px;color: white;padding: 0px;margin: 15px 0px 0px 0px;\"><i class=\"glyphicon glyphicon glyphicon-exclamation-sign\" aria-hidden=\"true\"><\/i><\/p>\r\n    <\/div>\r\n  <\/div>\r\n  <div class=\"col-md-10\">\r\n    <h1 class=\"titulo-sem-imagem\">Bloco K <\/h1>\r\n    <h2 class=\"h2-descricao-funcionalidade\">Gere o Bloco K do SPED Fiscal integrado ao controle da produ\u00e7\u00e3o, estoque, estoque em poder de terceiros e estoque de terceiros em nosso poder.<\/h2>\r\n  <\/div>\r\n<\/div>\r\n\r\n\r\n\r\n<hr class=\"hr-respiro\">\r\n<h3>Principais benef\u00edcios em utilizar o Bloco K <\/h3>\r\n<br>\r\n<ul class=\"lista-bf\">\r\n  \r\n<li class=\"beneficio-funcionalidade\">Atendimento da obrigatoriedade do Bloco K do SPED Fiscal sem surpresas.<\/li>\r\n<li class=\"beneficio-funcionalidade\">Aproveite o Bloco K para implantar boas pr\u00e1ticas de gest\u00e3o da produ\u00e7\u00e3o que ir\u00e3o trazer ganhos importantes para sua ind\u00fastria.<\/li>\r\n<li class=\"beneficio-funcionalidade\">Aproveite o Bloco K para aperfei\u00e7oar seu controle de estoque, e com isso reduzir custos com excesso de estoque, e perdas de vendas por falta de estoque.<\/li>\r\n\r\n<hr class=\"hr-respiro\">\r\n<h3>Funcionalidades da Bloco K  do Nomus ERP Industrial<\/h3>\r\n<br>\r\n\r\n<div class=\"row\">\r\n  <br>\r\n  <div class=\"col-md-6\">\r\n     <a href=\"https:\/\/www.nomus.com.br\/erpindustrial\/wp-content\/uploads\/2025\/12\/01-sped-fiscal-min.png\" rel=\"lightbox[1884]\"><img decoding=\"async\" data-src=\"https:\/\/www.nomus.com.br\/erpindustrial\/wp-content\/uploads\/2025\/12\/01-sped-fiscal-min-397x194.png\" alt=\"1-sped\" width=\"397\" height=\"194\" class=\"alignnone size-thumbnail wp-image-2188 lazyload\" src=\"data:image\/svg+xml;base64,PHN2ZyB3aWR0aD0iMSIgaGVpZ2h0PSIxIiB4bWxucz0iaHR0cDovL3d3dy53My5vcmcvMjAwMC9zdmciPjwvc3ZnPg==\" style=\"--smush-placeholder-width: 397px; --smush-placeholder-aspect-ratio: 397\/194;\" \/><\/a>\r\n  <\/div>\r\n  <div class=\"col-md-6\">\r\n      <p class=\"forte\"> Bloco K do SPED Fiscal<\/p>\r\n      <p>\r\n        Gera\u00e7\u00e3o do Bloco K do SPED Fiscal integrado ao controle da produ\u00e7\u00e3o, controle de estoque, controle de estoque em poder de terceiros e controle de estoque de terceiros em nosso poder.\r\n      <\/p>\r\n      \r\n  <\/div>\r\n<\/div>\r\n\r\n<hr class=\"hr-respiro\">\r\n\r\n<div class=\"row\">\r\n    <br>\r\n  <div class=\"col-md-6\">\r\n      <p class=\"forte\"> Registro 0210 consumo espec\u00edfico padronizado<\/p>\r\n      <p>\r\n       Gera\u00e7\u00e3o do registro 0210 consumo espec\u00edfico padronizado a partir da lista de materiais de todos os produtos fabricados incluindo controle de perdas de materiais. \r\n      <\/p>\r\n      \r\n  <\/div>\r\n  <div class=\"col-md-6\">\r\n      <a href=\"https:\/\/www.nomus.com.br\/erpindustrial\/wp-content\/uploads\/2025\/12\/02-0210-min.png \"><img decoding=\"async\" data-src=\"https:\/\/www.nomus.com.br\/erpindustrial\/wp-content\/uploads\/2025\/12\/02-0210-min-397x194.png\" alt=\"1-sped\" width=\"397\" height=\"194\" class=\"alignnone size-thumbnail wp-image-2188 lazyload\" src=\"data:image\/svg+xml;base64,PHN2ZyB3aWR0aD0iMSIgaGVpZ2h0PSIxIiB4bWxucz0iaHR0cDovL3d3dy53My5vcmcvMjAwMC9zdmciPjwvc3ZnPg==\" style=\"--smush-placeholder-width: 397px; --smush-placeholder-aspect-ratio: 397\/194;\" \/><\/a>\r\n  <\/div>\r\n<\/div>\r\n\r\n<hr class=\"hr-respiro\">\r\n\r\n<div class=\"row\">\r\n    <br>\r\n  <div class=\"col-md-6\">\r\n    <a href=\" https:\/\/www.nomus.com.br\/erpindustrial\/wp-content\/uploads\/2025\/12\/03-k200-min.png\" rel=\"lightbox[1884]\"><img decoding=\"async\" data-src=\"https:\/\/www.nomus.com.br\/erpindustrial\/wp-content\/uploads\/2025\/12\/03-k200-min-397x194.png\" alt=\"1-sped\" width=\"397\" height=\"194\" class=\"alignnone size-thumbnail wp-image-2188 lazyload\" src=\"data:image\/svg+xml;base64,PHN2ZyB3aWR0aD0iMSIgaGVpZ2h0PSIxIiB4bWxucz0iaHR0cDovL3d3dy53My5vcmcvMjAwMC9zdmciPjwvc3ZnPg==\" style=\"--smush-placeholder-width: 397px; --smush-placeholder-aspect-ratio: 397\/194;\" \/><\/a>           \r\n  <\/div>\r\n  <div class=\"col-md-6\">\r\n<p class=\"forte\"> Registro k200 estoque escriturado<\/p>\r\n      <p>Gera\u00e7\u00e3o do registro K200 estoque escriturado apresentando saldo em estoque de todos os produtos, incluindo materiais de terceiros em nosso poder e materiais nossos em poder de terceiros.<\/p>\r\n  <\/div>\r\n<\/div>\r\n\r\n\r\n<hr class=\"hr-respiro\">\r\n\r\n<div class=\"row\">\r\n    <br>\r\n  <div class=\"col-md-6\">\r\n    <p class=\"forte\"> Registro K220 movimenta\u00e7\u00f5es internas<\/p>\r\n      <p>\r\n       Gera\u00e7\u00e3o do registro K220 movimenta\u00e7\u00f5es internas a partir de movimenta\u00e7\u00f5es de reclassifica\u00e7\u00e3o do produto no m\u00f3dulo de estoque. \r\n      <\/p> \r\n\r\n  <\/div>\r\n  <div class=\"col-md-6\">\r\n      <a href=\"https:\/\/www.nomus.com.br\/erpindustrial\/wp-content\/uploads\/2025\/12\/04-k220-min.png \"><img decoding=\"async\" data-src=\"https:\/\/www.nomus.com.br\/erpindustrial\/wp-content\/uploads\/2025\/12\/04-k220-min-397x194.png\" alt=\"1-sped\" width=\"397\" height=\"194\" class=\"alignnone size-thumbnail wp-image-2188 lazyload\" src=\"data:image\/svg+xml;base64,PHN2ZyB3aWR0aD0iMSIgaGVpZ2h0PSIxIiB4bWxucz0iaHR0cDovL3d3dy53My5vcmcvMjAwMC9zdmciPjwvc3ZnPg==\" style=\"--smush-placeholder-width: 397px; --smush-placeholder-aspect-ratio: 397\/194;\" \/><\/a>\r\n  <\/div>\r\n<\/div>\r\n\r\n<hr class=\"hr-respiro\">\r\n\r\n<div class=\"row\">\r\n    <br>\r\n  <div class=\"col-md-6\">\r\n      <a href=\"https:\/\/www.nomus.com.br\/erpindustrial\/wp-content\/uploads\/2025\/12\/05-k230-min.png \"><img decoding=\"async\" data-src=\"https:\/\/www.nomus.com.br\/erpindustrial\/wp-content\/uploads\/2025\/12\/05-k230-min-397x194.png\" alt=\"1-sped\" width=\"397\" height=\"194\" class=\"alignnone size-thumbnail wp-image-2188 lazyload\" src=\"data:image\/svg+xml;base64,PHN2ZyB3aWR0aD0iMSIgaGVpZ2h0PSIxIiB4bWxucz0iaHR0cDovL3d3dy53My5vcmcvMjAwMC9zdmciPjwvc3ZnPg==\" style=\"--smush-placeholder-width: 397px; --smush-placeholder-aspect-ratio: 397\/194;\" \/><\/a>    \r\n  <\/div>\r\n  <div class=\"col-md-6\">\r\n<p class=\"forte\"> Registro K230 itens produzidos<\/p>\r\n      <p>Gera\u00e7\u00e3o do registro K230 itens produzidos a partir dos reportes de produ\u00e7\u00e3o efetuados nas ordens de produ\u00e7\u00e3o. <\/p>\r\n  <\/div>\r\n<\/div>\r\n\r\n<hr class=\"respiro\">\r\n<div class=\"row\">\r\n  <div class=\"col-md-6\">\r\n<p class=\"forte\"> Registro K235 insumos consumidos<\/p>\r\n      <p>\r\n       Gera\u00e7\u00e3o do registro K235 insumos consumidos a partir das movimenta\u00e7\u00f5es de requisi\u00e7\u00e3o pela produ\u00e7\u00e3o para as ordens de produ\u00e7\u00e3o, inclu\u00edndo a possibilidade de se trabalhar com insumos interdependentes. \r\n      <\/p> \r\n  <\/div>\r\n  <div class=\"col-md-6\">\r\n    <a href=\" https:\/\/www.nomus.com.br\/erpindustrial\/wp-content\/uploads\/2025\/12\/06-k235-min.png\" rel=\"lightbox[1884]\"><img decoding=\"async\" data-src=\"https:\/\/www.nomus.com.br\/erpindustrial\/wp-content\/uploads\/2025\/12\/06-k235-min-397x194.png\" alt=\"1-sped\" width=\"397\" height=\"194\" class=\"alignnone size-thumbnail wp-image-2188 lazyload\" src=\"data:image\/svg+xml;base64,PHN2ZyB3aWR0aD0iMSIgaGVpZ2h0PSIxIiB4bWxucz0iaHR0cDovL3d3dy53My5vcmcvMjAwMC9zdmciPjwvc3ZnPg==\" style=\"--smush-placeholder-width: 397px; --smush-placeholder-aspect-ratio: 397\/194;\" \/><\/a>\r\n  <\/div>\r\n<\/div>\r\n<hr class=\"respiro\">\r\n<div class=\"row\">\r\n  <div class=\"col-md-6\">\r\n    <a href=\" https:\/\/www.nomus.com.br\/erpindustrial\/wp-content\/uploads\/2025\/12\/07-k250-min.png\" rel=\"lightbox[1884]\"><img decoding=\"async\" data-src=\"https:\/\/www.nomus.com.br\/erpindustrial\/wp-content\/uploads\/2025\/12\/07-k250-min-397x194.png\" alt=\"1-sped\" width=\"397\" height=\"194\" class=\"alignnone size-thumbnail wp-image-2188 lazyload\" src=\"data:image\/svg+xml;base64,PHN2ZyB3aWR0aD0iMSIgaGVpZ2h0PSIxIiB4bWxucz0iaHR0cDovL3d3dy53My5vcmcvMjAwMC9zdmciPjwvc3ZnPg==\" style=\"--smush-placeholder-width: 397px; --smush-placeholder-aspect-ratio: 397\/194;\" \/><\/a>\r\n  <\/div>\r\n  <div class=\"col-md-6\">\r\n<p class=\"forte\"> Registro K250 itens produzidos na industrializa\u00e7\u00e3o efetuada em terceiros<\/p>\r\n      <p>Gera\u00e7\u00e3o do registro K250 itens produzidos na industrializa\u00e7\u00e3o efetuada em terceiros a partir do registro da produ\u00e7\u00e3o efetuada nas ordens de produ\u00e7\u00e3o em terceiros. <\/p>\r\n  <\/div>\r\n<\/div>\r\n<hr class=\"respiro\">\r\n<div class=\"row\">\r\n  <div class=\"col-md-6\">\r\n<p class=\"forte\"> Registro K255 insumos consumidos na industrializa\u00e7\u00e3o efetuada em terceiros<\/p>\r\n      <p>\r\n       Gera\u00e7\u00e3o do registro K255 insumos consumidos na industrializa\u00e7\u00e3o efetuada em terceiros a partir do registro dos materiais consumidos nas ordens de produ\u00e7\u00e3o em terceiros. \r\n      <\/p>  \r\n  <\/div>\r\n  <div class=\"col-md-6\">\r\n    <a href=\" https:\/\/www.nomus.com.br\/erpindustrial\/wp-content\/uploads\/2025\/12\/08-k255-min.png\" rel=\"lightbox[1884]\"><img decoding=\"async\" data-src=\"https:\/\/www.nomus.com.br\/erpindustrial\/wp-content\/uploads\/2025\/12\/08-k255-min-397x194.png\" alt=\"1-sped\" width=\"397\" height=\"194\" class=\"alignnone size-thumbnail wp-image-2188 lazyload\" src=\"data:image\/svg+xml;base64,PHN2ZyB3aWR0aD0iMSIgaGVpZ2h0PSIxIiB4bWxucz0iaHR0cDovL3d3dy53My5vcmcvMjAwMC9zdmciPjwvc3ZnPg==\" style=\"--smush-placeholder-width: 397px; --smush-placeholder-aspect-ratio: 397\/194;\" \/><\/a>\r\n  <\/div>\r\n<\/div>\r\n<hr class=\"respiro\">\r\n\r\n<div class=\"row\">\r\n  <div class=\"col-md-6\">\r\n    <a href=\" https:\/\/www.nomus.com.br\/erpindustrial\/wp-content\/uploads\/2025\/12\/09-blocoH-min.png\" rel=\"lightbox[1884]\"><img decoding=\"async\" data-src=\"https:\/\/www.nomus.com.br\/erpindustrial\/wp-content\/uploads\/2025\/12\/09-blocoH-min-397x194.png\" alt=\"1-sped\" width=\"397\" height=\"194\" class=\"alignnone size-thumbnail wp-image-2188 lazyload\" src=\"data:image\/svg+xml;base64,PHN2ZyB3aWR0aD0iMSIgaGVpZ2h0PSIxIiB4bWxucz0iaHR0cDovL3d3dy53My5vcmcvMjAwMC9zdmciPjwvc3ZnPg==\" style=\"--smush-placeholder-width: 397px; --smush-placeholder-aspect-ratio: 397\/194;\" \/><\/a>\r\n  <\/div>\r\n  <div class=\"col-md-6\">\r\n<p class=\"forte\"> Bloco H do SPED fiscal<\/p>\r\n      <p>Gera\u00e7\u00e3o do Bloco H do SPED fiscal apresentando saldo em estoque de todos os produtos, incluindo materiais de terceiros em nosso poder e materiais nossos em poder de terceiros. <\/p>\r\n  <\/div>\r\n<\/div>\r\n\r\n\r\n\r\n\r\n<\/div>\r\n<\/div>\r\n<hr>\r\n<p class=\"text-right\">Pr\u00f3ximo passo: <a href=\"http:\/\/nomus.com.br\/erpindustrial\/como-funciona\/mrp\/\">Conhe\u00e7a o m\u00f3dulo de Plano de produ\u00e7\u00e3o e MRP \u00bb<\/a><\/p>\r\n","protected":false},"excerpt":{"rendered":"<p>Bloco K Gere o Bloco K do SPED Fiscal integrado ao controle da produ\u00e7\u00e3o, estoque, estoque em poder de terceiros e estoque de terceiros em nosso poder. Principais benef\u00edcios em utilizar o Bloco K Atendimento da obrigatoriedade do Bloco K do SPED Fiscal sem surpresas. Aproveite o Bloco K para implantar boas pr\u00e1ticas de gest\u00e3o [&hellip;]<\/p>\n","protected":false},"author":1,"featured_media":0,"parent":47,"menu_order":1,"comment_status":"open","ping_status":"open","template":"page-comofunciona.php","meta":{"_acf_changed":false,"footnotes":""},"class_list":["post-1884","page","type-page","status-publish","hentry"],"acf":[],"yoast_head":"<!-- This site is optimized with the Yoast SEO plugin v26.5 - https:\/\/yoast.com\/wordpress\/plugins\/seo\/ -->\n<title>Como funciona a gest\u00e3o do Bloco K no ERP Industrial<\/title>\n<meta name=\"description\" content=\"Veja como funciona a gest\u00e3o do Bloco K no ERP Industrial Nomus e entenda como voc\u00ea pode atender todas as demandas do governo.\" \/>\n<meta name=\"robots\" content=\"index, follow, max-snippet:-1, max-image-preview:large, max-video-preview:-1\" \/>\n<link rel=\"canonical\" href=\"https:\/\/www.nomus.com.br\/erpindustrial\/como-funciona\/blocok\/\" \/>\n<meta property=\"og:locale\" content=\"pt_BR\" \/>\n<meta property=\"og:type\" content=\"article\" \/>\n<meta property=\"og:title\" content=\"Como funciona a gest\u00e3o do Bloco K no ERP Industrial\" \/>\n<meta property=\"og:description\" content=\"Veja como funciona a gest\u00e3o do Bloco K no ERP Industrial Nomus e entenda como voc\u00ea pode atender todas as demandas do governo.\" \/>\n<meta property=\"og:url\" content=\"https:\/\/www.nomus.com.br\/erpindustrial\/como-funciona\/blocok\/\" \/>\n<meta property=\"og:site_name\" content=\"Nomus ERP Industrial\" \/>\n<meta property=\"article:modified_time\" content=\"2025-12-11T21:43:09+00:00\" \/>\n<meta property=\"og:image\" content=\"https:\/\/www.nomus.com.br\/erpindustrial\/wp-content\/uploads\/2025\/10\/og-como-funciona.jpg\" \/>\n\t<meta property=\"og:image:width\" content=\"620\" \/>\n\t<meta property=\"og:image:height\" content=\"405\" \/>\n\t<meta property=\"og:image:type\" content=\"image\/jpeg\" \/>\n<meta name=\"twitter:card\" content=\"summary_large_image\" \/>\n<meta name=\"twitter:title\" content=\"Como funciona a gest\u00e3o do Bloco K no ERP Industrial\" \/>\n<meta name=\"twitter:description\" content=\"Veja como funciona a gest\u00e3o do Bloco K no ERP Industrial Nomus e entenda como voc\u00ea pode atender todas as demandas do governo.\" \/>\n<meta name=\"twitter:image\" content=\"https:\/\/www.nomus.com.br\/erpindustrial\/wp-content\/uploads\/2019\/08\/como-funciona.jpg\" \/>\n<meta name=\"twitter:label1\" content=\"Est. tempo de leitura\" \/>\n\t<meta name=\"twitter:data1\" content=\"3 minutos\" \/>\n<script type=\"application\/ld+json\" class=\"yoast-schema-graph\">{\"@context\":\"https:\/\/schema.org\",\"@graph\":[{\"@type\":\"WebPage\",\"@id\":\"https:\/\/www.nomus.com.br\/erpindustrial\/como-funciona\/blocok\/\",\"url\":\"https:\/\/www.nomus.com.br\/erpindustrial\/como-funciona\/blocok\/\",\"name\":\"Como funciona a gest\u00e3o do Bloco K no ERP Industrial\",\"isPartOf\":{\"@id\":\"https:\/\/www.nomus.com.br\/erpindustrial\/#website\"},\"primaryImageOfPage\":{\"@id\":\"https:\/\/www.nomus.com.br\/erpindustrial\/como-funciona\/blocok\/#primaryimage\"},\"image\":{\"@id\":\"https:\/\/www.nomus.com.br\/erpindustrial\/como-funciona\/blocok\/#primaryimage\"},\"thumbnailUrl\":\"https:\/\/www.nomus.com.br\/erpindustrial\/wp-content\/uploads\/2025\/12\/01-sped-fiscal-min-397x194.png\",\"datePublished\":\"2016-05-09T18:44:33+00:00\",\"dateModified\":\"2025-12-11T21:43:09+00:00\",\"description\":\"Veja como funciona a gest\u00e3o do Bloco K no ERP Industrial Nomus e entenda como voc\u00ea pode atender todas as demandas do governo.\",\"breadcrumb\":{\"@id\":\"https:\/\/www.nomus.com.br\/erpindustrial\/como-funciona\/blocok\/#breadcrumb\"},\"inLanguage\":\"pt-BR\",\"potentialAction\":[{\"@type\":\"ReadAction\",\"target\":[\"https:\/\/www.nomus.com.br\/erpindustrial\/como-funciona\/blocok\/\"]}]},{\"@type\":\"ImageObject\",\"inLanguage\":\"pt-BR\",\"@id\":\"https:\/\/www.nomus.com.br\/erpindustrial\/como-funciona\/blocok\/#primaryimage\",\"url\":\"https:\/\/www.nomus.com.br\/erpindustrial\/wp-content\/uploads\/2025\/12\/01-sped-fiscal-min.png\",\"contentUrl\":\"https:\/\/www.nomus.com.br\/erpindustrial\/wp-content\/uploads\/2025\/12\/01-sped-fiscal-min.png\",\"width\":1806,\"height\":560},{\"@type\":\"BreadcrumbList\",\"@id\":\"https:\/\/www.nomus.com.br\/erpindustrial\/como-funciona\/blocok\/#breadcrumb\",\"itemListElement\":[{\"@type\":\"ListItem\",\"position\":1,\"name\":\"Nomus ERP Industrial\",\"item\":\"https:\/\/www.nomus.com.br\/erpindustrial\/\"},{\"@type\":\"ListItem\",\"position\":2,\"name\":\"Como funciona o Nomus ERP Industrial\",\"item\":\"https:\/\/www.nomus.com.br\/erpindustrial\/como-funciona\/\"},{\"@type\":\"ListItem\",\"position\":3,\"name\":\"Bloco K\"}]},{\"@type\":\"WebSite\",\"@id\":\"https:\/\/www.nomus.com.br\/erpindustrial\/#website\",\"url\":\"https:\/\/www.nomus.com.br\/erpindustrial\/\",\"name\":\"Nomus ERP Industrial\",\"description\":\"O melhor sistema de gest\u00e3o ERP para ind\u00fastrias do Brasil\",\"potentialAction\":[{\"@type\":\"SearchAction\",\"target\":{\"@type\":\"EntryPoint\",\"urlTemplate\":\"https:\/\/www.nomus.com.br\/erpindustrial\/?s={search_term_string}\"},\"query-input\":{\"@type\":\"PropertyValueSpecification\",\"valueRequired\":true,\"valueName\":\"search_term_string\"}}],\"inLanguage\":\"pt-BR\"}]}<\/script>\n<!-- \/ Yoast SEO plugin. -->","yoast_head_json":{"title":"Como funciona a gest\u00e3o do Bloco K no ERP Industrial","description":"Veja como funciona a gest\u00e3o do Bloco K no ERP Industrial Nomus e entenda como voc\u00ea pode atender todas as demandas do governo.","robots":{"index":"index","follow":"follow","max-snippet":"max-snippet:-1","max-image-preview":"max-image-preview:large","max-video-preview":"max-video-preview:-1"},"canonical":"https:\/\/www.nomus.com.br\/erpindustrial\/como-funciona\/blocok\/","og_locale":"pt_BR","og_type":"article","og_title":"Como funciona a gest\u00e3o do Bloco K no ERP Industrial","og_description":"Veja como funciona a gest\u00e3o do Bloco K no ERP Industrial Nomus e entenda como voc\u00ea pode atender todas as demandas do governo.","og_url":"https:\/\/www.nomus.com.br\/erpindustrial\/como-funciona\/blocok\/","og_site_name":"Nomus ERP Industrial","article_modified_time":"2025-12-11T21:43:09+00:00","og_image":[{"width":620,"height":405,"url":"https:\/\/www.nomus.com.br\/erpindustrial\/wp-content\/uploads\/2025\/10\/og-como-funciona.jpg","type":"image\/jpeg"}],"twitter_card":"summary_large_image","twitter_title":"Como funciona a gest\u00e3o do Bloco K no ERP Industrial","twitter_description":"Veja como funciona a gest\u00e3o do Bloco K no ERP Industrial Nomus e entenda como voc\u00ea pode atender todas as demandas do governo.","twitter_image":"https:\/\/www.nomus.com.br\/erpindustrial\/wp-content\/uploads\/2019\/08\/como-funciona.jpg","twitter_misc":{"Est. tempo de leitura":"3 minutos"},"schema":{"@context":"https:\/\/schema.org","@graph":[{"@type":"WebPage","@id":"https:\/\/www.nomus.com.br\/erpindustrial\/como-funciona\/blocok\/","url":"https:\/\/www.nomus.com.br\/erpindustrial\/como-funciona\/blocok\/","name":"Como funciona a gest\u00e3o do Bloco K no ERP Industrial","isPartOf":{"@id":"https:\/\/www.nomus.com.br\/erpindustrial\/#website"},"primaryImageOfPage":{"@id":"https:\/\/www.nomus.com.br\/erpindustrial\/como-funciona\/blocok\/#primaryimage"},"image":{"@id":"https:\/\/www.nomus.com.br\/erpindustrial\/como-funciona\/blocok\/#primaryimage"},"thumbnailUrl":"https:\/\/www.nomus.com.br\/erpindustrial\/wp-content\/uploads\/2025\/12\/01-sped-fiscal-min-397x194.png","datePublished":"2016-05-09T18:44:33+00:00","dateModified":"2025-12-11T21:43:09+00:00","description":"Veja como funciona a gest\u00e3o do Bloco K no ERP Industrial Nomus e entenda como voc\u00ea pode atender todas as demandas do governo.","breadcrumb":{"@id":"https:\/\/www.nomus.com.br\/erpindustrial\/como-funciona\/blocok\/#breadcrumb"},"inLanguage":"pt-BR","potentialAction":[{"@type":"ReadAction","target":["https:\/\/www.nomus.com.br\/erpindustrial\/como-funciona\/blocok\/"]}]},{"@type":"ImageObject","inLanguage":"pt-BR","@id":"https:\/\/www.nomus.com.br\/erpindustrial\/como-funciona\/blocok\/#primaryimage","url":"https:\/\/www.nomus.com.br\/erpindustrial\/wp-content\/uploads\/2025\/12\/01-sped-fiscal-min.png","contentUrl":"https:\/\/www.nomus.com.br\/erpindustrial\/wp-content\/uploads\/2025\/12\/01-sped-fiscal-min.png","width":1806,"height":560},{"@type":"BreadcrumbList","@id":"https:\/\/www.nomus.com.br\/erpindustrial\/como-funciona\/blocok\/#breadcrumb","itemListElement":[{"@type":"ListItem","position":1,"name":"Nomus ERP Industrial","item":"https:\/\/www.nomus.com.br\/erpindustrial\/"},{"@type":"ListItem","position":2,"name":"Como funciona o Nomus ERP Industrial","item":"https:\/\/www.nomus.com.br\/erpindustrial\/como-funciona\/"},{"@type":"ListItem","position":3,"name":"Bloco K"}]},{"@type":"WebSite","@id":"https:\/\/www.nomus.com.br\/erpindustrial\/#website","url":"https:\/\/www.nomus.com.br\/erpindustrial\/","name":"Nomus ERP Industrial","description":"O melhor sistema de gest\u00e3o ERP para ind\u00fastrias do Brasil","potentialAction":[{"@type":"SearchAction","target":{"@type":"EntryPoint","urlTemplate":"https:\/\/www.nomus.com.br\/erpindustrial\/?s={search_term_string}"},"query-input":{"@type":"PropertyValueSpecification","valueRequired":true,"valueName":"search_term_string"}}],"inLanguage":"pt-BR"}]}},"_links":{"self":[{"href":"https:\/\/www.nomus.com.br\/erpindustrial\/wp-json\/wp\/v2\/pages\/1884","targetHints":{"allow":["GET"]}}],"collection":[{"href":"https:\/\/www.nomus.com.br\/erpindustrial\/wp-json\/wp\/v2\/pages"}],"about":[{"href":"https:\/\/www.nomus.com.br\/erpindustrial\/wp-json\/wp\/v2\/types\/page"}],"author":[{"embeddable":true,"href":"https:\/\/www.nomus.com.br\/erpindustrial\/wp-json\/wp\/v2\/users\/1"}],"replies":[{"embeddable":true,"href":"https:\/\/www.nomus.com.br\/erpindustrial\/wp-json\/wp\/v2\/comments?post=1884"}],"version-history":[{"count":10,"href":"https:\/\/www.nomus.com.br\/erpindustrial\/wp-json\/wp\/v2\/pages\/1884\/revisions"}],"predecessor-version":[{"id":8844,"href":"https:\/\/www.nomus.com.br\/erpindustrial\/wp-json\/wp\/v2\/pages\/1884\/revisions\/8844"}],"up":[{"embeddable":true,"href":"https:\/\/www.nomus.com.br\/erpindustrial\/wp-json\/wp\/v2\/pages\/47"}],"wp:attachment":[{"href":"https:\/\/www.nomus.com.br\/erpindustrial\/wp-json\/wp\/v2\/media?parent=1884"}],"curies":[{"name":"wp","href":"https:\/\/api.w.org\/{rel}","templated":true}]}}