{"id":1882,"date":"2016-05-09T18:43:46","date_gmt":"2016-05-09T18:43:46","guid":{"rendered":"http:\/\/nomus.com.br\/nomusindustrial\/?page_id=1882"},"modified":"2025-12-18T09:51:57","modified_gmt":"2025-12-18T12:51:57","slug":"producao-em-terceiros","status":"publish","type":"page","link":"https:\/\/www.nomus.com.br\/erpindustrial\/como-funciona\/producao-em-terceiros\/","title":{"rendered":"Produ\u00e7\u00e3o em terceiros"},"content":{"rendered":"<style>\r\n\r\n  .link-como-funciona-producao-em-terceiros {\r\n    background-color: #f9f1e1;\r\n    color: #b1710d!important;\r\n  }\r\n\r\n.icone-producao-em-terceiros{\r\n  background-color:#c5b425;\r\n}\r\n<\/style>\r\n\r\n\r\n<hr \/>\r\n\r\n<div class=\"row\">\r\n  <div class=\"col-md-2\">\r\n    <div class=\" caixa-diferencial icone-producao-em-terceiros text-center\"> \r\n      <p style=\"font-size: 70px;color: white;padding: 0px;margin: 15px 0px 0px 0px;\"><i class=\"fa fa-building\" aria-hidden=\"true\"><\/i><\/p>\r\n    <\/div>\r\n  <\/div>\r\n  <div class=\"col-md-10\">\r\n    <h1 class=\"titulo-sem-imagem\">Produ\u00e7\u00e3o em terceiros <\/h1>\r\n    <h2 class=\"h2-descricao-funcionalidade\">Controle a produ\u00e7\u00e3o efetuada em terceiros e os materiais em poder de terceiros.<\/h2>\r\n  <\/div>\r\n<\/div>\r\n\r\n\r\n<hr class=\"hr-respiro\">\r\n<h3>Principais benef\u00edcios em utilizar o Produ\u00e7\u00e3o em terceiros <\/h3>\r\n<br>\r\n<ul class=\"lista-bf\">\r\n  <li class=\"beneficio-funcionalidade\">Evite falhas no controle de estoque em poder de terceiros.<\/li>\r\n  <li class=\"beneficio-funcionalidade\">Abaste\u00e7a o estoque de materiais em poder de terceiros com precis\u00e3o a partir da emiss\u00e3o da NF-e de remessa de materiais para o fornecedor.<\/li>\r\n  <li class=\"beneficio-funcionalidade\">Baixe o estoque de materiais em poder de terceiros com precis\u00e3o a partir da entrada da NF-e de retorno de materiais emitida pelo fornecedor.<\/li>\r\n  <li class=\"beneficio-funcionalidade\">Registre a produ\u00e7\u00e3o efetuada pelo fornecedor e calcule o custo dessa produ\u00e7\u00e3o agregando o custo dos materiais remetidos para o fornecedor e o custo do servi\u00e7o efetuado pelo fornecedor.<\/li>\r\n  <li class=\"beneficio-funcionalidade\">Controle as sobras de materiais em poder de terceiros com precis\u00e3o a partir da entrada da NF-e de retorno de sobras emitida pelo fornecedor.<\/li>\r\n  <li class=\"beneficio-funcionalidade\">Planeje as compras do servi\u00e7os de terceiros e materiais primas remetidas para terceiros integrado aos processos de compras e MRP.<\/li>\r\n  <li class=\"beneficio-funcionalidade\">Controle os pagamentos dos fornecedores integrado a entrada da NF-e de industrializa\u00e7\u00e3o por encomenda emitida pelo fornecedor.<\/li>\r\n<\/ul>\r\n\r\n<hr class=\"hr-respiro\">\r\n<h3>Funcionalidades da Produ\u00e7\u00e3o em terceiros  do Nomus ERP Industrial<\/h3>\r\n<br>\r\n\r\n<div class=\"row\">\r\n  <br>\r\n  <div class=\"col-md-6\">\r\n     <a href=\"https:\/\/www.nomus.com.br\/erpindustrial\/wp-content\/uploads\/2025\/11\/01-geracao-ordem-min.png\" rel=\"lightbox[1882]\"><img decoding=\"async\" data-src=\"https:\/\/www.nomus.com.br\/erpindustrial\/wp-content\/uploads\/2025\/11\/01-geracao-ordem-min-397x194.png\" alt=\"1-criar-ordem\" width=\"397\" height=\"194\" class=\"alignnone size-thumbnail wp-image-2457 lazyload\" src=\"data:image\/svg+xml;base64,PHN2ZyB3aWR0aD0iMSIgaGVpZ2h0PSIxIiB4bWxucz0iaHR0cDovL3d3dy53My5vcmcvMjAwMC9zdmciPjwvc3ZnPg==\" style=\"--smush-placeholder-width: 397px; --smush-placeholder-aspect-ratio: 397\/194;\" \/><\/a>\r\n  <\/div>\r\n  <div class=\"col-md-6\">\r\n      <p class=\"forte\"> Gera\u00e7\u00e3o de ordem de produ\u00e7\u00e3o em terceiros<\/p>\r\n      <p>\r\n        Gere ordens para controlar o processo de produ\u00e7\u00e3o em terceiros empenhando materiais que ser\u00e3o remetidos para terceiros e servi\u00e7os que ser\u00e3o contratados de terceiros.\r\n      <\/p>\r\n      \r\n  <\/div>\r\n<\/div>\r\n\r\n<hr class=\"hr-respiro\">\r\n\r\n<div class=\"row\">\r\n    <br>\r\n  <div class=\"col-md-6\">\r\n      <p class=\"forte\"> Compra do material remetido para terceiros<\/p>\r\n      <p>\r\n       Controle o processo de compras de materiais remetidos para produ\u00e7\u00e3o em terceiros integrado ao planejamento da produ\u00e7\u00e3o. \r\n      <\/p>\r\n      \r\n  <\/div>\r\n  <div class=\"col-md-6\">\r\n    <a href=\"https:\/\/www.nomus.com.br\/erpindustrial\/wp-content\/uploads\/2025\/11\/02-compra-material-min.png\" rel=\"lightbox[1882]\"><img decoding=\"async\" data-src=\"https:\/\/www.nomus.com.br\/erpindustrial\/wp-content\/uploads\/2025\/11\/02-compra-material-min-397x194.png\" alt=\"2-Pedidos-de-compra\" width=\"397\" height=\"194\" class=\"alignnone size-thumbnail wp-image-2125 lazyload\" src=\"data:image\/svg+xml;base64,PHN2ZyB3aWR0aD0iMSIgaGVpZ2h0PSIxIiB4bWxucz0iaHR0cDovL3d3dy53My5vcmcvMjAwMC9zdmciPjwvc3ZnPg==\" style=\"--smush-placeholder-width: 397px; --smush-placeholder-aspect-ratio: 397\/194;\" \/><\/a>\r\n  <\/div>\r\n<\/div>\r\n\r\n<hr class=\"hr-respiro\">\r\n\r\n<div class=\"row\">\r\n  <br>\r\n  <div class=\"col-md-6\">\r\n      <a href=\"https:\/\/www.nomus.com.br\/erpindustrial\/wp-content\/uploads\/2025\/11\/03-compra-servico-min.png\" rel=\"lightbox[1882]\"><img decoding=\"async\" data-src=\"https:\/\/www.nomus.com.br\/erpindustrial\/wp-content\/uploads\/2025\/11\/03-compra-servico-min-397x194.png\" alt=\"3-Pedidos-de-compra\" width=\"397\" height=\"194\" class=\"alignnone size-thumbnail wp-image-2126 lazyload\" src=\"data:image\/svg+xml;base64,PHN2ZyB3aWR0aD0iMSIgaGVpZ2h0PSIxIiB4bWxucz0iaHR0cDovL3d3dy53My5vcmcvMjAwMC9zdmciPjwvc3ZnPg==\" style=\"--smush-placeholder-width: 397px; --smush-placeholder-aspect-ratio: 397\/194;\" \/><\/a>\r\n  <\/div>\r\n  <div class=\"col-md-6\">\r\n      <p class=\"forte\"> Compra do servi\u00e7o contratado de terceiros<\/p>\r\n      <p> Controle o processo de compras do servi\u00e7o de industrializa\u00e7\u00e3o do terceiro integrado ao planejamento da produ\u00e7\u00e3o.  <\/p>\r\n  <\/div>\r\n<\/div>\r\n\r\n<hr class=\"hr-respiro\">\r\n\r\n<div class=\"row\">\r\n    <br>\r\n  <div class=\"col-md-6\">\r\n      <p class=\"forte\"> Controle dos materiais em poder de terceiros<\/p>\r\n      <p>\r\n       Controle o estoque dos materiais em poder de terceiros integrado ao faturamento. \r\n      <\/p>      \r\n  <\/div>\r\n  <div class=\"col-md-6\">\r\n    <a href=\"https:\/\/www.nomus.com.br\/erpindustrial\/wp-content\/uploads\/2025\/11\/04-controle-materiais-3-min.png\" rel=\"lightbox[1882]\"><img decoding=\"async\" data-src=\"https:\/\/www.nomus.com.br\/erpindustrial\/wp-content\/uploads\/2025\/11\/04-controle-materiais-3-min-397x194.png\" alt=\"4-Controle-dos-materiais-em-poder-de-terceiros\" width=\"397\" height=\"194\" class=\"alignnone size-thumbnail wp-image-2127 lazyload\" src=\"data:image\/svg+xml;base64,PHN2ZyB3aWR0aD0iMSIgaGVpZ2h0PSIxIiB4bWxucz0iaHR0cDovL3d3dy53My5vcmcvMjAwMC9zdmciPjwvc3ZnPg==\" style=\"--smush-placeholder-width: 397px; --smush-placeholder-aspect-ratio: 397\/194;\" \/><\/a>\r\n  <\/div>\r\n<\/div>\r\n\r\n<hr class=\"hr-respiro\">\r\n\r\n<div class=\"row\">\r\n  <br>\r\n  <div class=\"col-md-6\">\r\n      <a href=\"https:\/\/www.nomus.com.br\/erpindustrial\/wp-content\/uploads\/2025\/11\/05-controle-producao-min.png\" rel=\"lightbox[1882]\"><img decoding=\"async\" data-src=\"https:\/\/www.nomus.com.br\/erpindustrial\/wp-content\/uploads\/2025\/11\/05-controle-producao-min-397x194.png\" alt=\"5-efetuada-por-terceiros\" width=\"397\" height=\"194\" class=\"alignnone size-thumbnail wp-image-2128 lazyload\" src=\"data:image\/svg+xml;base64,PHN2ZyB3aWR0aD0iMSIgaGVpZ2h0PSIxIiB4bWxucz0iaHR0cDovL3d3dy53My5vcmcvMjAwMC9zdmciPjwvc3ZnPg==\" style=\"--smush-placeholder-width: 397px; --smush-placeholder-aspect-ratio: 397\/194;\" \/><\/a>\r\n  <\/div>\r\n  <div class=\"col-md-6\">\r\n      <p class=\"forte\"> Controle da produ\u00e7\u00e3o efetuada por terceiros<\/p>\r\n      <p>Controle a produ\u00e7\u00e3o efetuada por terceiros, os materiais consumidos por terceiros, atualizando o controle de estoque de materiais em poder de terceiros. <\/p>\r\n  <\/div>\r\n<\/div>\r\n\r\n<hr class=\"hr-respiro\">\r\n\r\n<div class=\"row\">\r\n    <br>\r\n  <div class=\"col-md-6\">\r\n      <p class=\"forte\"> Controle de sobras de materiais remetidos para terceiros<\/p>\r\n      <p>\r\n       Controle as sobras de materiais remitidos para produ\u00e7\u00e3o em terceiros, integrado ao controle de estoque de materiais em poder de terceiros. \r\n      <\/p>      \r\n  <\/div>\r\n  <div class=\"col-md-6\">\r\n    <a href=\"https:\/\/www.nomus.com.br\/erpindustrial\/wp-content\/uploads\/2025\/11\/06-controle-sobras-min.png\" rel=\"lightbox[1882]\"><img decoding=\"async\" data-src=\"https:\/\/www.nomus.com.br\/erpindustrial\/wp-content\/uploads\/2025\/11\/06-controle-sobras-min-397x194.png\" alt=\"6-devolucao\" width=\"397\" height=\"194\" class=\"alignnone size-thumbnail wp-image-2129 lazyload\" src=\"data:image\/svg+xml;base64,PHN2ZyB3aWR0aD0iMSIgaGVpZ2h0PSIxIiB4bWxucz0iaHR0cDovL3d3dy53My5vcmcvMjAwMC9zdmciPjwvc3ZnPg==\" style=\"--smush-placeholder-width: 397px; --smush-placeholder-aspect-ratio: 397\/194;\" \/><\/a>\r\n  <\/div>\r\n<\/div>\r\n\r\n\r\n<hr class=\"hr-respiro\">\r\n\r\n<div class=\"row\">\r\n  <br>\r\n  <div class=\"col-md-6\">\r\n      <a href=\"https:\/\/www.nomus.com.br\/erpindustrial\/wp-content\/uploads\/2025\/11\/07-requisicao-materiais-min.png\" rel=\"lightbox[1882]\"><img decoding=\"async\" data-src=\"https:\/\/www.nomus.com.br\/erpindustrial\/wp-content\/uploads\/2025\/11\/07-requisicao-materiais-min-397x194.png\" alt=\"5-efetuada-por-terceiros\" width=\"397\" height=\"194\" class=\"alignnone size-thumbnail wp-image-2128 lazyload\" src=\"data:image\/svg+xml;base64,PHN2ZyB3aWR0aD0iMSIgaGVpZ2h0PSIxIiB4bWxucz0iaHR0cDovL3d3dy53My5vcmcvMjAwMC9zdmciPjwvc3ZnPg==\" style=\"--smush-placeholder-width: 397px; --smush-placeholder-aspect-ratio: 397\/194;\" \/><\/a>\r\n  <\/div>\r\n  <div class=\"col-md-6\">\r\n      <p class=\"forte\"> Requisi\u00e7\u00e3o de materiais que retornaram de terceiros<\/p>\r\n      <p>Controle todo o material que foi utilizado pelo terceiro para o processamento da ordem de produ\u00e7\u00e3o, integrando \u00e0 baixa definitiva do estoque do material enviado.<\/p>\r\n  <\/div>\r\n<\/div>\r\n\r\n\r\n<hr class=\"hr-respiro\">\r\n\r\n<div class=\"row\">\r\n    <br>\r\n  <div class=\"col-md-6\">\r\n      <p class=\"forte\"> Reporte de produ\u00e7\u00e3o em terceiros<\/p>\r\n      <p>\r\n       Controle todo o material que foi efetivamente produzido pelo terceiro, integrando \u00e0 entrada definitiva em estoque do material produzido.\r\n      <\/p>      \r\n  <\/div>\r\n  <div class=\"col-md-6\">\r\n    <a href=\"https:\/\/www.nomus.com.br\/erpindustrial\/wp-content\/uploads\/2025\/11\/08-reporte-producao-min.png\" rel=\"lightbox[1882]\"><img decoding=\"async\" data-src=\"https:\/\/www.nomus.com.br\/erpindustrial\/wp-content\/uploads\/2025\/11\/08-reporte-producao-min-397x194.png\" alt=\"6-devolucao\" width=\"397\" height=\"194\" class=\"alignnone size-thumbnail wp-image-2129 lazyload\" src=\"data:image\/svg+xml;base64,PHN2ZyB3aWR0aD0iMSIgaGVpZ2h0PSIxIiB4bWxucz0iaHR0cDovL3d3dy53My5vcmcvMjAwMC9zdmciPjwvc3ZnPg==\" style=\"--smush-placeholder-width: 397px; --smush-placeholder-aspect-ratio: 397\/194;\" \/><\/a>\r\n  <\/div>\r\n<\/div>\r\n\r\n<\/div>\r\n<\/div>\r\n<hr>\r\n<p class=\"text-right\">Pr\u00f3ximo passo: <a href=\"http:\/\/nomus.com.br\/erpindustrial\/como-funciona\/producao-para-terceiros\/\">Conhe\u00e7a o m\u00f3dulo de Produ\u00e7\u00e3o para terceiros \u00bb<\/a><\/p>\r\n","protected":false},"excerpt":{"rendered":"<p>Produ\u00e7\u00e3o em terceiros Controle a produ\u00e7\u00e3o efetuada em terceiros e os materiais em poder de terceiros. Principais benef\u00edcios em utilizar o Produ\u00e7\u00e3o em terceiros Evite falhas no controle de estoque em poder de terceiros. Abaste\u00e7a o estoque de materiais em poder de terceiros com precis\u00e3o a partir da emiss\u00e3o da NF-e de remessa de materiais [&hellip;]<\/p>\n","protected":false},"author":1,"featured_media":0,"parent":47,"menu_order":46,"comment_status":"open","ping_status":"open","template":"page-comofunciona.php","meta":{"_acf_changed":false,"footnotes":""},"class_list":["post-1882","page","type-page","status-publish","hentry"],"acf":[],"yoast_head":"<!-- This site is optimized with the Yoast SEO plugin v26.5 - https:\/\/yoast.com\/wordpress\/plugins\/seo\/ -->\n<title>Como funciona a gest\u00e3o da produ\u00e7\u00e3o em terceiros no ERP Industrial<\/title>\n<meta name=\"description\" content=\"Entenda como funciona a gest\u00e3o da produ\u00e7\u00e3o em terceiros no ERP Industrial e saiba quais s\u00e3o as funcionalidades dispon\u00edveis para auxiliar sua empresa.\" \/>\n<meta name=\"robots\" content=\"index, follow, max-snippet:-1, max-image-preview:large, max-video-preview:-1\" \/>\n<link rel=\"canonical\" href=\"https:\/\/www.nomus.com.br\/erpindustrial\/como-funciona\/producao-em-terceiros\/\" \/>\n<meta property=\"og:locale\" content=\"pt_BR\" \/>\n<meta property=\"og:type\" content=\"article\" \/>\n<meta property=\"og:title\" content=\"Como funciona a gest\u00e3o da produ\u00e7\u00e3o em terceiros no ERP Industrial\" \/>\n<meta property=\"og:description\" content=\"Entenda como funciona a gest\u00e3o da produ\u00e7\u00e3o em terceiros no ERP Industrial e saiba quais s\u00e3o as funcionalidades dispon\u00edveis para auxiliar sua empresa.\" \/>\n<meta property=\"og:url\" content=\"https:\/\/www.nomus.com.br\/erpindustrial\/como-funciona\/producao-em-terceiros\/\" \/>\n<meta property=\"og:site_name\" content=\"Nomus ERP Industrial\" \/>\n<meta property=\"article:modified_time\" content=\"2025-12-18T12:51:57+00:00\" \/>\n<meta property=\"og:image\" content=\"https:\/\/www.nomus.com.br\/erpindustrial\/wp-content\/uploads\/2025\/10\/og-como-funciona.jpg\" \/>\n\t<meta property=\"og:image:width\" content=\"620\" \/>\n\t<meta property=\"og:image:height\" content=\"405\" \/>\n\t<meta property=\"og:image:type\" content=\"image\/jpeg\" \/>\n<meta name=\"twitter:card\" content=\"summary_large_image\" \/>\n<meta name=\"twitter:title\" content=\"Como funciona a gest\u00e3o da produ\u00e7\u00e3o em terceiros no ERP Industrial\" \/>\n<meta name=\"twitter:description\" content=\"Entenda como funciona a gest\u00e3o da produ\u00e7\u00e3o em terceiros no ERP Industrial e saiba quais s\u00e3o as funcionalidades dispon\u00edveis para auxiliar sua empresa.\" \/>\n<meta name=\"twitter:image\" content=\"https:\/\/www.nomus.com.br\/erpindustrial\/wp-content\/uploads\/2019\/08\/como-funciona.jpg\" \/>\n<meta name=\"twitter:label1\" content=\"Est. tempo de leitura\" \/>\n\t<meta name=\"twitter:data1\" content=\"4 minutos\" \/>\n<script type=\"application\/ld+json\" class=\"yoast-schema-graph\">{\"@context\":\"https:\/\/schema.org\",\"@graph\":[{\"@type\":\"WebPage\",\"@id\":\"https:\/\/www.nomus.com.br\/erpindustrial\/como-funciona\/producao-em-terceiros\/\",\"url\":\"https:\/\/www.nomus.com.br\/erpindustrial\/como-funciona\/producao-em-terceiros\/\",\"name\":\"Como funciona a gest\u00e3o da produ\u00e7\u00e3o em terceiros no ERP Industrial\",\"isPartOf\":{\"@id\":\"https:\/\/www.nomus.com.br\/erpindustrial\/#website\"},\"primaryImageOfPage\":{\"@id\":\"https:\/\/www.nomus.com.br\/erpindustrial\/como-funciona\/producao-em-terceiros\/#primaryimage\"},\"image\":{\"@id\":\"https:\/\/www.nomus.com.br\/erpindustrial\/como-funciona\/producao-em-terceiros\/#primaryimage\"},\"thumbnailUrl\":\"https:\/\/www.nomus.com.br\/erpindustrial\/wp-content\/uploads\/2025\/11\/01-geracao-ordem-min-397x194.png\",\"datePublished\":\"2016-05-09T18:43:46+00:00\",\"dateModified\":\"2025-12-18T12:51:57+00:00\",\"description\":\"Entenda como funciona a gest\u00e3o da produ\u00e7\u00e3o em terceiros no ERP Industrial e saiba quais s\u00e3o as funcionalidades dispon\u00edveis para auxiliar sua empresa.\",\"breadcrumb\":{\"@id\":\"https:\/\/www.nomus.com.br\/erpindustrial\/como-funciona\/producao-em-terceiros\/#breadcrumb\"},\"inLanguage\":\"pt-BR\",\"potentialAction\":[{\"@type\":\"ReadAction\",\"target\":[\"https:\/\/www.nomus.com.br\/erpindustrial\/como-funciona\/producao-em-terceiros\/\"]}]},{\"@type\":\"ImageObject\",\"inLanguage\":\"pt-BR\",\"@id\":\"https:\/\/www.nomus.com.br\/erpindustrial\/como-funciona\/producao-em-terceiros\/#primaryimage\",\"url\":\"https:\/\/www.nomus.com.br\/erpindustrial\/wp-content\/uploads\/2025\/11\/01-geracao-ordem-min.png\",\"contentUrl\":\"https:\/\/www.nomus.com.br\/erpindustrial\/wp-content\/uploads\/2025\/11\/01-geracao-ordem-min.png\",\"width\":1827,\"height\":836},{\"@type\":\"BreadcrumbList\",\"@id\":\"https:\/\/www.nomus.com.br\/erpindustrial\/como-funciona\/producao-em-terceiros\/#breadcrumb\",\"itemListElement\":[{\"@type\":\"ListItem\",\"position\":1,\"name\":\"Nomus ERP Industrial\",\"item\":\"https:\/\/www.nomus.com.br\/erpindustrial\/\"},{\"@type\":\"ListItem\",\"position\":2,\"name\":\"Como funciona o Nomus ERP Industrial\",\"item\":\"https:\/\/www.nomus.com.br\/erpindustrial\/como-funciona\/\"},{\"@type\":\"ListItem\",\"position\":3,\"name\":\"Produ\u00e7\u00e3o em terceiros\"}]},{\"@type\":\"WebSite\",\"@id\":\"https:\/\/www.nomus.com.br\/erpindustrial\/#website\",\"url\":\"https:\/\/www.nomus.com.br\/erpindustrial\/\",\"name\":\"Nomus ERP Industrial\",\"description\":\"O melhor sistema de gest\u00e3o ERP para ind\u00fastrias do Brasil\",\"potentialAction\":[{\"@type\":\"SearchAction\",\"target\":{\"@type\":\"EntryPoint\",\"urlTemplate\":\"https:\/\/www.nomus.com.br\/erpindustrial\/?s={search_term_string}\"},\"query-input\":{\"@type\":\"PropertyValueSpecification\",\"valueRequired\":true,\"valueName\":\"search_term_string\"}}],\"inLanguage\":\"pt-BR\"}]}<\/script>\n<!-- \/ Yoast SEO plugin. -->","yoast_head_json":{"title":"Como funciona a gest\u00e3o da produ\u00e7\u00e3o em terceiros no ERP Industrial","description":"Entenda como funciona a gest\u00e3o da produ\u00e7\u00e3o em terceiros no ERP Industrial e saiba quais s\u00e3o as funcionalidades dispon\u00edveis para auxiliar sua empresa.","robots":{"index":"index","follow":"follow","max-snippet":"max-snippet:-1","max-image-preview":"max-image-preview:large","max-video-preview":"max-video-preview:-1"},"canonical":"https:\/\/www.nomus.com.br\/erpindustrial\/como-funciona\/producao-em-terceiros\/","og_locale":"pt_BR","og_type":"article","og_title":"Como funciona a gest\u00e3o da produ\u00e7\u00e3o em terceiros no ERP Industrial","og_description":"Entenda como funciona a gest\u00e3o da produ\u00e7\u00e3o em terceiros no ERP Industrial e saiba quais s\u00e3o as funcionalidades dispon\u00edveis para auxiliar sua empresa.","og_url":"https:\/\/www.nomus.com.br\/erpindustrial\/como-funciona\/producao-em-terceiros\/","og_site_name":"Nomus ERP Industrial","article_modified_time":"2025-12-18T12:51:57+00:00","og_image":[{"width":620,"height":405,"url":"https:\/\/www.nomus.com.br\/erpindustrial\/wp-content\/uploads\/2025\/10\/og-como-funciona.jpg","type":"image\/jpeg"}],"twitter_card":"summary_large_image","twitter_title":"Como funciona a gest\u00e3o da produ\u00e7\u00e3o em terceiros no ERP Industrial","twitter_description":"Entenda como funciona a gest\u00e3o da produ\u00e7\u00e3o em terceiros no ERP Industrial e saiba quais s\u00e3o as funcionalidades dispon\u00edveis para auxiliar sua empresa.","twitter_image":"https:\/\/www.nomus.com.br\/erpindustrial\/wp-content\/uploads\/2019\/08\/como-funciona.jpg","twitter_misc":{"Est. tempo de leitura":"4 minutos"},"schema":{"@context":"https:\/\/schema.org","@graph":[{"@type":"WebPage","@id":"https:\/\/www.nomus.com.br\/erpindustrial\/como-funciona\/producao-em-terceiros\/","url":"https:\/\/www.nomus.com.br\/erpindustrial\/como-funciona\/producao-em-terceiros\/","name":"Como funciona a gest\u00e3o da produ\u00e7\u00e3o em terceiros no ERP Industrial","isPartOf":{"@id":"https:\/\/www.nomus.com.br\/erpindustrial\/#website"},"primaryImageOfPage":{"@id":"https:\/\/www.nomus.com.br\/erpindustrial\/como-funciona\/producao-em-terceiros\/#primaryimage"},"image":{"@id":"https:\/\/www.nomus.com.br\/erpindustrial\/como-funciona\/producao-em-terceiros\/#primaryimage"},"thumbnailUrl":"https:\/\/www.nomus.com.br\/erpindustrial\/wp-content\/uploads\/2025\/11\/01-geracao-ordem-min-397x194.png","datePublished":"2016-05-09T18:43:46+00:00","dateModified":"2025-12-18T12:51:57+00:00","description":"Entenda como funciona a gest\u00e3o da produ\u00e7\u00e3o em terceiros no ERP Industrial e saiba quais s\u00e3o as funcionalidades dispon\u00edveis para auxiliar sua empresa.","breadcrumb":{"@id":"https:\/\/www.nomus.com.br\/erpindustrial\/como-funciona\/producao-em-terceiros\/#breadcrumb"},"inLanguage":"pt-BR","potentialAction":[{"@type":"ReadAction","target":["https:\/\/www.nomus.com.br\/erpindustrial\/como-funciona\/producao-em-terceiros\/"]}]},{"@type":"ImageObject","inLanguage":"pt-BR","@id":"https:\/\/www.nomus.com.br\/erpindustrial\/como-funciona\/producao-em-terceiros\/#primaryimage","url":"https:\/\/www.nomus.com.br\/erpindustrial\/wp-content\/uploads\/2025\/11\/01-geracao-ordem-min.png","contentUrl":"https:\/\/www.nomus.com.br\/erpindustrial\/wp-content\/uploads\/2025\/11\/01-geracao-ordem-min.png","width":1827,"height":836},{"@type":"BreadcrumbList","@id":"https:\/\/www.nomus.com.br\/erpindustrial\/como-funciona\/producao-em-terceiros\/#breadcrumb","itemListElement":[{"@type":"ListItem","position":1,"name":"Nomus ERP Industrial","item":"https:\/\/www.nomus.com.br\/erpindustrial\/"},{"@type":"ListItem","position":2,"name":"Como funciona o Nomus ERP Industrial","item":"https:\/\/www.nomus.com.br\/erpindustrial\/como-funciona\/"},{"@type":"ListItem","position":3,"name":"Produ\u00e7\u00e3o em terceiros"}]},{"@type":"WebSite","@id":"https:\/\/www.nomus.com.br\/erpindustrial\/#website","url":"https:\/\/www.nomus.com.br\/erpindustrial\/","name":"Nomus ERP Industrial","description":"O melhor sistema de gest\u00e3o ERP para ind\u00fastrias do Brasil","potentialAction":[{"@type":"SearchAction","target":{"@type":"EntryPoint","urlTemplate":"https:\/\/www.nomus.com.br\/erpindustrial\/?s={search_term_string}"},"query-input":{"@type":"PropertyValueSpecification","valueRequired":true,"valueName":"search_term_string"}}],"inLanguage":"pt-BR"}]}},"_links":{"self":[{"href":"https:\/\/www.nomus.com.br\/erpindustrial\/wp-json\/wp\/v2\/pages\/1882","targetHints":{"allow":["GET"]}}],"collection":[{"href":"https:\/\/www.nomus.com.br\/erpindustrial\/wp-json\/wp\/v2\/pages"}],"about":[{"href":"https:\/\/www.nomus.com.br\/erpindustrial\/wp-json\/wp\/v2\/types\/page"}],"author":[{"embeddable":true,"href":"https:\/\/www.nomus.com.br\/erpindustrial\/wp-json\/wp\/v2\/users\/1"}],"replies":[{"embeddable":true,"href":"https:\/\/www.nomus.com.br\/erpindustrial\/wp-json\/wp\/v2\/comments?post=1882"}],"version-history":[{"count":19,"href":"https:\/\/www.nomus.com.br\/erpindustrial\/wp-json\/wp\/v2\/pages\/1882\/revisions"}],"predecessor-version":[{"id":8981,"href":"https:\/\/www.nomus.com.br\/erpindustrial\/wp-json\/wp\/v2\/pages\/1882\/revisions\/8981"}],"up":[{"embeddable":true,"href":"https:\/\/www.nomus.com.br\/erpindustrial\/wp-json\/wp\/v2\/pages\/47"}],"wp:attachment":[{"href":"https:\/\/www.nomus.com.br\/erpindustrial\/wp-json\/wp\/v2\/media?parent=1882"}],"curies":[{"name":"wp","href":"https:\/\/api.w.org\/{rel}","templated":true}]}}