{"id":1876,"date":"2016-05-09T18:38:04","date_gmt":"2016-05-09T18:38:04","guid":{"rendered":"http:\/\/nomus.com.br\/nomusindustrial\/?page_id=1876"},"modified":"2025-11-13T11:10:54","modified_gmt":"2025-11-13T14:10:54","slug":"prestacao-servico","status":"publish","type":"page","link":"https:\/\/www.nomus.com.br\/erpindustrial\/como-funciona\/prestacao-servico\/","title":{"rendered":"Presta\u00e7\u00e3o de servi\u00e7os"},"content":{"rendered":"<style>\r\n  \r\n  .link-como-funciona-prestacao-servico {\r\n    background-color: #f9f1e1;\r\n    color: #b1710d!important;\r\n}\r\n\r\n.icone-prestacao-servico{\r\n  background-color:#c5b425;\r\n}\r\n\r\n<\/style>\r\n\r\n\r\n\r\n<hr \/>\r\n\r\n<div class=\"row\">\r\n  <div class=\"col-md-2\">\r\n    <div class=\" caixa-diferencial icone-prestacao-servico text-center\"> \r\n            <p style=\"font-size: 70px;color: white;padding: 0px;margin: 15px 0px 0px 0px;\"><span class=\"glyphicon glyphicon glyphicon-user\" aria-hidden=\"true\"><\/span><\/p>\r\n          <\/div>  <\/div>\r\n  <div class=\"col-md-10\">\r\n    <h1 class=\"titulo-sem-imagem\">Presta\u00e7\u00e3o de servi\u00e7os<\/h1>\r\n    <h2 class=\"h2-descricao-funcionalidade\">Controle total do processo de vendas na presta\u00e7\u00e3o de servi\u00e7os e faturamento com emiss\u00e3o de NFS-e (Nota Fiscal de Servi\u00e7o Eletr\u00f4nica).<\/h2>\r\n  <\/div>\r\n<\/div>\r\n\r\n<hr class=\"hr-respiro\">\r\n<h3>Principais benef\u00edcios em utilizar a presta\u00e7\u00e3o de servi\u00e7os<\/h3>\r\n<br>\r\n<ul class=\"lista-bf\">\r\n  <li class=\"beneficio-funcionalidade\">Organize todo o processo comercial na presta\u00e7\u00e3o de servi\u00e7os aumentando produtividade da sua equipe.<\/li>\r\n  <li class=\"beneficio-funcionalidade\">Agilize o faturamento de suas presta\u00e7\u00f5es de servi\u00e7os.<\/li>\r\n  <li class=\"beneficio-funcionalidade\">Envie NFS-es emitidas por email para seus clientes.<\/li>\r\n  <li class=\"beneficio-funcionalidade\">Fa\u00e7a o sistema sugerir a tabela de pre\u00e7os mais adequada para cada cen\u00e1rio de venda aumentando a produtividade e efic\u00e1cia da sua equipe de vendas.<\/li>\r\n  <li class=\"beneficio-funcionalidade\">Agilize e evite falhas no registro e apura\u00e7\u00e3o de comiss\u00f5es de venda.<\/li>\r\n<\/ul>\r\n\r\n<hr class=\"hr-respiro\">\r\n<h3>Funcionalidades da presta\u00e7\u00e3o de servi\u00e7os do Nomus ERP Industrial<\/h3>\r\n<br>\r\n\r\n<div class=\"row\">\r\n  <br>\r\n  <div class=\"col-md-6\">\r\n     <a href=\"https:\/\/www.nomus.com.br\/erpindustrial\/wp-content\/uploads\/2025\/11\/01-solicitacao-cotacao-2.png\" rel=\"lightbox[1876]\"><img decoding=\"async\" data-src=\"https:\/\/www.nomus.com.br\/erpindustrial\/wp-content\/uploads\/2025\/11\/01-solicitacao-cotacao-2-397x194.png\" alt=\"1-Solicita\u00e7\u00f5es-de-cota\u00e7\u00e3o\" width=\"397\" height=\"194\" class=\"alignnone size-thumbnail wp-image-2068 lazyload\" src=\"data:image\/svg+xml;base64,PHN2ZyB3aWR0aD0iMSIgaGVpZ2h0PSIxIiB4bWxucz0iaHR0cDovL3d3dy53My5vcmcvMjAwMC9zdmciPjwvc3ZnPg==\" style=\"--smush-placeholder-width: 397px; --smush-placeholder-aspect-ratio: 397\/194;\" \/><\/a>\r\n  <\/div>\r\n  <div class=\"col-md-6\">\r\n      <p class=\"forte\"> Solicita\u00e7\u00f5es de cota\u00e7\u00e3o para servi\u00e7os<\/p>\r\n      <p>\r\n        Registre as solicita\u00e7\u00f5es de cota\u00e7\u00e3o de suas negocia\u00e7\u00f5es para presta\u00e7\u00e3o de servi\u00e7os, fa\u00e7a an\u00e1lise critica dessas solicita\u00e7\u00f5es e gere propostas comerciais para atender estas solicita\u00e7\u00f5es.\r\n      <\/p>\r\n      \r\n  <\/div>\r\n<\/div>\r\n\r\n<hr class=\"hr-respiro\">\r\n\r\n<div class=\"row\">\r\n    <br>\r\n  <div class=\"col-md-6\">\r\n      <p class=\"forte\"> Propostas comerciais de servi\u00e7os<\/p>\r\n      <p>\r\n       Gere propostas comerciais para presta\u00e7\u00e3o de servi\u00e7os com layout personalizado, envie por email suas propostas para os clientes, acompanhe a aprova\u00e7\u00e3o das suas propostas comerciais. Propostas rejeitadas s\u00e3o analisadas para identificar causa da rejei\u00e7\u00e3o. Propostas aprovadas se transformam em pedidos de venda. \r\n      <\/p>\r\n      \r\n  <\/div>\r\n  <div class=\"col-md-6\">\r\n    <a href=\"https:\/\/www.nomus.com.br\/erpindustrial\/wp-content\/uploads\/2025\/11\/02-proposta-3.png\" rel=\"lightbox[1876]\"><img decoding=\"async\" data-src=\"https:\/\/www.nomus.com.br\/erpindustrial\/wp-content\/uploads\/2025\/11\/02-proposta-3-397x194.png\" alt=\"2-Propostas-comerciais\" width=\"397\" height=\"194\" class=\"alignnone size-thumbnail wp-image-2071 lazyload\" src=\"data:image\/svg+xml;base64,PHN2ZyB3aWR0aD0iMSIgaGVpZ2h0PSIxIiB4bWxucz0iaHR0cDovL3d3dy53My5vcmcvMjAwMC9zdmciPjwvc3ZnPg==\" style=\"--smush-placeholder-width: 397px; --smush-placeholder-aspect-ratio: 397\/194;\" \/><\/a>\r\n  <\/div>\r\n<\/div>\r\n\r\n<hr class=\"hr-respiro\">\r\n\r\n<div class=\"row\">\r\n  <br>\r\n  <div class=\"col-md-6\">\r\n      <a href=\"https:\/\/www.nomus.com.br\/erpindustrial\/wp-content\/uploads\/2025\/11\/03-pedido-venda-1.png\" rel=\"lightbox[1876]\"><img decoding=\"async\" data-src=\"https:\/\/www.nomus.com.br\/erpindustrial\/wp-content\/uploads\/2025\/11\/03-pedido-venda-1-397x194.png\" alt=\"3-Pedidos-de-venda\" width=\"397\" height=\"194\" class=\"alignnone size-thumbnail wp-image-2072 lazyload\" src=\"data:image\/svg+xml;base64,PHN2ZyB3aWR0aD0iMSIgaGVpZ2h0PSIxIiB4bWxucz0iaHR0cDovL3d3dy53My5vcmcvMjAwMC9zdmciPjwvc3ZnPg==\" style=\"--smush-placeholder-width: 397px; --smush-placeholder-aspect-ratio: 397\/194;\" \/><\/a>\r\n  <\/div>\r\n  <div class=\"col-md-6\">\r\n      <p class=\"forte\">Pedidos de venda para servi\u00e7os<\/p>\r\n      <p>Gere pedidos de venda para servi\u00e7os prestados, acompanhe o andamento da presta\u00e7\u00e3o de servi\u00e7o e gere documentos para faturar seus pedidos de venda.<\/p>\r\n  <\/div>\r\n<\/div>\r\n\r\n<hr class=\"hr-respiro\">\r\n\r\n<div class=\"row\">\r\n    <br>\r\n  <div class=\"col-md-6\">\r\n      <p class=\"forte\">Emiss\u00e3o de NFS-e (Nota fiscal de servi\u00e7o eletr\u00f4nica)<\/p>\r\n      <p>\r\n       Gere NFS-e com seguran\u00e7a e agilidade, envie NFS-e por email para seus clientes. O Nomus ERP Industrial est\u00e1 preparado para emitir NFS-es para centenas de munic\u00edpios do Brasil. <a href=\"http:\/\/nomus.com.br\/erpindustrial\/cidades-homologadas-para-nfs-e\/\" target=\"_blank\" rel=\"noopener\">Consulte aqui a lista de munic\u00edpios homologados<\/a>. \r\n      <\/p>      \r\n  <\/div>\r\n  <div class=\"col-md-6\">\r\n    <a href=\"https:\/\/www.nomus.com.br\/erpindustrial\/wp-content\/uploads\/2025\/11\/04-emissao-nfse-2.png\" rel=\"lightbox[1876]\"><img decoding=\"async\" data-src=\"https:\/\/www.nomus.com.br\/erpindustrial\/wp-content\/uploads\/2025\/11\/04-emissao-nfse-2-397x194.png\" alt=\"4-Emiss\u00e3o-de-NF-e\" width=\"397\" height=\"194\" class=\"alignnone size-thumbnail wp-image-2073 lazyload\" src=\"data:image\/svg+xml;base64,PHN2ZyB3aWR0aD0iMSIgaGVpZ2h0PSIxIiB4bWxucz0iaHR0cDovL3d3dy53My5vcmcvMjAwMC9zdmciPjwvc3ZnPg==\" style=\"--smush-placeholder-width: 397px; --smush-placeholder-aspect-ratio: 397\/194;\" \/><\/a>\r\n  <\/div>\r\n<\/div>\r\n\r\n<hr class=\"hr-respiro\">\r\n\r\n<div class=\"row\">\r\n  <br>\r\n  <div class=\"col-md-6\">\r\n      <a href=\"https:\/\/www.nomus.com.br\/erpindustrial\/wp-content\/uploads\/2025\/11\/05-nfse-avancadas-2.png\" rel=\"lightbox[1876]\"><img decoding=\"async\" data-src=\"https:\/\/www.nomus.com.br\/erpindustrial\/wp-content\/uploads\/2025\/11\/05-nfse-avancadas-2-397x194.png\" alt=\"5-nfe-especiais\" width=\"397\" height=\"194\" class=\"alignnone size-thumbnail wp-image-2074 lazyload\" src=\"data:image\/svg+xml;base64,PHN2ZyB3aWR0aD0iMSIgaGVpZ2h0PSIxIiB4bWxucz0iaHR0cDovL3d3dy53My5vcmcvMjAwMC9zdmciPjwvc3ZnPg==\" style=\"--smush-placeholder-width: 397px; --smush-placeholder-aspect-ratio: 397\/194;\" \/><\/a>\r\n  <\/div>\r\n  <div class=\"col-md-6\">\r\n      <p class=\"forte\"> Funcionalidades avan\u00e7adas na emiss\u00e3o de NFS-e<\/p>\r\n      <p>Se necess\u00e1rio, cancele a NFS-e ou fa\u00e7a substitui\u00e7\u00e3o da NFS-e pelo pr\u00f3prio sistema. <\/p>\r\n  <\/div>\r\n<\/div>\r\n\r\n\r\n<hr class=\"hr-respiro\">\r\n\r\n<div class=\"row\">\r\n  <br>\r\n  <div class=\"col-md-6\">\r\n        <p class=\"forte\"> Tabelas de pre\u00e7o<\/p>\r\n      <p>Crie tabelas de pre\u00e7o para seus servi\u00e7os de forma integrada ao m\u00f3dulo de custos. Defina regras para aplica\u00e7\u00e3o autom\u00e1tica da tabela de pre\u00e7os no seu processo de vendas.<\/p>\r\n      \r\n  <\/div>\r\n  <div class=\"col-md-6\">\r\n      <a href=\"https:\/\/www.nomus.com.br\/erpindustrial\/wp-content\/uploads\/2025\/11\/06-tabela-precos.png\" rel=\"lightbox[1876]\"><img decoding=\"async\" data-src=\"https:\/\/www.nomus.com.br\/erpindustrial\/wp-content\/uploads\/2025\/11\/06-tabela-precos-397x194.png\" alt=\"7-tabela-de-preco\" width=\"397\" height=\"194\" class=\"alignnone size-thumbnail wp-image-2076 lazyload\" src=\"data:image\/svg+xml;base64,PHN2ZyB3aWR0aD0iMSIgaGVpZ2h0PSIxIiB4bWxucz0iaHR0cDovL3d3dy53My5vcmcvMjAwMC9zdmciPjwvc3ZnPg==\" style=\"--smush-placeholder-width: 397px; --smush-placeholder-aspect-ratio: 397\/194;\" \/><\/a>\r\n  <\/div>\r\n<\/div>\r\n\r\n\r\n<hr class=\"hr-respiro\">\r\n\r\n<div class=\"row\">\r\n  <br>\r\n  <div class=\"col-md-6\">\r\n      <a href=\"https:\/\/www.nomus.com.br\/erpindustrial\/wp-content\/uploads\/2025\/11\/07-servicos-recorrentes-4.png\" rel=\"lightbox[1876]\"><img decoding=\"async\" data-src=\"https:\/\/www.nomus.com.br\/erpindustrial\/wp-content\/uploads\/2025\/11\/07-servicos-recorrentes-4-397x194.png\" alt=\"Presta\u00e7\u00e3o de servi\u00e7os recorrentes\" width=\"397\" height=\"194\" class=\"alignnone size-thumbnail wp-image-2074 lazyload\" src=\"data:image\/svg+xml;base64,PHN2ZyB3aWR0aD0iMSIgaGVpZ2h0PSIxIiB4bWxucz0iaHR0cDovL3d3dy53My5vcmcvMjAwMC9zdmciPjwvc3ZnPg==\" style=\"--smush-placeholder-width: 397px; --smush-placeholder-aspect-ratio: 397\/194;\" \/><\/a>\r\n  <\/div>\r\n  <div class=\"col-md-6\">\r\n      <p class=\"forte\"> Presta\u00e7\u00e3o de servi\u00e7os recorrentes<\/p>\r\n      <p>\r\n        Cria\u00e7\u00e3o de contas a receber recorrentes e gera\u00e7\u00e3o do documento de vendas do servi\u00e7o integrado \u00e0s contas a receber.\r\n      <\/p> \r\n     \r\n  <\/div>\r\n  <div class=\"col-md-6\">\r\n\r\n  <\/div>\r\n<\/div>\r\n\r\n\r\n\r\n<\/div>\r\n<\/div>\r\n<hr>\r\n<p class=\"text-right\">Pr\u00f3ximo passo: <a href=\"http:\/\/nomus.com.br\/erpindustrial\/como-funciona\/financeiro\/\">Conhe\u00e7a o m\u00f3dulo de Gest\u00e3o financeira \u00bb<\/a><\/p>","protected":false},"excerpt":{"rendered":"<p>Presta\u00e7\u00e3o de servi\u00e7os Controle total do processo de vendas na presta\u00e7\u00e3o de servi\u00e7os e faturamento com emiss\u00e3o de NFS-e (Nota Fiscal de Servi\u00e7o Eletr\u00f4nica). Principais benef\u00edcios em utilizar a presta\u00e7\u00e3o de servi\u00e7os Organize todo o processo comercial na presta\u00e7\u00e3o de servi\u00e7os aumentando produtividade da sua equipe. Agilize o faturamento de suas presta\u00e7\u00f5es de servi\u00e7os. Envie [&hellip;]<\/p>\n","protected":false},"author":1,"featured_media":0,"parent":47,"menu_order":44,"comment_status":"open","ping_status":"open","template":"page-comofunciona.php","meta":{"_acf_changed":false,"footnotes":""},"class_list":["post-1876","page","type-page","status-publish","hentry"],"acf":[],"yoast_head":"<!-- This site is optimized with the Yoast SEO plugin v26.5 - https:\/\/yoast.com\/wordpress\/plugins\/seo\/ -->\n<title>Como funciona a gest\u00e3o de presta\u00e7\u00e3o de servi\u00e7os no ERP Industrial<\/title>\n<meta name=\"description\" content=\"Veja em detalhes como funciona a gest\u00e3o de presta\u00e7\u00e3o de servi\u00e7os no ERP Industrial e entenda quais s\u00e3o as funcionalidades e benef\u00edcios para sua empresa.\" \/>\n<meta name=\"robots\" content=\"index, follow, max-snippet:-1, max-image-preview:large, max-video-preview:-1\" \/>\n<link rel=\"canonical\" href=\"https:\/\/www.nomus.com.br\/erpindustrial\/como-funciona\/prestacao-servico\/\" \/>\n<meta property=\"og:locale\" content=\"pt_BR\" \/>\n<meta property=\"og:type\" content=\"article\" \/>\n<meta property=\"og:title\" content=\"Como funciona a gest\u00e3o de presta\u00e7\u00e3o de servi\u00e7os no ERP Industrial\" \/>\n<meta property=\"og:description\" content=\"Veja em detalhes como funciona a gest\u00e3o de presta\u00e7\u00e3o de servi\u00e7os no ERP Industrial e entenda quais s\u00e3o as funcionalidades e benef\u00edcios para sua empresa.\" \/>\n<meta property=\"og:url\" content=\"https:\/\/www.nomus.com.br\/erpindustrial\/como-funciona\/prestacao-servico\/\" \/>\n<meta property=\"og:site_name\" content=\"Nomus ERP Industrial\" \/>\n<meta property=\"article:modified_time\" content=\"2025-11-13T14:10:54+00:00\" \/>\n<meta property=\"og:image\" content=\"https:\/\/www.nomus.com.br\/erpindustrial\/wp-content\/uploads\/2025\/10\/og-como-funciona.jpg\" \/>\n\t<meta property=\"og:image:width\" content=\"620\" \/>\n\t<meta property=\"og:image:height\" content=\"405\" \/>\n\t<meta property=\"og:image:type\" content=\"image\/jpeg\" \/>\n<meta name=\"twitter:card\" content=\"summary_large_image\" \/>\n<meta name=\"twitter:title\" content=\"Como funciona a gest\u00e3o de presta\u00e7\u00e3o de servi\u00e7os no ERP Industrial\" \/>\n<meta name=\"twitter:description\" content=\"Veja em detalhes como funciona a gest\u00e3o de presta\u00e7\u00e3o de servi\u00e7os no ERP Industrial e entenda quais s\u00e3o as funcionalidades e benef\u00edcios para sua empresa.\" \/>\n<meta name=\"twitter:image\" content=\"https:\/\/www.nomus.com.br\/erpindustrial\/wp-content\/uploads\/2019\/08\/como-funciona.jpg\" \/>\n<meta name=\"twitter:label1\" content=\"Est. tempo de leitura\" \/>\n\t<meta name=\"twitter:data1\" content=\"4 minutos\" \/>\n<script type=\"application\/ld+json\" class=\"yoast-schema-graph\">{\"@context\":\"https:\/\/schema.org\",\"@graph\":[{\"@type\":\"WebPage\",\"@id\":\"https:\/\/www.nomus.com.br\/erpindustrial\/como-funciona\/prestacao-servico\/\",\"url\":\"https:\/\/www.nomus.com.br\/erpindustrial\/como-funciona\/prestacao-servico\/\",\"name\":\"Como funciona a gest\u00e3o de presta\u00e7\u00e3o de servi\u00e7os no ERP Industrial\",\"isPartOf\":{\"@id\":\"https:\/\/www.nomus.com.br\/erpindustrial\/#website\"},\"primaryImageOfPage\":{\"@id\":\"https:\/\/www.nomus.com.br\/erpindustrial\/como-funciona\/prestacao-servico\/#primaryimage\"},\"image\":{\"@id\":\"https:\/\/www.nomus.com.br\/erpindustrial\/como-funciona\/prestacao-servico\/#primaryimage\"},\"thumbnailUrl\":\"https:\/\/www.nomus.com.br\/erpindustrial\/wp-content\/uploads\/2025\/11\/01-solicitacao-cotacao-2-397x194.png\",\"datePublished\":\"2016-05-09T18:38:04+00:00\",\"dateModified\":\"2025-11-13T14:10:54+00:00\",\"description\":\"Veja em detalhes como funciona a gest\u00e3o de presta\u00e7\u00e3o de servi\u00e7os no ERP Industrial e entenda quais s\u00e3o as funcionalidades e benef\u00edcios para sua empresa.\",\"breadcrumb\":{\"@id\":\"https:\/\/www.nomus.com.br\/erpindustrial\/como-funciona\/prestacao-servico\/#breadcrumb\"},\"inLanguage\":\"pt-BR\",\"potentialAction\":[{\"@type\":\"ReadAction\",\"target\":[\"https:\/\/www.nomus.com.br\/erpindustrial\/como-funciona\/prestacao-servico\/\"]}]},{\"@type\":\"ImageObject\",\"inLanguage\":\"pt-BR\",\"@id\":\"https:\/\/www.nomus.com.br\/erpindustrial\/como-funciona\/prestacao-servico\/#primaryimage\",\"url\":\"https:\/\/www.nomus.com.br\/erpindustrial\/wp-content\/uploads\/2025\/11\/01-solicitacao-cotacao-2.png\",\"contentUrl\":\"https:\/\/www.nomus.com.br\/erpindustrial\/wp-content\/uploads\/2025\/11\/01-solicitacao-cotacao-2.png\",\"width\":1822,\"height\":806},{\"@type\":\"BreadcrumbList\",\"@id\":\"https:\/\/www.nomus.com.br\/erpindustrial\/como-funciona\/prestacao-servico\/#breadcrumb\",\"itemListElement\":[{\"@type\":\"ListItem\",\"position\":1,\"name\":\"Nomus ERP Industrial\",\"item\":\"https:\/\/www.nomus.com.br\/erpindustrial\/\"},{\"@type\":\"ListItem\",\"position\":2,\"name\":\"Como funciona o Nomus ERP Industrial\",\"item\":\"https:\/\/www.nomus.com.br\/erpindustrial\/como-funciona\/\"},{\"@type\":\"ListItem\",\"position\":3,\"name\":\"Presta\u00e7\u00e3o de servi\u00e7os\"}]},{\"@type\":\"WebSite\",\"@id\":\"https:\/\/www.nomus.com.br\/erpindustrial\/#website\",\"url\":\"https:\/\/www.nomus.com.br\/erpindustrial\/\",\"name\":\"Nomus ERP Industrial\",\"description\":\"O melhor sistema de gest\u00e3o ERP para ind\u00fastrias do Brasil\",\"potentialAction\":[{\"@type\":\"SearchAction\",\"target\":{\"@type\":\"EntryPoint\",\"urlTemplate\":\"https:\/\/www.nomus.com.br\/erpindustrial\/?s={search_term_string}\"},\"query-input\":{\"@type\":\"PropertyValueSpecification\",\"valueRequired\":true,\"valueName\":\"search_term_string\"}}],\"inLanguage\":\"pt-BR\"}]}<\/script>\n<!-- \/ Yoast SEO plugin. -->","yoast_head_json":{"title":"Como funciona a gest\u00e3o de presta\u00e7\u00e3o de servi\u00e7os no ERP Industrial","description":"Veja em detalhes como funciona a gest\u00e3o de presta\u00e7\u00e3o de servi\u00e7os no ERP Industrial e entenda quais s\u00e3o as funcionalidades e benef\u00edcios para sua empresa.","robots":{"index":"index","follow":"follow","max-snippet":"max-snippet:-1","max-image-preview":"max-image-preview:large","max-video-preview":"max-video-preview:-1"},"canonical":"https:\/\/www.nomus.com.br\/erpindustrial\/como-funciona\/prestacao-servico\/","og_locale":"pt_BR","og_type":"article","og_title":"Como funciona a gest\u00e3o de presta\u00e7\u00e3o de servi\u00e7os no ERP Industrial","og_description":"Veja em detalhes como funciona a gest\u00e3o de presta\u00e7\u00e3o de servi\u00e7os no ERP Industrial e entenda quais s\u00e3o as funcionalidades e benef\u00edcios para sua empresa.","og_url":"https:\/\/www.nomus.com.br\/erpindustrial\/como-funciona\/prestacao-servico\/","og_site_name":"Nomus ERP Industrial","article_modified_time":"2025-11-13T14:10:54+00:00","og_image":[{"width":620,"height":405,"url":"https:\/\/www.nomus.com.br\/erpindustrial\/wp-content\/uploads\/2025\/10\/og-como-funciona.jpg","type":"image\/jpeg"}],"twitter_card":"summary_large_image","twitter_title":"Como funciona a gest\u00e3o de presta\u00e7\u00e3o de servi\u00e7os no ERP Industrial","twitter_description":"Veja em detalhes como funciona a gest\u00e3o de presta\u00e7\u00e3o de servi\u00e7os no ERP Industrial e entenda quais s\u00e3o as funcionalidades e benef\u00edcios para sua empresa.","twitter_image":"https:\/\/www.nomus.com.br\/erpindustrial\/wp-content\/uploads\/2019\/08\/como-funciona.jpg","twitter_misc":{"Est. tempo de leitura":"4 minutos"},"schema":{"@context":"https:\/\/schema.org","@graph":[{"@type":"WebPage","@id":"https:\/\/www.nomus.com.br\/erpindustrial\/como-funciona\/prestacao-servico\/","url":"https:\/\/www.nomus.com.br\/erpindustrial\/como-funciona\/prestacao-servico\/","name":"Como funciona a gest\u00e3o de presta\u00e7\u00e3o de servi\u00e7os no ERP Industrial","isPartOf":{"@id":"https:\/\/www.nomus.com.br\/erpindustrial\/#website"},"primaryImageOfPage":{"@id":"https:\/\/www.nomus.com.br\/erpindustrial\/como-funciona\/prestacao-servico\/#primaryimage"},"image":{"@id":"https:\/\/www.nomus.com.br\/erpindustrial\/como-funciona\/prestacao-servico\/#primaryimage"},"thumbnailUrl":"https:\/\/www.nomus.com.br\/erpindustrial\/wp-content\/uploads\/2025\/11\/01-solicitacao-cotacao-2-397x194.png","datePublished":"2016-05-09T18:38:04+00:00","dateModified":"2025-11-13T14:10:54+00:00","description":"Veja em detalhes como funciona a gest\u00e3o de presta\u00e7\u00e3o de servi\u00e7os no ERP Industrial e entenda quais s\u00e3o as funcionalidades e benef\u00edcios para sua empresa.","breadcrumb":{"@id":"https:\/\/www.nomus.com.br\/erpindustrial\/como-funciona\/prestacao-servico\/#breadcrumb"},"inLanguage":"pt-BR","potentialAction":[{"@type":"ReadAction","target":["https:\/\/www.nomus.com.br\/erpindustrial\/como-funciona\/prestacao-servico\/"]}]},{"@type":"ImageObject","inLanguage":"pt-BR","@id":"https:\/\/www.nomus.com.br\/erpindustrial\/como-funciona\/prestacao-servico\/#primaryimage","url":"https:\/\/www.nomus.com.br\/erpindustrial\/wp-content\/uploads\/2025\/11\/01-solicitacao-cotacao-2.png","contentUrl":"https:\/\/www.nomus.com.br\/erpindustrial\/wp-content\/uploads\/2025\/11\/01-solicitacao-cotacao-2.png","width":1822,"height":806},{"@type":"BreadcrumbList","@id":"https:\/\/www.nomus.com.br\/erpindustrial\/como-funciona\/prestacao-servico\/#breadcrumb","itemListElement":[{"@type":"ListItem","position":1,"name":"Nomus ERP Industrial","item":"https:\/\/www.nomus.com.br\/erpindustrial\/"},{"@type":"ListItem","position":2,"name":"Como funciona o Nomus ERP Industrial","item":"https:\/\/www.nomus.com.br\/erpindustrial\/como-funciona\/"},{"@type":"ListItem","position":3,"name":"Presta\u00e7\u00e3o de servi\u00e7os"}]},{"@type":"WebSite","@id":"https:\/\/www.nomus.com.br\/erpindustrial\/#website","url":"https:\/\/www.nomus.com.br\/erpindustrial\/","name":"Nomus ERP Industrial","description":"O melhor sistema de gest\u00e3o ERP para ind\u00fastrias do Brasil","potentialAction":[{"@type":"SearchAction","target":{"@type":"EntryPoint","urlTemplate":"https:\/\/www.nomus.com.br\/erpindustrial\/?s={search_term_string}"},"query-input":{"@type":"PropertyValueSpecification","valueRequired":true,"valueName":"search_term_string"}}],"inLanguage":"pt-BR"}]}},"_links":{"self":[{"href":"https:\/\/www.nomus.com.br\/erpindustrial\/wp-json\/wp\/v2\/pages\/1876","targetHints":{"allow":["GET"]}}],"collection":[{"href":"https:\/\/www.nomus.com.br\/erpindustrial\/wp-json\/wp\/v2\/pages"}],"about":[{"href":"https:\/\/www.nomus.com.br\/erpindustrial\/wp-json\/wp\/v2\/types\/page"}],"author":[{"embeddable":true,"href":"https:\/\/www.nomus.com.br\/erpindustrial\/wp-json\/wp\/v2\/users\/1"}],"replies":[{"embeddable":true,"href":"https:\/\/www.nomus.com.br\/erpindustrial\/wp-json\/wp\/v2\/comments?post=1876"}],"version-history":[{"count":22,"href":"https:\/\/www.nomus.com.br\/erpindustrial\/wp-json\/wp\/v2\/pages\/1876\/revisions"}],"predecessor-version":[{"id":8673,"href":"https:\/\/www.nomus.com.br\/erpindustrial\/wp-json\/wp\/v2\/pages\/1876\/revisions\/8673"}],"up":[{"embeddable":true,"href":"https:\/\/www.nomus.com.br\/erpindustrial\/wp-json\/wp\/v2\/pages\/47"}],"wp:attachment":[{"href":"https:\/\/www.nomus.com.br\/erpindustrial\/wp-json\/wp\/v2\/media?parent=1876"}],"curies":[{"name":"wp","href":"https:\/\/api.w.org\/{rel}","templated":true}]}}