{"id":174,"date":"2024-04-25T13:08:26","date_gmt":"2024-04-25T13:08:26","guid":{"rendered":"https:\/\/www.nomus.com.br\/ecossistema\/?page_id=174"},"modified":"2024-04-25T13:19:09","modified_gmt":"2024-04-25T13:19:09","slug":"pontuacao","status":"publish","type":"page","link":"https:\/\/www.nomus.com.br\/ecossistema\/pontuacao\/","title":{"rendered":"Pontua\u00e7\u00e3o de a\u00e7\u00f5es de parceria"},"content":{"rendered":"\n<div class=\"container\"><div class=\"row\"><div class=\"col-12 mb-5\">\n\n\n\n<h1>Pontua\u00e7\u00e3o de a\u00e7\u00f5es de parceria<\/h1>\n\n<p>\u00daltima atualiza\u00e7\u00e3o: 25\/04\/2024<\/p>\n\n  <p>Caro parceiro, aqui est\u00e3o as a\u00e7\u00f5es de parceria que podemos realizar e quantos pontos elas acumulam para sua empresa no Ecossistema. Lembre-se que quanto mais pontos sua empresa tiver, mais destaque ela ter\u00e1 no portal do Ecossistema.<\/p>\n\n<table class=\"table table-striped\"><tbody><tr><td><strong>A\u00e7\u00e3o<\/strong><\/td><td><strong>Pontos referentes<\/strong><\/td><\/tr><tr><td>A cada indica\u00e7\u00e3o de lead:<\/td><td>10 pontos<\/td><\/tr><tr><td>A cada fechamento de lead:<\/td><td>20 pontos<\/td><\/tr><tr><td>Banner da Nomus dentro do sistema do parceiro:<\/td><td>50 pontos<\/td><\/tr><tr><td>Enviou um curso para a Academia:<\/td><td>50 pontos<\/td><\/tr><tr><td>Parceiro ofereceu condi\u00e7\u00e3o especial para clientes da Nomus:&nbsp;<\/td><td>De 10 a 200 pontos, dependendo da condi\u00e7\u00e3o<\/td><\/tr><tr><td>Parceiro permitiu a Nomus escrever no seu blog:&nbsp;<\/td><td>30 pontos<\/td><\/tr><tr><td>Parceiro produziu um material rico para a Nomus:<\/td><td>30 pontos<\/td><\/tr><tr><td>Parceiro divulgou um material rico para a sua base de clientes:&nbsp;<\/td><td>30 pontos<\/td><\/tr><tr><td>Post nas redes sociais:&nbsp;<\/td><td>10 pontos<\/td><\/tr><tr><td>Story:<\/td><td>2 pontos<\/td><\/tr><tr><td>Troca de backlinks:<\/td><td>20 pontos<\/td><\/tr><tr><td>Post em grupos de whatsapp:<\/td><td>10 pontos<\/td><\/tr><tr><td>Convidou a Nomus para palestrar em um evento:<\/td><td>50 pontos<\/td><\/tr><tr><td>Palestrou em um evento organizado pela Nomus:&nbsp;<\/td><td>50 pontos<\/td><\/tr><tr><td>Parceiro deu entrevista para o Palavra de Especialista:&nbsp;<\/td><td>30 pontos<\/td><\/tr><tr><td>Release para a imprensa<\/td><td>10 pontos<\/td><\/tr><tr><td>Sistema integrado ao do parceiro:<\/td><td>200 pontos<\/td><\/tr><tr><td>A cada caso de sucesso junto com o parceiro:<\/td><td>50 pontos<\/td><\/tr><tr><td>Demais formas de divulga\u00e7\u00e3o\/a\u00e7\u00e3o:<\/td><td>10&nbsp; pontos<\/td><\/tr><\/tbody><\/table>\n\n\n<\/div><\/div><\/div>\n","protected":false},"excerpt":{"rendered":"<p>Pontua\u00e7\u00e3o de a\u00e7\u00f5es de parceria \u00daltima atualiza\u00e7\u00e3o: 25\/04\/2024 Caro parceiro, aqui est\u00e3o as a\u00e7\u00f5es de parceria que podemos realizar e quantos pontos elas acumulam para sua empresa no Ecossistema. Lembre-se que quanto mais pontos sua empresa tiver, mais destaque ela ter\u00e1 no portal do Ecossistema. A\u00e7\u00e3o Pontos referentes A cada indica\u00e7\u00e3o de lead: 10 pontos [&hellip;]<\/p>\n","protected":false},"author":1,"featured_media":0,"parent":0,"menu_order":0,"comment_status":"closed","ping_status":"closed","template":"","meta":{"_acf_changed":false,"footnotes":""},"class_list":["post-174","page","type-page","status-publish","hentry"],"acf":[],"yoast_head":"<!-- This site is optimized with the Yoast SEO plugin v26.5 - https:\/\/yoast.com\/wordpress\/plugins\/seo\/ -->\n<title>Pontua\u00e7\u00e3o de a\u00e7\u00f5es de parceria - Ecossistema Nomus<\/title>\n<meta name=\"description\" content=\"Veja quais a\u00e7\u00f5es de parceria est\u00e3o dispon\u00edveis para realizar com a Nomus e quantos pontos elas valem para o Ecossistema\" \/>\n<meta name=\"robots\" content=\"index, follow, max-snippet:-1, max-image-preview:large, max-video-preview:-1\" \/>\n<link rel=\"canonical\" href=\"https:\/\/www.nomus.com.br\/ecossistema\/pontuacao\/\" \/>\n<meta property=\"og:locale\" content=\"en_US\" \/>\n<meta property=\"og:type\" content=\"article\" \/>\n<meta property=\"og:title\" content=\"Pontua\u00e7\u00e3o de a\u00e7\u00f5es de parceria - Ecossistema Nomus\" \/>\n<meta property=\"og:description\" content=\"Veja quais a\u00e7\u00f5es de parceria est\u00e3o dispon\u00edveis para realizar com a Nomus e quantos pontos elas valem para o Ecossistema\" \/>\n<meta property=\"og:url\" content=\"https:\/\/www.nomus.com.br\/ecossistema\/pontuacao\/\" \/>\n<meta property=\"og:site_name\" content=\"Ecossistema Nomus\" \/>\n<meta property=\"article:publisher\" content=\"https:\/\/www.facebook.com\/nomussoftwares\" \/>\n<meta property=\"article:modified_time\" content=\"2024-04-25T13:19:09+00:00\" \/>\n<meta name=\"twitter:card\" content=\"summary_large_image\" \/>\n<meta name=\"twitter:site\" content=\"@nomusindustrial\" \/>\n<meta name=\"twitter:label1\" content=\"Est. reading time\" \/>\n\t<meta name=\"twitter:data1\" content=\"1 minute\" \/>\n<script type=\"application\/ld+json\" class=\"yoast-schema-graph\">{\"@context\":\"https:\/\/schema.org\",\"@graph\":[{\"@type\":\"WebPage\",\"@id\":\"https:\/\/www.nomus.com.br\/ecossistema\/pontuacao\/\",\"url\":\"https:\/\/www.nomus.com.br\/ecossistema\/pontuacao\/\",\"name\":\"Pontua\u00e7\u00e3o de a\u00e7\u00f5es de parceria - Ecossistema Nomus\",\"isPartOf\":{\"@id\":\"https:\/\/www.nomus.com.br\/ecossistema\/#website\"},\"datePublished\":\"2024-04-25T13:08:26+00:00\",\"dateModified\":\"2024-04-25T13:19:09+00:00\",\"description\":\"Veja quais a\u00e7\u00f5es de parceria est\u00e3o dispon\u00edveis para realizar com a Nomus e quantos pontos elas valem para o Ecossistema\",\"breadcrumb\":{\"@id\":\"https:\/\/www.nomus.com.br\/ecossistema\/pontuacao\/#breadcrumb\"},\"inLanguage\":\"en-US\",\"potentialAction\":[{\"@type\":\"ReadAction\",\"target\":[\"https:\/\/www.nomus.com.br\/ecossistema\/pontuacao\/\"]}]},{\"@type\":\"BreadcrumbList\",\"@id\":\"https:\/\/www.nomus.com.br\/ecossistema\/pontuacao\/#breadcrumb\",\"itemListElement\":[{\"@type\":\"ListItem\",\"position\":1,\"name\":\"Home\",\"item\":\"https:\/\/www.nomus.com.br\/ecossistema\/\"},{\"@type\":\"ListItem\",\"position\":2,\"name\":\"Pontua\u00e7\u00e3o de a\u00e7\u00f5es de parceria\"}]},{\"@type\":\"WebSite\",\"@id\":\"https:\/\/www.nomus.com.br\/ecossistema\/#website\",\"url\":\"https:\/\/www.nomus.com.br\/ecossistema\/\",\"name\":\"Ecossistema Nomus\",\"description\":\"\",\"publisher\":{\"@id\":\"https:\/\/www.nomus.com.br\/ecossistema\/#organization\"},\"potentialAction\":[{\"@type\":\"SearchAction\",\"target\":{\"@type\":\"EntryPoint\",\"urlTemplate\":\"https:\/\/www.nomus.com.br\/ecossistema\/?s={search_term_string}\"},\"query-input\":{\"@type\":\"PropertyValueSpecification\",\"valueRequired\":true,\"valueName\":\"search_term_string\"}}],\"inLanguage\":\"en-US\"},{\"@type\":\"Organization\",\"@id\":\"https:\/\/www.nomus.com.br\/ecossistema\/#organization\",\"name\":\"Nomus\",\"url\":\"https:\/\/www.nomus.com.br\/ecossistema\/\",\"logo\":{\"@type\":\"ImageObject\",\"inLanguage\":\"en-US\",\"@id\":\"https:\/\/www.nomus.com.br\/ecossistema\/#\/schema\/logo\/image\/\",\"url\":\"https:\/\/www.nomus.com.br\/ecossistema\/wp-content\/uploads\/2023\/11\/logo-ecossistema.png\",\"contentUrl\":\"https:\/\/www.nomus.com.br\/ecossistema\/wp-content\/uploads\/2023\/11\/logo-ecossistema.png\",\"width\":176,\"height\":49,\"caption\":\"Nomus\"},\"image\":{\"@id\":\"https:\/\/www.nomus.com.br\/ecossistema\/#\/schema\/logo\/image\/\"},\"sameAs\":[\"https:\/\/www.facebook.com\/nomussoftwares\",\"https:\/\/x.com\/nomusindustrial\",\"https:\/\/www.instagram.com\/nomusindustrial\/\",\"https:\/\/www.linkedin.com\/company\/nomus\/\"]}]}<\/script>\n<!-- \/ Yoast SEO plugin. -->","yoast_head_json":{"title":"Pontua\u00e7\u00e3o de a\u00e7\u00f5es de parceria - Ecossistema Nomus","description":"Veja quais a\u00e7\u00f5es de parceria est\u00e3o dispon\u00edveis para realizar com a Nomus e quantos pontos elas valem para o Ecossistema","robots":{"index":"index","follow":"follow","max-snippet":"max-snippet:-1","max-image-preview":"max-image-preview:large","max-video-preview":"max-video-preview:-1"},"canonical":"https:\/\/www.nomus.com.br\/ecossistema\/pontuacao\/","og_locale":"en_US","og_type":"article","og_title":"Pontua\u00e7\u00e3o de a\u00e7\u00f5es de parceria - Ecossistema Nomus","og_description":"Veja quais a\u00e7\u00f5es de parceria est\u00e3o dispon\u00edveis para realizar com a Nomus e quantos pontos elas valem para o Ecossistema","og_url":"https:\/\/www.nomus.com.br\/ecossistema\/pontuacao\/","og_site_name":"Ecossistema Nomus","article_publisher":"https:\/\/www.facebook.com\/nomussoftwares","article_modified_time":"2024-04-25T13:19:09+00:00","twitter_card":"summary_large_image","twitter_site":"@nomusindustrial","twitter_misc":{"Est. reading time":"1 minute"},"schema":{"@context":"https:\/\/schema.org","@graph":[{"@type":"WebPage","@id":"https:\/\/www.nomus.com.br\/ecossistema\/pontuacao\/","url":"https:\/\/www.nomus.com.br\/ecossistema\/pontuacao\/","name":"Pontua\u00e7\u00e3o de a\u00e7\u00f5es de parceria - Ecossistema Nomus","isPartOf":{"@id":"https:\/\/www.nomus.com.br\/ecossistema\/#website"},"datePublished":"2024-04-25T13:08:26+00:00","dateModified":"2024-04-25T13:19:09+00:00","description":"Veja quais a\u00e7\u00f5es de parceria est\u00e3o dispon\u00edveis para realizar com a Nomus e quantos pontos elas valem para o Ecossistema","breadcrumb":{"@id":"https:\/\/www.nomus.com.br\/ecossistema\/pontuacao\/#breadcrumb"},"inLanguage":"en-US","potentialAction":[{"@type":"ReadAction","target":["https:\/\/www.nomus.com.br\/ecossistema\/pontuacao\/"]}]},{"@type":"BreadcrumbList","@id":"https:\/\/www.nomus.com.br\/ecossistema\/pontuacao\/#breadcrumb","itemListElement":[{"@type":"ListItem","position":1,"name":"Home","item":"https:\/\/www.nomus.com.br\/ecossistema\/"},{"@type":"ListItem","position":2,"name":"Pontua\u00e7\u00e3o de a\u00e7\u00f5es de parceria"}]},{"@type":"WebSite","@id":"https:\/\/www.nomus.com.br\/ecossistema\/#website","url":"https:\/\/www.nomus.com.br\/ecossistema\/","name":"Ecossistema Nomus","description":"","publisher":{"@id":"https:\/\/www.nomus.com.br\/ecossistema\/#organization"},"potentialAction":[{"@type":"SearchAction","target":{"@type":"EntryPoint","urlTemplate":"https:\/\/www.nomus.com.br\/ecossistema\/?s={search_term_string}"},"query-input":{"@type":"PropertyValueSpecification","valueRequired":true,"valueName":"search_term_string"}}],"inLanguage":"en-US"},{"@type":"Organization","@id":"https:\/\/www.nomus.com.br\/ecossistema\/#organization","name":"Nomus","url":"https:\/\/www.nomus.com.br\/ecossistema\/","logo":{"@type":"ImageObject","inLanguage":"en-US","@id":"https:\/\/www.nomus.com.br\/ecossistema\/#\/schema\/logo\/image\/","url":"https:\/\/www.nomus.com.br\/ecossistema\/wp-content\/uploads\/2023\/11\/logo-ecossistema.png","contentUrl":"https:\/\/www.nomus.com.br\/ecossistema\/wp-content\/uploads\/2023\/11\/logo-ecossistema.png","width":176,"height":49,"caption":"Nomus"},"image":{"@id":"https:\/\/www.nomus.com.br\/ecossistema\/#\/schema\/logo\/image\/"},"sameAs":["https:\/\/www.facebook.com\/nomussoftwares","https:\/\/x.com\/nomusindustrial","https:\/\/www.instagram.com\/nomusindustrial\/","https:\/\/www.linkedin.com\/company\/nomus\/"]}]}},"_links":{"self":[{"href":"https:\/\/www.nomus.com.br\/ecossistema\/wp-json\/wp\/v2\/pages\/174","targetHints":{"allow":["GET"]}}],"collection":[{"href":"https:\/\/www.nomus.com.br\/ecossistema\/wp-json\/wp\/v2\/pages"}],"about":[{"href":"https:\/\/www.nomus.com.br\/ecossistema\/wp-json\/wp\/v2\/types\/page"}],"author":[{"embeddable":true,"href":"https:\/\/www.nomus.com.br\/ecossistema\/wp-json\/wp\/v2\/users\/1"}],"replies":[{"embeddable":true,"href":"https:\/\/www.nomus.com.br\/ecossistema\/wp-json\/wp\/v2\/comments?post=174"}],"version-history":[{"count":8,"href":"https:\/\/www.nomus.com.br\/ecossistema\/wp-json\/wp\/v2\/pages\/174\/revisions"}],"predecessor-version":[{"id":184,"href":"https:\/\/www.nomus.com.br\/ecossistema\/wp-json\/wp\/v2\/pages\/174\/revisions\/184"}],"wp:attachment":[{"href":"https:\/\/www.nomus.com.br\/ecossistema\/wp-json\/wp\/v2\/media?parent=174"}],"curies":[{"name":"wp","href":"https:\/\/api.w.org\/{rel}","templated":true}]}}