{"id":29725,"date":"2025-04-11T09:06:43","date_gmt":"2025-04-11T12:06:43","guid":{"rendered":"https:\/\/www.nomus.com.br\/blog-industrial\/?page_id=29725"},"modified":"2025-12-12T15:20:45","modified_gmt":"2025-12-12T18:20:45","slug":"sobre","status":"publish","type":"page","link":"https:\/\/www.nomus.com.br\/blog-industrial\/sobre\/","title":{"rendered":"Sobre o Blog Industrial da Nomus"},"content":{"rendered":"\n<hr class=\"wp-block-separator has-alpha-channel-opacity\"\/>\n\n\n\n<h1 class=\"wp-block-heading\">Sobre o Blog Industrial da Nomus<\/h1>\n\n\n\n<p>O Blog Industrial da Nomus foi fundado em 2015 e desde ent\u00e3o j\u00e1 publicamos mais de mil artigos voltados para a gest\u00e3o de ind\u00fastrias. O portal rapidamente se tornou a principal fonte de conhecimento para gestores e profissionais de f\u00e1bricas de todo o Brasil.<\/p>\n\n\n\n<p>Diversas faculdades, professores e alunos utilizam nossos materiais para enriquecer seus conhecimentos te\u00f3ricos e ao mesmo tempo, gestores e profissionais acessam os conte\u00fados para aprender quest\u00f5es pr\u00e1ticas da gest\u00e3o industrial.<\/p>\n\n\n\n<p>A miss\u00e3o do Blog Industrial da Nomus \u00e9 levar o conhecimento de gest\u00e3o para todas as ind\u00fastrias do Brasil. Dessa forma estas empresas conseguem aumentar a produtividade, reduzem custos, aumentam o lucro e assim acabam melhorando toda a sociedade em volta delas e assim o pa\u00eds inteiro melhora.<\/p>\n\n\n\n<p>Se voc\u00ea tamb\u00e9m quer fazer parte deste movimento que veio para melhorar o Brasil, <a href=\"https:\/\/material.nomus.com.br\/inscricao-blog-industrial\">se inscreva gratuitamente na lista de emails do Blog Industrial da Nomus<\/a>.<\/p>\n\n\n\n<h2 class=\"wp-block-heading\">E qual o diferencial do Blog Industrial da Nomus?<\/h2>\n\n\n\n<p>O principal diferencial do Blog Industrial da Nomus \u00e9 o fato de todos os artigos serem voltados para o p\u00fablico industrial, desde estudantes que querem entrar neste mercado, at\u00e9 donos de grandes ind\u00fastrias com plantas espalhadas por todo o Brasil. Al\u00e9m disso, nossos materiais s\u00e3o planejados e produzidos por engenheiros de produ\u00e7\u00e3o, que possuem conhecimento especialista na gest\u00e3o de ind\u00fastrias. Por fim, convidamos especialistas do mercado industrial para palestrar em nossos programas, como o Palavra de Especialista e Mestres da Ind\u00fastria.<\/p>\n\n\n\n<p>Essa combina\u00e7\u00e3o d\u00e1 ao Blog Industrial da Nomus a autoridade necess\u00e1ria para ser a principal refer\u00eancia do assunto de gest\u00e3o industrial no Brasil.<\/p>\n\n\n\n<p>Conhe\u00e7a um pouco mais sobre os principais autores do Blog Industrial da Nomus abaixo:<\/p>\n\n\n\n<hr class=\"wp-block-separator has-alpha-channel-opacity\"\/>\n\n\n\n<div class=\"wp-block-media-text is-stacked-on-mobile\">\n<figure class=\"wp-block-media-text__media\"><img decoding=\"async\" width=\"800\" height=\"800\" class=\"wp-image-29677 size-full lazyload\" data-src=\"https:\/\/www.nomus.com.br\/blog-industrial\/wp-content\/uploads\/2025\/04\/1740677382271.jpg\" alt=\"\" data-srcset=\"https:\/\/www.nomus.com.br\/blog-industrial\/wp-content\/uploads\/2025\/04\/1740677382271.jpg 800w, https:\/\/www.nomus.com.br\/blog-industrial\/wp-content\/uploads\/2025\/04\/1740677382271-225x225.jpg 225w, https:\/\/www.nomus.com.br\/blog-industrial\/wp-content\/uploads\/2025\/04\/1740677382271-150x150.jpg 150w, https:\/\/www.nomus.com.br\/blog-industrial\/wp-content\/uploads\/2025\/04\/1740677382271-768x768.jpg 768w, https:\/\/www.nomus.com.br\/blog-industrial\/wp-content\/uploads\/2025\/04\/1740677382271-120x120.jpg 120w, https:\/\/www.nomus.com.br\/blog-industrial\/wp-content\/uploads\/2025\/04\/1740677382271-96x96.jpg 96w\" data-sizes=\"(max-width: 800px) 100vw, 800px\" src=\"data:image\/svg+xml;base64,PHN2ZyB3aWR0aD0iMSIgaGVpZ2h0PSIxIiB4bWxucz0iaHR0cDovL3d3dy53My5vcmcvMjAwMC9zdmciPjwvc3ZnPg==\" style=\"--smush-placeholder-width: 800px; --smush-placeholder-aspect-ratio: 800\/800;\" \/><\/figure>\n<div class=\"wp-block-media-text__content\">\n<h3 class=\"wp-block-heading\">Rafael Netto<\/h3>\n<p>Engenheiro de Produ\u00e7\u00e3o formado na UFRJ com especializa\u00e7\u00f5es nas \u00e1reas de gest\u00e3o estrat\u00e9gica, custos, financeira, fiscal e de projetos de software. CEO e fundador da Nomus. Rafael tem mais de 20 anos de experi\u00eancia como gestor nas \u00e1reas de Estrat\u00e9gia, Desenvolvimento de software, Suporte, Implanta\u00e7\u00e3o, Financeiro, Recursos Humanos, e com implanta\u00e7\u00e3o de sistemas de PCP e ERP em f\u00e1bricas de diversos setores, como Alimentos, Metal\/mec\u00e2nico, Pl\u00e1stico, Qu\u00edmico, Farmac\u00eautico, Gr\u00e1fico, Equipamentos, N\u00e1utico, entre outros.&nbsp;<a href=\"https:\/\/www.linkedin.com\/in\/rafaelnettonomus\/\">Siga o Rafael Netto no Linkedin<\/a><\/p>\n<\/div>\n<\/div>\n\n\n\n<hr class=\"wp-block-separator has-alpha-channel-opacity\"\/>\n\n\n\n<div class=\"wp-block-media-text has-media-on-the-right is-stacked-on-mobile\">\n<div class=\"wp-block-media-text__content\">\n<h3 class=\"wp-block-heading\">Thiago Le\u00e3o<\/h3>\n<p>Engenheiro Mec\u00e2nico Industrial formado na UERJ, S\u00f3cio e diretor comercial da Nomus. Thiago j\u00e1 atuou em f\u00e1bricas de diversos setores, como: Embarca\u00e7\u00f5es, perfura\u00e7\u00e3o submarina, metal mec\u00e2nica, materiais de escrit\u00f3rio, aliment\u00edcio, cosm\u00e9ticos e tubula\u00e7\u00e3o.&nbsp;<a href=\"https:\/\/www.linkedin.com\/in\/engthiagoleao\/\">Siga o Thiago Le\u00e3o no Linkedin<\/a><\/p>\n<\/div>\n<figure class=\"wp-block-media-text__media\"><img decoding=\"async\" width=\"798\" height=\"798\" class=\"wp-image-29676 size-full lazyload\" data-src=\"https:\/\/www.nomus.com.br\/blog-industrial\/wp-content\/uploads\/2025\/04\/cropped-1741898334313.jpg\" alt=\"\" data-srcset=\"https:\/\/www.nomus.com.br\/blog-industrial\/wp-content\/uploads\/2025\/04\/cropped-1741898334313.jpg 798w, https:\/\/www.nomus.com.br\/blog-industrial\/wp-content\/uploads\/2025\/04\/cropped-1741898334313-225x225.jpg 225w, https:\/\/www.nomus.com.br\/blog-industrial\/wp-content\/uploads\/2025\/04\/cropped-1741898334313-150x150.jpg 150w, https:\/\/www.nomus.com.br\/blog-industrial\/wp-content\/uploads\/2025\/04\/cropped-1741898334313-768x768.jpg 768w, https:\/\/www.nomus.com.br\/blog-industrial\/wp-content\/uploads\/2025\/04\/cropped-1741898334313-120x120.jpg 120w, https:\/\/www.nomus.com.br\/blog-industrial\/wp-content\/uploads\/2025\/04\/cropped-1741898334313-96x96.jpg 96w\" data-sizes=\"(max-width: 798px) 100vw, 798px\" src=\"data:image\/svg+xml;base64,PHN2ZyB3aWR0aD0iMSIgaGVpZ2h0PSIxIiB4bWxucz0iaHR0cDovL3d3dy53My5vcmcvMjAwMC9zdmciPjwvc3ZnPg==\" style=\"--smush-placeholder-width: 798px; --smush-placeholder-aspect-ratio: 798\/798;\" \/><\/figure>\n<\/div>\n\n\n\n<hr class=\"wp-block-separator has-alpha-channel-opacity\"\/>\n\n\n\n<div class=\"wp-block-media-text is-stacked-on-mobile\">\n<figure class=\"wp-block-media-text__media\"><img decoding=\"async\" class=\"wp-image-29676 size-full lazyload\" data-src=\"https:\/\/www.nomus.com.br\/blog-industrial\/wp-content\/uploads\/2025\/04\/1672944373994.jpg\" alt=\"\" src=\"data:image\/svg+xml;base64,PHN2ZyB3aWR0aD0iMSIgaGVpZ2h0PSIxIiB4bWxucz0iaHR0cDovL3d3dy53My5vcmcvMjAwMC9zdmciPjwvc3ZnPg==\" style=\"--smush-placeholder-width: 570px; --smush-placeholder-aspect-ratio: 570\/570;\"><\/figure>\n<div class=\"wp-block-media-text__content\">\n<h3 class=\"wp-block-heading\">Celso Monteiro<\/h3>\n<p>Engenheiro de Produ\u00e7\u00e3o formado pelo CEFET, S\u00f3cio e L\u00edder de implanta\u00e7\u00e3o e sucesso do cliente na Nomus. Celso j\u00e1 atuou em f\u00e1bricas de diversos setores, como: metal mec\u00e2nica, materiais de escrit\u00f3rio, artefatos de concreto, perfura\u00e7\u00e3o, cabos e cordas navais, t\u00eaxtil (confec\u00e7\u00e3o e tinturaria), reciclagem de metal, dentre outros segmentos. <a href=\"https:\/\/www.linkedin.com\/in\/celso-monteiro-aa730184\/\">Siga o Celso Monteiro no Linkedin<\/a><\/p>\n<\/div>\n<\/div>\n\n\n\n<hr class=\"wp-block-separator has-alpha-channel-opacity\"\/>\n\n\n\n<div class=\"wp-block-media-text has-media-on-the-right is-stacked-on-mobile\">\n<div class=\"wp-block-media-text__content\">\n<h3 class=\"wp-block-heading\">Jo\u00e3o Pimenta<\/h3>\n<p>Engenheiro de Produ\u00e7\u00e3o pela UERJ, S\u00f3cio e l\u00edder de suporte na Nomus. Jo\u00e3o trabalhou em diversos projetos de consultoria com a Coppe da UFRJ desenvolvendo solu\u00e7\u00f5es para MPEs. Participa\u00e7\u00e3o estrat\u00e9gica e gerenciamento em centenas de projetos de implanta\u00e7\u00e3o do Nomus ERP Industrial em ind\u00fastrias dos mais diversos segmentos. Atua\u00e7\u00e3o estrat\u00e9gica e lideran\u00e7a nas \u00e1reas de gest\u00e3o, suporte, an\u00e1lise de dados\/BI, infraestrutura, desenvolvimento, implanta\u00e7\u00e3o, sucesso do cliente e financeiro. Movido pela inova\u00e7\u00e3o, melhoria cont\u00ednua dos processos e com foco total na satisfa\u00e7\u00e3o dos clientes e colaboradores.&nbsp;<a href=\"https:\/\/www.linkedin.com\/in\/joao-paulo-pimenta-9667b231\/\">Siga o Jo\u00e3o Pimenta no Linkedin<\/a><\/p>\n<\/div>\n<figure class=\"wp-block-media-text__media\"><img decoding=\"async\" width=\"352\" height=\"352\" class=\"wp-image-29689 size-full lazyload\" data-src=\"https:\/\/www.nomus.com.br\/blog-industrial\/wp-content\/uploads\/2025\/04\/cropped-T015FBQU002-U015Z0SEC6B-92f7393ca340-512.jpg\" alt=\"\" data-srcset=\"https:\/\/www.nomus.com.br\/blog-industrial\/wp-content\/uploads\/2025\/04\/cropped-T015FBQU002-U015Z0SEC6B-92f7393ca340-512.jpg 352w, https:\/\/www.nomus.com.br\/blog-industrial\/wp-content\/uploads\/2025\/04\/cropped-T015FBQU002-U015Z0SEC6B-92f7393ca340-512-225x225.jpg 225w, https:\/\/www.nomus.com.br\/blog-industrial\/wp-content\/uploads\/2025\/04\/cropped-T015FBQU002-U015Z0SEC6B-92f7393ca340-512-150x150.jpg 150w, https:\/\/www.nomus.com.br\/blog-industrial\/wp-content\/uploads\/2025\/04\/cropped-T015FBQU002-U015Z0SEC6B-92f7393ca340-512-120x120.jpg 120w, https:\/\/www.nomus.com.br\/blog-industrial\/wp-content\/uploads\/2025\/04\/cropped-T015FBQU002-U015Z0SEC6B-92f7393ca340-512-96x96.jpg 96w\" data-sizes=\"(max-width: 352px) 100vw, 352px\" src=\"data:image\/svg+xml;base64,PHN2ZyB3aWR0aD0iMSIgaGVpZ2h0PSIxIiB4bWxucz0iaHR0cDovL3d3dy53My5vcmcvMjAwMC9zdmciPjwvc3ZnPg==\" style=\"--smush-placeholder-width: 352px; --smush-placeholder-aspect-ratio: 352\/352;\" \/><\/figure>\n<\/div>\n\n\n\n<hr class=\"wp-block-separator has-alpha-channel-opacity\"\/>\n\n\n\n<h2 class=\"wp-block-heading\">Equipe Nomus<\/h2>\n\n\n\n<p>Existem ainda artigos feitos por diversos especialistas da equipe Nomus que dominam outros assuntos que tamb\u00e9m s\u00e3o interessantes para o mundo industrial, como o marketing, eventos e parcerias. O objetivo destes conte\u00fados \u00e9 levar esse conhecimento especifico para que as ind\u00fastrias brasileiras consigam vender mais, se integrarem dos principais eventos do setor e ainda fecharem parcerias de qualidade.<\/p>\n\n\n<div class=\"wp-block-image wp-block-image aligncenter size-large\">\n<figure ><img decoding=\"async\" data-src=\"https:\/\/www.nomus.com.br\/wp-content\/uploads\/2024\/05\/foto-equipe-nomus-2024.jpg\" alt=\"\" src=\"data:image\/svg+xml;base64,PHN2ZyB3aWR0aD0iMSIgaGVpZ2h0PSIxIiB4bWxucz0iaHR0cDovL3d3dy53My5vcmcvMjAwMC9zdmciPjwvc3ZnPg==\" class=\"lazyload\" \/><\/figure>\n<\/div>\n\n\n<p>Ent\u00e3o venha conosco e vamos transformar a ind\u00fastria brasileira!<\/p>\n\n\n\n<ul class=\"wp-block-list\">\n<li><a href=\"https:\/\/material.nomus.com.br\/inscricao-blog-industrial\" target=\"_blank\" rel=\"noreferrer noopener\">Assinar o Blog Industrial por email<\/a><\/li>\n\n\n\n<li><a href=\"https:\/\/www.youtube.com\/c\/NomusIndustrial\" target=\"_blank\" rel=\"noreferrer noopener\">Nomus no Youtube<\/a><\/li>\n\n\n\n<li><a href=\"https:\/\/www.linkedin.com\/company\/nomus\" target=\"_blank\" rel=\"noreferrer noopener\">Nomus no Linkedin<\/a><\/li>\n\n\n\n<li><a href=\"https:\/\/www.instagram.com\/nomusindustrial\/\" target=\"_blank\" rel=\"noreferrer noopener\">Nomus no Instagram<\/a><\/li>\n\n\n\n<li><a href=\"https:\/\/www.whatsapp.com\/channel\/0029VaQPNNAIyPtTdOhGo92C\" target=\"_blank\" rel=\"noreferrer noopener\">Canal do Blog no Whatsapp<\/a><\/li>\n<\/ul>\n","protected":false},"excerpt":{"rendered":"<p>Sobre o Blog Industrial da Nomus O Blog Industrial da Nomus foi fundado em 2015 e desde ent\u00e3o j\u00e1 publicamos mais de mil artigos voltados para a gest\u00e3o de ind\u00fastrias. O portal rapidamente se tornou a principal fonte de conhecimento para gestores e profissionais de f\u00e1bricas de todo o Brasil. Diversas faculdades, professores e alunos [&hellip;]<\/p>\n","protected":false},"author":1,"featured_media":0,"parent":0,"menu_order":0,"comment_status":"closed","ping_status":"closed","template":"","meta":{"_acf_changed":false,"footnotes":""},"class_list":["post-29725","page","type-page","status-publish","hentry"],"acf":[],"yoast_head":"\n<title>Sobre o Blog Industrial da Nomus<\/title>\n<meta name=\"description\" content=\"Conhe\u00e7a mais por que o Blog Industrial da Nomus \u00e9 a maior autoridade do Brasil quando o assunto \u00e9 a gest\u00e3o industrial\" \/>\n<meta name=\"robots\" content=\"index, follow, max-snippet:-1, max-image-preview:large, max-video-preview:-1\" \/>\n<link rel=\"canonical\" href=\"https:\/\/www.nomus.com.br\/blog-industrial\/sobre\/\" \/>\n<meta property=\"og:locale\" content=\"pt_BR\" \/>\n<meta property=\"og:type\" content=\"article\" \/>\n<meta property=\"og:title\" content=\"Sobre o Blog Industrial da Nomus\" \/>\n<meta property=\"og:description\" content=\"Conhe\u00e7a mais por que o Blog Industrial da Nomus \u00e9 a maior autoridade do Brasil quando o assunto \u00e9 a gest\u00e3o industrial\" \/>\n<meta property=\"og:url\" content=\"https:\/\/www.nomus.com.br\/blog-industrial\/sobre\/\" \/>\n<meta property=\"og:site_name\" content=\"Blog Industrial Nomus\" \/>\n<meta property=\"article:publisher\" content=\"https:\/\/www.facebook.com\/nomussoftwares\" \/>\n<meta property=\"article:modified_time\" content=\"2025-12-12T18:20:45+00:00\" \/>\n<meta property=\"og:image\" content=\"https:\/\/www.nomus.com.br\/blog-industrial\/wp-content\/uploads\/2025\/04\/cropped-1741898334313.jpg\" \/>\n\t<meta property=\"og:image:width\" content=\"798\" \/>\n\t<meta property=\"og:image:height\" content=\"798\" \/>\n\t<meta property=\"og:image:type\" content=\"image\/jpeg\" \/>\n<meta name=\"twitter:card\" content=\"summary_large_image\" \/>\n<meta name=\"twitter:site\" content=\"@nomusindustrial\" \/>\n<meta name=\"twitter:label1\" content=\"Est. tempo de leitura\" \/>\n\t<meta name=\"twitter:data1\" content=\"5 minutos\" \/>\n<script type=\"application\/ld+json\" class=\"yoast-schema-graph\">{\"@context\":\"https:\/\/schema.org\",\"@graph\":[{\"@type\":\"WebPage\",\"@id\":\"https:\/\/www.nomus.com.br\/blog-industrial\/sobre\/\",\"url\":\"https:\/\/www.nomus.com.br\/blog-industrial\/sobre\/\",\"name\":\"Sobre o Blog Industrial da Nomus\",\"isPartOf\":{\"@id\":\"https:\/\/www.nomus.com.br\/blog-industrial\/#website\"},\"primaryImageOfPage\":{\"@id\":\"https:\/\/www.nomus.com.br\/blog-industrial\/sobre\/#primaryimage\"},\"image\":{\"@id\":\"https:\/\/www.nomus.com.br\/blog-industrial\/sobre\/#primaryimage\"},\"thumbnailUrl\":\"https:\/\/www.nomus.com.br\/blog-industrial\/wp-content\/uploads\/2025\/04\/1740677382271.jpg\",\"datePublished\":\"2025-04-11T12:06:43+00:00\",\"dateModified\":\"2025-12-12T18:20:45+00:00\",\"description\":\"Conhe\u00e7a mais por que o Blog Industrial da Nomus \u00e9 a maior autoridade do Brasil quando o assunto \u00e9 a gest\u00e3o industrial\",\"breadcrumb\":{\"@id\":\"https:\/\/www.nomus.com.br\/blog-industrial\/sobre\/#breadcrumb\"},\"inLanguage\":\"pt-BR\",\"potentialAction\":[{\"@type\":\"ReadAction\",\"target\":[\"https:\/\/www.nomus.com.br\/blog-industrial\/sobre\/\"]}]},{\"@type\":\"ImageObject\",\"inLanguage\":\"pt-BR\",\"@id\":\"https:\/\/www.nomus.com.br\/blog-industrial\/sobre\/#primaryimage\",\"url\":\"https:\/\/www.nomus.com.br\/blog-industrial\/wp-content\/uploads\/2025\/04\/1740677382271.jpg\",\"contentUrl\":\"https:\/\/www.nomus.com.br\/blog-industrial\/wp-content\/uploads\/2025\/04\/1740677382271.jpg\",\"width\":800,\"height\":800},{\"@type\":\"BreadcrumbList\",\"@id\":\"https:\/\/www.nomus.com.br\/blog-industrial\/sobre\/#breadcrumb\",\"itemListElement\":[{\"@type\":\"ListItem\",\"position\":1,\"name\":\"Blog Industrial Nomus\",\"item\":\"https:\/\/www.nomus.com.br\/blog-industrial\/\"},{\"@type\":\"ListItem\",\"position\":2,\"name\":\"Sobre o Blog Industrial da Nomus\"}]},{\"@type\":\"WebSite\",\"@id\":\"https:\/\/www.nomus.com.br\/blog-industrial\/#website\",\"url\":\"https:\/\/www.nomus.com.br\/blog-industrial\/\",\"name\":\"Blog Industrial Nomus\",\"description\":\"Artigos, planilhas, ebooks e ferramentas de engenharia de produ\u00e7\u00e3o e para aumentar o lucro da sua f\u00e1brica\",\"potentialAction\":[{\"@type\":\"SearchAction\",\"target\":{\"@type\":\"EntryPoint\",\"urlTemplate\":\"https:\/\/www.nomus.com.br\/blog-industrial\/?s={search_term_string}\"},\"query-input\":{\"@type\":\"PropertyValueSpecification\",\"valueRequired\":true,\"valueName\":\"search_term_string\"}}],\"inLanguage\":\"pt-BR\"}]}<\/script>\n","yoast_head_json":{"title":"Sobre o Blog Industrial da Nomus","description":"Conhe\u00e7a mais por que o Blog Industrial da Nomus \u00e9 a maior autoridade do Brasil quando o assunto \u00e9 a gest\u00e3o industrial","robots":{"index":"index","follow":"follow","max-snippet":"max-snippet:-1","max-image-preview":"max-image-preview:large","max-video-preview":"max-video-preview:-1"},"canonical":"https:\/\/www.nomus.com.br\/blog-industrial\/sobre\/","og_locale":"pt_BR","og_type":"article","og_title":"Sobre o Blog Industrial da Nomus","og_description":"Conhe\u00e7a mais por que o Blog Industrial da Nomus \u00e9 a maior autoridade do Brasil quando o assunto \u00e9 a gest\u00e3o industrial","og_url":"https:\/\/www.nomus.com.br\/blog-industrial\/sobre\/","og_site_name":"Blog Industrial Nomus","article_publisher":"https:\/\/www.facebook.com\/nomussoftwares","article_modified_time":"2025-12-12T18:20:45+00:00","og_image":[{"width":798,"height":798,"url":"https:\/\/www.nomus.com.br\/blog-industrial\/wp-content\/uploads\/2025\/04\/cropped-1741898334313.jpg","type":"image\/jpeg"}],"twitter_card":"summary_large_image","twitter_site":"@nomusindustrial","twitter_misc":{"Est. tempo de leitura":"5 minutos"},"schema":{"@context":"https:\/\/schema.org","@graph":[{"@type":"WebPage","@id":"https:\/\/www.nomus.com.br\/blog-industrial\/sobre\/","url":"https:\/\/www.nomus.com.br\/blog-industrial\/sobre\/","name":"Sobre o Blog Industrial da Nomus","isPartOf":{"@id":"https:\/\/www.nomus.com.br\/blog-industrial\/#website"},"primaryImageOfPage":{"@id":"https:\/\/www.nomus.com.br\/blog-industrial\/sobre\/#primaryimage"},"image":{"@id":"https:\/\/www.nomus.com.br\/blog-industrial\/sobre\/#primaryimage"},"thumbnailUrl":"https:\/\/www.nomus.com.br\/blog-industrial\/wp-content\/uploads\/2025\/04\/1740677382271.jpg","datePublished":"2025-04-11T12:06:43+00:00","dateModified":"2025-12-12T18:20:45+00:00","description":"Conhe\u00e7a mais por que o Blog Industrial da Nomus \u00e9 a maior autoridade do Brasil quando o assunto \u00e9 a gest\u00e3o industrial","breadcrumb":{"@id":"https:\/\/www.nomus.com.br\/blog-industrial\/sobre\/#breadcrumb"},"inLanguage":"pt-BR","potentialAction":[{"@type":"ReadAction","target":["https:\/\/www.nomus.com.br\/blog-industrial\/sobre\/"]}]},{"@type":"ImageObject","inLanguage":"pt-BR","@id":"https:\/\/www.nomus.com.br\/blog-industrial\/sobre\/#primaryimage","url":"https:\/\/www.nomus.com.br\/blog-industrial\/wp-content\/uploads\/2025\/04\/1740677382271.jpg","contentUrl":"https:\/\/www.nomus.com.br\/blog-industrial\/wp-content\/uploads\/2025\/04\/1740677382271.jpg","width":800,"height":800},{"@type":"BreadcrumbList","@id":"https:\/\/www.nomus.com.br\/blog-industrial\/sobre\/#breadcrumb","itemListElement":[{"@type":"ListItem","position":1,"name":"Blog Industrial Nomus","item":"https:\/\/www.nomus.com.br\/blog-industrial\/"},{"@type":"ListItem","position":2,"name":"Sobre o Blog Industrial da Nomus"}]},{"@type":"WebSite","@id":"https:\/\/www.nomus.com.br\/blog-industrial\/#website","url":"https:\/\/www.nomus.com.br\/blog-industrial\/","name":"Blog Industrial Nomus","description":"Artigos, planilhas, ebooks e ferramentas de engenharia de produ\u00e7\u00e3o e para aumentar o lucro da sua f\u00e1brica","potentialAction":[{"@type":"SearchAction","target":{"@type":"EntryPoint","urlTemplate":"https:\/\/www.nomus.com.br\/blog-industrial\/?s={search_term_string}"},"query-input":{"@type":"PropertyValueSpecification","valueRequired":true,"valueName":"search_term_string"}}],"inLanguage":"pt-BR"}]}},"_links":{"self":[{"href":"https:\/\/www.nomus.com.br\/blog-industrial\/wp-json\/wp\/v2\/pages\/29725","targetHints":{"allow":["GET"]}}],"collection":[{"href":"https:\/\/www.nomus.com.br\/blog-industrial\/wp-json\/wp\/v2\/pages"}],"about":[{"href":"https:\/\/www.nomus.com.br\/blog-industrial\/wp-json\/wp\/v2\/types\/page"}],"author":[{"embeddable":true,"href":"https:\/\/www.nomus.com.br\/blog-industrial\/wp-json\/wp\/v2\/users\/1"}],"replies":[{"embeddable":true,"href":"https:\/\/www.nomus.com.br\/blog-industrial\/wp-json\/wp\/v2\/comments?post=29725"}],"version-history":[{"count":17,"href":"https:\/\/www.nomus.com.br\/blog-industrial\/wp-json\/wp\/v2\/pages\/29725\/revisions"}],"predecessor-version":[{"id":33275,"href":"https:\/\/www.nomus.com.br\/blog-industrial\/wp-json\/wp\/v2\/pages\/29725\/revisions\/33275"}],"wp:attachment":[{"href":"https:\/\/www.nomus.com.br\/blog-industrial\/wp-json\/wp\/v2\/media?parent=29725"}],"curies":[{"name":"wp","href":"https:\/\/api.w.org\/{rel}","templated":true}]}}