{"id":26724,"date":"2024-09-23T17:20:23","date_gmt":"2024-09-23T20:20:23","guid":{"rendered":"https:\/\/www.nomus.com.br\/blog-industrial\/?page_id=26724"},"modified":"2024-11-13T10:18:50","modified_gmt":"2024-11-13T13:18:50","slug":"anuncie-no-blog-industrial-da-nomus","status":"publish","type":"page","link":"https:\/\/www.nomus.com.br\/blog-industrial\/anuncie-no-blog-industrial-da-nomus\/","title":{"rendered":"Anuncie no Blog Industrial da Nomus"},"content":{"rendered":"\n<hr class=\"wp-block-separator has-alpha-channel-opacity\"\/>\n\n\n\n<p>O Blog Industrial da Nomus \u00e9 uma plataforma de refer\u00eancia para l\u00edderes e profissionais do setor industrial que buscam otimizar seus processos, aumentar a produtividade e adotar inova\u00e7\u00f5es tecnol\u00f3gicas. Com milhares de acessos mensais, nosso blog conecta sua marca diretamente com tomadores de decis\u00e3o e especialistas, oferecendo um ambiente altamente qualificado para seus an\u00fancios.<\/p>\n\n\n\n<p>Se voc\u00ea est\u00e1 pronto para dar mais visibilidade aos seus produtos ou servi\u00e7os e deseja saber mais sobre as oportunidades de an\u00fancio, fa\u00e7a o download do nosso <strong><a href=\"https:\/\/www.nomus.com.br\/blog-industrial\/wp-content\/uploads\/2024\/09\/midia-kit-blog-industrial-nomus-2024.pdf\">M\u00eddia Kit em PDF<\/a><\/strong>. Nele, voc\u00ea encontrar\u00e1 todas as informa\u00e7\u00f5es sobre as formas de an\u00fancio dispon\u00edveis, os benef\u00edcios de cada uma e como sua empresa pode se destacar no mercado industrial.<\/p>\n\n\n\n<p><strong>Baixe agora e descubra como anunciar no Blog Industrial da Nomus pode levar sua marca a novos patamares<\/strong>.<\/p>\n\n\n\n<figure class=\"wp-block-image size-full\"><a href=\"https:\/\/www.nomus.com.br\/blog-industrial\/wp-content\/uploads\/2024\/09\/midia-kit-blog-industrial-nomus-2024.pdf\"><img decoding=\"async\" width=\"952\" height=\"532\" data-src=\"https:\/\/www.nomus.com.br\/blog-industrial\/wp-content\/uploads\/2024\/09\/image.png\" alt=\"\" class=\"wp-image-26729 lazyload\" data-srcset=\"https:\/\/www.nomus.com.br\/blog-industrial\/wp-content\/uploads\/2024\/09\/image.png 952w, https:\/\/www.nomus.com.br\/blog-industrial\/wp-content\/uploads\/2024\/09\/image-345x193.png 345w, https:\/\/www.nomus.com.br\/blog-industrial\/wp-content\/uploads\/2024\/09\/image-768x429.png 768w, https:\/\/www.nomus.com.br\/blog-industrial\/wp-content\/uploads\/2024\/09\/image-150x84.png 150w\" data-sizes=\"(max-width: 952px) 100vw, 952px\" src=\"data:image\/svg+xml;base64,PHN2ZyB3aWR0aD0iMSIgaGVpZ2h0PSIxIiB4bWxucz0iaHR0cDovL3d3dy53My5vcmcvMjAwMC9zdmciPjwvc3ZnPg==\" style=\"--smush-placeholder-width: 952px; --smush-placeholder-aspect-ratio: 952\/532;\" \/><\/a><\/figure>\n\n\n\n<div class=\"wp-block-buttons is-layout-flex wp-block-buttons-is-layout-flex\">\n<div class=\"wp-block-button\"><a class=\"wp-block-button__link has-vivid-cyan-blue-background-color has-background wp-element-button\" href=\"https:\/\/www.nomus.com.br\/blog-industrial\/wp-content\/uploads\/2024\/09\/midia-kit-blog-industrial-nomus-2024.pdf\">Baixar M\u00eddia KIT do Blog Industrial da Nomus<\/a><\/div>\n<\/div>\n","protected":false},"excerpt":{"rendered":"<p>O Blog Industrial da Nomus \u00e9 uma plataforma de refer\u00eancia para l\u00edderes e profissionais do setor industrial que buscam otimizar seus processos, aumentar a produtividade e adotar inova\u00e7\u00f5es tecnol\u00f3gicas. Com milhares de acessos mensais, nosso blog conecta sua marca diretamente com tomadores de decis\u00e3o e especialistas, oferecendo um ambiente altamente qualificado para seus an\u00fancios. Se [&hellip;]<\/p>\n","protected":false},"author":1,"featured_media":27435,"parent":0,"menu_order":0,"comment_status":"closed","ping_status":"closed","template":"","meta":{"_acf_changed":false,"footnotes":""},"class_list":["post-26724","page","type-page","status-publish","has-post-thumbnail","hentry"],"acf":[],"yoast_head":"\n<title>Anuncie no Blog Industrial da Nomus - Blog Industrial Nomus<\/title>\n<meta name=\"robots\" content=\"index, follow, max-snippet:-1, max-image-preview:large, max-video-preview:-1\" \/>\n<link rel=\"canonical\" href=\"https:\/\/www.nomus.com.br\/blog-industrial\/anuncie-no-blog-industrial-da-nomus\/\" \/>\n<meta property=\"og:locale\" content=\"pt_BR\" \/>\n<meta property=\"og:type\" content=\"article\" \/>\n<meta property=\"og:title\" content=\"Anuncie no Blog Industrial da Nomus - Blog Industrial Nomus\" \/>\n<meta property=\"og:description\" content=\"O Blog Industrial da Nomus \u00e9 uma plataforma de refer\u00eancia para l\u00edderes e profissionais do setor industrial que buscam otimizar seus processos, aumentar a produtividade e adotar inova\u00e7\u00f5es tecnol\u00f3gicas. Com milhares de acessos mensais, nosso blog conecta sua marca diretamente com tomadores de decis\u00e3o e especialistas, oferecendo um ambiente altamente qualificado para seus an\u00fancios. Se [&hellip;]\" \/>\n<meta property=\"og:url\" content=\"https:\/\/www.nomus.com.br\/blog-industrial\/anuncie-no-blog-industrial-da-nomus\/\" \/>\n<meta property=\"og:site_name\" content=\"Blog Industrial Nomus\" \/>\n<meta property=\"article:publisher\" content=\"https:\/\/www.facebook.com\/nomussoftwares\" \/>\n<meta property=\"article:modified_time\" content=\"2024-11-13T13:18:50+00:00\" \/>\n<meta property=\"og:image\" content=\"https:\/\/www.nomus.com.br\/blog-industrial\/wp-content\/uploads\/2024\/11\/midiakitblog.jpg\" \/>\n\t<meta property=\"og:image:width\" content=\"620\" \/>\n\t<meta property=\"og:image:height\" content=\"405\" \/>\n\t<meta property=\"og:image:type\" content=\"image\/jpeg\" \/>\n<meta name=\"twitter:card\" content=\"summary_large_image\" \/>\n<meta name=\"twitter:site\" content=\"@nomusindustrial\" \/>\n<meta name=\"twitter:label1\" content=\"Est. tempo de leitura\" \/>\n\t<meta name=\"twitter:data1\" content=\"2 minutos\" \/>\n<script type=\"application\/ld+json\" class=\"yoast-schema-graph\">{\"@context\":\"https:\/\/schema.org\",\"@graph\":[{\"@type\":\"WebPage\",\"@id\":\"https:\/\/www.nomus.com.br\/blog-industrial\/anuncie-no-blog-industrial-da-nomus\/\",\"url\":\"https:\/\/www.nomus.com.br\/blog-industrial\/anuncie-no-blog-industrial-da-nomus\/\",\"name\":\"Anuncie no Blog Industrial da Nomus - Blog Industrial Nomus\",\"isPartOf\":{\"@id\":\"https:\/\/www.nomus.com.br\/blog-industrial\/#website\"},\"primaryImageOfPage\":{\"@id\":\"https:\/\/www.nomus.com.br\/blog-industrial\/anuncie-no-blog-industrial-da-nomus\/#primaryimage\"},\"image\":{\"@id\":\"https:\/\/www.nomus.com.br\/blog-industrial\/anuncie-no-blog-industrial-da-nomus\/#primaryimage\"},\"thumbnailUrl\":\"https:\/\/www.nomus.com.br\/blog-industrial\/wp-content\/uploads\/2024\/11\/midiakitblog.jpg\",\"datePublished\":\"2024-09-23T20:20:23+00:00\",\"dateModified\":\"2024-11-13T13:18:50+00:00\",\"breadcrumb\":{\"@id\":\"https:\/\/www.nomus.com.br\/blog-industrial\/anuncie-no-blog-industrial-da-nomus\/#breadcrumb\"},\"inLanguage\":\"pt-BR\",\"potentialAction\":[{\"@type\":\"ReadAction\",\"target\":[\"https:\/\/www.nomus.com.br\/blog-industrial\/anuncie-no-blog-industrial-da-nomus\/\"]}]},{\"@type\":\"ImageObject\",\"inLanguage\":\"pt-BR\",\"@id\":\"https:\/\/www.nomus.com.br\/blog-industrial\/anuncie-no-blog-industrial-da-nomus\/#primaryimage\",\"url\":\"https:\/\/www.nomus.com.br\/blog-industrial\/wp-content\/uploads\/2024\/11\/midiakitblog.jpg\",\"contentUrl\":\"https:\/\/www.nomus.com.br\/blog-industrial\/wp-content\/uploads\/2024\/11\/midiakitblog.jpg\",\"width\":620,\"height\":405},{\"@type\":\"BreadcrumbList\",\"@id\":\"https:\/\/www.nomus.com.br\/blog-industrial\/anuncie-no-blog-industrial-da-nomus\/#breadcrumb\",\"itemListElement\":[{\"@type\":\"ListItem\",\"position\":1,\"name\":\"Blog Industrial Nomus\",\"item\":\"https:\/\/www.nomus.com.br\/blog-industrial\/\"},{\"@type\":\"ListItem\",\"position\":2,\"name\":\"Anuncie no Blog Industrial da Nomus\"}]},{\"@type\":\"WebSite\",\"@id\":\"https:\/\/www.nomus.com.br\/blog-industrial\/#website\",\"url\":\"https:\/\/www.nomus.com.br\/blog-industrial\/\",\"name\":\"Blog Industrial Nomus\",\"description\":\"Artigos, planilhas, ebooks e ferramentas de engenharia de produ\u00e7\u00e3o e para aumentar o lucro da sua f\u00e1brica\",\"potentialAction\":[{\"@type\":\"SearchAction\",\"target\":{\"@type\":\"EntryPoint\",\"urlTemplate\":\"https:\/\/www.nomus.com.br\/blog-industrial\/?s={search_term_string}\"},\"query-input\":{\"@type\":\"PropertyValueSpecification\",\"valueRequired\":true,\"valueName\":\"search_term_string\"}}],\"inLanguage\":\"pt-BR\"}]}<\/script>\n","yoast_head_json":{"title":"Anuncie no Blog Industrial da Nomus - Blog Industrial Nomus","robots":{"index":"index","follow":"follow","max-snippet":"max-snippet:-1","max-image-preview":"max-image-preview:large","max-video-preview":"max-video-preview:-1"},"canonical":"https:\/\/www.nomus.com.br\/blog-industrial\/anuncie-no-blog-industrial-da-nomus\/","og_locale":"pt_BR","og_type":"article","og_title":"Anuncie no Blog Industrial da Nomus - Blog Industrial Nomus","og_description":"O Blog Industrial da Nomus \u00e9 uma plataforma de refer\u00eancia para l\u00edderes e profissionais do setor industrial que buscam otimizar seus processos, aumentar a produtividade e adotar inova\u00e7\u00f5es tecnol\u00f3gicas. Com milhares de acessos mensais, nosso blog conecta sua marca diretamente com tomadores de decis\u00e3o e especialistas, oferecendo um ambiente altamente qualificado para seus an\u00fancios. Se [&hellip;]","og_url":"https:\/\/www.nomus.com.br\/blog-industrial\/anuncie-no-blog-industrial-da-nomus\/","og_site_name":"Blog Industrial Nomus","article_publisher":"https:\/\/www.facebook.com\/nomussoftwares","article_modified_time":"2024-11-13T13:18:50+00:00","og_image":[{"width":620,"height":405,"url":"https:\/\/www.nomus.com.br\/blog-industrial\/wp-content\/uploads\/2024\/11\/midiakitblog.jpg","type":"image\/jpeg"}],"twitter_card":"summary_large_image","twitter_site":"@nomusindustrial","twitter_misc":{"Est. tempo de leitura":"2 minutos"},"schema":{"@context":"https:\/\/schema.org","@graph":[{"@type":"WebPage","@id":"https:\/\/www.nomus.com.br\/blog-industrial\/anuncie-no-blog-industrial-da-nomus\/","url":"https:\/\/www.nomus.com.br\/blog-industrial\/anuncie-no-blog-industrial-da-nomus\/","name":"Anuncie no Blog Industrial da Nomus - Blog Industrial Nomus","isPartOf":{"@id":"https:\/\/www.nomus.com.br\/blog-industrial\/#website"},"primaryImageOfPage":{"@id":"https:\/\/www.nomus.com.br\/blog-industrial\/anuncie-no-blog-industrial-da-nomus\/#primaryimage"},"image":{"@id":"https:\/\/www.nomus.com.br\/blog-industrial\/anuncie-no-blog-industrial-da-nomus\/#primaryimage"},"thumbnailUrl":"https:\/\/www.nomus.com.br\/blog-industrial\/wp-content\/uploads\/2024\/11\/midiakitblog.jpg","datePublished":"2024-09-23T20:20:23+00:00","dateModified":"2024-11-13T13:18:50+00:00","breadcrumb":{"@id":"https:\/\/www.nomus.com.br\/blog-industrial\/anuncie-no-blog-industrial-da-nomus\/#breadcrumb"},"inLanguage":"pt-BR","potentialAction":[{"@type":"ReadAction","target":["https:\/\/www.nomus.com.br\/blog-industrial\/anuncie-no-blog-industrial-da-nomus\/"]}]},{"@type":"ImageObject","inLanguage":"pt-BR","@id":"https:\/\/www.nomus.com.br\/blog-industrial\/anuncie-no-blog-industrial-da-nomus\/#primaryimage","url":"https:\/\/www.nomus.com.br\/blog-industrial\/wp-content\/uploads\/2024\/11\/midiakitblog.jpg","contentUrl":"https:\/\/www.nomus.com.br\/blog-industrial\/wp-content\/uploads\/2024\/11\/midiakitblog.jpg","width":620,"height":405},{"@type":"BreadcrumbList","@id":"https:\/\/www.nomus.com.br\/blog-industrial\/anuncie-no-blog-industrial-da-nomus\/#breadcrumb","itemListElement":[{"@type":"ListItem","position":1,"name":"Blog Industrial Nomus","item":"https:\/\/www.nomus.com.br\/blog-industrial\/"},{"@type":"ListItem","position":2,"name":"Anuncie no Blog Industrial da Nomus"}]},{"@type":"WebSite","@id":"https:\/\/www.nomus.com.br\/blog-industrial\/#website","url":"https:\/\/www.nomus.com.br\/blog-industrial\/","name":"Blog Industrial Nomus","description":"Artigos, planilhas, ebooks e ferramentas de engenharia de produ\u00e7\u00e3o e para aumentar o lucro da sua f\u00e1brica","potentialAction":[{"@type":"SearchAction","target":{"@type":"EntryPoint","urlTemplate":"https:\/\/www.nomus.com.br\/blog-industrial\/?s={search_term_string}"},"query-input":{"@type":"PropertyValueSpecification","valueRequired":true,"valueName":"search_term_string"}}],"inLanguage":"pt-BR"}]}},"_links":{"self":[{"href":"https:\/\/www.nomus.com.br\/blog-industrial\/wp-json\/wp\/v2\/pages\/26724","targetHints":{"allow":["GET"]}}],"collection":[{"href":"https:\/\/www.nomus.com.br\/blog-industrial\/wp-json\/wp\/v2\/pages"}],"about":[{"href":"https:\/\/www.nomus.com.br\/blog-industrial\/wp-json\/wp\/v2\/types\/page"}],"author":[{"embeddable":true,"href":"https:\/\/www.nomus.com.br\/blog-industrial\/wp-json\/wp\/v2\/users\/1"}],"replies":[{"embeddable":true,"href":"https:\/\/www.nomus.com.br\/blog-industrial\/wp-json\/wp\/v2\/comments?post=26724"}],"version-history":[{"count":3,"href":"https:\/\/www.nomus.com.br\/blog-industrial\/wp-json\/wp\/v2\/pages\/26724\/revisions"}],"predecessor-version":[{"id":26730,"href":"https:\/\/www.nomus.com.br\/blog-industrial\/wp-json\/wp\/v2\/pages\/26724\/revisions\/26730"}],"wp:featuredmedia":[{"embeddable":true,"href":"https:\/\/www.nomus.com.br\/blog-industrial\/wp-json\/wp\/v2\/media\/27435"}],"wp:attachment":[{"href":"https:\/\/www.nomus.com.br\/blog-industrial\/wp-json\/wp\/v2\/media?parent=26724"}],"curies":[{"name":"wp","href":"https:\/\/api.w.org\/{rel}","templated":true}]}}