{"id":12088,"date":"2021-02-15T14:17:53","date_gmt":"2021-02-15T17:17:53","guid":{"rendered":"https:\/\/www.nomus.com.br\/blog-industrial\/?page_id=12088"},"modified":"2023-03-28T10:30:19","modified_gmt":"2023-03-28T13:30:19","slug":"escreva-para-nomus","status":"publish","type":"page","link":"https:\/\/www.nomus.com.br\/blog-industrial\/escreva-para-nomus\/","title":{"rendered":"Escreva para Nomus"},"content":{"rendered":"\n<hr class=\"wp-block-separator has-css-opacity\"\/>\n\n\n\n<p>Se voc\u00ea est\u00e1 nesta p\u00e1gina quer dizer que deseja escrever um artigo para o Blog Industrial da Nomus. <\/p>\n\n\n\n<p>O seu conhecimento pode ajudar centenas de milhares de gestores, profissionais e estudantes da gest\u00e3o industrial, parab\u00e9ns!<\/p>\n\n\n\n<p>Aqui est\u00e1 o que voc\u00ea precisa saber para seu artigo ser publicado em nosso blog:<\/p>\n\n\n\n<h2 class=\"wp-block-heading\">P\u00fablico<\/h2>\n\n\n\n<p>O p\u00fablico do blog industrial da nomus \u00e9 formado principalmente por:<\/p>\n\n\n\n<ul class=\"wp-block-list\">\n<li>Dono(a) de pequena ind\u00fastria<\/li>\n\n\n\n<li>Diretor(a) de ind\u00fastria m\u00e9dia<\/li>\n\n\n\n<li>Gerente de TI de uma grande ind\u00fastria<\/li>\n\n\n\n<li>Profissionais em geral da ind\u00fastria<\/li>\n\n\n\n<li>Estudante de Eng. de Produ\u00e7\u00e3o<\/li>\n<\/ul>\n\n\n\n<p>Sendo assim o seu artigo precisa ser valioso para pelo menos um deles.<\/p>\n\n\n\n<h2 class=\"wp-block-heading\">Tema<\/h2>\n\n\n\n<p>Aqui no Blog Industrial da Nomus publicamos artigos evergreen, ou seja, textos sem prazo de validade e\/ou que continuem sendo validos por um longo per\u00edodo de tempo.<\/p>\n\n\n\n<p>Sendo assim, os formatos mais recomendados para o blog s\u00e3o:<\/p>\n\n\n\n<ul class=\"wp-block-list\">\n<li><strong>Artigos de guias pr\u00e1ticos:<\/strong> dicas que possam ser colocadas em pr\u00e1tica ou explica\u00e7\u00f5es de conceitos de forma simples. Exemplos:\n<ul class=\"wp-block-list\">\n<li>Sistema PCP industrial: o que \u00e9, para que serve e quais s\u00e3o seus benef\u00edcios<\/li>\n\n\n\n<li>19 tarefas que definem a fun\u00e7\u00e3o do analista de PCP em uma ind\u00fastria<\/li>\n<\/ul>\n<\/li>\n\n\n\n<li><strong>Estudos de caso:<\/strong> exemplos de casos reais em ind\u00fastrias e como solucionar estes problemas. Exemplo:\n<ul class=\"wp-block-list\">\n<li>5 maiores dificuldades de gest\u00e3o encontradas pelos setores qu\u00edmicos e farmac\u00eauticos<\/li>\n<\/ul>\n<\/li>\n\n\n\n<li><strong>Opini\u00e3o de especialistas:<\/strong> dicas pr\u00e1ticas de especialistas para gest\u00e3o de ind\u00fastrias. Exemplo:\n<ul class=\"wp-block-list\">\n<li>40 empresas (e organiza\u00e7\u00f5es) que a sua ind\u00fastria precisa conhecer para sair da crise<\/li>\n<\/ul>\n<\/li>\n<\/ul>\n\n\n\n<h2 class=\"wp-block-heading\">Conte\u00fado<\/h2>\n\n\n\n<p>Os artigos da Nomus s\u00e3o focados na pr\u00e1tica, de forma descomplicada e f\u00e1cil de entender. Siga as orienta\u00e7\u00f5es abaixo para escrever seu rascunho:<\/p>\n\n\n\n<ul class=\"wp-block-list\">\n<li><strong>O conte\u00fado precisa ter pelo menos 1000 palavras.<\/strong> Os artigos do blog industrial da Nomus s\u00e3o completos e agregam valor real para nossos leitores;<\/li>\n\n\n\n<li><strong>Escrita simples e descomplicada: <\/strong>evite termos e palavras muito complicadas. Al\u00e9m disso, lembre-se que cada vez mais pessoas leem o conte\u00fado atrav\u00e9s de um celular, sendo assim, mantenha seus par\u00e1grafos curtos, com 1 a 3 frases;<\/li>\n\n\n\n<li><strong>O conte\u00fado precisa ser original e exclusivo: <\/strong>ele n\u00e3o deve ter sido e nem ser publicado em outros sites ou blogs;<\/li>\n\n\n\n<li><strong>Escrito por humanos: <\/strong>voc\u00ea pode utilizar a IA para ajudar com ideias e organiza\u00e7\u00e3o, por\u00e9m, o conte\u00fado precisa ser escrito por humanos;<\/li>\n\n\n\n<li><strong>Links internos: <\/strong>inclua pelo menos 3 links para outros artigos da Nomus no seu texto;<\/li>\n\n\n\n<li><strong>Links externos:<\/strong> o m\u00e1ximo de links para o seu site s\u00e3o 3. \u00c9 permitido adicionar links adicionais de refer\u00eancias, como pesquisas, mat\u00e9rias etc. <\/li>\n<\/ul>\n\n\n\n<h2 class=\"wp-block-heading\">Processo<\/h2>\n\n\n\n<p>Aqui est\u00e1 o passo a passo para enviar seu artigo:<\/p>\n\n\n\n<ul class=\"wp-block-list\">\n<li><strong>Envie sua ideia:<\/strong> mande um email para andrequintao@nomus.com.br com a sua ideia de t\u00edtulo e quais temas pretende abordar no seu artigo<\/li>\n\n\n\n<li><strong>Envie seu rascunho:<\/strong> com o tema aprovado, envie um rascunho do artigo completo no words ou google docs<\/li>\n\n\n\n<li><strong>Revis\u00f5es:<\/strong> caso necess\u00e1rio, nosso time pode pedir algumas altera\u00e7\u00f5es no texto.<\/li>\n\n\n\n<li><strong>Promova seu conte\u00fado:<\/strong> informaremos quando o artigo for publicado e pedimos para que voc\u00ea promova o material.<\/li>\n<\/ul>\n\n\n\n<hr class=\"wp-block-separator has-css-opacity\"\/>\n","protected":false},"excerpt":{"rendered":"<p>Se voc\u00ea est\u00e1 nesta p\u00e1gina quer dizer que deseja escrever um artigo para o Blog Industrial da Nomus. O seu conhecimento pode ajudar centenas de milhares de gestores, profissionais e estudantes da gest\u00e3o industrial, parab\u00e9ns! Aqui est\u00e1 o que voc\u00ea precisa saber para seu artigo ser publicado em nosso blog: P\u00fablico O p\u00fablico do blog [&hellip;]<\/p>\n","protected":false},"author":1,"featured_media":0,"parent":0,"menu_order":0,"comment_status":"closed","ping_status":"closed","template":"","meta":{"_acf_changed":false,"footnotes":""},"class_list":["post-12088","page","type-page","status-publish","hentry"],"acf":[],"yoast_head":"\n<title>Escreva para Nomus - Blog Industrial Nomus<\/title>\n<meta name=\"robots\" content=\"index, follow, max-snippet:-1, max-image-preview:large, max-video-preview:-1\" \/>\n<link rel=\"canonical\" href=\"https:\/\/www.nomus.com.br\/blog-industrial\/escreva-para-nomus\/\" \/>\n<meta property=\"og:locale\" content=\"pt_BR\" \/>\n<meta property=\"og:type\" content=\"article\" \/>\n<meta property=\"og:title\" content=\"Escreva para Nomus - Blog Industrial Nomus\" \/>\n<meta property=\"og:description\" content=\"Se voc\u00ea est\u00e1 nesta p\u00e1gina quer dizer que deseja escrever um artigo para o Blog Industrial da Nomus. O seu conhecimento pode ajudar centenas de milhares de gestores, profissionais e estudantes da gest\u00e3o industrial, parab\u00e9ns! Aqui est\u00e1 o que voc\u00ea precisa saber para seu artigo ser publicado em nosso blog: P\u00fablico O p\u00fablico do blog [&hellip;]\" \/>\n<meta property=\"og:url\" content=\"https:\/\/www.nomus.com.br\/blog-industrial\/escreva-para-nomus\/\" \/>\n<meta property=\"og:site_name\" content=\"Blog Industrial Nomus\" \/>\n<meta property=\"article:publisher\" content=\"https:\/\/www.facebook.com\/nomussoftwares\" \/>\n<meta property=\"article:modified_time\" content=\"2023-03-28T13:30:19+00:00\" \/>\n<meta name=\"twitter:card\" content=\"summary_large_image\" \/>\n<meta name=\"twitter:site\" content=\"@nomusindustrial\" \/>\n<meta name=\"twitter:label1\" content=\"Est. tempo de leitura\" \/>\n\t<meta name=\"twitter:data1\" content=\"3 minutos\" \/>\n<script type=\"application\/ld+json\" class=\"yoast-schema-graph\">{\"@context\":\"https:\/\/schema.org\",\"@graph\":[{\"@type\":\"WebPage\",\"@id\":\"https:\/\/www.nomus.com.br\/blog-industrial\/escreva-para-nomus\/\",\"url\":\"https:\/\/www.nomus.com.br\/blog-industrial\/escreva-para-nomus\/\",\"name\":\"Escreva para Nomus - Blog Industrial Nomus\",\"isPartOf\":{\"@id\":\"https:\/\/www.nomus.com.br\/blog-industrial\/#website\"},\"datePublished\":\"2021-02-15T17:17:53+00:00\",\"dateModified\":\"2023-03-28T13:30:19+00:00\",\"breadcrumb\":{\"@id\":\"https:\/\/www.nomus.com.br\/blog-industrial\/escreva-para-nomus\/#breadcrumb\"},\"inLanguage\":\"pt-BR\",\"potentialAction\":[{\"@type\":\"ReadAction\",\"target\":[\"https:\/\/www.nomus.com.br\/blog-industrial\/escreva-para-nomus\/\"]}]},{\"@type\":\"BreadcrumbList\",\"@id\":\"https:\/\/www.nomus.com.br\/blog-industrial\/escreva-para-nomus\/#breadcrumb\",\"itemListElement\":[{\"@type\":\"ListItem\",\"position\":1,\"name\":\"Blog Industrial Nomus\",\"item\":\"https:\/\/www.nomus.com.br\/blog-industrial\/\"},{\"@type\":\"ListItem\",\"position\":2,\"name\":\"Escreva para Nomus\"}]},{\"@type\":\"WebSite\",\"@id\":\"https:\/\/www.nomus.com.br\/blog-industrial\/#website\",\"url\":\"https:\/\/www.nomus.com.br\/blog-industrial\/\",\"name\":\"Blog Industrial Nomus\",\"description\":\"Artigos, planilhas, ebooks e ferramentas de engenharia de produ\u00e7\u00e3o e para aumentar o lucro da sua f\u00e1brica\",\"potentialAction\":[{\"@type\":\"SearchAction\",\"target\":{\"@type\":\"EntryPoint\",\"urlTemplate\":\"https:\/\/www.nomus.com.br\/blog-industrial\/?s={search_term_string}\"},\"query-input\":{\"@type\":\"PropertyValueSpecification\",\"valueRequired\":true,\"valueName\":\"search_term_string\"}}],\"inLanguage\":\"pt-BR\"}]}<\/script>\n","yoast_head_json":{"title":"Escreva para Nomus - Blog Industrial Nomus","robots":{"index":"index","follow":"follow","max-snippet":"max-snippet:-1","max-image-preview":"max-image-preview:large","max-video-preview":"max-video-preview:-1"},"canonical":"https:\/\/www.nomus.com.br\/blog-industrial\/escreva-para-nomus\/","og_locale":"pt_BR","og_type":"article","og_title":"Escreva para Nomus - Blog Industrial Nomus","og_description":"Se voc\u00ea est\u00e1 nesta p\u00e1gina quer dizer que deseja escrever um artigo para o Blog Industrial da Nomus. O seu conhecimento pode ajudar centenas de milhares de gestores, profissionais e estudantes da gest\u00e3o industrial, parab\u00e9ns! Aqui est\u00e1 o que voc\u00ea precisa saber para seu artigo ser publicado em nosso blog: P\u00fablico O p\u00fablico do blog [&hellip;]","og_url":"https:\/\/www.nomus.com.br\/blog-industrial\/escreva-para-nomus\/","og_site_name":"Blog Industrial Nomus","article_publisher":"https:\/\/www.facebook.com\/nomussoftwares","article_modified_time":"2023-03-28T13:30:19+00:00","twitter_card":"summary_large_image","twitter_site":"@nomusindustrial","twitter_misc":{"Est. tempo de leitura":"3 minutos"},"schema":{"@context":"https:\/\/schema.org","@graph":[{"@type":"WebPage","@id":"https:\/\/www.nomus.com.br\/blog-industrial\/escreva-para-nomus\/","url":"https:\/\/www.nomus.com.br\/blog-industrial\/escreva-para-nomus\/","name":"Escreva para Nomus - Blog Industrial Nomus","isPartOf":{"@id":"https:\/\/www.nomus.com.br\/blog-industrial\/#website"},"datePublished":"2021-02-15T17:17:53+00:00","dateModified":"2023-03-28T13:30:19+00:00","breadcrumb":{"@id":"https:\/\/www.nomus.com.br\/blog-industrial\/escreva-para-nomus\/#breadcrumb"},"inLanguage":"pt-BR","potentialAction":[{"@type":"ReadAction","target":["https:\/\/www.nomus.com.br\/blog-industrial\/escreva-para-nomus\/"]}]},{"@type":"BreadcrumbList","@id":"https:\/\/www.nomus.com.br\/blog-industrial\/escreva-para-nomus\/#breadcrumb","itemListElement":[{"@type":"ListItem","position":1,"name":"Blog Industrial Nomus","item":"https:\/\/www.nomus.com.br\/blog-industrial\/"},{"@type":"ListItem","position":2,"name":"Escreva para Nomus"}]},{"@type":"WebSite","@id":"https:\/\/www.nomus.com.br\/blog-industrial\/#website","url":"https:\/\/www.nomus.com.br\/blog-industrial\/","name":"Blog Industrial Nomus","description":"Artigos, planilhas, ebooks e ferramentas de engenharia de produ\u00e7\u00e3o e para aumentar o lucro da sua f\u00e1brica","potentialAction":[{"@type":"SearchAction","target":{"@type":"EntryPoint","urlTemplate":"https:\/\/www.nomus.com.br\/blog-industrial\/?s={search_term_string}"},"query-input":{"@type":"PropertyValueSpecification","valueRequired":true,"valueName":"search_term_string"}}],"inLanguage":"pt-BR"}]}},"_links":{"self":[{"href":"https:\/\/www.nomus.com.br\/blog-industrial\/wp-json\/wp\/v2\/pages\/12088","targetHints":{"allow":["GET"]}}],"collection":[{"href":"https:\/\/www.nomus.com.br\/blog-industrial\/wp-json\/wp\/v2\/pages"}],"about":[{"href":"https:\/\/www.nomus.com.br\/blog-industrial\/wp-json\/wp\/v2\/types\/page"}],"author":[{"embeddable":true,"href":"https:\/\/www.nomus.com.br\/blog-industrial\/wp-json\/wp\/v2\/users\/1"}],"replies":[{"embeddable":true,"href":"https:\/\/www.nomus.com.br\/blog-industrial\/wp-json\/wp\/v2\/comments?post=12088"}],"version-history":[{"count":7,"href":"https:\/\/www.nomus.com.br\/blog-industrial\/wp-json\/wp\/v2\/pages\/12088\/revisions"}],"predecessor-version":[{"id":18432,"href":"https:\/\/www.nomus.com.br\/blog-industrial\/wp-json\/wp\/v2\/pages\/12088\/revisions\/18432"}],"wp:attachment":[{"href":"https:\/\/www.nomus.com.br\/blog-industrial\/wp-json\/wp\/v2\/media?parent=12088"}],"curies":[{"name":"wp","href":"https:\/\/api.w.org\/{rel}","templated":true}]}}